{"id":1055,"date":"2025-03-19T08:39:46","date_gmt":"2025-03-19T08:39:46","guid":{"rendered":"https:\/\/hoonved-nordic.dk\/?page_id=1055"},"modified":"2025-04-03T10:47:41","modified_gmt":"2025-04-03T10:47:41","slug":"om-os","status":"publish","type":"page","link":"https:\/\/hoonved-nordic.dk\/en\/om-os","title":{"rendered":"About us"},"content":{"rendered":"<section class=\"section dark\" id=\"section_328810101\">\n\t\t<div class=\"section-bg fill\" >\n\t\t\t<img decoding=\"async\" width=\"2560\" height=\"1707\" src=\"https:\/\/hoonved-nordic.dk\/wp-content\/uploads\/2025\/04\/HOONVED__0288-scaled.jpg\" class=\"bg attachment- size-\" alt=\"\" \/>\t\t\t\t\t\t<div class=\"section-bg-overlay absolute fill\"><\/div>\n\t\t\t\n\n\t\t<\/div>\n\n\t\t\n\n\t\t<div class=\"section-content relative\">\n\t\t\t\n\n<div class=\"row align-center\"  id=\"row-854365947\">\n\n\n\t<div id=\"col-167985097\" class=\"col medium-7 small-12 large-7\"  >\n\t\t\t\t<div class=\"col-inner\"  >\n\t\t\t\n\t\t\t\n\n\t<div id=\"text-2127791535\" class=\"text\">\n\t\t\n\n<h6>haywood nordic<\/h6>\n\t\t\n<style>\n#text-2127791535 {\n  text-align: center;\n}\n<\/style>\n\t<\/div>\n\t\n\t<div id=\"text-3185013707\" class=\"text\">\n\t\t\n\n<h1>ABOUT US<\/h1>\n\t\t\n<style>\n#text-3185013707 {\n  font-size: 2.25rem;\n  text-align: center;\n}\n<\/style>\n\t<\/div>\n\t\n\n\t\t<\/div>\n\t\t\t\t\t<\/div>\n\n\t\n\n<\/div>\n\n\t\t<\/div>\n\n\t\t\n<style>\n#section_328810101 {\n  padding-top: 30px;\n  padding-bottom: 30px;\n  min-height: 500px;\n}\n#section_328810101 .section-bg-overlay {\n  background-color: rgba(0, 0, 0, 0.25);\n}\n#section_328810101 .section-bg img {\n  object-position: 47% 39%;\n}\n<\/style>\n\t<\/section>\n\t\n\n\t<section class=\"section\" id=\"section_1599926228\">\n\t\t<div class=\"section-bg fill\" >\n\t\t\t\t\t\t\t\t\t\n\t\t\t\n\n\t\t<\/div>\n\n\t\t\n\n\t\t<div class=\"section-content relative\">\n\t\t\t\n\n<div class=\"row align-middle\" style=\"max-width:1200px\" id=\"row-1599927859\">\n\n\n\t<div id=\"col-586095547\" class=\"col medium-12 small-12 large-8\"  data-animate=\"fadeInLeft\">\n\t\t\t\t<div class=\"col-inner\"  >\n\t\t\t\n\t\t\t\n\n\n  <div class=\"banner has-hover\" id=\"banner-265074892\">\n          <div class=\"banner-inner fill\">\n        <div class=\"banner-bg fill\" >\n            <img decoding=\"async\" width=\"831\" height=\"494\" src=\"https:\/\/hoonved-nordic.dk\/wp-content\/uploads\/2025\/03\/15.png\" class=\"bg attachment-large size-large\" alt=\"\" \/>                                    \n                    <\/div>\n\t\t\n        <div class=\"banner-layers container\">\n            <div class=\"fill banner-link\"><\/div>            \n\n\n        <\/div>\n      <\/div>\n\n            \n<style>\n#banner-265074892 {\n  padding-top: 250px;\n  background-color: rgb(255, 255, 255);\n}\n#banner-265074892 .banner-bg img {\n  object-position: 64% 0%;\n}\n@media (min-width:550px) {\n  #banner-265074892 {\n    padding-top: 450px;\n  }\n}\n<\/style>\n  <\/div>\n\n\n\n\t\t<\/div>\n\t\t\t\t\t<\/div>\n\n\t\n\n\t<div id=\"col-531929504\" class=\"col medium-11 small-12 large-4\"  >\n\t\t\t\t<div class=\"col-inner\"  >\n\t\t\t\n\t\t\t\n\n\t<div id=\"text-3121686119\" class=\"text\">\n\t\t\n\n<h2>Dishwashers from Hoonved<\/h2>\n\t\t\n<style>\n#text-3121686119 {\n  font-size: 1.5rem;\n}\n<\/style>\n\t<\/div>\n\t\n<p>We are Hoonved Nordic, the official distributor of Hoonved's world-class machines in the Nordics. We don't manufacture the machines, but supply the Italian brand's machines with a focus on high quality, innovation and sustainability.<\/p>\n<a class=\"button secondary is-underline\"  >\n\t\t<span>Book your holiday<\/span>\n\t<\/a>\n\n\n\n\t\t<\/div>\n\t\t\t\t\n<style>\n#col-531929504 > .col-inner {\n  padding: 0px 0px 0px 0;\n}\n@media (min-width:550px) {\n  #col-531929504 > .col-inner {\n    padding: 0px 0px 0px 30px;\n  }\n}\n<\/style>\n\t<\/div>\n\n\t\n\n<\/div>\n\n\t\t<\/div>\n\n\t\t\n<style>\n#section_1599926228 {\n  padding-top: 30px;\n  padding-bottom: 30px;\n}\n<\/style>\n\t<\/section>\n\t\n\n\t<section class=\"section\" id=\"section_13724927\">\n\t\t<div class=\"section-bg fill\" >\n\t\t\t\t\t\t\t\t\t\n\t\t\t\n\n\t\t<\/div>\n\n\t\t\n\n\t\t<div class=\"section-content relative\">\n\t\t\t\n\n<div class=\"row\" style=\"max-width:1200px\" id=\"row-805243788\">\n\n\n\t<div id=\"col-1425790673\" class=\"col small-12 large-12\"  >\n\t\t\t\t<div class=\"col-inner\"  >\n\t\t\t\n\t\t\t\n\n\t<div id=\"text-2830738680\" class=\"text\">\n\t\t\n\n<h2>Meet our team<\/h2>\n\t\t\n<style>\n#text-2830738680 {\n  font-size: 1.5rem;\n  text-align: center;\n}\n<\/style>\n\t<\/div>\n\t\n\n\t\t<\/div>\n\t\t\t\t\t<\/div>\n\n\t\n\n<\/div>\n<div class=\"row\" style=\"max-width:1200px\" id=\"row-1004040748\">\n\n\n\t<div id=\"col-261104054\" class=\"col medium-6 small-12 large-3\"  >\n\t\t\t\t<div class=\"col-inner\"  >\n\t\t\t\n\t<div class=\"is-border\"\n\t\tstyle=\"border-width:2px 2px 2px 2px;\">\n\t<\/div>\n\t\t\t\n\n    <div class=\"box has-hover has-hover box-text-bottom\" >\n\n                  <div class=\"box-image\" style=\"width:80%;\">\n           <div class=\"box-image-inner image-cover\" style=\"padding-top:100%;\">\n              <img decoding=\"async\" width=\"1152\" height=\"2560\" src=\"https:\/\/hoonved-nordic.dk\/wp-content\/uploads\/2025\/03\/Tonny-scaled.jpg\" class=\"attachment- size-\" alt=\"\" srcset=\"https:\/\/hoonved-nordic.dk\/wp-content\/uploads\/2025\/03\/Tonny-scaled.jpg 1152w, https:\/\/hoonved-nordic.dk\/wp-content\/uploads\/2025\/03\/Tonny-135x300.jpg 135w, https:\/\/hoonved-nordic.dk\/wp-content\/uploads\/2025\/03\/Tonny-461x1024.jpg 461w, https:\/\/hoonved-nordic.dk\/wp-content\/uploads\/2025\/03\/Tonny-768x1707.jpg 768w, https:\/\/hoonved-nordic.dk\/wp-content\/uploads\/2025\/03\/Tonny-691x1536.jpg 691w, https:\/\/hoonved-nordic.dk\/wp-content\/uploads\/2025\/03\/Tonny-922x2048.jpg 922w, https:\/\/hoonved-nordic.dk\/wp-content\/uploads\/2025\/03\/Tonny-5x12.jpg 5w, https:\/\/hoonved-nordic.dk\/wp-content\/uploads\/2025\/03\/Tonny-270x600.jpg 270w, https:\/\/hoonved-nordic.dk\/wp-content\/uploads\/2025\/03\/Tonny-360x800.jpg 360w, https:\/\/hoonved-nordic.dk\/wp-content\/uploads\/2025\/03\/Tonny-113x250.jpg 113w, https:\/\/hoonved-nordic.dk\/wp-content\/uploads\/2025\/03\/Tonny-64x142.jpg 64w\" sizes=\"(max-width: 1152px) 100vw, 1152px\" \/>                         <\/div>\n          <\/div>\n         \n          <div class=\"box-text text-center\" >\n                <div class=\"box-text-inner\">\n                  <h4 class=\"uppercase\">\n                    <span class=\"person-name\">Tonny Gissel<\/span><br\/>\n                    <span class=\"person-title is-small thin-font op-7\">\n                      Country manager                    <\/span>\n                  <\/h4>\n\t\t\t\t\t\n\n\t<div id=\"gap-393429986\" class=\"gap-element clearfix\" style=\"display:block; height:auto;\">\n\t\t\n<style>\n#gap-393429986 {\n  padding-top: 1px;\n}\n<\/style>\n\t<\/div>\n\t\n\n<p>Tel: <a href=\"tel:+4530502273\">+45 30 50 22 73<\/a><\/p>\n<p><a href=\"mailto:tg@hoonved-nordic.dk\">tg@hoonved-nordic.dk<\/a><\/p>\n\n                <\/div>\n          <\/div>\n    <\/div>\n\n\t\n    \n\n\t\t<\/div>\n\t\t\t\t\n<style>\n#col-261104054 > .col-inner {\n  padding: 25px 0px 0px 0px;\n}\n<\/style>\n\t<\/div>\n\n\t\n\n\t<div id=\"col-671320623\" class=\"col medium-6 small-12 large-3\"  >\n\t\t\t\t<div class=\"col-inner\"  >\n\t\t\t\n\t<div class=\"is-border\"\n\t\tstyle=\"border-width:2px 2px 2px 2px;\">\n\t<\/div>\n\t\t\t\n\n    <div class=\"box has-hover has-hover box-text-bottom\" >\n\n                  <div class=\"box-image\" style=\"width:80%;\">\n           <div class=\"box-image-inner image-cover\" style=\"padding-top:100%;\">\n              <img decoding=\"async\" width=\"1152\" height=\"2560\" src=\"https:\/\/hoonved-nordic.dk\/wp-content\/uploads\/2025\/03\/Mads-scaled.jpg\" class=\"attachment- size-\" alt=\"\" srcset=\"https:\/\/hoonved-nordic.dk\/wp-content\/uploads\/2025\/03\/Mads-scaled.jpg 1152w, https:\/\/hoonved-nordic.dk\/wp-content\/uploads\/2025\/03\/Mads-135x300.jpg 135w, https:\/\/hoonved-nordic.dk\/wp-content\/uploads\/2025\/03\/Mads-461x1024.jpg 461w, https:\/\/hoonved-nordic.dk\/wp-content\/uploads\/2025\/03\/Mads-768x1707.jpg 768w, https:\/\/hoonved-nordic.dk\/wp-content\/uploads\/2025\/03\/Mads-691x1536.jpg 691w, https:\/\/hoonved-nordic.dk\/wp-content\/uploads\/2025\/03\/Mads-922x2048.jpg 922w, https:\/\/hoonved-nordic.dk\/wp-content\/uploads\/2025\/03\/Mads-5x12.jpg 5w, https:\/\/hoonved-nordic.dk\/wp-content\/uploads\/2025\/03\/Mads-270x600.jpg 270w, https:\/\/hoonved-nordic.dk\/wp-content\/uploads\/2025\/03\/Mads-360x800.jpg 360w, https:\/\/hoonved-nordic.dk\/wp-content\/uploads\/2025\/03\/Mads-113x250.jpg 113w, https:\/\/hoonved-nordic.dk\/wp-content\/uploads\/2025\/03\/Mads-64x142.jpg 64w\" sizes=\"(max-width: 1152px) 100vw, 1152px\" \/>                         <\/div>\n          <\/div>\n         \n          <div class=\"box-text text-center\" >\n                <div class=\"box-text-inner\">\n                  <h4 class=\"uppercase\">\n                    <span class=\"person-name\">Mads andreas winther<\/span><br\/>\n                    <span class=\"person-title is-small thin-font op-7\">\n                      Director                    <\/span>\n                  <\/h4>\n\t\t\t\t\t\n\n\t<div id=\"gap-1124483990\" class=\"gap-element clearfix\" style=\"display:block; height:auto;\">\n\t\t\n<style>\n#gap-1124483990 {\n  padding-top: 1px;\n}\n<\/style>\n\t<\/div>\n\t\n\n<p>Tel: <a href=\"tel:+45 30 50 22 71\">+45 30 50 22 71<\/a><\/p>\n<p><a href=\"mailto:maw@hoonved-nordic.dk\">maw@hoonved-nordic.dk<\/a><\/p>\n\n                <\/div>\n          <\/div>\n    <\/div>\n\n\t\n    \n\n\t\t<\/div>\n\t\t\t\t\n<style>\n#col-671320623 > .col-inner {\n  padding: 25px 0px 0px 0px;\n}\n<\/style>\n\t<\/div>\n\n\t\n\n\t<div id=\"col-696363737\" class=\"col medium-6 small-12 large-3\"  >\n\t\t\t\t<div class=\"col-inner\"  >\n\t\t\t\n\t<div class=\"is-border\"\n\t\tstyle=\"border-width:2px 2px 2px 2px;\">\n\t<\/div>\n\t\t\t\n\n    <div class=\"box has-hover has-hover box-text-bottom\" >\n\n                  <div class=\"box-image\" style=\"width:80%;\">\n           <div class=\"box-image-inner image-cover\" style=\"padding-top:100%;\">\n              <img decoding=\"async\" width=\"1152\" height=\"2560\" src=\"https:\/\/hoonved-nordic.dk\/wp-content\/uploads\/2025\/03\/Martin-scaled.jpg\" class=\"attachment- size-\" alt=\"\" srcset=\"https:\/\/hoonved-nordic.dk\/wp-content\/uploads\/2025\/03\/Martin-scaled.jpg 1152w, https:\/\/hoonved-nordic.dk\/wp-content\/uploads\/2025\/03\/Martin-135x300.jpg 135w, https:\/\/hoonved-nordic.dk\/wp-content\/uploads\/2025\/03\/Martin-461x1024.jpg 461w, https:\/\/hoonved-nordic.dk\/wp-content\/uploads\/2025\/03\/Martin-768x1707.jpg 768w, https:\/\/hoonved-nordic.dk\/wp-content\/uploads\/2025\/03\/Martin-691x1536.jpg 691w, https:\/\/hoonved-nordic.dk\/wp-content\/uploads\/2025\/03\/Martin-922x2048.jpg 922w, https:\/\/hoonved-nordic.dk\/wp-content\/uploads\/2025\/03\/Martin-5x12.jpg 5w, https:\/\/hoonved-nordic.dk\/wp-content\/uploads\/2025\/03\/Martin-270x600.jpg 270w, https:\/\/hoonved-nordic.dk\/wp-content\/uploads\/2025\/03\/Martin-360x800.jpg 360w, https:\/\/hoonved-nordic.dk\/wp-content\/uploads\/2025\/03\/Martin-113x250.jpg 113w, https:\/\/hoonved-nordic.dk\/wp-content\/uploads\/2025\/03\/Martin-64x142.jpg 64w\" sizes=\"(max-width: 1152px) 100vw, 1152px\" \/>                         <\/div>\n          <\/div>\n         \n          <div class=\"box-text text-center\" >\n                <div class=\"box-text-inner\">\n                  <h4 class=\"uppercase\">\n                    <span class=\"person-name\">martin p. vilhelmsen<\/span><br\/>\n                    <span class=\"person-title is-small thin-font op-7\">\n                      sales consultant                    <\/span>\n                  <\/h4>\n\t\t\t\t\t\n\n\t<div id=\"gap-1334084782\" class=\"gap-element clearfix\" style=\"display:block; height:auto;\">\n\t\t\n<style>\n#gap-1334084782 {\n  padding-top: 1px;\n}\n<\/style>\n\t<\/div>\n\t\n\n<p>Tel: <a href=\"tel:+45 60 26 14 36\">+45 60 26 14 36<\/a><\/p>\n<p><a href=\"mailto:mv@hoonved-nordic.dk\">mv@hoonved-nordic.dk<\/a><\/p>\n\n                <\/div>\n          <\/div>\n    <\/div>\n\n\t\n    \n\n\t\t<\/div>\n\t\t\t\t\n<style>\n#col-696363737 > .col-inner {\n  padding: 25px 0px 0px 0px;\n}\n<\/style>\n\t<\/div>\n\n\t\n\n\t<div id=\"col-74070047\" class=\"col medium-6 small-12 large-3\"  >\n\t\t\t\t<div class=\"col-inner\"  >\n\t\t\t\n\t<div class=\"is-border\"\n\t\tstyle=\"border-width:2px 2px 2px 2px;\">\n\t<\/div>\n\t\t\t\n\n    <div class=\"box has-hover has-hover box-text-bottom\" >\n\n                  <div class=\"box-image\" style=\"width:80%;\">\n           <div class=\"box-image-inner image-cover\" style=\"padding-top:100%;\">\n              <img decoding=\"async\" width=\"1152\" height=\"2560\" src=\"https:\/\/hoonved-nordic.dk\/wp-content\/uploads\/2025\/03\/Erik-scaled.jpg\" class=\"attachment- size-\" alt=\"\" srcset=\"https:\/\/hoonved-nordic.dk\/wp-content\/uploads\/2025\/03\/Erik-scaled.jpg 1152w, https:\/\/hoonved-nordic.dk\/wp-content\/uploads\/2025\/03\/Erik-135x300.jpg 135w, https:\/\/hoonved-nordic.dk\/wp-content\/uploads\/2025\/03\/Erik-461x1024.jpg 461w, https:\/\/hoonved-nordic.dk\/wp-content\/uploads\/2025\/03\/Erik-768x1707.jpg 768w, https:\/\/hoonved-nordic.dk\/wp-content\/uploads\/2025\/03\/Erik-691x1536.jpg 691w, https:\/\/hoonved-nordic.dk\/wp-content\/uploads\/2025\/03\/Erik-922x2048.jpg 922w, https:\/\/hoonved-nordic.dk\/wp-content\/uploads\/2025\/03\/Erik-5x12.jpg 5w, https:\/\/hoonved-nordic.dk\/wp-content\/uploads\/2025\/03\/Erik-270x600.jpg 270w, https:\/\/hoonved-nordic.dk\/wp-content\/uploads\/2025\/03\/Erik-360x800.jpg 360w, https:\/\/hoonved-nordic.dk\/wp-content\/uploads\/2025\/03\/Erik-113x250.jpg 113w, https:\/\/hoonved-nordic.dk\/wp-content\/uploads\/2025\/03\/Erik-64x142.jpg 64w\" sizes=\"(max-width: 1152px) 100vw, 1152px\" \/>                         <\/div>\n          <\/div>\n         \n          <div class=\"box-text text-center\" >\n                <div class=\"box-text-inner\">\n                  <h4 class=\"uppercase\">\n                    <span class=\"person-name\">erik bitsch<\/span><br\/>\n                    <span class=\"person-title is-small thin-font op-7\">\n                      sales consultant                    <\/span>\n                  <\/h4>\n\t\t\t\t\t\n\n<p>Tel: <a href=\"tel:+45 28 25 77 49\">+45 28 25 77 49<\/a><\/p>\n<p><a href=\"mailto:eb@hoonved-nordic.dk\">eb@hoonved-nordic.dk<\/a><\/p>\n\t<div id=\"gap-997373534\" class=\"gap-element clearfix\" style=\"display:block; height:auto;\">\n\t\t\n<style>\n#gap-997373534 {\n  padding-top: 1px;\n}\n<\/style>\n\t<\/div>\n\t\n\n\n                <\/div>\n          <\/div>\n    <\/div>\n\n\t\n    \n\n\t\t<\/div>\n\t\t\t\t\n<style>\n#col-74070047 > .col-inner {\n  padding: 25px 0px 0px 0px;\n}\n<\/style>\n\t<\/div>\n\n\t\n\n<\/div>\n\n\t\t<\/div>\n\n\t\t\n<style>\n#section_13724927 {\n  padding-top: 30px;\n  padding-bottom: 30px;\n}\n<\/style>\n\t<\/section>\n\t\n\n\t<section class=\"section\" id=\"section_1070661023\">\n\t\t<div class=\"section-bg fill\" >\n\t\t\t\t\t\t\t\t\t\n\t\t\t\n\n\t\t<\/div>\n\n\t\t\n\n\t\t<div class=\"section-content relative\">\n\t\t\t\n\n<div class=\"row align-middle\" style=\"max-width:1200px\" id=\"row-1390799803\">\n\n\n\t<div id=\"col-23249566\" class=\"col medium-11 small-12 large-5\"  >\n\t\t\t\t<div class=\"col-inner\"  >\n\t\t\t\n\t\t\t\n\n\t<div id=\"text-4023328593\" class=\"text\">\n\t\t\n\n<h3>World-class dishwashing solutions since 1967<\/h3>\n\t\t\n<style>\n#text-4023328593 {\n  font-size: 1.5rem;\n}\n<\/style>\n\t<\/div>\n\t\n<p>Since the founding of the Italian brand Hoonved in 1967, the name has become synonymous with innovation, high quality and reliability. We offer a wide range of professional glasswashers and dishwashers, including the AP E series, CAP series, TLC series and many more, ensuring high hygiene and efficiency.<\/p>\n<a class=\"button secondary is-underline\"  >\n\t\t<span>Book your holiday<\/span>\n\t<\/a>\n\n\n\n\t\t<\/div>\n\t\t\t\t\n<style>\n#col-23249566 > .col-inner {\n  padding: 0px 30px 0px 0px;\n}\n<\/style>\n\t<\/div>\n\n\t\n\n\t<div id=\"col-1885717453\" class=\"col medium-12 small-12 large-7 medium-col-first\"  data-animate=\"fadeInRight\">\n\t\t\t\t<div class=\"col-inner\"  >\n\t\t\t\n\t\t\t\n\n\n  <div class=\"banner has-hover\" id=\"banner-1822299342\">\n          <div class=\"banner-inner fill\">\n        <div class=\"banner-bg fill\" >\n            <img decoding=\"async\" width=\"512\" height=\"326\" src=\"https:\/\/hoonved-nordic.dk\/wp-content\/uploads\/2025\/03\/152.jpg\" class=\"bg attachment-large size-large\" alt=\"\" \/>                                    \n                    <\/div>\n\t\t\n        <div class=\"banner-layers container\">\n            <div class=\"fill banner-link\"><\/div>            \n\n\n        <\/div>\n      <\/div>\n\n            \n<style>\n#banner-1822299342 {\n  padding-top: 250px;\n  background-color: rgb(255, 255, 255);\n}\n#banner-1822299342 .banner-bg img {\n  object-position: 64% 0%;\n}\n@media (min-width:550px) {\n  #banner-1822299342 {\n    padding-top: 450px;\n  }\n}\n<\/style>\n  <\/div>\n\n\n\n\t\t<\/div>\n\t\t\t\t\t<\/div>\n\n\t\n\n<\/div>\n\n\t\t<\/div>\n\n\t\t\n<style>\n#section_1070661023 {\n  padding-top: 60px;\n  padding-bottom: 60px;\n}\n<\/style>\n\t<\/section>\n\t\n\n\t<section class=\"section dark\" id=\"section_820576006\">\n\t\t<div class=\"section-bg fill\" >\n\t\t\t\t\t\t\t\t\t\n\t\t\t\n\n\t\t<\/div>\n\n\t\t\n\n\t\t<div class=\"section-content relative\">\n\t\t\t\n\n<div class=\"row\" style=\"max-width:1200px\" id=\"row-1022304704\">\n\n\n\t<div id=\"col-627218240\" class=\"col small-12 large-12\"  >\n\t\t\t\t<div class=\"col-inner text-center\"  >\n\t\t\t\n\t\t\t\n\n\t<div id=\"gap-1210258469\" class=\"gap-element clearfix\" style=\"display:block; height:auto;\">\n\t\t\n<style>\n#gap-1210258469 {\n  padding-top: 50px;\n}\n<\/style>\n\t<\/div>\n\t\n\n\t<div id=\"text-1397798958\" class=\"text\">\n\t\t\n\n<h2>Quality dishwashers<\/h2>\n<p>Our machines are equipped with advanced technologies such as Break Tank systems and RCC heat recovery systems that significantly reduce energy and water consumption. We guarantee exceptional customer service, technical support and spare parts delivery to ensure long-term performance and satisfaction.<\/p>\n\t\t\n<style>\n#text-1397798958 {\n  font-size: 1.5rem;\n  text-align: center;\n}\n<\/style>\n\t<\/div>\n\t\n<a href=\"https:\/\/hoonved-nordic.dk\/en\/shop\/\" class=\"button white is-underline\"  >\n\t\t<span>See our product range<\/span>\n\t<\/a>\n\n\n\n\t\t<\/div>\n\t\t\t\t\t<\/div>\n\n\t\n\n<\/div>\n\n\t\t<\/div>\n\n\t\t\n<style>\n#section_820576006 {\n  padding-top: 40px;\n  padding-bottom: 40px;\n  background-color: #618985;\n}\n<\/style>\n\t<\/section>","protected":false},"excerpt":{"rendered":"","protected":false},"author":1,"featured_media":0,"parent":0,"menu_order":0,"comment_status":"closed","ping_status":"closed","template":"","meta":{"_acf_changed":false,"inline_featured_image":false,"footnotes":""},"class_list":["post-1055","page","type-page","status-publish","hentry"],"acf":[],"yoast_head":"<!-- This site is optimized with the Yoast SEO Premium plugin v22.7 (Yoast SEO v23.9) - https:\/\/yoast.com\/wordpress\/plugins\/seo\/ -->\n<title>Om os - Hoonved Nordic | Professionelle opvaskel\u00f8sninger<\/title>\n<meta name=\"description\" content=\"L\u00e6r Hoonved Nordic at kende \u2013 den officielle distribut\u00f8r af professionelle Hoonved opvaskemaskiner i Norden. Vi tilbyder innovative, hygiejniske og b\u00e6redygtige l\u00f8sninger.\" \/>\n<meta name=\"robots\" content=\"index, follow, max-snippet:-1, max-image-preview:large, max-video-preview:-1\" \/>\n<link rel=\"canonical\" href=\"https:\/\/hoonved-nordic.dk\/en\/om-os\/\" \/>\n<meta property=\"og:locale\" content=\"en_GB\" \/>\n<meta property=\"og:type\" content=\"article\" \/>\n<meta property=\"og:title\" content=\"Om os\" \/>\n<meta property=\"og:description\" content=\"L\u00e6r Hoonved Nordic at kende \u2013 den officielle distribut\u00f8r af professionelle Hoonved opvaskemaskiner i Norden. Vi tilbyder innovative, hygiejniske og b\u00e6redygtige l\u00f8sninger.\" \/>\n<meta property=\"og:url\" content=\"https:\/\/hoonved-nordic.dk\/en\/om-os\/\" \/>\n<meta property=\"og:site_name\" content=\"Hoonved Nordic\" \/>\n<meta property=\"article:modified_time\" content=\"2025-04-03T10:47:41+00:00\" \/>\n<meta name=\"twitter:card\" content=\"summary_large_image\" \/>\n<script type=\"application\/ld+json\" class=\"yoast-schema-graph\">{\"@context\":\"https:\/\/schema.org\",\"@graph\":[{\"@type\":[\"WebPage\",\"AboutPage\"],\"@id\":\"https:\/\/hoonved-nordic.dk\/om-os\",\"url\":\"https:\/\/hoonved-nordic.dk\/om-os\",\"name\":\"Om os - Hoonved Nordic | Professionelle opvaskel\u00f8sninger\",\"isPartOf\":{\"@id\":\"https:\/\/hoonved-nordic.dk\/#website\"},\"datePublished\":\"2025-03-19T08:39:46+00:00\",\"dateModified\":\"2025-04-03T10:47:41+00:00\",\"description\":\"L\u00e6r Hoonved Nordic at kende \u2013 den officielle distribut\u00f8r af professionelle Hoonved opvaskemaskiner i Norden. Vi tilbyder innovative, hygiejniske og b\u00e6redygtige l\u00f8sninger.\",\"breadcrumb\":{\"@id\":\"https:\/\/hoonved-nordic.dk\/om-os#breadcrumb\"},\"inLanguage\":\"en-GB\",\"potentialAction\":[{\"@type\":\"ReadAction\",\"target\":[\"https:\/\/hoonved-nordic.dk\/om-os\"]}]},{\"@type\":\"BreadcrumbList\",\"@id\":\"https:\/\/hoonved-nordic.dk\/om-os#breadcrumb\",\"itemListElement\":[{\"@type\":\"ListItem\",\"position\":1,\"name\":\"Hjem\",\"item\":\"https:\/\/hoonved-nordic.dk\/\"},{\"@type\":\"ListItem\",\"position\":2,\"name\":\"Om os\"}]},{\"@type\":\"WebSite\",\"@id\":\"https:\/\/hoonved-nordic.dk\/#website\",\"url\":\"https:\/\/hoonved-nordic.dk\/\",\"name\":\"Hoonved Nordic\",\"description\":\"\",\"potentialAction\":[{\"@type\":\"SearchAction\",\"target\":{\"@type\":\"EntryPoint\",\"urlTemplate\":\"https:\/\/hoonved-nordic.dk\/?s={search_term_string}\"},\"query-input\":{\"@type\":\"PropertyValueSpecification\",\"valueRequired\":true,\"valueName\":\"search_term_string\"}}],\"inLanguage\":\"en-GB\"},{\"@type\":\"Person\",\"@id\":\"https:\/\/hoonved-nordic.dk\/#\/schema\/person\/11ba42ba7584771f27756c20965e240d\",\"name\":\"runi\",\"sameAs\":[\"http:\/\/hoonved-nordic.dk\"],\"url\":\"https:\/\/hoonved-nordic.dk\/en\/author\/runi\"},{\"@type\":\"ImageObject\",\"inLanguage\":\"en-GB\",\"@id\":\"https:\/\/hoonved-nordic.dk\/om-os#local-main-organization-logo\",\"url\":\"\",\"contentUrl\":\"\",\"caption\":\"Hoonved Nordic\"}]}<\/script>\n<!-- \/ Yoast SEO Premium plugin. -->","yoast_head_json":{"title":"Om os - Hoonved Nordic | Professionelle opvaskel\u00f8sninger","description":"L\u00e6r Hoonved Nordic at kende \u2013 den officielle distribut\u00f8r af professionelle Hoonved opvaskemaskiner i Norden. Vi tilbyder innovative, hygiejniske og b\u00e6redygtige l\u00f8sninger.","robots":{"index":"index","follow":"follow","max-snippet":"max-snippet:-1","max-image-preview":"max-image-preview:large","max-video-preview":"max-video-preview:-1"},"canonical":"https:\/\/hoonved-nordic.dk\/en\/om-os\/","og_locale":"en_GB","og_type":"article","og_title":"Om os","og_description":"L\u00e6r Hoonved Nordic at kende \u2013 den officielle distribut\u00f8r af professionelle Hoonved opvaskemaskiner i Norden. Vi tilbyder innovative, hygiejniske og b\u00e6redygtige l\u00f8sninger.","og_url":"https:\/\/hoonved-nordic.dk\/en\/om-os\/","og_site_name":"Hoonved Nordic","article_modified_time":"2025-04-03T10:47:41+00:00","twitter_card":"summary_large_image","schema":{"@context":"https:\/\/schema.org","@graph":[{"@type":["WebPage","AboutPage"],"@id":"https:\/\/hoonved-nordic.dk\/om-os","url":"https:\/\/hoonved-nordic.dk\/om-os","name":"Om os - Hoonved Nordic | Professionelle opvaskel\u00f8sninger","isPartOf":{"@id":"https:\/\/hoonved-nordic.dk\/#website"},"datePublished":"2025-03-19T08:39:46+00:00","dateModified":"2025-04-03T10:47:41+00:00","description":"L\u00e6r Hoonved Nordic at kende \u2013 den officielle distribut\u00f8r af professionelle Hoonved opvaskemaskiner i Norden. Vi tilbyder innovative, hygiejniske og b\u00e6redygtige l\u00f8sninger.","breadcrumb":{"@id":"https:\/\/hoonved-nordic.dk\/om-os#breadcrumb"},"inLanguage":"en-GB","potentialAction":[{"@type":"ReadAction","target":["https:\/\/hoonved-nordic.dk\/om-os"]}]},{"@type":"BreadcrumbList","@id":"https:\/\/hoonved-nordic.dk\/om-os#breadcrumb","itemListElement":[{"@type":"ListItem","position":1,"name":"Hjem","item":"https:\/\/hoonved-nordic.dk\/"},{"@type":"ListItem","position":2,"name":"Om os"}]},{"@type":"WebSite","@id":"https:\/\/hoonved-nordic.dk\/#website","url":"https:\/\/hoonved-nordic.dk\/","name":"Hoonved Nordic","description":"","potentialAction":[{"@type":"SearchAction","target":{"@type":"EntryPoint","urlTemplate":"https:\/\/hoonved-nordic.dk\/?s={search_term_string}"},"query-input":{"@type":"PropertyValueSpecification","valueRequired":true,"valueName":"search_term_string"}}],"inLanguage":"en-GB"},{"@type":"Person","@id":"https:\/\/hoonved-nordic.dk\/#\/schema\/person\/11ba42ba7584771f27756c20965e240d","name":"runi","sameAs":["http:\/\/hoonved-nordic.dk"],"url":"https:\/\/hoonved-nordic.dk\/en\/author\/runi"},{"@type":"ImageObject","inLanguage":"en-GB","@id":"https:\/\/hoonved-nordic.dk\/om-os#local-main-organization-logo","url":"","contentUrl":"","caption":"Hoonved Nordic"}]}},"_links":{"self":[{"href":"https:\/\/hoonved-nordic.dk\/en\/wp-json\/wp\/v2\/pages\/1055","targetHints":{"allow":["GET"]}}],"collection":[{"href":"https:\/\/hoonved-nordic.dk\/en\/wp-json\/wp\/v2\/pages"}],"about":[{"href":"https:\/\/hoonved-nordic.dk\/en\/wp-json\/wp\/v2\/types\/page"}],"author":[{"embeddable":true,"href":"https:\/\/hoonved-nordic.dk\/en\/wp-json\/wp\/v2\/users\/1"}],"replies":[{"embeddable":true,"href":"https:\/\/hoonved-nordic.dk\/en\/wp-json\/wp\/v2\/comments?post=1055"}],"version-history":[{"count":7,"href":"https:\/\/hoonved-nordic.dk\/en\/wp-json\/wp\/v2\/pages\/1055\/revisions"}],"predecessor-version":[{"id":1275,"href":"https:\/\/hoonved-nordic.dk\/en\/wp-json\/wp\/v2\/pages\/1055\/revisions\/1275"}],"wp:attachment":[{"href":"https:\/\/hoonved-nordic.dk\/en\/wp-json\/wp\/v2\/media?parent=1055"}],"curies":[{"name":"wp","href":"https:\/\/api.w.org\/{rel}","templated":true}]}}