{"id":1033,"date":"2025-03-19T07:32:31","date_gmt":"2025-03-19T07:32:31","guid":{"rendered":"https:\/\/hoonved-nordic.dk\/?post_type=product&#038;p=1033"},"modified":"2025-03-19T07:32:46","modified_gmt":"2025-03-19T07:32:46","slug":"hoonved-tlc150-haette-opvaskemaskine","status":"publish","type":"product","link":"https:\/\/hoonved-nordic.dk\/en\/product\/hoonved-tlc150-haette-opvaskemaskine","title":{"rendered":"Hoonved - TLC150 - Dishwasher hood"},"content":{"rendered":"<h1>Hoonved TLC150 Hood Dishwasher - Powerful and reliable<\/h1>\n<p>The <strong>Hoonved TLC150 dishwasher hood<\/strong> is a powerhouse for professional kitchens. With no condensation but robust performance, this machine delivers extraordinary cleaning power, perfect for high-volume tasks. Item number H58820 guarantees you a dishwasher that's built to last.<\/p>\n<h2>Impressive specifications<\/h2>\n<ul>\n<li>Advanced design with double-wall construction for <strong>long-term operation<\/strong>.<\/li>\n<li>Effective wash cycles that range from 48 to 240 seconds.<\/li>\n<li>An impressive capacity of up to <strong>1474 plates per hour<\/strong>.<\/li>\n<\/ul>\n<h2>Designed for efficiency<\/h2>\n<ul>\n<li>A large 42 litre wash tank and 8.2 litre boiler ensure the TLC150 handles the busiest times with ease.<\/li>\n<li>A 2200 W washing motor that provides <strong>Powerful and efficient cleaning<\/strong> Every time.<\/li>\n<li>Easy access to internal components for quick and easy daily maintenance.<\/li>\n<\/ul>\n<p><strong>Dishwasher hood TLC150<\/strong> is designed to meet the rigorous demands of modern kitchens where efficiency and reliability are key. Part number H58820 marks a model that delivers impeccable service day after day without the need for a condensing unit.<\/p>\n<h3>Ease of use and power<\/h3>\n<p>This hooded dishwasher from Hoonved is not only strong, but also extremely user-friendly. Ergonomically designed with a counterbalanced hood that is easy to open and controls that are intuitive and easy to use make the TLC150 a favourite among kitchen staff.<\/p>\n<h2>Created with hygiene in mind<\/h2>\n<p>Hygiene is essential in a professional kitchen, and the TLC150 does not disappoint. The self-cleaning interior and large filters ensure that every sink meets the highest standards of cleanliness.<\/p>\n<h3>Engineered for safety<\/h3>\n<p>Safety is a top priority, and with the TLC150's low voltage electronic control and IP53 protection, you can be sure that your kitchen meets all standards for safe operation.<\/p>\n<p>The TLC150 is the ultimate solution for your commercial dishwashing, combining power, efficiency and ease of use in one dynamic system. Choose the Hoonved TLC150 for a kitchen that always performs at its best.<\/p>\n<p><img decoding=\"async\" class=\"aligncenter size-medium wp-image-56135\" src=\"https:\/\/elding-nordic.dk\/wp-content\/uploads\/2024\/04\/hoonved_tlc-1-800x800.jpg\" alt=\"TLC 100 Hoonved med kondensering 58820\/RCC2\" width=\"800\" height=\"800\" \/><\/p>\n<p>&nbsp;<\/p>\n<p>&nbsp;<\/p>\n<table>\n<tbody>\n<tr>\n<td>Model<\/td>\n<td>TLC 150<\/td>\n<\/tr>\n<tr>\n<td>Cycle length<\/td>\n<td>48 - 90 - 120 - 240 sec + ECO2<\/td>\n<\/tr>\n<tr>\n<td>Wash space<\/td>\n<td>500 mm<\/td>\n<\/tr>\n<tr>\n<td>Rack<\/td>\n<td>600\u00d7500 mm<\/td>\n<\/tr>\n<tr>\n<td>Construction<\/td>\n<td>Double wall<\/td>\n<\/tr>\n<tr>\n<td>Machine interior<\/td>\n<td>Self-cleaning<\/td>\n<\/tr>\n<tr>\n<td>Rinse-aid pump<\/td>\n<td>Standard<\/td>\n<\/tr>\n<tr>\n<td>Wash pump<\/td>\n<td>2200 W<\/td>\n<\/tr>\n<tr>\n<td>Dishes\/h<\/td>\n<td>1474<\/td>\n<\/tr>\n<tr>\n<td>Detergent pump<\/td>\n<td>Standard<\/td>\n<\/tr>\n<tr>\n<td>Break Tank System<\/td>\n<td>Standard<\/td>\n<\/tr>\n<tr>\n<td>Electrical connection<\/td>\n<td>230V\/3\/50Hz; 400V\/3N\/50Hz<\/td>\n<\/tr>\n<tr>\n<td>Total power<\/td>\n<td>11200 W<\/td>\n<\/tr>\n<tr>\n<td>Boiler heater<\/td>\n<td>9000 W<\/td>\n<\/tr>\n<tr>\n<td>Tank heater<\/td>\n<td>3000 W<\/td>\n<\/tr>\n<tr>\n<td>Tank capacity<\/td>\n<td>42 l<\/td>\n<\/tr>\n<tr>\n<td>Boiler capacity<\/td>\n<td>8,2 l<\/td>\n<\/tr>\n<tr>\n<td>Water supply<\/td>\n<td>2\u00f74 bar \u00d8 3\/4\"G<\/td>\n<\/tr>\n<tr>\n<td>Water consumption cycle<\/td>\n<td>3,5 l<\/td>\n<\/tr>\n<tr>\n<td>Drain hose connection<\/td>\n<td>\u00d8 1\"G<\/td>\n<\/tr>\n<tr>\n<td>Acoustic pressure level<\/td>\n<td>&lt; 70 db (A)<\/td>\n<\/tr>\n<tr>\n<td>RCC condensing unit<\/td>\n<td>Available for purchase<\/td>\n<\/tr>\n<\/tbody>\n<\/table>","protected":false},"excerpt":{"rendered":"<p>Discover the efficiency of the Hoonved TLC150 hood dishwasher, a state-of-the-art solution for professional kitchens. With its large capacity and robust design, the TLC150 handles up to 1474 dishes per hour without the need for condensation, making it an ideal addition to any busy kitchen.<\/p>\n<div class=\"product-short-description\">\n<p><strong>Incl. drain pump, rinse &amp; soap pump<\/strong><\/p>\n<\/div>","protected":false},"featured_media":1041,"template":"","meta":{"_acf_changed":false,"inline_featured_image":false},"product_brand":[],"product_cat":[40],"product_tag":[43],"class_list":{"0":"post-1033","1":"product","2":"type-product","3":"status-publish","4":"has-post-thumbnail","6":"product_cat-tlc","7":"product_tag-hoonved","9":"first","10":"instock","11":"taxable","12":"shipping-taxable","13":"purchasable","14":"product-type-simple"},"acf":[],"yoast_head":"<!-- This site is optimized with the Yoast SEO Premium plugin v22.7 (Yoast SEO v23.9) - https:\/\/yoast.com\/wordpress\/plugins\/seo\/ -->\n<title>Hoonved - TLC150 - H\u00e6tte opvaskemaskine - Hoonved Nordic<\/title>\n<meta name=\"robots\" content=\"index, follow, max-snippet:-1, max-image-preview:large, max-video-preview:-1\" \/>\n<link rel=\"canonical\" href=\"https:\/\/hoonved-nordic.dk\/en\/product\/hoonved-tlc150-haette-opvaskemaskine\/\" \/>\n<meta property=\"og:locale\" content=\"en_GB\" \/>\n<meta property=\"og:type\" content=\"article\" \/>\n<meta property=\"og:title\" content=\"Hoonved - TLC150 - H\u00e6tte opvaskemaskine\" \/>\n<meta property=\"og:description\" content=\"Opdag effektiviteten af Hoonved TLC150 h\u00e6tte opvaskemaskine, en topmoderne l\u00f8sning til professionelle k\u00f8kkener. Med sin store kapacitet og robuste design klarer TLC150 op til 1474 tallerkener i timen uden behov for kondensering, hvilket g\u00f8r den til en ideal tilk\u00f8b for ethvert travlt k\u00f8kken.   Inkl. Afl\u00f8bspumpe, afsp\u00e6ndings &amp; s\u00e6be pumpe\" \/>\n<meta property=\"og:url\" content=\"https:\/\/hoonved-nordic.dk\/en\/product\/hoonved-tlc150-haette-opvaskemaskine\/\" \/>\n<meta property=\"og:site_name\" content=\"Hoonved Nordic\" \/>\n<meta property=\"article:modified_time\" content=\"2025-03-19T07:32:46+00:00\" \/>\n<meta name=\"twitter:card\" content=\"summary_large_image\" \/>\n<meta name=\"twitter:label1\" content=\"Estimated reading time\" \/>\n\t<meta name=\"twitter:data1\" content=\"2 minutes\" \/>\n<script type=\"application\/ld+json\" class=\"yoast-schema-graph\">{\"@context\":\"https:\/\/schema.org\",\"@graph\":[{\"@type\":\"WebPage\",\"@id\":\"https:\/\/hoonved-nordic.dk\/product\/hoonved-tlc150-haette-opvaskemaskine\",\"url\":\"https:\/\/hoonved-nordic.dk\/product\/hoonved-tlc150-haette-opvaskemaskine\",\"name\":\"Hoonved - TLC150 - H\u00e6tte opvaskemaskine - Hoonved Nordic\",\"isPartOf\":{\"@id\":\"https:\/\/hoonved-nordic.dk\/#website\"},\"primaryImageOfPage\":{\"@id\":\"https:\/\/hoonved-nordic.dk\/product\/hoonved-tlc150-haette-opvaskemaskine#primaryimage\"},\"image\":{\"@id\":\"https:\/\/hoonved-nordic.dk\/product\/hoonved-tlc150-haette-opvaskemaskine#primaryimage\"},\"thumbnailUrl\":\"https:\/\/hoonved-nordic.dk\/wp-content\/uploads\/2025\/03\/tlc-150-H58820-hoonved-elding-nordic.png\",\"datePublished\":\"2025-03-19T07:32:31+00:00\",\"dateModified\":\"2025-03-19T07:32:46+00:00\",\"breadcrumb\":{\"@id\":\"https:\/\/hoonved-nordic.dk\/product\/hoonved-tlc150-haette-opvaskemaskine#breadcrumb\"},\"inLanguage\":\"en-GB\",\"potentialAction\":[{\"@type\":\"ReadAction\",\"target\":[\"https:\/\/hoonved-nordic.dk\/product\/hoonved-tlc150-haette-opvaskemaskine\"]}]},{\"@type\":\"ImageObject\",\"inLanguage\":\"en-GB\",\"@id\":\"https:\/\/hoonved-nordic.dk\/product\/hoonved-tlc150-haette-opvaskemaskine#primaryimage\",\"url\":\"https:\/\/hoonved-nordic.dk\/wp-content\/uploads\/2025\/03\/tlc-150-H58820-hoonved-elding-nordic.png\",\"contentUrl\":\"https:\/\/hoonved-nordic.dk\/wp-content\/uploads\/2025\/03\/tlc-150-H58820-hoonved-elding-nordic.png\",\"width\":334,\"height\":701},{\"@type\":\"BreadcrumbList\",\"@id\":\"https:\/\/hoonved-nordic.dk\/product\/hoonved-tlc150-haette-opvaskemaskine#breadcrumb\",\"itemListElement\":[{\"@type\":\"ListItem\",\"position\":1,\"name\":\"Hjem\",\"item\":\"https:\/\/hoonved-nordic.dk\/\"},{\"@type\":\"ListItem\",\"position\":2,\"name\":\"Shop\",\"item\":\"https:\/\/hoonved-nordic.dk\/shop\"},{\"@type\":\"ListItem\",\"position\":3,\"name\":\"Hoonved &#8211; TLC150 &#8211; H\u00e6tte opvaskemaskine\"}]},{\"@type\":\"WebSite\",\"@id\":\"https:\/\/hoonved-nordic.dk\/#website\",\"url\":\"https:\/\/hoonved-nordic.dk\/\",\"name\":\"Hoonved Nordic\",\"description\":\"\",\"potentialAction\":[{\"@type\":\"SearchAction\",\"target\":{\"@type\":\"EntryPoint\",\"urlTemplate\":\"https:\/\/hoonved-nordic.dk\/?s={search_term_string}\"},\"query-input\":{\"@type\":\"PropertyValueSpecification\",\"valueRequired\":true,\"valueName\":\"search_term_string\"}}],\"inLanguage\":\"en-GB\"},{\"@type\":\"ImageObject\",\"inLanguage\":\"en-GB\",\"@id\":\"https:\/\/hoonved-nordic.dk\/product\/hoonved-tlc150-haette-opvaskemaskine#local-main-organization-logo\",\"url\":\"\",\"contentUrl\":\"\",\"caption\":\"Hoonved Nordic\"}]}<\/script>\n<!-- \/ Yoast SEO Premium plugin. -->","yoast_head_json":{"title":"Hoonved - TLC150 - H\u00e6tte opvaskemaskine - Hoonved Nordic","robots":{"index":"index","follow":"follow","max-snippet":"max-snippet:-1","max-image-preview":"max-image-preview:large","max-video-preview":"max-video-preview:-1"},"canonical":"https:\/\/hoonved-nordic.dk\/en\/product\/hoonved-tlc150-haette-opvaskemaskine\/","og_locale":"en_GB","og_type":"article","og_title":"Hoonved - TLC150 - H\u00e6tte opvaskemaskine","og_description":"Opdag effektiviteten af Hoonved TLC150 h\u00e6tte opvaskemaskine, en topmoderne l\u00f8sning til professionelle k\u00f8kkener. Med sin store kapacitet og robuste design klarer TLC150 op til 1474 tallerkener i timen uden behov for kondensering, hvilket g\u00f8r den til en ideal tilk\u00f8b for ethvert travlt k\u00f8kken.   Inkl. Afl\u00f8bspumpe, afsp\u00e6ndings &amp; s\u00e6be pumpe","og_url":"https:\/\/hoonved-nordic.dk\/en\/product\/hoonved-tlc150-haette-opvaskemaskine\/","og_site_name":"Hoonved Nordic","article_modified_time":"2025-03-19T07:32:46+00:00","twitter_card":"summary_large_image","twitter_misc":{"Estimated reading time":"2 minutes"},"schema":{"@context":"https:\/\/schema.org","@graph":[{"@type":"WebPage","@id":"https:\/\/hoonved-nordic.dk\/product\/hoonved-tlc150-haette-opvaskemaskine","url":"https:\/\/hoonved-nordic.dk\/product\/hoonved-tlc150-haette-opvaskemaskine","name":"Hoonved - TLC150 - H\u00e6tte opvaskemaskine - Hoonved Nordic","isPartOf":{"@id":"https:\/\/hoonved-nordic.dk\/#website"},"primaryImageOfPage":{"@id":"https:\/\/hoonved-nordic.dk\/product\/hoonved-tlc150-haette-opvaskemaskine#primaryimage"},"image":{"@id":"https:\/\/hoonved-nordic.dk\/product\/hoonved-tlc150-haette-opvaskemaskine#primaryimage"},"thumbnailUrl":"https:\/\/hoonved-nordic.dk\/wp-content\/uploads\/2025\/03\/tlc-150-H58820-hoonved-elding-nordic.png","datePublished":"2025-03-19T07:32:31+00:00","dateModified":"2025-03-19T07:32:46+00:00","breadcrumb":{"@id":"https:\/\/hoonved-nordic.dk\/product\/hoonved-tlc150-haette-opvaskemaskine#breadcrumb"},"inLanguage":"en-GB","potentialAction":[{"@type":"ReadAction","target":["https:\/\/hoonved-nordic.dk\/product\/hoonved-tlc150-haette-opvaskemaskine"]}]},{"@type":"ImageObject","inLanguage":"en-GB","@id":"https:\/\/hoonved-nordic.dk\/product\/hoonved-tlc150-haette-opvaskemaskine#primaryimage","url":"https:\/\/hoonved-nordic.dk\/wp-content\/uploads\/2025\/03\/tlc-150-H58820-hoonved-elding-nordic.png","contentUrl":"https:\/\/hoonved-nordic.dk\/wp-content\/uploads\/2025\/03\/tlc-150-H58820-hoonved-elding-nordic.png","width":334,"height":701},{"@type":"BreadcrumbList","@id":"https:\/\/hoonved-nordic.dk\/product\/hoonved-tlc150-haette-opvaskemaskine#breadcrumb","itemListElement":[{"@type":"ListItem","position":1,"name":"Hjem","item":"https:\/\/hoonved-nordic.dk\/"},{"@type":"ListItem","position":2,"name":"Shop","item":"https:\/\/hoonved-nordic.dk\/shop"},{"@type":"ListItem","position":3,"name":"Hoonved &#8211; TLC150 &#8211; H\u00e6tte opvaskemaskine"}]},{"@type":"WebSite","@id":"https:\/\/hoonved-nordic.dk\/#website","url":"https:\/\/hoonved-nordic.dk\/","name":"Hoonved Nordic","description":"","potentialAction":[{"@type":"SearchAction","target":{"@type":"EntryPoint","urlTemplate":"https:\/\/hoonved-nordic.dk\/?s={search_term_string}"},"query-input":{"@type":"PropertyValueSpecification","valueRequired":true,"valueName":"search_term_string"}}],"inLanguage":"en-GB"},{"@type":"ImageObject","inLanguage":"en-GB","@id":"https:\/\/hoonved-nordic.dk\/product\/hoonved-tlc150-haette-opvaskemaskine#local-main-organization-logo","url":"","contentUrl":"","caption":"Hoonved Nordic"}]}},"_links":{"self":[{"href":"https:\/\/hoonved-nordic.dk\/en\/wp-json\/wp\/v2\/product\/1033","targetHints":{"allow":["GET"]}}],"collection":[{"href":"https:\/\/hoonved-nordic.dk\/en\/wp-json\/wp\/v2\/product"}],"about":[{"href":"https:\/\/hoonved-nordic.dk\/en\/wp-json\/wp\/v2\/types\/product"}],"wp:featuredmedia":[{"embeddable":true,"href":"https:\/\/hoonved-nordic.dk\/en\/wp-json\/wp\/v2\/media\/1041"}],"wp:attachment":[{"href":"https:\/\/hoonved-nordic.dk\/en\/wp-json\/wp\/v2\/media?parent=1033"}],"wp:term":[{"taxonomy":"product_brand","embeddable":true,"href":"https:\/\/hoonved-nordic.dk\/en\/wp-json\/wp\/v2\/product_brand?post=1033"},{"taxonomy":"product_cat","embeddable":true,"href":"https:\/\/hoonved-nordic.dk\/en\/wp-json\/wp\/v2\/product_cat?post=1033"},{"taxonomy":"product_tag","embeddable":true,"href":"https:\/\/hoonved-nordic.dk\/en\/wp-json\/wp\/v2\/product_tag?post=1033"}],"curies":[{"name":"wp","href":"https:\/\/api.w.org\/{rel}","templated":true}]}}