{"id":1035,"date":"2025-03-19T07:32:33","date_gmt":"2025-03-19T07:32:33","guid":{"rendered":"https:\/\/hoonved-nordic.dk\/?post_type=product&#038;p=1035"},"modified":"2025-03-19T07:54:08","modified_gmt":"2025-03-19T07:54:08","slug":"hoonved-tlc150-haette-opvaskemaskine-med-kondensering","status":"publish","type":"product","link":"https:\/\/hoonved-nordic.dk\/en\/product\/hoonved-tlc150-haette-opvaskemaskine-med-kondensering","title":{"rendered":"Hoonved - TLC150 - Hood dishwasher with condensation"},"content":{"rendered":"<h1>Hoonved TLC150 Hood Dishwasher<\/h1>\n<p>The groundbreaking <strong>Hoonved TLC150 dishwasher hood<\/strong> sets a new standard for efficiency and reliability in professional kitchens. With its condensing technology and powerful washing system, the TLC150 is an upgrade from the popular TLC100 model and is designed to handle even the most demanding dishwashing requirements.<\/p>\n<p><strong>Incl. drain pump, rinse &amp; soap pump<\/strong><\/p>\n<p>Item no: H58820\/RCC2<\/p>\n<h2>Powerful features<\/h2>\n<ul>\n<li>Robust double wall construction for <strong>increased durability<\/strong>.<\/li>\n<li>Intuitive <strong>Advanced electronics<\/strong> with digital display.<\/li>\n<li><strong>ECO2 cycle<\/strong> for energy efficiency.<\/li>\n<\/ul>\n<h2>Optimised design<\/h2>\n<ul>\n<li>Up to <strong>1474 plates per hour<\/strong> thanks to an efficient 2200 W washing motor.<\/li>\n<li><strong>Self-cleaning interior<\/strong> and easy approach for daily cleaning.<\/li>\n<li><strong>Large capacity<\/strong> with a 42 litre wash tank and 8.2 litres of cooking capacity.<\/li>\n<\/ul>\n<p>With the TLC150 hood dishwasher, you get a reliable partner in the kitchen that is designed to ensure <strong>Hygiene and efficiency<\/strong>. This model is equipped with a condensing unit that reduces steam and improves the working environment. Its strong construction and user-friendly features make the TLC150 an indispensable tool in any professional catering business.<\/p>\n<h3>Perfect hygiene and ease of use<\/h3>\n<p>The self-cleaning function and easily accessible internal components guarantee that the TLC150 always maintains the highest standards of cleanliness. A simple, resilient and ergonomic design ensures that the TLC150 is not only easy to use but also safe.<\/p>\n<h3>Advanced electronics<\/h3>\n<p>The TLC150's advanced electronics include Soft Start and customisable wash and rinse cycles to ensure your dishes always meet your specific needs.<\/p>\n<h2>Accessories and safety features<\/h2>\n<p>The Hoonved TLC150 comes with standard accessories such as a rinse aid dispenser and the innovative Break Tank system ensures constant temperature and pressure during the rinse phase. Safety is also top notch with low voltage control and hike protection.<\/p>\n<p>Discover the unrivalled performance and quality of the Hoonved TLC150 and discover how it can transform your business. With its powerful performance, <strong>Dishwasher hood TLC150<\/strong> is the ultimate solution for your professional kitchen.<\/p>\n<p><img decoding=\"async\" class=\"aligncenter size-medium wp-image-56135\" src=\"https:\/\/elding-nordic.dk\/wp-content\/uploads\/2024\/04\/hoonved_tlc-1-800x800.jpg\" alt=\"TLC 100 Hoonved med kondensering 58820\/RCC2\" width=\"800\" height=\"800\" \/><\/p>\n<h2>Condensation technology<\/h2>\n<p><img decoding=\"async\" class=\"aligncenter size-medium wp-image-57031\" src=\"https:\/\/elding-nordic.dk\/wp-content\/uploads\/2024\/04\/RCC-unit-800x800.jpg\" alt=\"Med Kondenseringsteknologi RCC2\" width=\"800\" height=\"800\" \/>A distinctive feature in <strong>Hoonved TLC150<\/strong> is its integrated condensation technology. This innovative addition optimises the working environment by reducing excess steam during dishwashing, resulting in a more comfortable and safe kitchen environment. The condensation technology in the TLC 150 ensures that steam is converted into water, which not only improves air quality but also contributes to a more sustainable dishwashing solution by reducing energy consumption.<\/p>\n<p>With the TLC100's condensation, you can expect:<\/p>\n<ul>\n<li>A <strong>Drastic reduction of vapour<\/strong>which makes the kitchen more comfortable for staff.<\/li>\n<li>Improved <strong>energy efficiency<\/strong>reusing heat from the steam reduces the overall energy consumption.<\/li>\n<li>A cleaner workplace as there is less risk of condensation and the problems it can cause, such as mould and other moisture-related damage.<\/li>\n<\/ul>\n<p>This technology is especially important in busy kitchen environments where efficiency and health &amp; safety are paramount. The Hoonved TLC 150 not only guarantees exceptional washing efficiency, but also an investment in the well-being of your employees and the long-term maintenance of your kitchen.<\/p>\n<p>&nbsp;<\/p>\n<table>\n<tbody>\n<tr>\n<td>Model<\/td>\n<td>TLC 150 RCC2<\/td>\n<\/tr>\n<tr>\n<td>Cycle length<\/td>\n<td>48 - 90 - 120 - 240 sec + ECO2<\/td>\n<\/tr>\n<tr>\n<td>Wash space<\/td>\n<td>500 mm<\/td>\n<\/tr>\n<tr>\n<td>Rack<\/td>\n<td>600\u00d7500 mm<\/td>\n<\/tr>\n<tr>\n<td>Construction<\/td>\n<td>Double wall<\/td>\n<\/tr>\n<tr>\n<td>Machine interior<\/td>\n<td>Self-cleaning<\/td>\n<\/tr>\n<tr>\n<td>Rinse-aid pump<\/td>\n<td>Standard<\/td>\n<\/tr>\n<tr>\n<td>Wash pump<\/td>\n<td>2200 W<\/td>\n<\/tr>\n<tr>\n<td>Dishes\/h<\/td>\n<td>1474<\/td>\n<\/tr>\n<tr>\n<td>Detergent pump<\/td>\n<td>Standard<\/td>\n<\/tr>\n<tr>\n<td>Break Tank System<\/td>\n<td>Standard<\/td>\n<\/tr>\n<tr>\n<td>Electrical connection<\/td>\n<td>230V\/3\/50Hz; 400V\/3N\/50Hz<\/td>\n<\/tr>\n<tr>\n<td>Total power<\/td>\n<td>11200 W<\/td>\n<\/tr>\n<tr>\n<td>Boiler heater<\/td>\n<td>9000 W<\/td>\n<\/tr>\n<tr>\n<td>Tank heater<\/td>\n<td>3000 W<\/td>\n<\/tr>\n<tr>\n<td>Tank capacity<\/td>\n<td>42 l<\/td>\n<\/tr>\n<tr>\n<td>Boiler capacity<\/td>\n<td>8,2 l<\/td>\n<\/tr>\n<tr>\n<td>Water supply<\/td>\n<td>2\u00f74 bar \u00d8 3\/4\"G<\/td>\n<\/tr>\n<tr>\n<td>Water consumption cycle<\/td>\n<td>3,5 l<\/td>\n<\/tr>\n<tr>\n<td>Drain hose connection<\/td>\n<td>\u00d8 1\"G<\/td>\n<\/tr>\n<tr>\n<td>Acoustic pressure level<\/td>\n<td>&lt; 70 db (A)<\/td>\n<\/tr>\n<tr>\n<td>RCC condensing unit<\/td>\n<td>Included in the package<\/td>\n<\/tr>\n<\/tbody>\n<\/table>","protected":false},"excerpt":{"rendered":"<p>Upgrade your kitchen with the Hoonved TLC150 - a premium hood dishwasher with advanced condensation technology. With a capacity of up to 1474 dishes per hour and energy-efficient wash cycles, the TLC150 is the ideal solution for busy restaurants that demand perfection.<\/p>\n<p>With RCC2, the machine is 358 mm higher than the specifications may state. Total height is: 1978 mm with RCC2.<\/p>\n<p><strong>Incl. drain pump, rinse &amp; soap pump<\/strong><\/p>","protected":false},"featured_media":1043,"template":"","meta":{"_acf_changed":false,"inline_featured_image":false},"product_brand":[],"product_cat":[40],"product_tag":[43],"class_list":{"0":"post-1035","1":"product","2":"type-product","3":"status-publish","4":"has-post-thumbnail","6":"product_cat-tlc","7":"product_tag-hoonved","9":"first","10":"onbackorder","11":"taxable","12":"shipping-taxable","13":"purchasable","14":"product-type-simple"},"acf":[],"yoast_head":"<!-- This site is optimized with the Yoast SEO Premium plugin v22.7 (Yoast SEO v23.9) - https:\/\/yoast.com\/wordpress\/plugins\/seo\/ -->\n<title>Hoonved - TLC150 - H\u00e6tte opvaskemaskine med kondensering - Hoonved Nordic<\/title>\n<meta name=\"robots\" content=\"index, follow, max-snippet:-1, max-image-preview:large, max-video-preview:-1\" \/>\n<link rel=\"canonical\" href=\"https:\/\/hoonved-nordic.dk\/en\/product\/hoonved-tlc150-haette-opvaskemaskine-med-kondensering\/\" \/>\n<meta property=\"og:locale\" content=\"en_GB\" \/>\n<meta property=\"og:type\" content=\"article\" \/>\n<meta property=\"og:title\" content=\"Hoonved - TLC150 - H\u00e6tte opvaskemaskine med kondensering\" \/>\n<meta property=\"og:description\" content=\"Opgrader dit k\u00f8kken med Hoonved TLC150 - en premium h\u00e6tte opvaskemaskine med avanceret kondenseringsteknologi. Med plads til op til 1474 tallerkener i timen og energieffektive vaskecyklusser, er TLC150 den ideelle l\u00f8sning for travle restauranter, der kr\u00e6ver perfektion.  Med RCC2 bliver maskinen 358 mm h\u00f8jere end der muligvis st\u00e5r i specifikationer. Total h\u00f8jden er: 1978 mm med RCC2.  Inkl. Afl\u00f8bspumpe, afsp\u00e6ndings &amp; s\u00e6be pumpe\" \/>\n<meta property=\"og:url\" content=\"https:\/\/hoonved-nordic.dk\/en\/product\/hoonved-tlc150-haette-opvaskemaskine-med-kondensering\/\" \/>\n<meta property=\"og:site_name\" content=\"Hoonved Nordic\" \/>\n<meta property=\"article:modified_time\" content=\"2025-03-19T07:54:08+00:00\" \/>\n<meta property=\"og:image\" content=\"https:\/\/hoonved-nordic.dk\/wp-content\/uploads\/2025\/03\/tlc-150-med-kondensering.png\" \/>\n\t<meta property=\"og:image:width\" content=\"334\" \/>\n\t<meta property=\"og:image:height\" content=\"701\" \/>\n\t<meta property=\"og:image:type\" content=\"image\/png\" \/>\n<meta name=\"twitter:card\" content=\"summary_large_image\" \/>\n<meta name=\"twitter:label1\" content=\"Estimated reading time\" \/>\n\t<meta name=\"twitter:data1\" content=\"3 minutes\" \/>\n<script type=\"application\/ld+json\" class=\"yoast-schema-graph\">{\"@context\":\"https:\/\/schema.org\",\"@graph\":[{\"@type\":\"WebPage\",\"@id\":\"https:\/\/hoonved-nordic.dk\/product\/hoonved-tlc150-haette-opvaskemaskine-med-kondensering\",\"url\":\"https:\/\/hoonved-nordic.dk\/product\/hoonved-tlc150-haette-opvaskemaskine-med-kondensering\",\"name\":\"Hoonved - TLC150 - H\u00e6tte opvaskemaskine med kondensering - Hoonved Nordic\",\"isPartOf\":{\"@id\":\"https:\/\/hoonved-nordic.dk\/#website\"},\"primaryImageOfPage\":{\"@id\":\"https:\/\/hoonved-nordic.dk\/product\/hoonved-tlc150-haette-opvaskemaskine-med-kondensering#primaryimage\"},\"image\":{\"@id\":\"https:\/\/hoonved-nordic.dk\/product\/hoonved-tlc150-haette-opvaskemaskine-med-kondensering#primaryimage\"},\"thumbnailUrl\":\"https:\/\/hoonved-nordic.dk\/wp-content\/uploads\/2025\/03\/tlc-150-med-kondensering.png\",\"datePublished\":\"2025-03-19T07:32:33+00:00\",\"dateModified\":\"2025-03-19T07:54:08+00:00\",\"breadcrumb\":{\"@id\":\"https:\/\/hoonved-nordic.dk\/product\/hoonved-tlc150-haette-opvaskemaskine-med-kondensering#breadcrumb\"},\"inLanguage\":\"en-GB\",\"potentialAction\":[{\"@type\":\"ReadAction\",\"target\":[\"https:\/\/hoonved-nordic.dk\/product\/hoonved-tlc150-haette-opvaskemaskine-med-kondensering\"]}]},{\"@type\":\"ImageObject\",\"inLanguage\":\"en-GB\",\"@id\":\"https:\/\/hoonved-nordic.dk\/product\/hoonved-tlc150-haette-opvaskemaskine-med-kondensering#primaryimage\",\"url\":\"https:\/\/hoonved-nordic.dk\/wp-content\/uploads\/2025\/03\/tlc-150-med-kondensering.png\",\"contentUrl\":\"https:\/\/hoonved-nordic.dk\/wp-content\/uploads\/2025\/03\/tlc-150-med-kondensering.png\",\"width\":334,\"height\":701},{\"@type\":\"BreadcrumbList\",\"@id\":\"https:\/\/hoonved-nordic.dk\/product\/hoonved-tlc150-haette-opvaskemaskine-med-kondensering#breadcrumb\",\"itemListElement\":[{\"@type\":\"ListItem\",\"position\":1,\"name\":\"Hjem\",\"item\":\"https:\/\/hoonved-nordic.dk\/\"},{\"@type\":\"ListItem\",\"position\":2,\"name\":\"Shop\",\"item\":\"https:\/\/hoonved-nordic.dk\/shop\"},{\"@type\":\"ListItem\",\"position\":3,\"name\":\"Hoonved &#8211; TLC150 &#8211; H\u00e6tte opvaskemaskine med kondensering\"}]},{\"@type\":\"WebSite\",\"@id\":\"https:\/\/hoonved-nordic.dk\/#website\",\"url\":\"https:\/\/hoonved-nordic.dk\/\",\"name\":\"Hoonved Nordic\",\"description\":\"\",\"potentialAction\":[{\"@type\":\"SearchAction\",\"target\":{\"@type\":\"EntryPoint\",\"urlTemplate\":\"https:\/\/hoonved-nordic.dk\/?s={search_term_string}\"},\"query-input\":{\"@type\":\"PropertyValueSpecification\",\"valueRequired\":true,\"valueName\":\"search_term_string\"}}],\"inLanguage\":\"en-GB\"},{\"@type\":\"ImageObject\",\"inLanguage\":\"en-GB\",\"@id\":\"https:\/\/hoonved-nordic.dk\/product\/hoonved-tlc150-haette-opvaskemaskine-med-kondensering#local-main-organization-logo\",\"url\":\"\",\"contentUrl\":\"\",\"caption\":\"Hoonved Nordic\"}]}<\/script>\n<!-- \/ Yoast SEO Premium plugin. -->","yoast_head_json":{"title":"Hoonved - TLC150 - H\u00e6tte opvaskemaskine med kondensering - Hoonved Nordic","robots":{"index":"index","follow":"follow","max-snippet":"max-snippet:-1","max-image-preview":"max-image-preview:large","max-video-preview":"max-video-preview:-1"},"canonical":"https:\/\/hoonved-nordic.dk\/en\/product\/hoonved-tlc150-haette-opvaskemaskine-med-kondensering\/","og_locale":"en_GB","og_type":"article","og_title":"Hoonved - TLC150 - H\u00e6tte opvaskemaskine med kondensering","og_description":"Opgrader dit k\u00f8kken med Hoonved TLC150 - en premium h\u00e6tte opvaskemaskine med avanceret kondenseringsteknologi. Med plads til op til 1474 tallerkener i timen og energieffektive vaskecyklusser, er TLC150 den ideelle l\u00f8sning for travle restauranter, der kr\u00e6ver perfektion.  Med RCC2 bliver maskinen 358 mm h\u00f8jere end der muligvis st\u00e5r i specifikationer. Total h\u00f8jden er: 1978 mm med RCC2.  Inkl. Afl\u00f8bspumpe, afsp\u00e6ndings &amp; s\u00e6be pumpe","og_url":"https:\/\/hoonved-nordic.dk\/en\/product\/hoonved-tlc150-haette-opvaskemaskine-med-kondensering\/","og_site_name":"Hoonved Nordic","article_modified_time":"2025-03-19T07:54:08+00:00","og_image":[{"width":334,"height":701,"url":"https:\/\/hoonved-nordic.dk\/wp-content\/uploads\/2025\/03\/tlc-150-med-kondensering.png","type":"image\/png"}],"twitter_card":"summary_large_image","twitter_misc":{"Estimated reading time":"3 minutes"},"schema":{"@context":"https:\/\/schema.org","@graph":[{"@type":"WebPage","@id":"https:\/\/hoonved-nordic.dk\/product\/hoonved-tlc150-haette-opvaskemaskine-med-kondensering","url":"https:\/\/hoonved-nordic.dk\/product\/hoonved-tlc150-haette-opvaskemaskine-med-kondensering","name":"Hoonved - TLC150 - H\u00e6tte opvaskemaskine med kondensering - Hoonved Nordic","isPartOf":{"@id":"https:\/\/hoonved-nordic.dk\/#website"},"primaryImageOfPage":{"@id":"https:\/\/hoonved-nordic.dk\/product\/hoonved-tlc150-haette-opvaskemaskine-med-kondensering#primaryimage"},"image":{"@id":"https:\/\/hoonved-nordic.dk\/product\/hoonved-tlc150-haette-opvaskemaskine-med-kondensering#primaryimage"},"thumbnailUrl":"https:\/\/hoonved-nordic.dk\/wp-content\/uploads\/2025\/03\/tlc-150-med-kondensering.png","datePublished":"2025-03-19T07:32:33+00:00","dateModified":"2025-03-19T07:54:08+00:00","breadcrumb":{"@id":"https:\/\/hoonved-nordic.dk\/product\/hoonved-tlc150-haette-opvaskemaskine-med-kondensering#breadcrumb"},"inLanguage":"en-GB","potentialAction":[{"@type":"ReadAction","target":["https:\/\/hoonved-nordic.dk\/product\/hoonved-tlc150-haette-opvaskemaskine-med-kondensering"]}]},{"@type":"ImageObject","inLanguage":"en-GB","@id":"https:\/\/hoonved-nordic.dk\/product\/hoonved-tlc150-haette-opvaskemaskine-med-kondensering#primaryimage","url":"https:\/\/hoonved-nordic.dk\/wp-content\/uploads\/2025\/03\/tlc-150-med-kondensering.png","contentUrl":"https:\/\/hoonved-nordic.dk\/wp-content\/uploads\/2025\/03\/tlc-150-med-kondensering.png","width":334,"height":701},{"@type":"BreadcrumbList","@id":"https:\/\/hoonved-nordic.dk\/product\/hoonved-tlc150-haette-opvaskemaskine-med-kondensering#breadcrumb","itemListElement":[{"@type":"ListItem","position":1,"name":"Hjem","item":"https:\/\/hoonved-nordic.dk\/"},{"@type":"ListItem","position":2,"name":"Shop","item":"https:\/\/hoonved-nordic.dk\/shop"},{"@type":"ListItem","position":3,"name":"Hoonved &#8211; TLC150 &#8211; H\u00e6tte opvaskemaskine med kondensering"}]},{"@type":"WebSite","@id":"https:\/\/hoonved-nordic.dk\/#website","url":"https:\/\/hoonved-nordic.dk\/","name":"Hoonved Nordic","description":"","potentialAction":[{"@type":"SearchAction","target":{"@type":"EntryPoint","urlTemplate":"https:\/\/hoonved-nordic.dk\/?s={search_term_string}"},"query-input":{"@type":"PropertyValueSpecification","valueRequired":true,"valueName":"search_term_string"}}],"inLanguage":"en-GB"},{"@type":"ImageObject","inLanguage":"en-GB","@id":"https:\/\/hoonved-nordic.dk\/product\/hoonved-tlc150-haette-opvaskemaskine-med-kondensering#local-main-organization-logo","url":"","contentUrl":"","caption":"Hoonved Nordic"}]}},"_links":{"self":[{"href":"https:\/\/hoonved-nordic.dk\/en\/wp-json\/wp\/v2\/product\/1035","targetHints":{"allow":["GET"]}}],"collection":[{"href":"https:\/\/hoonved-nordic.dk\/en\/wp-json\/wp\/v2\/product"}],"about":[{"href":"https:\/\/hoonved-nordic.dk\/en\/wp-json\/wp\/v2\/types\/product"}],"wp:featuredmedia":[{"embeddable":true,"href":"https:\/\/hoonved-nordic.dk\/en\/wp-json\/wp\/v2\/media\/1043"}],"wp:attachment":[{"href":"https:\/\/hoonved-nordic.dk\/en\/wp-json\/wp\/v2\/media?parent=1035"}],"wp:term":[{"taxonomy":"product_brand","embeddable":true,"href":"https:\/\/hoonved-nordic.dk\/en\/wp-json\/wp\/v2\/product_brand?post=1035"},{"taxonomy":"product_cat","embeddable":true,"href":"https:\/\/hoonved-nordic.dk\/en\/wp-json\/wp\/v2\/product_cat?post=1035"},{"taxonomy":"product_tag","embeddable":true,"href":"https:\/\/hoonved-nordic.dk\/en\/wp-json\/wp\/v2\/product_tag?post=1035"}],"curies":[{"name":"wp","href":"https:\/\/api.w.org\/{rel}","templated":true}]}}