{"id":1036,"date":"2025-03-19T07:32:35","date_gmt":"2025-03-19T07:32:35","guid":{"rendered":"https:\/\/hoonved-nordic.dk\/?post_type=product&#038;p=1036"},"modified":"2025-03-19T07:32:55","modified_gmt":"2025-03-19T07:32:55","slug":"hoonved-tlc100-haette-opvaskemaskine","status":"publish","type":"product","link":"https:\/\/hoonved-nordic.dk\/en\/product\/hoonved-tlc100-haette-opvaskemaskine","title":{"rendered":"Hoonved - TLC100 - Dishwasher hood"},"content":{"rendered":"<h1>Hoonved TLC100 Hooded dishwasher<\/h1>\n<p>Med <strong>Hoonved TLC100<\/strong>With this efficient hood dishwasher, we are entering a new era of dishwashers, where advanced technology meets everyday demands for efficiency and energy savings. This machine is ideal for busy restaurants and bistros looking for maximum hygiene and efficiency in every wash.<\/p>\n<h2>Built for demanding environments<\/h2>\n<p>The Hoonved TLC100 is built with double-walled insulation and an autonomous cleaning function, making it a silent partner in the kitchen. The spacious 42 litre tank and a powerful 1100 W wash pump ensure the machine can handle large volumes of dishes with outstanding cleaning results.<\/p>\n<ul>\n<li>Cycles of 63, 88, 118, and 238 seconds<\/li>\n<li>Energy and water-saving ECO2 cycle<\/li>\n<li>Standard dosing pumps for rinse aid and detergent<\/li>\n<\/ul>\n<p>The TLC100 can include advanced features like an optional RCC condensing unit that not only reduces steam in the kitchen but also recycles heat to improve energy efficiency.<\/p>\n<p>The TLC100 can include an automatic hood lift function (optional).<\/p>\n<h3>Available models with extra features:<\/h3>\n<ul>\n<li><a href=\"https:\/\/elding-nordic.dk\/vare\/hoonved-tlc100-haette-opvaskemaskine-med-kondesering\/\">Hoonved TLC100 with RCC condensing unit<\/a><\/li>\n<li><a href=\"https:\/\/elding-nordic.dk\/vare\/hoonved-tlc100-haette-opvaskemaskine-m-autom-loeft-kopi\/\">Hoonved TLC100 with auto lift and RCC condensing unit<\/a><\/li>\n<\/ul>\n<h2>Hygiene and safety at the forefront<\/h2>\n<p>The <strong>efficient hood dishwasher<\/strong> The TLC100 is designed with a special focus on hygiene. Easily accessible filters and a fully rounded interior ensure easy cleaning and maintenance. A safety micro switch and low-voltage control contribute to operator safety during use.<\/p>\n<h2>A vision for the kitchen of the future<\/h2>\n<p>The Hoonved TLC100 is a game-changer in dishwasher technology, ready to meet and exceed the highest standards of cleaning and operational efficiency. With its user-friendly design and advanced technology, this machine is the optimal choice for any food-based business that values cleanliness and efficiency.<\/p>\n<p>The TLC100 is not only ideal for restaurants and bistros, but also for a wide range of other food-based businesses. Here are some of the industries where the TLC100 can make a significant difference:<\/p>\n<ul>\n<li><strong>Fast food chains:<\/strong> Fast cleaning time ensures efficient handling of high-volume service.<\/li>\n<li><strong>Ice cream parlours and caf\u00e9s:<\/strong> Perfect for frequent cleaning of smaller items like cups and spoons.<\/li>\n<li><strong>Commercial kitchens:<\/strong> Efficiency and high capacity support the need for constant cleanliness in large-scale cooking operations.<\/li>\n<li><strong>The hotel industry:<\/strong> Ensures fast and efficient dishwashing, which is essential for hotels with high demands on hospitality and service.<\/li>\n<\/ul>\n<p>Contact us to see how <strong>Hoonved TLC100<\/strong> can transform your kitchen's cleanliness routines and contribute to a more efficient operation.<\/p>\n<p>&nbsp;<\/p>\n<table>\n<tbody>\n<tr>\n<td width=\"122\">Model<\/td>\n<td width=\"128\">TLC 100<\/td>\n<\/tr>\n<tr>\n<td>Cycle length<\/td>\n<td>63 - 88 - 118 - 238 sec + ECO2<\/td>\n<\/tr>\n<tr>\n<td>Wash space<\/td>\n<td>400 mm<\/td>\n<\/tr>\n<tr>\n<td>Rack<\/td>\n<td>500\u00d7500 mm<\/td>\n<\/tr>\n<tr>\n<td>Construction<\/td>\n<td>Double wall<\/td>\n<\/tr>\n<tr>\n<td>Machine interior<\/td>\n<td>Self-cleaning<\/td>\n<\/tr>\n<tr>\n<td>Rinse-aid pump<\/td>\n<td>Standard<\/td>\n<\/tr>\n<tr>\n<td>Wash pump<\/td>\n<td>1100 W<\/td>\n<\/tr>\n<tr>\n<td>Dishes\/h<\/td>\n<td>1000<\/td>\n<\/tr>\n<tr>\n<td>Detergent pump<\/td>\n<td>Standard<\/td>\n<\/tr>\n<tr>\n<td>Break Tank System<\/td>\n<td>Standard<\/td>\n<\/tr>\n<tr>\n<td>Electrical connection<\/td>\n<td>230V\/3\/50Hz; 400V\/3N\/50Hz<\/td>\n<\/tr>\n<tr>\n<td>Total power<\/td>\n<td>10100 W<\/td>\n<\/tr>\n<tr>\n<td>Boiler heater<\/td>\n<td>9000 W<\/td>\n<\/tr>\n<tr>\n<td>Tank heater<\/td>\n<td>3000 W<\/td>\n<\/tr>\n<tr>\n<td>Tank capacity<\/td>\n<td>42 l<\/td>\n<\/tr>\n<tr>\n<td>Boiler capacity<\/td>\n<td>8,2 l<\/td>\n<\/tr>\n<tr>\n<td>Water supply<\/td>\n<td>2\u00f74 bar \u00d8 3\/4\"G<\/td>\n<\/tr>\n<tr>\n<td>Water consumption cycle<\/td>\n<td>3,5 l<\/td>\n<\/tr>\n<tr>\n<td>Drain hose connection<\/td>\n<td>\u00d8 1\"G<\/td>\n<\/tr>\n<tr>\n<td>Acoustic pressure level<\/td>\n<td>&lt; 70 db (A)<\/td>\n<\/tr>\n<tr>\n<td>RCC condensing unit<\/td>\n<td>Can be purchased in other models<\/td>\n<\/tr>\n<tr>\n<td>Auto lift<\/td>\n<td>Can be purchased in other models<\/td>\n<\/tr>\n<\/tbody>\n<\/table>\n<p>&nbsp;<\/p>","protected":false},"excerpt":{"rendered":"<p>Hoonved - TLC100 is an efficient hood dishwasher designed to handle large dishwashing volumes and achieve maximum hygiene in restaurants and bistros.<\/p>\n<p>Up to 1,474 plates\/h, TFT touch interface.<\/p>\n<p><strong>Incl. drain pump, rinse &amp; soap pump<\/strong><\/p>","protected":false},"featured_media":1042,"template":"","meta":{"_acf_changed":false,"inline_featured_image":false},"product_brand":[],"product_cat":[40],"product_tag":[43],"class_list":{"0":"post-1036","1":"product","2":"type-product","3":"status-publish","4":"has-post-thumbnail","6":"product_cat-tlc","7":"product_tag-hoonved","9":"first","10":"instock","11":"taxable","12":"shipping-taxable","13":"purchasable","14":"product-type-simple"},"acf":[],"yoast_head":"<!-- This site is optimized with the Yoast SEO Premium plugin v22.7 (Yoast SEO v23.9) - https:\/\/yoast.com\/wordpress\/plugins\/seo\/ -->\n<title>Hoonved - TLC100 - H\u00e6tte opvaskemaskine - Hoonved Nordic<\/title>\n<meta name=\"robots\" content=\"index, follow, max-snippet:-1, max-image-preview:large, max-video-preview:-1\" \/>\n<link rel=\"canonical\" href=\"https:\/\/hoonved-nordic.dk\/en\/product\/hoonved-tlc100-haette-opvaskemaskine\/\" \/>\n<meta property=\"og:locale\" content=\"en_GB\" \/>\n<meta property=\"og:type\" content=\"article\" \/>\n<meta property=\"og:title\" content=\"Hoonved - TLC100 - H\u00e6tte opvaskemaskine\" \/>\n<meta property=\"og:description\" content=\"Hoonved - TLC100 er en effektiv h\u00e6tteopvaskemaskine designet til at h\u00e5ndtere store opvaskevolumener og opn\u00e5 maksimal hygiejne i restauranter og bistroer.  Op til 1,474 tallerkener\/t, TFT touch interface.  Inkl. Afl\u00f8bspumpe, afsp\u00e6ndings &amp; s\u00e6be pumpe\" \/>\n<meta property=\"og:url\" content=\"https:\/\/hoonved-nordic.dk\/en\/product\/hoonved-tlc100-haette-opvaskemaskine\/\" \/>\n<meta property=\"og:site_name\" content=\"Hoonved Nordic\" \/>\n<meta property=\"article:modified_time\" content=\"2025-03-19T07:32:55+00:00\" \/>\n<meta name=\"twitter:card\" content=\"summary_large_image\" \/>\n<meta name=\"twitter:label1\" content=\"Estimated reading time\" \/>\n\t<meta name=\"twitter:data1\" content=\"3 minutes\" \/>\n<script type=\"application\/ld+json\" class=\"yoast-schema-graph\">{\"@context\":\"https:\/\/schema.org\",\"@graph\":[{\"@type\":\"WebPage\",\"@id\":\"https:\/\/hoonved-nordic.dk\/product\/hoonved-tlc100-haette-opvaskemaskine\",\"url\":\"https:\/\/hoonved-nordic.dk\/product\/hoonved-tlc100-haette-opvaskemaskine\",\"name\":\"Hoonved - TLC100 - H\u00e6tte opvaskemaskine - Hoonved Nordic\",\"isPartOf\":{\"@id\":\"https:\/\/hoonved-nordic.dk\/#website\"},\"primaryImageOfPage\":{\"@id\":\"https:\/\/hoonved-nordic.dk\/product\/hoonved-tlc100-haette-opvaskemaskine#primaryimage\"},\"image\":{\"@id\":\"https:\/\/hoonved-nordic.dk\/product\/hoonved-tlc100-haette-opvaskemaskine#primaryimage\"},\"thumbnailUrl\":\"https:\/\/hoonved-nordic.dk\/wp-content\/uploads\/2025\/03\/tlc-100-med-kondensering.png\",\"datePublished\":\"2025-03-19T07:32:35+00:00\",\"dateModified\":\"2025-03-19T07:32:55+00:00\",\"breadcrumb\":{\"@id\":\"https:\/\/hoonved-nordic.dk\/product\/hoonved-tlc100-haette-opvaskemaskine#breadcrumb\"},\"inLanguage\":\"en-GB\",\"potentialAction\":[{\"@type\":\"ReadAction\",\"target\":[\"https:\/\/hoonved-nordic.dk\/product\/hoonved-tlc100-haette-opvaskemaskine\"]}]},{\"@type\":\"ImageObject\",\"inLanguage\":\"en-GB\",\"@id\":\"https:\/\/hoonved-nordic.dk\/product\/hoonved-tlc100-haette-opvaskemaskine#primaryimage\",\"url\":\"https:\/\/hoonved-nordic.dk\/wp-content\/uploads\/2025\/03\/tlc-100-med-kondensering.png\",\"contentUrl\":\"https:\/\/hoonved-nordic.dk\/wp-content\/uploads\/2025\/03\/tlc-100-med-kondensering.png\",\"width\":334,\"height\":701},{\"@type\":\"BreadcrumbList\",\"@id\":\"https:\/\/hoonved-nordic.dk\/product\/hoonved-tlc100-haette-opvaskemaskine#breadcrumb\",\"itemListElement\":[{\"@type\":\"ListItem\",\"position\":1,\"name\":\"Hjem\",\"item\":\"https:\/\/hoonved-nordic.dk\/\"},{\"@type\":\"ListItem\",\"position\":2,\"name\":\"Shop\",\"item\":\"https:\/\/hoonved-nordic.dk\/shop\"},{\"@type\":\"ListItem\",\"position\":3,\"name\":\"Hoonved &#8211; TLC100 &#8211; H\u00e6tte opvaskemaskine\"}]},{\"@type\":\"WebSite\",\"@id\":\"https:\/\/hoonved-nordic.dk\/#website\",\"url\":\"https:\/\/hoonved-nordic.dk\/\",\"name\":\"Hoonved Nordic\",\"description\":\"\",\"potentialAction\":[{\"@type\":\"SearchAction\",\"target\":{\"@type\":\"EntryPoint\",\"urlTemplate\":\"https:\/\/hoonved-nordic.dk\/?s={search_term_string}\"},\"query-input\":{\"@type\":\"PropertyValueSpecification\",\"valueRequired\":true,\"valueName\":\"search_term_string\"}}],\"inLanguage\":\"en-GB\"},{\"@type\":\"ImageObject\",\"inLanguage\":\"en-GB\",\"@id\":\"https:\/\/hoonved-nordic.dk\/product\/hoonved-tlc100-haette-opvaskemaskine#local-main-organization-logo\",\"url\":\"\",\"contentUrl\":\"\",\"caption\":\"Hoonved Nordic\"}]}<\/script>\n<!-- \/ Yoast SEO Premium plugin. -->","yoast_head_json":{"title":"Hoonved - TLC100 - H\u00e6tte opvaskemaskine - Hoonved Nordic","robots":{"index":"index","follow":"follow","max-snippet":"max-snippet:-1","max-image-preview":"max-image-preview:large","max-video-preview":"max-video-preview:-1"},"canonical":"https:\/\/hoonved-nordic.dk\/en\/product\/hoonved-tlc100-haette-opvaskemaskine\/","og_locale":"en_GB","og_type":"article","og_title":"Hoonved - TLC100 - H\u00e6tte opvaskemaskine","og_description":"Hoonved - TLC100 er en effektiv h\u00e6tteopvaskemaskine designet til at h\u00e5ndtere store opvaskevolumener og opn\u00e5 maksimal hygiejne i restauranter og bistroer.  Op til 1,474 tallerkener\/t, TFT touch interface.  Inkl. Afl\u00f8bspumpe, afsp\u00e6ndings &amp; s\u00e6be pumpe","og_url":"https:\/\/hoonved-nordic.dk\/en\/product\/hoonved-tlc100-haette-opvaskemaskine\/","og_site_name":"Hoonved Nordic","article_modified_time":"2025-03-19T07:32:55+00:00","twitter_card":"summary_large_image","twitter_misc":{"Estimated reading time":"3 minutes"},"schema":{"@context":"https:\/\/schema.org","@graph":[{"@type":"WebPage","@id":"https:\/\/hoonved-nordic.dk\/product\/hoonved-tlc100-haette-opvaskemaskine","url":"https:\/\/hoonved-nordic.dk\/product\/hoonved-tlc100-haette-opvaskemaskine","name":"Hoonved - TLC100 - H\u00e6tte opvaskemaskine - Hoonved Nordic","isPartOf":{"@id":"https:\/\/hoonved-nordic.dk\/#website"},"primaryImageOfPage":{"@id":"https:\/\/hoonved-nordic.dk\/product\/hoonved-tlc100-haette-opvaskemaskine#primaryimage"},"image":{"@id":"https:\/\/hoonved-nordic.dk\/product\/hoonved-tlc100-haette-opvaskemaskine#primaryimage"},"thumbnailUrl":"https:\/\/hoonved-nordic.dk\/wp-content\/uploads\/2025\/03\/tlc-100-med-kondensering.png","datePublished":"2025-03-19T07:32:35+00:00","dateModified":"2025-03-19T07:32:55+00:00","breadcrumb":{"@id":"https:\/\/hoonved-nordic.dk\/product\/hoonved-tlc100-haette-opvaskemaskine#breadcrumb"},"inLanguage":"en-GB","potentialAction":[{"@type":"ReadAction","target":["https:\/\/hoonved-nordic.dk\/product\/hoonved-tlc100-haette-opvaskemaskine"]}]},{"@type":"ImageObject","inLanguage":"en-GB","@id":"https:\/\/hoonved-nordic.dk\/product\/hoonved-tlc100-haette-opvaskemaskine#primaryimage","url":"https:\/\/hoonved-nordic.dk\/wp-content\/uploads\/2025\/03\/tlc-100-med-kondensering.png","contentUrl":"https:\/\/hoonved-nordic.dk\/wp-content\/uploads\/2025\/03\/tlc-100-med-kondensering.png","width":334,"height":701},{"@type":"BreadcrumbList","@id":"https:\/\/hoonved-nordic.dk\/product\/hoonved-tlc100-haette-opvaskemaskine#breadcrumb","itemListElement":[{"@type":"ListItem","position":1,"name":"Hjem","item":"https:\/\/hoonved-nordic.dk\/"},{"@type":"ListItem","position":2,"name":"Shop","item":"https:\/\/hoonved-nordic.dk\/shop"},{"@type":"ListItem","position":3,"name":"Hoonved &#8211; TLC100 &#8211; H\u00e6tte opvaskemaskine"}]},{"@type":"WebSite","@id":"https:\/\/hoonved-nordic.dk\/#website","url":"https:\/\/hoonved-nordic.dk\/","name":"Hoonved Nordic","description":"","potentialAction":[{"@type":"SearchAction","target":{"@type":"EntryPoint","urlTemplate":"https:\/\/hoonved-nordic.dk\/?s={search_term_string}"},"query-input":{"@type":"PropertyValueSpecification","valueRequired":true,"valueName":"search_term_string"}}],"inLanguage":"en-GB"},{"@type":"ImageObject","inLanguage":"en-GB","@id":"https:\/\/hoonved-nordic.dk\/product\/hoonved-tlc100-haette-opvaskemaskine#local-main-organization-logo","url":"","contentUrl":"","caption":"Hoonved Nordic"}]}},"_links":{"self":[{"href":"https:\/\/hoonved-nordic.dk\/en\/wp-json\/wp\/v2\/product\/1036","targetHints":{"allow":["GET"]}}],"collection":[{"href":"https:\/\/hoonved-nordic.dk\/en\/wp-json\/wp\/v2\/product"}],"about":[{"href":"https:\/\/hoonved-nordic.dk\/en\/wp-json\/wp\/v2\/types\/product"}],"wp:featuredmedia":[{"embeddable":true,"href":"https:\/\/hoonved-nordic.dk\/en\/wp-json\/wp\/v2\/media\/1042"}],"wp:attachment":[{"href":"https:\/\/hoonved-nordic.dk\/en\/wp-json\/wp\/v2\/media?parent=1036"}],"wp:term":[{"taxonomy":"product_brand","embeddable":true,"href":"https:\/\/hoonved-nordic.dk\/en\/wp-json\/wp\/v2\/product_brand?post=1036"},{"taxonomy":"product_cat","embeddable":true,"href":"https:\/\/hoonved-nordic.dk\/en\/wp-json\/wp\/v2\/product_cat?post=1036"},{"taxonomy":"product_tag","embeddable":true,"href":"https:\/\/hoonved-nordic.dk\/en\/wp-json\/wp\/v2\/product_tag?post=1036"}],"curies":[{"name":"wp","href":"https:\/\/api.w.org\/{rel}","templated":true}]}}