{"id":1038,"date":"2025-03-19T07:32:37","date_gmt":"2025-03-19T07:32:37","guid":{"rendered":"https:\/\/hoonved-nordic.dk\/?post_type=product&#038;p=1038"},"modified":"2025-03-19T07:54:16","modified_gmt":"2025-03-19T07:54:16","slug":"hoonved-tlc150-haette-opvaskemaskine-autom-haetteloeft","status":"publish","type":"product","link":"https:\/\/hoonved-nordic.dk\/en\/product\/hoonved-tlc150-haette-opvaskemaskine-autom-haetteloeft","title":{"rendered":"Hoonved - TLC150 - Dishwasher hood automatic hood lift"},"content":{"rendered":"<h1>Hoonved TLC150 Hood Dishwasher<\/h1>\n<p>Introduction of <strong>Hoonved TLC150 dishwasher with auto lift<\/strong>The TLC150 is the ultimate choice for professional kitchens that demand top-level hygiene and efficiency. With its advanced technology and robust construction, the TLC150 is designed to handle even the most demanding tasks.<\/p>\n<h2>Advanced features<\/h2>\n<p>This <strong>Hoonved TLC150 dishwasher<\/strong> comes equipped with several advanced features that ensure perfect washing results every time:<\/p>\n<ul>\n<li>Automatic hood lift for easy operation and faster cleaning cycles<\/li>\n<li>Condensing unit available, minimising steam escape<\/li>\n<li>Four wash cycles including an eco-friendly ECO2 cycle<\/li>\n<\/ul>\n<h2>Specifications<\/h2>\n<ul>\n<li><strong>Model:<\/strong> TLC 150 AL<\/li>\n<li><strong>Cycle length:<\/strong> 48 - 90 - 120 - 240 sec + ECO2<\/li>\n<li><strong>Dishwashing capacity:<\/strong> Up to 1474 plates per hour<\/li>\n<li><strong>Power consumption:<\/strong> Total 11200 W with a 9000 W boiler heater<\/li>\n<\/ul>\n<h3>Perfect for all catering areas<\/h3>\n<p>Whether you run a restaurant, caf\u00e9 or large hotel kitchen, we deliver <strong>Hoonved TLC150 dishwasher<\/strong> exceptional performance and reliability. Its versatility and strong construction make it ideal for all types of kitchens.<\/p>\n<h2>Accessories and safety features<\/h2>\n<p>The TLC150 is not only powerful, but also safe to use with several customisable safety features:<\/p>\n<ul>\n<li>Splash-proof control panel with low-voltage electronic control<\/li>\n<li>Microswitch safety switch for unintentional door opening<\/li>\n<li>Constant temperature and pressure during rinse phase thanks to standard break tank<\/li>\n<\/ul>\n<p>Upgrade your kitchen with <strong>Hoonved TLC150 dishwasher<\/strong>and experience the difference in every wash.<\/p>\n<p>&nbsp;<\/p>\n<p>&nbsp;<\/p>\n<table>\n<tbody>\n<tr>\n<td>Model<\/td>\n<td>TLC 150 AL<\/td>\n<\/tr>\n<tr>\n<td>Cycle length<\/td>\n<td>48 - 90 - 120 - 240 sec + ECO2<\/td>\n<\/tr>\n<tr>\n<td>Wash space<\/td>\n<td>500 mm<\/td>\n<\/tr>\n<tr>\n<td>Rack<\/td>\n<td>600\u00d7500 mm<\/td>\n<\/tr>\n<tr>\n<td>Construction<\/td>\n<td>Double wall<\/td>\n<\/tr>\n<tr>\n<td>Machine interior<\/td>\n<td>Self-cleaning<\/td>\n<\/tr>\n<tr>\n<td>Rinse-aid pump<\/td>\n<td>Standard<\/td>\n<\/tr>\n<tr>\n<td>Wash pump<\/td>\n<td>2200 W<\/td>\n<\/tr>\n<tr>\n<td>Dishes\/h<\/td>\n<td>1474<\/td>\n<\/tr>\n<tr>\n<td>Detergent pump<\/td>\n<td>Standard<\/td>\n<\/tr>\n<tr>\n<td>Break Tank System<\/td>\n<td>Standard<\/td>\n<\/tr>\n<tr>\n<td>Electrical connection<\/td>\n<td>230V\/3\/50Hz; 400V\/3N\/50Hz<\/td>\n<\/tr>\n<tr>\n<td>Total power<\/td>\n<td>11200 W<\/td>\n<\/tr>\n<tr>\n<td>Boiler heater<\/td>\n<td>9000 W<\/td>\n<\/tr>\n<tr>\n<td>Tank heater<\/td>\n<td>3000 W<\/td>\n<\/tr>\n<tr>\n<td>Tank capacity<\/td>\n<td>42 l<\/td>\n<\/tr>\n<tr>\n<td>Boiler capacity<\/td>\n<td>8,2 l<\/td>\n<\/tr>\n<tr>\n<td>Water supply<\/td>\n<td>2\u00f74 bar \u00d8 3\/4\"G<\/td>\n<\/tr>\n<tr>\n<td>Water consumption cycle<\/td>\n<td>3,5 l<\/td>\n<\/tr>\n<tr>\n<td>Drain hose connection<\/td>\n<td>\u00d8 1\"G<\/td>\n<\/tr>\n<tr>\n<td>Acoustic pressure level<\/td>\n<td>&lt; 70 db (A)<\/td>\n<\/tr>\n<tr>\n<td>RCC condensing unit<\/td>\n<td>Can be purchased in other versions<\/td>\n<\/tr>\n<tr>\n<td>Car lift<\/td>\n<td>Included in the package<\/td>\n<\/tr>\n<\/tbody>\n<\/table>","protected":false},"excerpt":{"rendered":"<p>Upgrade your kitchen with the Hoonved TLC150, a hood dishwasher with automatic hood lift and advanced cleaning technologies. Ideal for larger kitchens where hygiene and efficiency are essential.<\/p>\n<div class=\"product-short-description\">\n<p><strong>Incl. drain pump, rinse &amp; soap pump<\/strong><\/p>\n<p>This model includes auto lift function.<\/p>\n<\/div>","protected":false},"featured_media":1041,"template":"","meta":{"_acf_changed":false,"inline_featured_image":false},"product_brand":[],"product_cat":[40],"product_tag":[43],"class_list":{"0":"post-1038","1":"product","2":"type-product","3":"status-publish","4":"has-post-thumbnail","6":"product_cat-tlc","7":"product_tag-hoonved","9":"first","10":"onbackorder","11":"taxable","12":"shipping-taxable","13":"purchasable","14":"product-type-simple"},"acf":[],"yoast_head":"<!-- This site is optimized with the Yoast SEO Premium plugin v22.7 (Yoast SEO v23.9) - https:\/\/yoast.com\/wordpress\/plugins\/seo\/ -->\n<title>Hoonved - TLC150 - H\u00e6tte opvaskemaskine autom. h\u00e6ttel\u00f8ft - Hoonved Nordic<\/title>\n<meta name=\"robots\" content=\"index, follow, max-snippet:-1, max-image-preview:large, max-video-preview:-1\" \/>\n<link rel=\"canonical\" href=\"https:\/\/hoonved-nordic.dk\/en\/product\/hoonved-tlc150-haette-opvaskemaskine-autom-haetteloeft\/\" \/>\n<meta property=\"og:locale\" content=\"en_GB\" \/>\n<meta property=\"og:type\" content=\"article\" \/>\n<meta property=\"og:title\" content=\"Hoonved - TLC150 - H\u00e6tte opvaskemaskine autom. h\u00e6ttel\u00f8ft\" \/>\n<meta property=\"og:description\" content=\"Opgrader dit k\u00f8kken med Hoonved TLC150, en h\u00e6tteopvaskemaskine med automatisk h\u00e6ttel\u00f8ft og avancerede reng\u00f8ringsteknologier. Ideel for st\u00f8rre k\u00f8kkener, hvor hygiejne og effektivitet er afg\u00f8rende.   Inkl. Afl\u00f8bspumpe, afsp\u00e6ndings &amp; s\u00e6be pumpe  Denne model er inkl. autol\u00f8ft funktion.\" \/>\n<meta property=\"og:url\" content=\"https:\/\/hoonved-nordic.dk\/en\/product\/hoonved-tlc150-haette-opvaskemaskine-autom-haetteloeft\/\" \/>\n<meta property=\"og:site_name\" content=\"Hoonved Nordic\" \/>\n<meta property=\"article:modified_time\" content=\"2025-03-19T07:54:16+00:00\" \/>\n<meta property=\"og:image\" content=\"https:\/\/hoonved-nordic.dk\/wp-content\/uploads\/2025\/03\/tlc-150-H58820-hoonved-elding-nordic.png\" \/>\n\t<meta property=\"og:image:width\" content=\"334\" \/>\n\t<meta property=\"og:image:height\" content=\"701\" \/>\n\t<meta property=\"og:image:type\" content=\"image\/png\" \/>\n<meta name=\"twitter:card\" content=\"summary_large_image\" \/>\n<meta name=\"twitter:label1\" content=\"Estimated reading time\" \/>\n\t<meta name=\"twitter:data1\" content=\"2 minutes\" \/>\n<script type=\"application\/ld+json\" class=\"yoast-schema-graph\">{\"@context\":\"https:\/\/schema.org\",\"@graph\":[{\"@type\":\"WebPage\",\"@id\":\"https:\/\/hoonved-nordic.dk\/product\/hoonved-tlc150-haette-opvaskemaskine-autom-haetteloeft\",\"url\":\"https:\/\/hoonved-nordic.dk\/product\/hoonved-tlc150-haette-opvaskemaskine-autom-haetteloeft\",\"name\":\"Hoonved - TLC150 - H\u00e6tte opvaskemaskine autom. h\u00e6ttel\u00f8ft - Hoonved Nordic\",\"isPartOf\":{\"@id\":\"https:\/\/hoonved-nordic.dk\/#website\"},\"primaryImageOfPage\":{\"@id\":\"https:\/\/hoonved-nordic.dk\/product\/hoonved-tlc150-haette-opvaskemaskine-autom-haetteloeft#primaryimage\"},\"image\":{\"@id\":\"https:\/\/hoonved-nordic.dk\/product\/hoonved-tlc150-haette-opvaskemaskine-autom-haetteloeft#primaryimage\"},\"thumbnailUrl\":\"https:\/\/hoonved-nordic.dk\/wp-content\/uploads\/2025\/03\/tlc-150-H58820-hoonved-elding-nordic.png\",\"datePublished\":\"2025-03-19T07:32:37+00:00\",\"dateModified\":\"2025-03-19T07:54:16+00:00\",\"breadcrumb\":{\"@id\":\"https:\/\/hoonved-nordic.dk\/product\/hoonved-tlc150-haette-opvaskemaskine-autom-haetteloeft#breadcrumb\"},\"inLanguage\":\"en-GB\",\"potentialAction\":[{\"@type\":\"ReadAction\",\"target\":[\"https:\/\/hoonved-nordic.dk\/product\/hoonved-tlc150-haette-opvaskemaskine-autom-haetteloeft\"]}]},{\"@type\":\"ImageObject\",\"inLanguage\":\"en-GB\",\"@id\":\"https:\/\/hoonved-nordic.dk\/product\/hoonved-tlc150-haette-opvaskemaskine-autom-haetteloeft#primaryimage\",\"url\":\"https:\/\/hoonved-nordic.dk\/wp-content\/uploads\/2025\/03\/tlc-150-H58820-hoonved-elding-nordic.png\",\"contentUrl\":\"https:\/\/hoonved-nordic.dk\/wp-content\/uploads\/2025\/03\/tlc-150-H58820-hoonved-elding-nordic.png\",\"width\":334,\"height\":701},{\"@type\":\"BreadcrumbList\",\"@id\":\"https:\/\/hoonved-nordic.dk\/product\/hoonved-tlc150-haette-opvaskemaskine-autom-haetteloeft#breadcrumb\",\"itemListElement\":[{\"@type\":\"ListItem\",\"position\":1,\"name\":\"Hjem\",\"item\":\"https:\/\/hoonved-nordic.dk\/\"},{\"@type\":\"ListItem\",\"position\":2,\"name\":\"Shop\",\"item\":\"https:\/\/hoonved-nordic.dk\/shop\"},{\"@type\":\"ListItem\",\"position\":3,\"name\":\"Hoonved &#8211; TLC150 &#8211; H\u00e6tte opvaskemaskine autom. h\u00e6ttel\u00f8ft\"}]},{\"@type\":\"WebSite\",\"@id\":\"https:\/\/hoonved-nordic.dk\/#website\",\"url\":\"https:\/\/hoonved-nordic.dk\/\",\"name\":\"Hoonved Nordic\",\"description\":\"\",\"potentialAction\":[{\"@type\":\"SearchAction\",\"target\":{\"@type\":\"EntryPoint\",\"urlTemplate\":\"https:\/\/hoonved-nordic.dk\/?s={search_term_string}\"},\"query-input\":{\"@type\":\"PropertyValueSpecification\",\"valueRequired\":true,\"valueName\":\"search_term_string\"}}],\"inLanguage\":\"en-GB\"},{\"@type\":\"ImageObject\",\"inLanguage\":\"en-GB\",\"@id\":\"https:\/\/hoonved-nordic.dk\/product\/hoonved-tlc150-haette-opvaskemaskine-autom-haetteloeft#local-main-organization-logo\",\"url\":\"\",\"contentUrl\":\"\",\"caption\":\"Hoonved Nordic\"}]}<\/script>\n<!-- \/ Yoast SEO Premium plugin. -->","yoast_head_json":{"title":"Hoonved - TLC150 - H\u00e6tte opvaskemaskine autom. h\u00e6ttel\u00f8ft - Hoonved Nordic","robots":{"index":"index","follow":"follow","max-snippet":"max-snippet:-1","max-image-preview":"max-image-preview:large","max-video-preview":"max-video-preview:-1"},"canonical":"https:\/\/hoonved-nordic.dk\/en\/product\/hoonved-tlc150-haette-opvaskemaskine-autom-haetteloeft\/","og_locale":"en_GB","og_type":"article","og_title":"Hoonved - TLC150 - H\u00e6tte opvaskemaskine autom. h\u00e6ttel\u00f8ft","og_description":"Opgrader dit k\u00f8kken med Hoonved TLC150, en h\u00e6tteopvaskemaskine med automatisk h\u00e6ttel\u00f8ft og avancerede reng\u00f8ringsteknologier. Ideel for st\u00f8rre k\u00f8kkener, hvor hygiejne og effektivitet er afg\u00f8rende.   Inkl. Afl\u00f8bspumpe, afsp\u00e6ndings &amp; s\u00e6be pumpe  Denne model er inkl. autol\u00f8ft funktion.","og_url":"https:\/\/hoonved-nordic.dk\/en\/product\/hoonved-tlc150-haette-opvaskemaskine-autom-haetteloeft\/","og_site_name":"Hoonved Nordic","article_modified_time":"2025-03-19T07:54:16+00:00","og_image":[{"width":334,"height":701,"url":"https:\/\/hoonved-nordic.dk\/wp-content\/uploads\/2025\/03\/tlc-150-H58820-hoonved-elding-nordic.png","type":"image\/png"}],"twitter_card":"summary_large_image","twitter_misc":{"Estimated reading time":"2 minutes"},"schema":{"@context":"https:\/\/schema.org","@graph":[{"@type":"WebPage","@id":"https:\/\/hoonved-nordic.dk\/product\/hoonved-tlc150-haette-opvaskemaskine-autom-haetteloeft","url":"https:\/\/hoonved-nordic.dk\/product\/hoonved-tlc150-haette-opvaskemaskine-autom-haetteloeft","name":"Hoonved - TLC150 - H\u00e6tte opvaskemaskine autom. h\u00e6ttel\u00f8ft - Hoonved Nordic","isPartOf":{"@id":"https:\/\/hoonved-nordic.dk\/#website"},"primaryImageOfPage":{"@id":"https:\/\/hoonved-nordic.dk\/product\/hoonved-tlc150-haette-opvaskemaskine-autom-haetteloeft#primaryimage"},"image":{"@id":"https:\/\/hoonved-nordic.dk\/product\/hoonved-tlc150-haette-opvaskemaskine-autom-haetteloeft#primaryimage"},"thumbnailUrl":"https:\/\/hoonved-nordic.dk\/wp-content\/uploads\/2025\/03\/tlc-150-H58820-hoonved-elding-nordic.png","datePublished":"2025-03-19T07:32:37+00:00","dateModified":"2025-03-19T07:54:16+00:00","breadcrumb":{"@id":"https:\/\/hoonved-nordic.dk\/product\/hoonved-tlc150-haette-opvaskemaskine-autom-haetteloeft#breadcrumb"},"inLanguage":"en-GB","potentialAction":[{"@type":"ReadAction","target":["https:\/\/hoonved-nordic.dk\/product\/hoonved-tlc150-haette-opvaskemaskine-autom-haetteloeft"]}]},{"@type":"ImageObject","inLanguage":"en-GB","@id":"https:\/\/hoonved-nordic.dk\/product\/hoonved-tlc150-haette-opvaskemaskine-autom-haetteloeft#primaryimage","url":"https:\/\/hoonved-nordic.dk\/wp-content\/uploads\/2025\/03\/tlc-150-H58820-hoonved-elding-nordic.png","contentUrl":"https:\/\/hoonved-nordic.dk\/wp-content\/uploads\/2025\/03\/tlc-150-H58820-hoonved-elding-nordic.png","width":334,"height":701},{"@type":"BreadcrumbList","@id":"https:\/\/hoonved-nordic.dk\/product\/hoonved-tlc150-haette-opvaskemaskine-autom-haetteloeft#breadcrumb","itemListElement":[{"@type":"ListItem","position":1,"name":"Hjem","item":"https:\/\/hoonved-nordic.dk\/"},{"@type":"ListItem","position":2,"name":"Shop","item":"https:\/\/hoonved-nordic.dk\/shop"},{"@type":"ListItem","position":3,"name":"Hoonved &#8211; TLC150 &#8211; H\u00e6tte opvaskemaskine autom. h\u00e6ttel\u00f8ft"}]},{"@type":"WebSite","@id":"https:\/\/hoonved-nordic.dk\/#website","url":"https:\/\/hoonved-nordic.dk\/","name":"Hoonved Nordic","description":"","potentialAction":[{"@type":"SearchAction","target":{"@type":"EntryPoint","urlTemplate":"https:\/\/hoonved-nordic.dk\/?s={search_term_string}"},"query-input":{"@type":"PropertyValueSpecification","valueRequired":true,"valueName":"search_term_string"}}],"inLanguage":"en-GB"},{"@type":"ImageObject","inLanguage":"en-GB","@id":"https:\/\/hoonved-nordic.dk\/product\/hoonved-tlc150-haette-opvaskemaskine-autom-haetteloeft#local-main-organization-logo","url":"","contentUrl":"","caption":"Hoonved Nordic"}]}},"_links":{"self":[{"href":"https:\/\/hoonved-nordic.dk\/en\/wp-json\/wp\/v2\/product\/1038","targetHints":{"allow":["GET"]}}],"collection":[{"href":"https:\/\/hoonved-nordic.dk\/en\/wp-json\/wp\/v2\/product"}],"about":[{"href":"https:\/\/hoonved-nordic.dk\/en\/wp-json\/wp\/v2\/types\/product"}],"wp:featuredmedia":[{"embeddable":true,"href":"https:\/\/hoonved-nordic.dk\/en\/wp-json\/wp\/v2\/media\/1041"}],"wp:attachment":[{"href":"https:\/\/hoonved-nordic.dk\/en\/wp-json\/wp\/v2\/media?parent=1038"}],"wp:term":[{"taxonomy":"product_brand","embeddable":true,"href":"https:\/\/hoonved-nordic.dk\/en\/wp-json\/wp\/v2\/product_brand?post=1038"},{"taxonomy":"product_cat","embeddable":true,"href":"https:\/\/hoonved-nordic.dk\/en\/wp-json\/wp\/v2\/product_cat?post=1038"},{"taxonomy":"product_tag","embeddable":true,"href":"https:\/\/hoonved-nordic.dk\/en\/wp-json\/wp\/v2\/product_tag?post=1038"}],"curies":[{"name":"wp","href":"https:\/\/api.w.org\/{rel}","templated":true}]}}