{"id":1039,"date":"2025-03-19T07:32:38","date_gmt":"2025-03-19T07:32:38","guid":{"rendered":"https:\/\/hoonved-nordic.dk\/?post_type=product&#038;p=1039"},"modified":"2025-03-19T07:33:10","modified_gmt":"2025-03-19T07:33:10","slug":"hoonved-tlc150-haette-opvaskemaskine-autom-haetteloeft-og-kondenseringsenhed","status":"publish","type":"product","link":"https:\/\/hoonved-nordic.dk\/en\/product\/hoonved-tlc150-haette-opvaskemaskine-autom-haetteloeft-og-kondenseringsenhed","title":{"rendered":"Hoonved - TLC150 - Hood dishwasher automatic hood lift and condensing unit"},"content":{"rendered":"<h1>Hoonved TLC150 Hood Dishwasher with auto lift and condensing unit (RCC2)<\/h1>\n<p>Introduction to <strong>Hoonved TLC150 dishwasher hood<\/strong>, the ultimate solution for professional kitchens that demand both efficiency and reliability in their dishwashing process. With a capacity of up to <strong>1,474 plates per hour<\/strong> and advanced technology, this is the ideal dishwasher for any large kitchen.<\/p>\n<h2>Unrivalled performance and hygiene<\/h2>\n<ul>\n<li>Capacity to wash up to <strong>1474 plates per hour<\/strong><\/li>\n<li>Efficient wash cycles from 48 seconds to 240 seconds, plus an eco-friendly ECO2 cycle<\/li>\n<li>Automatic hood lift and integrated condensing unit for optimal ease of use and energy efficiency<\/li>\n<\/ul>\n<h2>Built with strength and precision<\/h2>\n<p><strong>Hoonved TLC150<\/strong> is made of AISI 304 stainless steel, which ensures long durability and resistance to corrosion. Its double-sided construction not only improves the machine's insulation but also its operational efficiency.<\/p>\n<h3>Advanced features<\/h3>\n<ul>\n<li>Integrated 9000 W hot water heater for fast and efficient heating<\/li>\n<li>Large 42-litre wash tank ensures continuous operation during busy periods<\/li>\n<li>ECO2 cycle to reduce water consumption and optimise energy consumption<\/li>\n<\/ul>\n<p>By selecting <strong>Hoonved TLC150 dishwasher hood<\/strong> not only ensures efficiency in your kitchen, but also an economical and environmentally friendly solution. This model is an evolution of the TLC100 and offers larger capacity and better technology, ideal for larger kitchens with extensive dishwashing needs.<\/p>\n<h2>Construction and safety<\/h2>\n<p>The double construction of the wash tank and the ergonomic design of the machine promote both safety and functionality. With features such as low voltage control and IP53 protection, both the machine and the operator are protected against any damage or accidents.<\/p>\n<p>Upgrade your kitchen with <strong>Hoonved TLC150 dishwasher hood<\/strong> and experience the difference in both quality and performance. For further information and purchase, visit our website or contact us directly.<\/p>\n<h2>Condensation technology<\/h2>\n<p><img decoding=\"async\" class=\"aligncenter size-medium wp-image-57031\" src=\"https:\/\/elding-nordic.dk\/wp-content\/uploads\/2024\/04\/RCC-unit-800x800.jpg\" alt=\"Med Kondenseringsteknologi RCC2\" width=\"800\" height=\"800\" \/>A distinctive feature in <strong>Hoonved TLC150<\/strong> is its integrated condensation technology. This innovative addition optimises the working environment by reducing excess steam during dishwashing, resulting in a more comfortable and safe kitchen environment. The condensation technology in the TLC 150 ensures that steam is converted into water, which not only improves air quality but also contributes to a more sustainable dishwashing solution by reducing energy consumption.<\/p>\n<p>With the TLC150's condensation, you can expect:<\/p>\n<ul>\n<li>A <strong>Drastic reduction of vapour<\/strong>which makes the kitchen more comfortable for staff.<\/li>\n<li>Improved <strong>energy efficiency<\/strong>reusing heat from the steam reduces the overall energy consumption.<\/li>\n<li>A cleaner workplace as there is less risk of condensation and the problems it can cause, such as mould and other moisture-related damage.<\/li>\n<\/ul>\n<p>This technology is especially important in busy kitchen environments where efficiency and health &amp; safety are paramount. The Hoonved TLC 150 not only guarantees exceptional washing efficiency, but also an investment in the well-being of your employees and the long-term maintenance of your kitchen.<\/p>\n<table>\n<tbody>\n<tr>\n<td>Model<\/td>\n<td>TLC 150 AL RCC2<\/td>\n<\/tr>\n<tr>\n<td>Cycle length<\/td>\n<td>48 - 90 - 120 - 240 sec + ECO2<\/td>\n<\/tr>\n<tr>\n<td>Wash space<\/td>\n<td>500 mm<\/td>\n<\/tr>\n<tr>\n<td>Rack<\/td>\n<td>600\u00d7500 mm<\/td>\n<\/tr>\n<tr>\n<td>Construction<\/td>\n<td>Double wall<\/td>\n<\/tr>\n<tr>\n<td>Machine interior<\/td>\n<td>Self-cleaning<\/td>\n<\/tr>\n<tr>\n<td>Rinse-aid pump<\/td>\n<td>Standard<\/td>\n<\/tr>\n<tr>\n<td>Wash pump<\/td>\n<td>2200 W<\/td>\n<\/tr>\n<tr>\n<td>Dishes\/h<\/td>\n<td>1474<\/td>\n<\/tr>\n<tr>\n<td>Detergent pump<\/td>\n<td>Standard<\/td>\n<\/tr>\n<tr>\n<td>Break Tank System<\/td>\n<td>Standard<\/td>\n<\/tr>\n<tr>\n<td>Electrical connection<\/td>\n<td>230V\/3\/50Hz; 400V\/3N\/50Hz<\/td>\n<\/tr>\n<tr>\n<td>Total power<\/td>\n<td>11200 W<\/td>\n<\/tr>\n<tr>\n<td>Boiler heater<\/td>\n<td>9000 W<\/td>\n<\/tr>\n<tr>\n<td>Tank heater<\/td>\n<td>3000 W<\/td>\n<\/tr>\n<tr>\n<td>Tank capacity<\/td>\n<td>42 l<\/td>\n<\/tr>\n<tr>\n<td>Boiler capacity<\/td>\n<td>8,2 l<\/td>\n<\/tr>\n<tr>\n<td>Water supply<\/td>\n<td>2\u00f74 bar \u00d8 3\/4\"G<\/td>\n<\/tr>\n<tr>\n<td>Water consumption cycle<\/td>\n<td>3,5 l<\/td>\n<\/tr>\n<tr>\n<td>Drain hose connection<\/td>\n<td>\u00d8 1\"G<\/td>\n<\/tr>\n<tr>\n<td>Acoustic pressure level<\/td>\n<td>&lt; 70 db (A)<\/td>\n<\/tr>\n<tr>\n<td>RCC condensing unit<\/td>\n<td>Included in the package<\/td>\n<\/tr>\n<tr>\n<td>Car lift<\/td>\n<td>Included in the package<\/td>\n<\/tr>\n<\/tbody>\n<\/table>","protected":false},"excerpt":{"rendered":"<p>Discover the advanced Hoonved - TLC150 - hood dishwasher with automatic hood lift and integrated condensing unit, perfect for efficient and hygienic washing in larger kitchens. Equipped with modern technologies to fulfil all your dishwashing needs.<\/p>\n<p><strong>Incl. drain pump, rinse &amp; soap pump<\/strong><\/p>\n<p>This model includes auto lift function and RCC2 condensing unit.<\/p>\n<p><em>*Note that with the RCC2 condensing unit, the machine is 358 mm higher. Total height is 1978 mm.<\/em><\/p>","protected":false},"featured_media":1043,"template":"","meta":{"_acf_changed":false,"inline_featured_image":false},"product_brand":[],"product_cat":[40],"product_tag":[43],"class_list":{"0":"post-1039","1":"product","2":"type-product","3":"status-publish","4":"has-post-thumbnail","6":"product_cat-tlc","7":"product_tag-hoonved","9":"first","10":"instock","11":"taxable","12":"shipping-taxable","13":"purchasable","14":"product-type-simple"},"acf":[],"yoast_head":"<!-- This site is optimized with the Yoast SEO Premium plugin v22.7 (Yoast SEO v23.9) - https:\/\/yoast.com\/wordpress\/plugins\/seo\/ -->\n<title>Hoonved - TLC150 - H\u00e6tte opvaskemaskine autom. h\u00e6ttel\u00f8ft og kondenseringsenhed - Hoonved Nordic<\/title>\n<meta name=\"robots\" content=\"index, follow, max-snippet:-1, max-image-preview:large, max-video-preview:-1\" \/>\n<link rel=\"canonical\" href=\"https:\/\/hoonved-nordic.dk\/en\/product\/hoonved-tlc150-haette-opvaskemaskine-autom-haetteloeft-og-kondenseringsenhed\/\" \/>\n<meta property=\"og:locale\" content=\"en_GB\" \/>\n<meta property=\"og:type\" content=\"article\" \/>\n<meta property=\"og:title\" content=\"Hoonved - TLC150 - H\u00e6tte opvaskemaskine autom. h\u00e6ttel\u00f8ft og kondenseringsenhed\" \/>\n<meta property=\"og:description\" content=\"Opdag den avancerede Hoonved - TLC150 - h\u00e6tte opvaskemaskine med automatisk h\u00e6ttel\u00f8ft og integreret kondenseringsenhed, perfekt til effektiv og hygiejnisk opvask i st\u00f8rre k\u00f8kkener. Udstyret med moderne teknologier for at opfylde alle dine opvaskbehov.  Inkl. Afl\u00f8bspumpe, afsp\u00e6ndings &amp; s\u00e6be pumpe  Denne model er inkl. autol\u00f8ft funktion og RCC2 kondenseringsenhed.  *L\u00e6g til m\u00e6rke, at med RCC2 kondenseringsenhed, er maskinen 358 mm h\u00f8jere. Total h\u00f8jde er 1978 mm.\" \/>\n<meta property=\"og:url\" content=\"https:\/\/hoonved-nordic.dk\/en\/product\/hoonved-tlc150-haette-opvaskemaskine-autom-haetteloeft-og-kondenseringsenhed\/\" \/>\n<meta property=\"og:site_name\" content=\"Hoonved Nordic\" \/>\n<meta property=\"article:modified_time\" content=\"2025-03-19T07:33:10+00:00\" \/>\n<meta name=\"twitter:card\" content=\"summary_large_image\" \/>\n<meta name=\"twitter:label1\" content=\"Estimated reading time\" \/>\n\t<meta name=\"twitter:data1\" content=\"3 minutes\" \/>\n<script type=\"application\/ld+json\" class=\"yoast-schema-graph\">{\"@context\":\"https:\/\/schema.org\",\"@graph\":[{\"@type\":\"WebPage\",\"@id\":\"https:\/\/hoonved-nordic.dk\/product\/hoonved-tlc150-haette-opvaskemaskine-autom-haetteloeft-og-kondenseringsenhed\",\"url\":\"https:\/\/hoonved-nordic.dk\/product\/hoonved-tlc150-haette-opvaskemaskine-autom-haetteloeft-og-kondenseringsenhed\",\"name\":\"Hoonved - TLC150 - H\u00e6tte opvaskemaskine autom. h\u00e6ttel\u00f8ft og kondenseringsenhed - Hoonved Nordic\",\"isPartOf\":{\"@id\":\"https:\/\/hoonved-nordic.dk\/#website\"},\"primaryImageOfPage\":{\"@id\":\"https:\/\/hoonved-nordic.dk\/product\/hoonved-tlc150-haette-opvaskemaskine-autom-haetteloeft-og-kondenseringsenhed#primaryimage\"},\"image\":{\"@id\":\"https:\/\/hoonved-nordic.dk\/product\/hoonved-tlc150-haette-opvaskemaskine-autom-haetteloeft-og-kondenseringsenhed#primaryimage\"},\"thumbnailUrl\":\"https:\/\/hoonved-nordic.dk\/wp-content\/uploads\/2025\/03\/tlc-150-med-kondensering.png\",\"datePublished\":\"2025-03-19T07:32:38+00:00\",\"dateModified\":\"2025-03-19T07:33:10+00:00\",\"breadcrumb\":{\"@id\":\"https:\/\/hoonved-nordic.dk\/product\/hoonved-tlc150-haette-opvaskemaskine-autom-haetteloeft-og-kondenseringsenhed#breadcrumb\"},\"inLanguage\":\"en-GB\",\"potentialAction\":[{\"@type\":\"ReadAction\",\"target\":[\"https:\/\/hoonved-nordic.dk\/product\/hoonved-tlc150-haette-opvaskemaskine-autom-haetteloeft-og-kondenseringsenhed\"]}]},{\"@type\":\"ImageObject\",\"inLanguage\":\"en-GB\",\"@id\":\"https:\/\/hoonved-nordic.dk\/product\/hoonved-tlc150-haette-opvaskemaskine-autom-haetteloeft-og-kondenseringsenhed#primaryimage\",\"url\":\"https:\/\/hoonved-nordic.dk\/wp-content\/uploads\/2025\/03\/tlc-150-med-kondensering.png\",\"contentUrl\":\"https:\/\/hoonved-nordic.dk\/wp-content\/uploads\/2025\/03\/tlc-150-med-kondensering.png\",\"width\":334,\"height\":701},{\"@type\":\"BreadcrumbList\",\"@id\":\"https:\/\/hoonved-nordic.dk\/product\/hoonved-tlc150-haette-opvaskemaskine-autom-haetteloeft-og-kondenseringsenhed#breadcrumb\",\"itemListElement\":[{\"@type\":\"ListItem\",\"position\":1,\"name\":\"Hjem\",\"item\":\"https:\/\/hoonved-nordic.dk\/\"},{\"@type\":\"ListItem\",\"position\":2,\"name\":\"Shop\",\"item\":\"https:\/\/hoonved-nordic.dk\/shop\"},{\"@type\":\"ListItem\",\"position\":3,\"name\":\"Hoonved &#8211; TLC150 &#8211; H\u00e6tte opvaskemaskine autom. h\u00e6ttel\u00f8ft og kondenseringsenhed\"}]},{\"@type\":\"WebSite\",\"@id\":\"https:\/\/hoonved-nordic.dk\/#website\",\"url\":\"https:\/\/hoonved-nordic.dk\/\",\"name\":\"Hoonved Nordic\",\"description\":\"\",\"potentialAction\":[{\"@type\":\"SearchAction\",\"target\":{\"@type\":\"EntryPoint\",\"urlTemplate\":\"https:\/\/hoonved-nordic.dk\/?s={search_term_string}\"},\"query-input\":{\"@type\":\"PropertyValueSpecification\",\"valueRequired\":true,\"valueName\":\"search_term_string\"}}],\"inLanguage\":\"en-GB\"},{\"@type\":\"ImageObject\",\"inLanguage\":\"en-GB\",\"@id\":\"https:\/\/hoonved-nordic.dk\/product\/hoonved-tlc150-haette-opvaskemaskine-autom-haetteloeft-og-kondenseringsenhed#local-main-organization-logo\",\"url\":\"\",\"contentUrl\":\"\",\"caption\":\"Hoonved Nordic\"}]}<\/script>\n<!-- \/ Yoast SEO Premium plugin. -->","yoast_head_json":{"title":"Hoonved - TLC150 - H\u00e6tte opvaskemaskine autom. h\u00e6ttel\u00f8ft og kondenseringsenhed - Hoonved Nordic","robots":{"index":"index","follow":"follow","max-snippet":"max-snippet:-1","max-image-preview":"max-image-preview:large","max-video-preview":"max-video-preview:-1"},"canonical":"https:\/\/hoonved-nordic.dk\/en\/product\/hoonved-tlc150-haette-opvaskemaskine-autom-haetteloeft-og-kondenseringsenhed\/","og_locale":"en_GB","og_type":"article","og_title":"Hoonved - TLC150 - H\u00e6tte opvaskemaskine autom. h\u00e6ttel\u00f8ft og kondenseringsenhed","og_description":"Opdag den avancerede Hoonved - TLC150 - h\u00e6tte opvaskemaskine med automatisk h\u00e6ttel\u00f8ft og integreret kondenseringsenhed, perfekt til effektiv og hygiejnisk opvask i st\u00f8rre k\u00f8kkener. Udstyret med moderne teknologier for at opfylde alle dine opvaskbehov.  Inkl. Afl\u00f8bspumpe, afsp\u00e6ndings &amp; s\u00e6be pumpe  Denne model er inkl. autol\u00f8ft funktion og RCC2 kondenseringsenhed.  *L\u00e6g til m\u00e6rke, at med RCC2 kondenseringsenhed, er maskinen 358 mm h\u00f8jere. Total h\u00f8jde er 1978 mm.","og_url":"https:\/\/hoonved-nordic.dk\/en\/product\/hoonved-tlc150-haette-opvaskemaskine-autom-haetteloeft-og-kondenseringsenhed\/","og_site_name":"Hoonved Nordic","article_modified_time":"2025-03-19T07:33:10+00:00","twitter_card":"summary_large_image","twitter_misc":{"Estimated reading time":"3 minutes"},"schema":{"@context":"https:\/\/schema.org","@graph":[{"@type":"WebPage","@id":"https:\/\/hoonved-nordic.dk\/product\/hoonved-tlc150-haette-opvaskemaskine-autom-haetteloeft-og-kondenseringsenhed","url":"https:\/\/hoonved-nordic.dk\/product\/hoonved-tlc150-haette-opvaskemaskine-autom-haetteloeft-og-kondenseringsenhed","name":"Hoonved - TLC150 - H\u00e6tte opvaskemaskine autom. h\u00e6ttel\u00f8ft og kondenseringsenhed - Hoonved Nordic","isPartOf":{"@id":"https:\/\/hoonved-nordic.dk\/#website"},"primaryImageOfPage":{"@id":"https:\/\/hoonved-nordic.dk\/product\/hoonved-tlc150-haette-opvaskemaskine-autom-haetteloeft-og-kondenseringsenhed#primaryimage"},"image":{"@id":"https:\/\/hoonved-nordic.dk\/product\/hoonved-tlc150-haette-opvaskemaskine-autom-haetteloeft-og-kondenseringsenhed#primaryimage"},"thumbnailUrl":"https:\/\/hoonved-nordic.dk\/wp-content\/uploads\/2025\/03\/tlc-150-med-kondensering.png","datePublished":"2025-03-19T07:32:38+00:00","dateModified":"2025-03-19T07:33:10+00:00","breadcrumb":{"@id":"https:\/\/hoonved-nordic.dk\/product\/hoonved-tlc150-haette-opvaskemaskine-autom-haetteloeft-og-kondenseringsenhed#breadcrumb"},"inLanguage":"en-GB","potentialAction":[{"@type":"ReadAction","target":["https:\/\/hoonved-nordic.dk\/product\/hoonved-tlc150-haette-opvaskemaskine-autom-haetteloeft-og-kondenseringsenhed"]}]},{"@type":"ImageObject","inLanguage":"en-GB","@id":"https:\/\/hoonved-nordic.dk\/product\/hoonved-tlc150-haette-opvaskemaskine-autom-haetteloeft-og-kondenseringsenhed#primaryimage","url":"https:\/\/hoonved-nordic.dk\/wp-content\/uploads\/2025\/03\/tlc-150-med-kondensering.png","contentUrl":"https:\/\/hoonved-nordic.dk\/wp-content\/uploads\/2025\/03\/tlc-150-med-kondensering.png","width":334,"height":701},{"@type":"BreadcrumbList","@id":"https:\/\/hoonved-nordic.dk\/product\/hoonved-tlc150-haette-opvaskemaskine-autom-haetteloeft-og-kondenseringsenhed#breadcrumb","itemListElement":[{"@type":"ListItem","position":1,"name":"Hjem","item":"https:\/\/hoonved-nordic.dk\/"},{"@type":"ListItem","position":2,"name":"Shop","item":"https:\/\/hoonved-nordic.dk\/shop"},{"@type":"ListItem","position":3,"name":"Hoonved &#8211; TLC150 &#8211; H\u00e6tte opvaskemaskine autom. h\u00e6ttel\u00f8ft og kondenseringsenhed"}]},{"@type":"WebSite","@id":"https:\/\/hoonved-nordic.dk\/#website","url":"https:\/\/hoonved-nordic.dk\/","name":"Hoonved Nordic","description":"","potentialAction":[{"@type":"SearchAction","target":{"@type":"EntryPoint","urlTemplate":"https:\/\/hoonved-nordic.dk\/?s={search_term_string}"},"query-input":{"@type":"PropertyValueSpecification","valueRequired":true,"valueName":"search_term_string"}}],"inLanguage":"en-GB"},{"@type":"ImageObject","inLanguage":"en-GB","@id":"https:\/\/hoonved-nordic.dk\/product\/hoonved-tlc150-haette-opvaskemaskine-autom-haetteloeft-og-kondenseringsenhed#local-main-organization-logo","url":"","contentUrl":"","caption":"Hoonved Nordic"}]}},"_links":{"self":[{"href":"https:\/\/hoonved-nordic.dk\/en\/wp-json\/wp\/v2\/product\/1039","targetHints":{"allow":["GET"]}}],"collection":[{"href":"https:\/\/hoonved-nordic.dk\/en\/wp-json\/wp\/v2\/product"}],"about":[{"href":"https:\/\/hoonved-nordic.dk\/en\/wp-json\/wp\/v2\/types\/product"}],"wp:featuredmedia":[{"embeddable":true,"href":"https:\/\/hoonved-nordic.dk\/en\/wp-json\/wp\/v2\/media\/1043"}],"wp:attachment":[{"href":"https:\/\/hoonved-nordic.dk\/en\/wp-json\/wp\/v2\/media?parent=1039"}],"wp:term":[{"taxonomy":"product_brand","embeddable":true,"href":"https:\/\/hoonved-nordic.dk\/en\/wp-json\/wp\/v2\/product_brand?post=1039"},{"taxonomy":"product_cat","embeddable":true,"href":"https:\/\/hoonved-nordic.dk\/en\/wp-json\/wp\/v2\/product_cat?post=1039"},{"taxonomy":"product_tag","embeddable":true,"href":"https:\/\/hoonved-nordic.dk\/en\/wp-json\/wp\/v2\/product_tag?post=1039"}],"curies":[{"name":"wp","href":"https:\/\/api.w.org\/{rel}","templated":true}]}}