{"id":1103,"date":"2025-03-20T07:36:29","date_gmt":"2025-03-20T07:36:29","guid":{"rendered":"https:\/\/hoonved-nordic.dk\/?post_type=product&#038;p=1103"},"modified":"2025-03-20T07:37:15","modified_gmt":"2025-03-20T07:37:15","slug":"hoonved-ce-60-bt-twin-opvaskemaskine","status":"publish","type":"product","link":"https:\/\/hoonved-nordic.dk\/en\/product\/hoonved-ce-60-bt-twin-opvaskemaskine","title":{"rendered":"Hoonved - CE 60 BT TWIN - Dishwasher"},"content":{"rendered":"<h1>CE 60 TWIN: A revolutionary\u00a0<strong>Undercounter dishwasher for glasses and plates<\/strong><\/h1>\n<p>When efficiency in the kitchen is crucial, the CE 60 TWIN delivers as a powerful\u00a0<strong>glass dishwasher<\/strong>offering effortless, high-capacity cleaning for the busy catering industry. With the ability to handle an impressive 1500 glasses per hour, this machine will quickly become an indispensable tool in any\u00a0<strong>bar top washer<\/strong>\u00a0routine.<\/p>\n<h2>Designed for flexibility<\/h2>\n<p>This <strong>dishwasher<\/strong>\u00a0excels with its multifunctionality. Whether you're running a fast-paced\u00a0<strong>fast food<\/strong>\u00a0chain, a relaxed\u00a0<strong>bistro sinks<\/strong>, or a trendy\u00a0<strong>wine bar<\/strong>The CE 60 TWIN adapts effortlessly to your unique needs without the need for special installations. With four different wash cycles and an innovative\u00a0<strong>express dishwasher<\/strong>\u00a0function, you can easily switch between different tasks, from wine glasses to large plates.<\/p>\n<ul>\n<li>Efficiency in every cycle with space for both glasses and plates<\/li>\n<li>Intuitive design that eliminates the need for complex setups<\/li>\n<li>Advanced washing systems that ensure top results every time<\/li>\n<\/ul>\n<h2>Achieve perfect hygiene with advanced technology<\/h2>\n<p>With the CE 60 TWIN, a state-of-the-art\u00a0<strong>dishwasher<\/strong>Cleanliness and hygiene are never up for debate. The machine's self-cleaning features and rounded corners ensure that dirt and bacteria have nowhere to hide. The quick-release wash arms and easily removable nozzles make daily maintenance a breeze, ensuring your glasses and plates are not only clean, but sanitary.<\/p>\n<h3>Advanced electronics for personal customisation<\/h3>\n<p>A true powerhouse in the field of\u00a0<strong>dishwashing worlds<\/strong>The CE 60 TWIN's electronic control system allows personalised adjustment of wash and rinse temperatures so you always get the best results. With an intuitive digital display and multi-function start button, you can easily customise and monitor each wash for an effortless user experience.<\/p>\n<p>If you want a\u00a0<strong>Undercounter dishwasher for glasses and plates<\/strong>\u00a0that sets the standard, the CE 60 TWIN is the obvious choice. Contact us to experience how this dishwasher can transform your business' kitchen operations.<\/p>\n<p><strong>Also available in Marine model, contact us for more information.<\/strong><\/p>\n<table>\n<tbody>\n<tr>\n<td>Model<\/td>\n<td>CE 60 TWIN<\/td>\n<\/tr>\n<tr>\n<td>Cycle length<\/td>\n<td>120-180-240-480 sec<\/td>\n<\/tr>\n<tr>\n<td>Clearance<\/td>\n<td>360 mm<\/td>\n<\/tr>\n<tr>\n<td>Rack<\/td>\n<td>500\u00d7500 m<\/td>\n<\/tr>\n<tr>\n<td>Construction<\/td>\n<td>Single<\/td>\n<\/tr>\n<tr>\n<td>Machine interior<\/td>\n<td>Self-cleaning<\/td>\n<\/tr>\n<tr>\n<td>Washing pump<\/td>\n<td>450 W<\/td>\n<\/tr>\n<tr>\n<td>Rinse aid pump<\/td>\n<td>Standard<\/td>\n<\/tr>\n<tr>\n<td>Detergent dosages<\/td>\n<td>Standard<\/td>\n<\/tr>\n<tr>\n<td>Break Tank System<\/td>\n<td>Standard<\/td>\n<\/tr>\n<tr>\n<td>Electrical connection<\/td>\n<td>Multipower - 400 V 3N 50<\/td>\n<\/tr>\n<tr>\n<td>Total power<\/td>\n<td>7450 W<\/td>\n<\/tr>\n<tr>\n<td>Boiler heater<\/td>\n<td>7000 W<\/td>\n<\/tr>\n<tr>\n<td>Tank heater<\/td>\n<td>200 W<\/td>\n<\/tr>\n<tr>\n<td>Tank capacity<\/td>\n<td>21 l<\/td>\n<\/tr>\n<tr>\n<td>Boiler capacity<\/td>\n<td>7,5 l<\/td>\n<\/tr>\n<tr>\n<td>Water supply<\/td>\n<td>2\u00f74 bar \u00f8 3\/4\" G<\/td>\n<\/tr>\n<tr>\n<td>Water consumption per cycle<\/td>\n<td>3,5 \/ 6 l<\/td>\n<\/tr>\n<tr>\n<td>Drain hose connection<\/td>\n<td>\u00f8 31 mm<\/td>\n<\/tr>\n<tr>\n<td width=\"544\">Acoustic pressure level<br \/>\nSound pressure level \/ Nivel presi\u00f3n ac\u00fastica<\/td>\n<td>63db (A)<\/td>\n<\/tr>\n<\/tbody>\n<\/table>","protected":false},"excerpt":{"rendered":"<p>The CE 60 TWIN is a versatile undercounter glass and dishwasher, perfect for restaurants, bistros, and bars, including maritime environments.<\/p>\n<p>Up to 1,500 glasses per hour<\/p>\n<p>Up to 560 plates per hour<\/p>\n<p>Up to 520 glass bottles and carafes per hour<\/p>\n<p>4 wash cycles<\/p>\n<p>Incl. drain pump, rinse &amp; soap pump<\/p>","protected":false},"featured_media":1104,"template":"","meta":{"_acf_changed":false,"inline_featured_image":false},"product_brand":[42],"product_cat":[34],"product_tag":[],"class_list":{"0":"post-1103","1":"product","2":"type-product","3":"status-publish","4":"has-post-thumbnail","6":"product_brand-hoonved","7":"product_cat-ce","9":"first","10":"instock","11":"taxable","12":"shipping-taxable","13":"purchasable","14":"product-type-simple"},"acf":[],"yoast_head":"<!-- This site is optimized with the Yoast SEO Premium plugin v22.7 (Yoast SEO v23.9) - https:\/\/yoast.com\/wordpress\/plugins\/seo\/ -->\n<title>Hoonved \u2013 CE 60 BT TWIN \u2013 Opvaskemaskine - Hoonved Nordic<\/title>\n<meta name=\"robots\" content=\"index, follow, max-snippet:-1, max-image-preview:large, max-video-preview:-1\" \/>\n<link rel=\"canonical\" href=\"https:\/\/hoonved-nordic.dk\/en\/product\/hoonved-ce-60-bt-twin-opvaskemaskine\/\" \/>\n<meta property=\"og:locale\" content=\"en_GB\" \/>\n<meta property=\"og:type\" content=\"article\" \/>\n<meta property=\"og:title\" content=\"Hoonved \u2013 CE 60 BT TWIN \u2013 Opvaskemaskine\" \/>\n<meta property=\"og:description\" content=\"CE 60 TWIN er en alsidig underbordsopvasker til glas og tallerkener, perfekt til restauranter, bistroer, og barer, inklusiv maritime milj\u00f8er.  Op til 1.500 glas i timen  Op til 560 tallerkener i timen  Op til 520 glasflasker og karaffler i timen  4 vaskecyklusser  Inkl. Afl\u00f8bspumpe, afsp\u00e6ndings &amp; s\u00e6be pumpe\" \/>\n<meta property=\"og:url\" content=\"https:\/\/hoonved-nordic.dk\/en\/product\/hoonved-ce-60-bt-twin-opvaskemaskine\/\" \/>\n<meta property=\"og:site_name\" content=\"Hoonved Nordic\" \/>\n<meta property=\"article:modified_time\" content=\"2025-03-20T07:37:15+00:00\" \/>\n<meta property=\"og:image\" content=\"https:\/\/hoonved-nordic.dk\/wp-content\/uploads\/2025\/03\/ce60_twin-hoonved-elding-nordic-1300x1300-1.webp\" \/>\n\t<meta property=\"og:image:width\" content=\"1300\" \/>\n\t<meta property=\"og:image:height\" content=\"1300\" \/>\n\t<meta property=\"og:image:type\" content=\"image\/webp\" \/>\n<meta name=\"twitter:card\" content=\"summary_large_image\" \/>\n<meta name=\"twitter:label1\" content=\"Estimated reading time\" \/>\n\t<meta name=\"twitter:data1\" content=\"2 minutes\" \/>\n<script type=\"application\/ld+json\" class=\"yoast-schema-graph\">{\"@context\":\"https:\/\/schema.org\",\"@graph\":[{\"@type\":\"WebPage\",\"@id\":\"https:\/\/hoonved-nordic.dk\/product\/hoonved-ce-60-bt-twin-opvaskemaskine\",\"url\":\"https:\/\/hoonved-nordic.dk\/product\/hoonved-ce-60-bt-twin-opvaskemaskine\",\"name\":\"Hoonved \u2013 CE 60 BT TWIN \u2013 Opvaskemaskine - Hoonved Nordic\",\"isPartOf\":{\"@id\":\"https:\/\/hoonved-nordic.dk\/#website\"},\"primaryImageOfPage\":{\"@id\":\"https:\/\/hoonved-nordic.dk\/product\/hoonved-ce-60-bt-twin-opvaskemaskine#primaryimage\"},\"image\":{\"@id\":\"https:\/\/hoonved-nordic.dk\/product\/hoonved-ce-60-bt-twin-opvaskemaskine#primaryimage\"},\"thumbnailUrl\":\"https:\/\/hoonved-nordic.dk\/wp-content\/uploads\/2025\/03\/ce60_twin-hoonved-elding-nordic-1300x1300-1.webp\",\"datePublished\":\"2025-03-20T07:36:29+00:00\",\"dateModified\":\"2025-03-20T07:37:15+00:00\",\"breadcrumb\":{\"@id\":\"https:\/\/hoonved-nordic.dk\/product\/hoonved-ce-60-bt-twin-opvaskemaskine#breadcrumb\"},\"inLanguage\":\"en-GB\",\"potentialAction\":[{\"@type\":\"ReadAction\",\"target\":[\"https:\/\/hoonved-nordic.dk\/product\/hoonved-ce-60-bt-twin-opvaskemaskine\"]}]},{\"@type\":\"ImageObject\",\"inLanguage\":\"en-GB\",\"@id\":\"https:\/\/hoonved-nordic.dk\/product\/hoonved-ce-60-bt-twin-opvaskemaskine#primaryimage\",\"url\":\"https:\/\/hoonved-nordic.dk\/wp-content\/uploads\/2025\/03\/ce60_twin-hoonved-elding-nordic-1300x1300-1.webp\",\"contentUrl\":\"https:\/\/hoonved-nordic.dk\/wp-content\/uploads\/2025\/03\/ce60_twin-hoonved-elding-nordic-1300x1300-1.webp\",\"width\":1300,\"height\":1300},{\"@type\":\"BreadcrumbList\",\"@id\":\"https:\/\/hoonved-nordic.dk\/product\/hoonved-ce-60-bt-twin-opvaskemaskine#breadcrumb\",\"itemListElement\":[{\"@type\":\"ListItem\",\"position\":1,\"name\":\"Hjem\",\"item\":\"https:\/\/hoonved-nordic.dk\/\"},{\"@type\":\"ListItem\",\"position\":2,\"name\":\"Shop\",\"item\":\"https:\/\/hoonved-nordic.dk\/shop\"},{\"@type\":\"ListItem\",\"position\":3,\"name\":\"Hoonved \u2013 CE 60 BT TWIN \u2013 Opvaskemaskine\"}]},{\"@type\":\"WebSite\",\"@id\":\"https:\/\/hoonved-nordic.dk\/#website\",\"url\":\"https:\/\/hoonved-nordic.dk\/\",\"name\":\"Hoonved Nordic\",\"description\":\"\",\"potentialAction\":[{\"@type\":\"SearchAction\",\"target\":{\"@type\":\"EntryPoint\",\"urlTemplate\":\"https:\/\/hoonved-nordic.dk\/?s={search_term_string}\"},\"query-input\":{\"@type\":\"PropertyValueSpecification\",\"valueRequired\":true,\"valueName\":\"search_term_string\"}}],\"inLanguage\":\"en-GB\"},{\"@type\":\"ImageObject\",\"inLanguage\":\"en-GB\",\"@id\":\"https:\/\/hoonved-nordic.dk\/product\/hoonved-ce-60-bt-twin-opvaskemaskine#local-main-organization-logo\",\"url\":\"\",\"contentUrl\":\"\",\"caption\":\"Hoonved Nordic\"}]}<\/script>\n<!-- \/ Yoast SEO Premium plugin. -->","yoast_head_json":{"title":"Hoonved \u2013 CE 60 BT TWIN \u2013 Opvaskemaskine - Hoonved Nordic","robots":{"index":"index","follow":"follow","max-snippet":"max-snippet:-1","max-image-preview":"max-image-preview:large","max-video-preview":"max-video-preview:-1"},"canonical":"https:\/\/hoonved-nordic.dk\/en\/product\/hoonved-ce-60-bt-twin-opvaskemaskine\/","og_locale":"en_GB","og_type":"article","og_title":"Hoonved \u2013 CE 60 BT TWIN \u2013 Opvaskemaskine","og_description":"CE 60 TWIN er en alsidig underbordsopvasker til glas og tallerkener, perfekt til restauranter, bistroer, og barer, inklusiv maritime milj\u00f8er.  Op til 1.500 glas i timen  Op til 560 tallerkener i timen  Op til 520 glasflasker og karaffler i timen  4 vaskecyklusser  Inkl. Afl\u00f8bspumpe, afsp\u00e6ndings &amp; s\u00e6be pumpe","og_url":"https:\/\/hoonved-nordic.dk\/en\/product\/hoonved-ce-60-bt-twin-opvaskemaskine\/","og_site_name":"Hoonved Nordic","article_modified_time":"2025-03-20T07:37:15+00:00","og_image":[{"width":1300,"height":1300,"url":"https:\/\/hoonved-nordic.dk\/wp-content\/uploads\/2025\/03\/ce60_twin-hoonved-elding-nordic-1300x1300-1.webp","type":"image\/webp"}],"twitter_card":"summary_large_image","twitter_misc":{"Estimated reading time":"2 minutes"},"schema":{"@context":"https:\/\/schema.org","@graph":[{"@type":"WebPage","@id":"https:\/\/hoonved-nordic.dk\/product\/hoonved-ce-60-bt-twin-opvaskemaskine","url":"https:\/\/hoonved-nordic.dk\/product\/hoonved-ce-60-bt-twin-opvaskemaskine","name":"Hoonved \u2013 CE 60 BT TWIN \u2013 Opvaskemaskine - Hoonved Nordic","isPartOf":{"@id":"https:\/\/hoonved-nordic.dk\/#website"},"primaryImageOfPage":{"@id":"https:\/\/hoonved-nordic.dk\/product\/hoonved-ce-60-bt-twin-opvaskemaskine#primaryimage"},"image":{"@id":"https:\/\/hoonved-nordic.dk\/product\/hoonved-ce-60-bt-twin-opvaskemaskine#primaryimage"},"thumbnailUrl":"https:\/\/hoonved-nordic.dk\/wp-content\/uploads\/2025\/03\/ce60_twin-hoonved-elding-nordic-1300x1300-1.webp","datePublished":"2025-03-20T07:36:29+00:00","dateModified":"2025-03-20T07:37:15+00:00","breadcrumb":{"@id":"https:\/\/hoonved-nordic.dk\/product\/hoonved-ce-60-bt-twin-opvaskemaskine#breadcrumb"},"inLanguage":"en-GB","potentialAction":[{"@type":"ReadAction","target":["https:\/\/hoonved-nordic.dk\/product\/hoonved-ce-60-bt-twin-opvaskemaskine"]}]},{"@type":"ImageObject","inLanguage":"en-GB","@id":"https:\/\/hoonved-nordic.dk\/product\/hoonved-ce-60-bt-twin-opvaskemaskine#primaryimage","url":"https:\/\/hoonved-nordic.dk\/wp-content\/uploads\/2025\/03\/ce60_twin-hoonved-elding-nordic-1300x1300-1.webp","contentUrl":"https:\/\/hoonved-nordic.dk\/wp-content\/uploads\/2025\/03\/ce60_twin-hoonved-elding-nordic-1300x1300-1.webp","width":1300,"height":1300},{"@type":"BreadcrumbList","@id":"https:\/\/hoonved-nordic.dk\/product\/hoonved-ce-60-bt-twin-opvaskemaskine#breadcrumb","itemListElement":[{"@type":"ListItem","position":1,"name":"Hjem","item":"https:\/\/hoonved-nordic.dk\/"},{"@type":"ListItem","position":2,"name":"Shop","item":"https:\/\/hoonved-nordic.dk\/shop"},{"@type":"ListItem","position":3,"name":"Hoonved \u2013 CE 60 BT TWIN \u2013 Opvaskemaskine"}]},{"@type":"WebSite","@id":"https:\/\/hoonved-nordic.dk\/#website","url":"https:\/\/hoonved-nordic.dk\/","name":"Hoonved Nordic","description":"","potentialAction":[{"@type":"SearchAction","target":{"@type":"EntryPoint","urlTemplate":"https:\/\/hoonved-nordic.dk\/?s={search_term_string}"},"query-input":{"@type":"PropertyValueSpecification","valueRequired":true,"valueName":"search_term_string"}}],"inLanguage":"en-GB"},{"@type":"ImageObject","inLanguage":"en-GB","@id":"https:\/\/hoonved-nordic.dk\/product\/hoonved-ce-60-bt-twin-opvaskemaskine#local-main-organization-logo","url":"","contentUrl":"","caption":"Hoonved Nordic"}]}},"_links":{"self":[{"href":"https:\/\/hoonved-nordic.dk\/en\/wp-json\/wp\/v2\/product\/1103","targetHints":{"allow":["GET"]}}],"collection":[{"href":"https:\/\/hoonved-nordic.dk\/en\/wp-json\/wp\/v2\/product"}],"about":[{"href":"https:\/\/hoonved-nordic.dk\/en\/wp-json\/wp\/v2\/types\/product"}],"wp:featuredmedia":[{"embeddable":true,"href":"https:\/\/hoonved-nordic.dk\/en\/wp-json\/wp\/v2\/media\/1104"}],"wp:attachment":[{"href":"https:\/\/hoonved-nordic.dk\/en\/wp-json\/wp\/v2\/media?parent=1103"}],"wp:term":[{"taxonomy":"product_brand","embeddable":true,"href":"https:\/\/hoonved-nordic.dk\/en\/wp-json\/wp\/v2\/product_brand?post=1103"},{"taxonomy":"product_cat","embeddable":true,"href":"https:\/\/hoonved-nordic.dk\/en\/wp-json\/wp\/v2\/product_cat?post=1103"},{"taxonomy":"product_tag","embeddable":true,"href":"https:\/\/hoonved-nordic.dk\/en\/wp-json\/wp\/v2\/product_tag?post=1103"}],"curies":[{"name":"wp","href":"https:\/\/api.w.org\/{rel}","templated":true}]}}