{"id":1119,"date":"2025-03-20T13:27:51","date_gmt":"2025-03-20T13:27:51","guid":{"rendered":"https:\/\/hoonved-nordic.dk\/product\/alkalisk-prebehandlingsmiddel-til-omvendt-osmose"},"modified":"2025-03-20T15:44:59","modified_gmt":"2025-03-20T15:44:59","slug":"alkalisk-prebehandlingsmiddel-til-omvendt-osmose","status":"publish","type":"product","link":"https:\/\/hoonved-nordic.dk\/en\/product\/alkalisk-prebehandlingsmiddel-til-omvendt-osmose","title":{"rendered":"Alkaline Pretreatment Agent for Reverse Osmosis"},"content":{"rendered":"<ul>\n<li>Alkaline pretreatment agent for reverse osmosis.<\/li>\n<li>Highly alkaline, active chlorine-based cleaner.<\/li>\n<li>Recommended before washing with osmosis.<\/li>\n<li>Not suitable for aluminium, silver, copper, brass and other alloys.<\/li>\n<li>Suitable for devices connected to RO systems.<\/li>\n<li>Weight: 13kg.<\/li>\n<\/ul>","protected":false},"excerpt":{"rendered":"<p>Alkaline pre-treatment agent for reverse osmosis. Highly alkaline, active chlorine-based cleaner, recommended before washing with osmosis. Not suitable for aluminium, silver, copper, brass and other alloys. Suitable for devices connected to RO systems. Weight: 13.<\/p>","protected":false},"featured_media":0,"template":"","meta":{"_acf_changed":false,"inline_featured_image":false},"product_brand":[],"product_cat":[67],"product_tag":[],"class_list":{"0":"post-1119","1":"product","2":"type-product","3":"status-publish","5":"product_cat-kemikalier-og-opvaskemiddler","7":"first","8":"instock","9":"taxable","10":"shipping-taxable","11":"purchasable","12":"product-type-simple"},"acf":[],"yoast_head":"<!-- This site is optimized with the Yoast SEO Premium plugin v22.7 (Yoast SEO v23.9) - https:\/\/yoast.com\/wordpress\/plugins\/seo\/ -->\n<title>Alkalisk Prebehandlingsmiddel til Omvendt Osmose - Hoonved Nordic<\/title>\n<meta name=\"robots\" content=\"index, follow, max-snippet:-1, max-image-preview:large, max-video-preview:-1\" \/>\n<link rel=\"canonical\" href=\"https:\/\/hoonved-nordic.dk\/en\/product\/alkalisk-prebehandlingsmiddel-til-omvendt-osmose\/\" \/>\n<meta property=\"og:locale\" content=\"en_GB\" \/>\n<meta property=\"og:type\" content=\"article\" \/>\n<meta property=\"og:title\" content=\"Alkalisk Prebehandlingsmiddel til Omvendt Osmose\" \/>\n<meta property=\"og:description\" content=\"Alkalisk pr\u00e6behandlingsmiddel til omvendt osmose. H\u00f8jt alkalisk, aktivt klorbaseret reng\u00f8ringsmiddel, anbefalet f\u00f8r vask med osmose. Ikke egnet til aluminium, s\u00f8lv, kobber, messing og andre legeringer. Velegnet til enheder tilsluttet RO-systemer. V\u00e6gt: 13.\" \/>\n<meta property=\"og:url\" content=\"https:\/\/hoonved-nordic.dk\/en\/product\/alkalisk-prebehandlingsmiddel-til-omvendt-osmose\/\" \/>\n<meta property=\"og:site_name\" content=\"Hoonved Nordic\" \/>\n<meta property=\"article:modified_time\" content=\"2025-03-20T15:44:59+00:00\" \/>\n<meta name=\"twitter:card\" content=\"summary_large_image\" \/>\n<script type=\"application\/ld+json\" class=\"yoast-schema-graph\">{\"@context\":\"https:\/\/schema.org\",\"@graph\":[{\"@type\":\"WebPage\",\"@id\":\"https:\/\/hoonved-nordic.dk\/product\/alkalisk-prebehandlingsmiddel-til-omvendt-osmose\",\"url\":\"https:\/\/hoonved-nordic.dk\/product\/alkalisk-prebehandlingsmiddel-til-omvendt-osmose\",\"name\":\"Alkalisk Prebehandlingsmiddel til Omvendt Osmose - Hoonved Nordic\",\"isPartOf\":{\"@id\":\"https:\/\/hoonved-nordic.dk\/#website\"},\"datePublished\":\"2025-03-20T13:27:51+00:00\",\"dateModified\":\"2025-03-20T15:44:59+00:00\",\"breadcrumb\":{\"@id\":\"https:\/\/hoonved-nordic.dk\/product\/alkalisk-prebehandlingsmiddel-til-omvendt-osmose#breadcrumb\"},\"inLanguage\":\"en-GB\",\"potentialAction\":[{\"@type\":\"ReadAction\",\"target\":[\"https:\/\/hoonved-nordic.dk\/product\/alkalisk-prebehandlingsmiddel-til-omvendt-osmose\"]}]},{\"@type\":\"BreadcrumbList\",\"@id\":\"https:\/\/hoonved-nordic.dk\/product\/alkalisk-prebehandlingsmiddel-til-omvendt-osmose#breadcrumb\",\"itemListElement\":[{\"@type\":\"ListItem\",\"position\":1,\"name\":\"Hjem\",\"item\":\"https:\/\/hoonved-nordic.dk\/\"},{\"@type\":\"ListItem\",\"position\":2,\"name\":\"Shop\",\"item\":\"https:\/\/hoonved-nordic.dk\/shop\"},{\"@type\":\"ListItem\",\"position\":3,\"name\":\"Alkalisk Prebehandlingsmiddel til Omvendt Osmose\"}]},{\"@type\":\"WebSite\",\"@id\":\"https:\/\/hoonved-nordic.dk\/#website\",\"url\":\"https:\/\/hoonved-nordic.dk\/\",\"name\":\"Hoonved Nordic\",\"description\":\"\",\"potentialAction\":[{\"@type\":\"SearchAction\",\"target\":{\"@type\":\"EntryPoint\",\"urlTemplate\":\"https:\/\/hoonved-nordic.dk\/?s={search_term_string}\"},\"query-input\":{\"@type\":\"PropertyValueSpecification\",\"valueRequired\":true,\"valueName\":\"search_term_string\"}}],\"inLanguage\":\"en-GB\"},{\"@type\":\"ImageObject\",\"inLanguage\":\"en-GB\",\"@id\":\"https:\/\/hoonved-nordic.dk\/product\/alkalisk-prebehandlingsmiddel-til-omvendt-osmose#local-main-organization-logo\",\"url\":\"\",\"contentUrl\":\"\",\"caption\":\"Hoonved Nordic\"}]}<\/script>\n<!-- \/ Yoast SEO Premium plugin. -->","yoast_head_json":{"title":"Alkalisk Prebehandlingsmiddel til Omvendt Osmose - Hoonved Nordic","robots":{"index":"index","follow":"follow","max-snippet":"max-snippet:-1","max-image-preview":"max-image-preview:large","max-video-preview":"max-video-preview:-1"},"canonical":"https:\/\/hoonved-nordic.dk\/en\/product\/alkalisk-prebehandlingsmiddel-til-omvendt-osmose\/","og_locale":"en_GB","og_type":"article","og_title":"Alkalisk Prebehandlingsmiddel til Omvendt Osmose","og_description":"Alkalisk pr\u00e6behandlingsmiddel til omvendt osmose. H\u00f8jt alkalisk, aktivt klorbaseret reng\u00f8ringsmiddel, anbefalet f\u00f8r vask med osmose. Ikke egnet til aluminium, s\u00f8lv, kobber, messing og andre legeringer. Velegnet til enheder tilsluttet RO-systemer. V\u00e6gt: 13.","og_url":"https:\/\/hoonved-nordic.dk\/en\/product\/alkalisk-prebehandlingsmiddel-til-omvendt-osmose\/","og_site_name":"Hoonved Nordic","article_modified_time":"2025-03-20T15:44:59+00:00","twitter_card":"summary_large_image","schema":{"@context":"https:\/\/schema.org","@graph":[{"@type":"WebPage","@id":"https:\/\/hoonved-nordic.dk\/product\/alkalisk-prebehandlingsmiddel-til-omvendt-osmose","url":"https:\/\/hoonved-nordic.dk\/product\/alkalisk-prebehandlingsmiddel-til-omvendt-osmose","name":"Alkalisk Prebehandlingsmiddel til Omvendt Osmose - Hoonved Nordic","isPartOf":{"@id":"https:\/\/hoonved-nordic.dk\/#website"},"datePublished":"2025-03-20T13:27:51+00:00","dateModified":"2025-03-20T15:44:59+00:00","breadcrumb":{"@id":"https:\/\/hoonved-nordic.dk\/product\/alkalisk-prebehandlingsmiddel-til-omvendt-osmose#breadcrumb"},"inLanguage":"en-GB","potentialAction":[{"@type":"ReadAction","target":["https:\/\/hoonved-nordic.dk\/product\/alkalisk-prebehandlingsmiddel-til-omvendt-osmose"]}]},{"@type":"BreadcrumbList","@id":"https:\/\/hoonved-nordic.dk\/product\/alkalisk-prebehandlingsmiddel-til-omvendt-osmose#breadcrumb","itemListElement":[{"@type":"ListItem","position":1,"name":"Hjem","item":"https:\/\/hoonved-nordic.dk\/"},{"@type":"ListItem","position":2,"name":"Shop","item":"https:\/\/hoonved-nordic.dk\/shop"},{"@type":"ListItem","position":3,"name":"Alkalisk Prebehandlingsmiddel til Omvendt Osmose"}]},{"@type":"WebSite","@id":"https:\/\/hoonved-nordic.dk\/#website","url":"https:\/\/hoonved-nordic.dk\/","name":"Hoonved Nordic","description":"","potentialAction":[{"@type":"SearchAction","target":{"@type":"EntryPoint","urlTemplate":"https:\/\/hoonved-nordic.dk\/?s={search_term_string}"},"query-input":{"@type":"PropertyValueSpecification","valueRequired":true,"valueName":"search_term_string"}}],"inLanguage":"en-GB"},{"@type":"ImageObject","inLanguage":"en-GB","@id":"https:\/\/hoonved-nordic.dk\/product\/alkalisk-prebehandlingsmiddel-til-omvendt-osmose#local-main-organization-logo","url":"","contentUrl":"","caption":"Hoonved Nordic"}]}},"_links":{"self":[{"href":"https:\/\/hoonved-nordic.dk\/en\/wp-json\/wp\/v2\/product\/1119","targetHints":{"allow":["GET"]}}],"collection":[{"href":"https:\/\/hoonved-nordic.dk\/en\/wp-json\/wp\/v2\/product"}],"about":[{"href":"https:\/\/hoonved-nordic.dk\/en\/wp-json\/wp\/v2\/types\/product"}],"wp:attachment":[{"href":"https:\/\/hoonved-nordic.dk\/en\/wp-json\/wp\/v2\/media?parent=1119"}],"wp:term":[{"taxonomy":"product_brand","embeddable":true,"href":"https:\/\/hoonved-nordic.dk\/en\/wp-json\/wp\/v2\/product_brand?post=1119"},{"taxonomy":"product_cat","embeddable":true,"href":"https:\/\/hoonved-nordic.dk\/en\/wp-json\/wp\/v2\/product_cat?post=1119"},{"taxonomy":"product_tag","embeddable":true,"href":"https:\/\/hoonved-nordic.dk\/en\/wp-json\/wp\/v2\/product_tag?post=1119"}],"curies":[{"name":"wp","href":"https:\/\/api.w.org\/{rel}","templated":true}]}}