{"id":1122,"date":"2025-03-20T13:27:55","date_gmt":"2025-03-20T13:27:55","guid":{"rendered":"https:\/\/hoonved-nordic.dk\/product\/alkalisk-opvaskemiddel-til-industrielt-brug"},"modified":"2025-03-20T15:44:59","modified_gmt":"2025-03-20T15:44:59","slug":"alkalisk-opvaskemiddel-til-industrielt-brug","status":"publish","type":"product","link":"https:\/\/hoonved-nordic.dk\/en\/product\/alkalisk-opvaskemiddel-til-industrielt-brug","title":{"rendered":"Alkaline detergent for industrial use"},"content":{"rendered":"<ul>\n<li>Alkaline detergent for industrial use<\/li>\n<li>Efficient cleaning in dishwashers<\/li>\n<li>Suitable for high quality washing<\/li>\n<li>Not suitable for aluminium, silver, copper, brass and other alloys<\/li>\n<li>Supplied in liquid form<\/li>\n<li>Weight: 13kg<\/li>\n<\/ul>","protected":false},"excerpt":{"rendered":"<p>Alkaline dishwasher detergent for industrial use, designed for effective cleaning in dishwashers. Suitable for high quality washing, but not for aluminium, silver, copper, brass and other alloys. Supplied in liquid form.<\/p>","protected":false},"featured_media":0,"template":"","meta":{"_acf_changed":false,"inline_featured_image":false},"product_brand":[],"product_cat":[67],"product_tag":[],"class_list":{"0":"post-1122","1":"product","2":"type-product","3":"status-publish","5":"product_cat-kemikalier-og-opvaskemiddler","7":"first","8":"instock","9":"taxable","10":"shipping-taxable","11":"purchasable","12":"product-type-simple"},"acf":[],"yoast_head":"<!-- This site is optimized with the Yoast SEO Premium plugin v22.7 (Yoast SEO v23.9) - https:\/\/yoast.com\/wordpress\/plugins\/seo\/ -->\n<title>Alkalisk opvaskemiddel til industrielt brug - Hoonved Nordic<\/title>\n<meta name=\"robots\" content=\"index, follow, max-snippet:-1, max-image-preview:large, max-video-preview:-1\" \/>\n<link rel=\"canonical\" href=\"https:\/\/hoonved-nordic.dk\/en\/product\/alkalisk-opvaskemiddel-til-industrielt-brug\/\" \/>\n<meta property=\"og:locale\" content=\"en_GB\" \/>\n<meta property=\"og:type\" content=\"article\" \/>\n<meta property=\"og:title\" content=\"Alkalisk opvaskemiddel til industrielt brug\" \/>\n<meta property=\"og:description\" content=\"Alkalisk opvaskemiddel til industrielt brug, designet til effektiv reng\u00f8ring i opvaskemaskiner. Velegnet til h\u00f8j kvalitet vask, men ikke til aluminium, s\u00f8lv, kobber, messing og andre legeringer. Leveres i flydende form.\" \/>\n<meta property=\"og:url\" content=\"https:\/\/hoonved-nordic.dk\/en\/product\/alkalisk-opvaskemiddel-til-industrielt-brug\/\" \/>\n<meta property=\"og:site_name\" content=\"Hoonved Nordic\" \/>\n<meta property=\"article:modified_time\" content=\"2025-03-20T15:44:59+00:00\" \/>\n<meta name=\"twitter:card\" content=\"summary_large_image\" \/>\n<script type=\"application\/ld+json\" class=\"yoast-schema-graph\">{\"@context\":\"https:\/\/schema.org\",\"@graph\":[{\"@type\":\"WebPage\",\"@id\":\"https:\/\/hoonved-nordic.dk\/product\/alkalisk-opvaskemiddel-til-industrielt-brug\",\"url\":\"https:\/\/hoonved-nordic.dk\/product\/alkalisk-opvaskemiddel-til-industrielt-brug\",\"name\":\"Alkalisk opvaskemiddel til industrielt brug - Hoonved Nordic\",\"isPartOf\":{\"@id\":\"https:\/\/hoonved-nordic.dk\/#website\"},\"datePublished\":\"2025-03-20T13:27:55+00:00\",\"dateModified\":\"2025-03-20T15:44:59+00:00\",\"breadcrumb\":{\"@id\":\"https:\/\/hoonved-nordic.dk\/product\/alkalisk-opvaskemiddel-til-industrielt-brug#breadcrumb\"},\"inLanguage\":\"en-GB\",\"potentialAction\":[{\"@type\":\"ReadAction\",\"target\":[\"https:\/\/hoonved-nordic.dk\/product\/alkalisk-opvaskemiddel-til-industrielt-brug\"]}]},{\"@type\":\"BreadcrumbList\",\"@id\":\"https:\/\/hoonved-nordic.dk\/product\/alkalisk-opvaskemiddel-til-industrielt-brug#breadcrumb\",\"itemListElement\":[{\"@type\":\"ListItem\",\"position\":1,\"name\":\"Hjem\",\"item\":\"https:\/\/hoonved-nordic.dk\/\"},{\"@type\":\"ListItem\",\"position\":2,\"name\":\"Shop\",\"item\":\"https:\/\/hoonved-nordic.dk\/shop\"},{\"@type\":\"ListItem\",\"position\":3,\"name\":\"Alkalisk opvaskemiddel til industrielt brug\"}]},{\"@type\":\"WebSite\",\"@id\":\"https:\/\/hoonved-nordic.dk\/#website\",\"url\":\"https:\/\/hoonved-nordic.dk\/\",\"name\":\"Hoonved Nordic\",\"description\":\"\",\"potentialAction\":[{\"@type\":\"SearchAction\",\"target\":{\"@type\":\"EntryPoint\",\"urlTemplate\":\"https:\/\/hoonved-nordic.dk\/?s={search_term_string}\"},\"query-input\":{\"@type\":\"PropertyValueSpecification\",\"valueRequired\":true,\"valueName\":\"search_term_string\"}}],\"inLanguage\":\"en-GB\"},{\"@type\":\"ImageObject\",\"inLanguage\":\"en-GB\",\"@id\":\"https:\/\/hoonved-nordic.dk\/product\/alkalisk-opvaskemiddel-til-industrielt-brug#local-main-organization-logo\",\"url\":\"\",\"contentUrl\":\"\",\"caption\":\"Hoonved Nordic\"}]}<\/script>\n<!-- \/ Yoast SEO Premium plugin. -->","yoast_head_json":{"title":"Alkalisk opvaskemiddel til industrielt brug - Hoonved Nordic","robots":{"index":"index","follow":"follow","max-snippet":"max-snippet:-1","max-image-preview":"max-image-preview:large","max-video-preview":"max-video-preview:-1"},"canonical":"https:\/\/hoonved-nordic.dk\/en\/product\/alkalisk-opvaskemiddel-til-industrielt-brug\/","og_locale":"en_GB","og_type":"article","og_title":"Alkalisk opvaskemiddel til industrielt brug","og_description":"Alkalisk opvaskemiddel til industrielt brug, designet til effektiv reng\u00f8ring i opvaskemaskiner. Velegnet til h\u00f8j kvalitet vask, men ikke til aluminium, s\u00f8lv, kobber, messing og andre legeringer. Leveres i flydende form.","og_url":"https:\/\/hoonved-nordic.dk\/en\/product\/alkalisk-opvaskemiddel-til-industrielt-brug\/","og_site_name":"Hoonved Nordic","article_modified_time":"2025-03-20T15:44:59+00:00","twitter_card":"summary_large_image","schema":{"@context":"https:\/\/schema.org","@graph":[{"@type":"WebPage","@id":"https:\/\/hoonved-nordic.dk\/product\/alkalisk-opvaskemiddel-til-industrielt-brug","url":"https:\/\/hoonved-nordic.dk\/product\/alkalisk-opvaskemiddel-til-industrielt-brug","name":"Alkalisk opvaskemiddel til industrielt brug - Hoonved Nordic","isPartOf":{"@id":"https:\/\/hoonved-nordic.dk\/#website"},"datePublished":"2025-03-20T13:27:55+00:00","dateModified":"2025-03-20T15:44:59+00:00","breadcrumb":{"@id":"https:\/\/hoonved-nordic.dk\/product\/alkalisk-opvaskemiddel-til-industrielt-brug#breadcrumb"},"inLanguage":"en-GB","potentialAction":[{"@type":"ReadAction","target":["https:\/\/hoonved-nordic.dk\/product\/alkalisk-opvaskemiddel-til-industrielt-brug"]}]},{"@type":"BreadcrumbList","@id":"https:\/\/hoonved-nordic.dk\/product\/alkalisk-opvaskemiddel-til-industrielt-brug#breadcrumb","itemListElement":[{"@type":"ListItem","position":1,"name":"Hjem","item":"https:\/\/hoonved-nordic.dk\/"},{"@type":"ListItem","position":2,"name":"Shop","item":"https:\/\/hoonved-nordic.dk\/shop"},{"@type":"ListItem","position":3,"name":"Alkalisk opvaskemiddel til industrielt brug"}]},{"@type":"WebSite","@id":"https:\/\/hoonved-nordic.dk\/#website","url":"https:\/\/hoonved-nordic.dk\/","name":"Hoonved Nordic","description":"","potentialAction":[{"@type":"SearchAction","target":{"@type":"EntryPoint","urlTemplate":"https:\/\/hoonved-nordic.dk\/?s={search_term_string}"},"query-input":{"@type":"PropertyValueSpecification","valueRequired":true,"valueName":"search_term_string"}}],"inLanguage":"en-GB"},{"@type":"ImageObject","inLanguage":"en-GB","@id":"https:\/\/hoonved-nordic.dk\/product\/alkalisk-opvaskemiddel-til-industrielt-brug#local-main-organization-logo","url":"","contentUrl":"","caption":"Hoonved Nordic"}]}},"_links":{"self":[{"href":"https:\/\/hoonved-nordic.dk\/en\/wp-json\/wp\/v2\/product\/1122","targetHints":{"allow":["GET"]}}],"collection":[{"href":"https:\/\/hoonved-nordic.dk\/en\/wp-json\/wp\/v2\/product"}],"about":[{"href":"https:\/\/hoonved-nordic.dk\/en\/wp-json\/wp\/v2\/types\/product"}],"wp:attachment":[{"href":"https:\/\/hoonved-nordic.dk\/en\/wp-json\/wp\/v2\/media?parent=1122"}],"wp:term":[{"taxonomy":"product_brand","embeddable":true,"href":"https:\/\/hoonved-nordic.dk\/en\/wp-json\/wp\/v2\/product_brand?post=1122"},{"taxonomy":"product_cat","embeddable":true,"href":"https:\/\/hoonved-nordic.dk\/en\/wp-json\/wp\/v2\/product_cat?post=1122"},{"taxonomy":"product_tag","embeddable":true,"href":"https:\/\/hoonved-nordic.dk\/en\/wp-json\/wp\/v2\/product_tag?post=1122"}],"curies":[{"name":"wp","href":"https:\/\/api.w.org\/{rel}","templated":true}]}}