{"id":1125,"date":"2025-03-20T13:28:00","date_gmt":"2025-03-20T13:28:00","guid":{"rendered":"https:\/\/hoonved-nordic.dk\/product\/brillantvaeske-med-omvendt-osmose"},"modified":"2025-03-20T15:45:00","modified_gmt":"2025-03-20T15:45:00","slug":"brillantvaeske-med-omvendt-osmose","status":"publish","type":"product","link":"https:\/\/hoonved-nordic.dk\/en\/product\/brillantvaeske-med-omvendt-osmose","title":{"rendered":"Brilliant fluid with Reverse Osmosis"},"content":{"rendered":"<ul>\n<li>Brilliant fluid with reverse osmosis.<\/li>\n<li>Concentrated additive for dishwashers.<\/li>\n<li>Reduces the surface tension of water.<\/li>\n<li>Ensures fast and perfect drying of glasses and cutlery.<\/li>\n<li>Eliminates impurities in the water.<\/li>\n<li>Gives maximum shine without streaks and haze.<\/li>\n<li>Suitable for professional use.<\/li>\n<li>Weight: 10kg.<\/li>\n<\/ul>","protected":false},"excerpt":{"rendered":"<p>Reverse osmosis brilliant liquid is a concentrated additive that reduces the surface tension of water. This ensures fast and perfect drying of glasses and cutlery while eliminating impurities. The result is maximum shine without streaks and haze.<\/p>","protected":false},"featured_media":0,"template":"","meta":{"_acf_changed":false,"inline_featured_image":false},"product_brand":[],"product_cat":[67],"product_tag":[],"class_list":{"0":"post-1125","1":"product","2":"type-product","3":"status-publish","5":"product_cat-kemikalier-og-opvaskemiddler","7":"first","8":"instock","9":"taxable","10":"shipping-taxable","11":"purchasable","12":"product-type-simple"},"acf":[],"yoast_head":"<!-- This site is optimized with the Yoast SEO Premium plugin v22.7 (Yoast SEO v23.9) - https:\/\/yoast.com\/wordpress\/plugins\/seo\/ -->\n<title>Brillantv\u00e6ske med Omvendt Osmose - Hoonved Nordic<\/title>\n<meta name=\"robots\" content=\"index, follow, max-snippet:-1, max-image-preview:large, max-video-preview:-1\" \/>\n<link rel=\"canonical\" href=\"https:\/\/hoonved-nordic.dk\/en\/product\/brillantvaeske-med-omvendt-osmose\/\" \/>\n<meta property=\"og:locale\" content=\"en_GB\" \/>\n<meta property=\"og:type\" content=\"article\" \/>\n<meta property=\"og:title\" content=\"Brillantv\u00e6ske med Omvendt Osmose\" \/>\n<meta property=\"og:description\" content=\"Brillantv\u00e6ske med omvendt osmose er et koncentreret additiv, der reducerer vandets overfladesp\u00e6nding. Dette sikrer hurtig og perfekt t\u00f8rring af glas og bestik, samtidig med at det eliminerer urenheder. Resultatet er maksimal glans uden striber og sl\u00f8r.\" \/>\n<meta property=\"og:url\" content=\"https:\/\/hoonved-nordic.dk\/en\/product\/brillantvaeske-med-omvendt-osmose\/\" \/>\n<meta property=\"og:site_name\" content=\"Hoonved Nordic\" \/>\n<meta property=\"article:modified_time\" content=\"2025-03-20T15:45:00+00:00\" \/>\n<meta name=\"twitter:card\" content=\"summary_large_image\" \/>\n<script type=\"application\/ld+json\" class=\"yoast-schema-graph\">{\"@context\":\"https:\/\/schema.org\",\"@graph\":[{\"@type\":\"WebPage\",\"@id\":\"https:\/\/hoonved-nordic.dk\/product\/brillantvaeske-med-omvendt-osmose\",\"url\":\"https:\/\/hoonved-nordic.dk\/product\/brillantvaeske-med-omvendt-osmose\",\"name\":\"Brillantv\u00e6ske med Omvendt Osmose - Hoonved Nordic\",\"isPartOf\":{\"@id\":\"https:\/\/hoonved-nordic.dk\/#website\"},\"datePublished\":\"2025-03-20T13:28:00+00:00\",\"dateModified\":\"2025-03-20T15:45:00+00:00\",\"breadcrumb\":{\"@id\":\"https:\/\/hoonved-nordic.dk\/product\/brillantvaeske-med-omvendt-osmose#breadcrumb\"},\"inLanguage\":\"en-GB\",\"potentialAction\":[{\"@type\":\"ReadAction\",\"target\":[\"https:\/\/hoonved-nordic.dk\/product\/brillantvaeske-med-omvendt-osmose\"]}]},{\"@type\":\"BreadcrumbList\",\"@id\":\"https:\/\/hoonved-nordic.dk\/product\/brillantvaeske-med-omvendt-osmose#breadcrumb\",\"itemListElement\":[{\"@type\":\"ListItem\",\"position\":1,\"name\":\"Hjem\",\"item\":\"https:\/\/hoonved-nordic.dk\/\"},{\"@type\":\"ListItem\",\"position\":2,\"name\":\"Shop\",\"item\":\"https:\/\/hoonved-nordic.dk\/shop\"},{\"@type\":\"ListItem\",\"position\":3,\"name\":\"Brillantv\u00e6ske med Omvendt Osmose\"}]},{\"@type\":\"WebSite\",\"@id\":\"https:\/\/hoonved-nordic.dk\/#website\",\"url\":\"https:\/\/hoonved-nordic.dk\/\",\"name\":\"Hoonved Nordic\",\"description\":\"\",\"potentialAction\":[{\"@type\":\"SearchAction\",\"target\":{\"@type\":\"EntryPoint\",\"urlTemplate\":\"https:\/\/hoonved-nordic.dk\/?s={search_term_string}\"},\"query-input\":{\"@type\":\"PropertyValueSpecification\",\"valueRequired\":true,\"valueName\":\"search_term_string\"}}],\"inLanguage\":\"en-GB\"},{\"@type\":\"ImageObject\",\"inLanguage\":\"en-GB\",\"@id\":\"https:\/\/hoonved-nordic.dk\/product\/brillantvaeske-med-omvendt-osmose#local-main-organization-logo\",\"url\":\"\",\"contentUrl\":\"\",\"caption\":\"Hoonved Nordic\"}]}<\/script>\n<!-- \/ Yoast SEO Premium plugin. -->","yoast_head_json":{"title":"Brillantv\u00e6ske med Omvendt Osmose - Hoonved Nordic","robots":{"index":"index","follow":"follow","max-snippet":"max-snippet:-1","max-image-preview":"max-image-preview:large","max-video-preview":"max-video-preview:-1"},"canonical":"https:\/\/hoonved-nordic.dk\/en\/product\/brillantvaeske-med-omvendt-osmose\/","og_locale":"en_GB","og_type":"article","og_title":"Brillantv\u00e6ske med Omvendt Osmose","og_description":"Brillantv\u00e6ske med omvendt osmose er et koncentreret additiv, der reducerer vandets overfladesp\u00e6nding. Dette sikrer hurtig og perfekt t\u00f8rring af glas og bestik, samtidig med at det eliminerer urenheder. Resultatet er maksimal glans uden striber og sl\u00f8r.","og_url":"https:\/\/hoonved-nordic.dk\/en\/product\/brillantvaeske-med-omvendt-osmose\/","og_site_name":"Hoonved Nordic","article_modified_time":"2025-03-20T15:45:00+00:00","twitter_card":"summary_large_image","schema":{"@context":"https:\/\/schema.org","@graph":[{"@type":"WebPage","@id":"https:\/\/hoonved-nordic.dk\/product\/brillantvaeske-med-omvendt-osmose","url":"https:\/\/hoonved-nordic.dk\/product\/brillantvaeske-med-omvendt-osmose","name":"Brillantv\u00e6ske med Omvendt Osmose - Hoonved Nordic","isPartOf":{"@id":"https:\/\/hoonved-nordic.dk\/#website"},"datePublished":"2025-03-20T13:28:00+00:00","dateModified":"2025-03-20T15:45:00+00:00","breadcrumb":{"@id":"https:\/\/hoonved-nordic.dk\/product\/brillantvaeske-med-omvendt-osmose#breadcrumb"},"inLanguage":"en-GB","potentialAction":[{"@type":"ReadAction","target":["https:\/\/hoonved-nordic.dk\/product\/brillantvaeske-med-omvendt-osmose"]}]},{"@type":"BreadcrumbList","@id":"https:\/\/hoonved-nordic.dk\/product\/brillantvaeske-med-omvendt-osmose#breadcrumb","itemListElement":[{"@type":"ListItem","position":1,"name":"Hjem","item":"https:\/\/hoonved-nordic.dk\/"},{"@type":"ListItem","position":2,"name":"Shop","item":"https:\/\/hoonved-nordic.dk\/shop"},{"@type":"ListItem","position":3,"name":"Brillantv\u00e6ske med Omvendt Osmose"}]},{"@type":"WebSite","@id":"https:\/\/hoonved-nordic.dk\/#website","url":"https:\/\/hoonved-nordic.dk\/","name":"Hoonved Nordic","description":"","potentialAction":[{"@type":"SearchAction","target":{"@type":"EntryPoint","urlTemplate":"https:\/\/hoonved-nordic.dk\/?s={search_term_string}"},"query-input":{"@type":"PropertyValueSpecification","valueRequired":true,"valueName":"search_term_string"}}],"inLanguage":"en-GB"},{"@type":"ImageObject","inLanguage":"en-GB","@id":"https:\/\/hoonved-nordic.dk\/product\/brillantvaeske-med-omvendt-osmose#local-main-organization-logo","url":"","contentUrl":"","caption":"Hoonved Nordic"}]}},"_links":{"self":[{"href":"https:\/\/hoonved-nordic.dk\/en\/wp-json\/wp\/v2\/product\/1125","targetHints":{"allow":["GET"]}}],"collection":[{"href":"https:\/\/hoonved-nordic.dk\/en\/wp-json\/wp\/v2\/product"}],"about":[{"href":"https:\/\/hoonved-nordic.dk\/en\/wp-json\/wp\/v2\/types\/product"}],"wp:attachment":[{"href":"https:\/\/hoonved-nordic.dk\/en\/wp-json\/wp\/v2\/media?parent=1125"}],"wp:term":[{"taxonomy":"product_brand","embeddable":true,"href":"https:\/\/hoonved-nordic.dk\/en\/wp-json\/wp\/v2\/product_brand?post=1125"},{"taxonomy":"product_cat","embeddable":true,"href":"https:\/\/hoonved-nordic.dk\/en\/wp-json\/wp\/v2\/product_cat?post=1125"},{"taxonomy":"product_tag","embeddable":true,"href":"https:\/\/hoonved-nordic.dk\/en\/wp-json\/wp\/v2\/product_tag?post=1125"}],"curies":[{"name":"wp","href":"https:\/\/api.w.org\/{rel}","templated":true}]}}