{"id":1130,"date":"2025-03-20T13:28:08","date_gmt":"2025-03-20T13:28:08","guid":{"rendered":"https:\/\/hoonved-nordic.dk\/product\/alkali-koncentreret-opvaskemiddel-3"},"modified":"2025-03-20T15:45:00","modified_gmt":"2025-03-20T15:45:00","slug":"alkali-koncentreret-opvaskemiddel-3","status":"publish","type":"product","link":"https:\/\/hoonved-nordic.dk\/en\/product\/alkali-koncentreret-opvaskemiddel-3","title":{"rendered":"Alkali Concentrated Detergent"},"content":{"rendered":"<ul>\n<li>Alkali concentrated dishwashing detergent<\/li>\n<li>Effective liquid detergent<\/li>\n<li>Designed for thorough washing of glasses, cups, plates, pots and pans<\/li>\n<li>Ensures optimal cleaning<\/li>\n<li>Gentle service treatment<\/li>\n<li>Suitable for professional use<\/li>\n<li>Weight: 6kg<\/li>\n<\/ul>","protected":false},"excerpt":{"rendered":"<p>Alkali concentrated dishwashing detergent is an effective liquid detergent designed for thorough cleaning of glasses, cups, plates, pots and pans. The product ensures optimal cleaning and gentle treatment of crockery. Suitable for professional use.<\/p>","protected":false},"featured_media":0,"template":"","meta":{"_acf_changed":false,"inline_featured_image":false},"product_brand":[],"product_cat":[67],"product_tag":[],"class_list":{"0":"post-1130","1":"product","2":"type-product","3":"status-publish","5":"product_cat-kemikalier-og-opvaskemiddler","7":"first","8":"instock","9":"taxable","10":"shipping-taxable","11":"purchasable","12":"product-type-simple"},"acf":[],"yoast_head":"<!-- This site is optimized with the Yoast SEO Premium plugin v22.7 (Yoast SEO v23.9) - https:\/\/yoast.com\/wordpress\/plugins\/seo\/ -->\n<title>Alkali Koncentreret Opvaskemiddel - Hoonved Nordic<\/title>\n<meta name=\"robots\" content=\"index, follow, max-snippet:-1, max-image-preview:large, max-video-preview:-1\" \/>\n<link rel=\"canonical\" href=\"https:\/\/hoonved-nordic.dk\/en\/product\/alkali-koncentreret-opvaskemiddel-3\/\" \/>\n<meta property=\"og:locale\" content=\"en_GB\" \/>\n<meta property=\"og:type\" content=\"article\" \/>\n<meta property=\"og:title\" content=\"Alkali Koncentreret Opvaskemiddel\" \/>\n<meta property=\"og:description\" content=\"Alkali koncentreret opvaskemiddel er et effektivt flydende reng\u00f8ringsmiddel designet til grundig vask af glas, kopper, tallerkener samt gryder og pander. Produktet sikrer optimal reng\u00f8ring og sk\u00e5nsom behandling af service. Velegnet til professionel brug.\" \/>\n<meta property=\"og:url\" content=\"https:\/\/hoonved-nordic.dk\/en\/product\/alkali-koncentreret-opvaskemiddel-3\/\" \/>\n<meta property=\"og:site_name\" content=\"Hoonved Nordic\" \/>\n<meta property=\"article:modified_time\" content=\"2025-03-20T15:45:00+00:00\" \/>\n<meta name=\"twitter:card\" content=\"summary_large_image\" \/>\n<script type=\"application\/ld+json\" class=\"yoast-schema-graph\">{\"@context\":\"https:\/\/schema.org\",\"@graph\":[{\"@type\":\"WebPage\",\"@id\":\"https:\/\/hoonved-nordic.dk\/product\/alkali-koncentreret-opvaskemiddel-3\",\"url\":\"https:\/\/hoonved-nordic.dk\/product\/alkali-koncentreret-opvaskemiddel-3\",\"name\":\"Alkali Koncentreret Opvaskemiddel - Hoonved Nordic\",\"isPartOf\":{\"@id\":\"https:\/\/hoonved-nordic.dk\/#website\"},\"datePublished\":\"2025-03-20T13:28:08+00:00\",\"dateModified\":\"2025-03-20T15:45:00+00:00\",\"breadcrumb\":{\"@id\":\"https:\/\/hoonved-nordic.dk\/product\/alkali-koncentreret-opvaskemiddel-3#breadcrumb\"},\"inLanguage\":\"en-GB\",\"potentialAction\":[{\"@type\":\"ReadAction\",\"target\":[\"https:\/\/hoonved-nordic.dk\/product\/alkali-koncentreret-opvaskemiddel-3\"]}]},{\"@type\":\"BreadcrumbList\",\"@id\":\"https:\/\/hoonved-nordic.dk\/product\/alkali-koncentreret-opvaskemiddel-3#breadcrumb\",\"itemListElement\":[{\"@type\":\"ListItem\",\"position\":1,\"name\":\"Hjem\",\"item\":\"https:\/\/hoonved-nordic.dk\/\"},{\"@type\":\"ListItem\",\"position\":2,\"name\":\"Shop\",\"item\":\"https:\/\/hoonved-nordic.dk\/shop\"},{\"@type\":\"ListItem\",\"position\":3,\"name\":\"Alkali Koncentreret Opvaskemiddel\"}]},{\"@type\":\"WebSite\",\"@id\":\"https:\/\/hoonved-nordic.dk\/#website\",\"url\":\"https:\/\/hoonved-nordic.dk\/\",\"name\":\"Hoonved Nordic\",\"description\":\"\",\"potentialAction\":[{\"@type\":\"SearchAction\",\"target\":{\"@type\":\"EntryPoint\",\"urlTemplate\":\"https:\/\/hoonved-nordic.dk\/?s={search_term_string}\"},\"query-input\":{\"@type\":\"PropertyValueSpecification\",\"valueRequired\":true,\"valueName\":\"search_term_string\"}}],\"inLanguage\":\"en-GB\"},{\"@type\":\"ImageObject\",\"inLanguage\":\"en-GB\",\"@id\":\"https:\/\/hoonved-nordic.dk\/product\/alkali-koncentreret-opvaskemiddel-3#local-main-organization-logo\",\"url\":\"\",\"contentUrl\":\"\",\"caption\":\"Hoonved Nordic\"}]}<\/script>\n<!-- \/ Yoast SEO Premium plugin. -->","yoast_head_json":{"title":"Alkali Koncentreret Opvaskemiddel - Hoonved Nordic","robots":{"index":"index","follow":"follow","max-snippet":"max-snippet:-1","max-image-preview":"max-image-preview:large","max-video-preview":"max-video-preview:-1"},"canonical":"https:\/\/hoonved-nordic.dk\/en\/product\/alkali-koncentreret-opvaskemiddel-3\/","og_locale":"en_GB","og_type":"article","og_title":"Alkali Koncentreret Opvaskemiddel","og_description":"Alkali koncentreret opvaskemiddel er et effektivt flydende reng\u00f8ringsmiddel designet til grundig vask af glas, kopper, tallerkener samt gryder og pander. Produktet sikrer optimal reng\u00f8ring og sk\u00e5nsom behandling af service. Velegnet til professionel brug.","og_url":"https:\/\/hoonved-nordic.dk\/en\/product\/alkali-koncentreret-opvaskemiddel-3\/","og_site_name":"Hoonved Nordic","article_modified_time":"2025-03-20T15:45:00+00:00","twitter_card":"summary_large_image","schema":{"@context":"https:\/\/schema.org","@graph":[{"@type":"WebPage","@id":"https:\/\/hoonved-nordic.dk\/product\/alkali-koncentreret-opvaskemiddel-3","url":"https:\/\/hoonved-nordic.dk\/product\/alkali-koncentreret-opvaskemiddel-3","name":"Alkali Koncentreret Opvaskemiddel - Hoonved Nordic","isPartOf":{"@id":"https:\/\/hoonved-nordic.dk\/#website"},"datePublished":"2025-03-20T13:28:08+00:00","dateModified":"2025-03-20T15:45:00+00:00","breadcrumb":{"@id":"https:\/\/hoonved-nordic.dk\/product\/alkali-koncentreret-opvaskemiddel-3#breadcrumb"},"inLanguage":"en-GB","potentialAction":[{"@type":"ReadAction","target":["https:\/\/hoonved-nordic.dk\/product\/alkali-koncentreret-opvaskemiddel-3"]}]},{"@type":"BreadcrumbList","@id":"https:\/\/hoonved-nordic.dk\/product\/alkali-koncentreret-opvaskemiddel-3#breadcrumb","itemListElement":[{"@type":"ListItem","position":1,"name":"Hjem","item":"https:\/\/hoonved-nordic.dk\/"},{"@type":"ListItem","position":2,"name":"Shop","item":"https:\/\/hoonved-nordic.dk\/shop"},{"@type":"ListItem","position":3,"name":"Alkali Koncentreret Opvaskemiddel"}]},{"@type":"WebSite","@id":"https:\/\/hoonved-nordic.dk\/#website","url":"https:\/\/hoonved-nordic.dk\/","name":"Hoonved Nordic","description":"","potentialAction":[{"@type":"SearchAction","target":{"@type":"EntryPoint","urlTemplate":"https:\/\/hoonved-nordic.dk\/?s={search_term_string}"},"query-input":{"@type":"PropertyValueSpecification","valueRequired":true,"valueName":"search_term_string"}}],"inLanguage":"en-GB"},{"@type":"ImageObject","inLanguage":"en-GB","@id":"https:\/\/hoonved-nordic.dk\/product\/alkali-koncentreret-opvaskemiddel-3#local-main-organization-logo","url":"","contentUrl":"","caption":"Hoonved Nordic"}]}},"_links":{"self":[{"href":"https:\/\/hoonved-nordic.dk\/en\/wp-json\/wp\/v2\/product\/1130","targetHints":{"allow":["GET"]}}],"collection":[{"href":"https:\/\/hoonved-nordic.dk\/en\/wp-json\/wp\/v2\/product"}],"about":[{"href":"https:\/\/hoonved-nordic.dk\/en\/wp-json\/wp\/v2\/types\/product"}],"wp:attachment":[{"href":"https:\/\/hoonved-nordic.dk\/en\/wp-json\/wp\/v2\/media?parent=1130"}],"wp:term":[{"taxonomy":"product_brand","embeddable":true,"href":"https:\/\/hoonved-nordic.dk\/en\/wp-json\/wp\/v2\/product_brand?post=1130"},{"taxonomy":"product_cat","embeddable":true,"href":"https:\/\/hoonved-nordic.dk\/en\/wp-json\/wp\/v2\/product_cat?post=1130"},{"taxonomy":"product_tag","embeddable":true,"href":"https:\/\/hoonved-nordic.dk\/en\/wp-json\/wp\/v2\/product_tag?post=1130"}],"curies":[{"name":"wp","href":"https:\/\/api.w.org\/{rel}","templated":true}]}}