{"id":1131,"date":"2025-03-20T13:28:10","date_gmt":"2025-03-20T13:28:10","guid":{"rendered":"https:\/\/hoonved-nordic.dk\/product\/alkalisk-rengoeringsmiddel-til-aluminium"},"modified":"2025-03-20T15:45:00","modified_gmt":"2025-03-20T15:45:00","slug":"alkalisk-rengoeringsmiddel-til-aluminium","status":"publish","type":"product","link":"https:\/\/hoonved-nordic.dk\/en\/product\/alkalisk-rengoeringsmiddel-til-aluminium","title":{"rendered":"Alkaline Cleaner for Aluminium"},"content":{"rendered":"<ul>\n<li>Alkaline cleaner for aluminium<\/li>\n<li>Effective for washing and degreasing light metals such as aluminium, copper and brass<\/li>\n<li>Based on silicates and specific sequestrants<\/li>\n<li>Ideal for use in laboratories, especially in bakery applications<\/li>\n<li>Weight: 13kg<\/li>\n<\/ul>","protected":false},"excerpt":{"rendered":"<p>Alkaline aluminium cleaner based on silicates and specific sequestrants. Effective for washing and degreasing light metals such as aluminium, copper and brass. Ideal for use in laboratories, especially in baked goods. Weighs 13kg.<\/p>","protected":false},"featured_media":0,"template":"","meta":{"_acf_changed":false,"inline_featured_image":false},"product_brand":[],"product_cat":[67],"product_tag":[],"class_list":{"0":"post-1131","1":"product","2":"type-product","3":"status-publish","5":"product_cat-kemikalier-og-opvaskemiddler","7":"first","8":"instock","9":"taxable","10":"shipping-taxable","11":"purchasable","12":"product-type-simple"},"acf":[],"yoast_head":"<!-- This site is optimized with the Yoast SEO Premium plugin v22.7 (Yoast SEO v23.9) - https:\/\/yoast.com\/wordpress\/plugins\/seo\/ -->\n<title>Alkalisk Reng\u00f8ringsmiddel til Aluminium - Hoonved Nordic<\/title>\n<meta name=\"robots\" content=\"index, follow, max-snippet:-1, max-image-preview:large, max-video-preview:-1\" \/>\n<link rel=\"canonical\" href=\"https:\/\/hoonved-nordic.dk\/en\/product\/alkalisk-rengoeringsmiddel-til-aluminium\/\" \/>\n<meta property=\"og:locale\" content=\"en_GB\" \/>\n<meta property=\"og:type\" content=\"article\" \/>\n<meta property=\"og:title\" content=\"Alkalisk Reng\u00f8ringsmiddel til Aluminium\" \/>\n<meta property=\"og:description\" content=\"Alkalisk reng\u00f8ringsmiddel til aluminium, baseret p\u00e5 silikater og specifikke sequestranter. Effektiv til vask og affedtning af letmetaller som aluminium, kobber og messing. Ideel til brug i laboratorier, is\u00e6r inden for bagv\u00e6rk. Vejer 13 kg.\" \/>\n<meta property=\"og:url\" content=\"https:\/\/hoonved-nordic.dk\/en\/product\/alkalisk-rengoeringsmiddel-til-aluminium\/\" \/>\n<meta property=\"og:site_name\" content=\"Hoonved Nordic\" \/>\n<meta property=\"article:modified_time\" content=\"2025-03-20T15:45:00+00:00\" \/>\n<meta name=\"twitter:card\" content=\"summary_large_image\" \/>\n<script type=\"application\/ld+json\" class=\"yoast-schema-graph\">{\"@context\":\"https:\/\/schema.org\",\"@graph\":[{\"@type\":\"WebPage\",\"@id\":\"https:\/\/hoonved-nordic.dk\/product\/alkalisk-rengoeringsmiddel-til-aluminium\",\"url\":\"https:\/\/hoonved-nordic.dk\/product\/alkalisk-rengoeringsmiddel-til-aluminium\",\"name\":\"Alkalisk Reng\u00f8ringsmiddel til Aluminium - Hoonved Nordic\",\"isPartOf\":{\"@id\":\"https:\/\/hoonved-nordic.dk\/#website\"},\"datePublished\":\"2025-03-20T13:28:10+00:00\",\"dateModified\":\"2025-03-20T15:45:00+00:00\",\"breadcrumb\":{\"@id\":\"https:\/\/hoonved-nordic.dk\/product\/alkalisk-rengoeringsmiddel-til-aluminium#breadcrumb\"},\"inLanguage\":\"en-GB\",\"potentialAction\":[{\"@type\":\"ReadAction\",\"target\":[\"https:\/\/hoonved-nordic.dk\/product\/alkalisk-rengoeringsmiddel-til-aluminium\"]}]},{\"@type\":\"BreadcrumbList\",\"@id\":\"https:\/\/hoonved-nordic.dk\/product\/alkalisk-rengoeringsmiddel-til-aluminium#breadcrumb\",\"itemListElement\":[{\"@type\":\"ListItem\",\"position\":1,\"name\":\"Hjem\",\"item\":\"https:\/\/hoonved-nordic.dk\/\"},{\"@type\":\"ListItem\",\"position\":2,\"name\":\"Shop\",\"item\":\"https:\/\/hoonved-nordic.dk\/shop\"},{\"@type\":\"ListItem\",\"position\":3,\"name\":\"Alkalisk Reng\u00f8ringsmiddel til Aluminium\"}]},{\"@type\":\"WebSite\",\"@id\":\"https:\/\/hoonved-nordic.dk\/#website\",\"url\":\"https:\/\/hoonved-nordic.dk\/\",\"name\":\"Hoonved Nordic\",\"description\":\"\",\"potentialAction\":[{\"@type\":\"SearchAction\",\"target\":{\"@type\":\"EntryPoint\",\"urlTemplate\":\"https:\/\/hoonved-nordic.dk\/?s={search_term_string}\"},\"query-input\":{\"@type\":\"PropertyValueSpecification\",\"valueRequired\":true,\"valueName\":\"search_term_string\"}}],\"inLanguage\":\"en-GB\"},{\"@type\":\"ImageObject\",\"inLanguage\":\"en-GB\",\"@id\":\"https:\/\/hoonved-nordic.dk\/product\/alkalisk-rengoeringsmiddel-til-aluminium#local-main-organization-logo\",\"url\":\"\",\"contentUrl\":\"\",\"caption\":\"Hoonved Nordic\"}]}<\/script>\n<!-- \/ Yoast SEO Premium plugin. -->","yoast_head_json":{"title":"Alkalisk Reng\u00f8ringsmiddel til Aluminium - Hoonved Nordic","robots":{"index":"index","follow":"follow","max-snippet":"max-snippet:-1","max-image-preview":"max-image-preview:large","max-video-preview":"max-video-preview:-1"},"canonical":"https:\/\/hoonved-nordic.dk\/en\/product\/alkalisk-rengoeringsmiddel-til-aluminium\/","og_locale":"en_GB","og_type":"article","og_title":"Alkalisk Reng\u00f8ringsmiddel til Aluminium","og_description":"Alkalisk reng\u00f8ringsmiddel til aluminium, baseret p\u00e5 silikater og specifikke sequestranter. Effektiv til vask og affedtning af letmetaller som aluminium, kobber og messing. Ideel til brug i laboratorier, is\u00e6r inden for bagv\u00e6rk. Vejer 13 kg.","og_url":"https:\/\/hoonved-nordic.dk\/en\/product\/alkalisk-rengoeringsmiddel-til-aluminium\/","og_site_name":"Hoonved Nordic","article_modified_time":"2025-03-20T15:45:00+00:00","twitter_card":"summary_large_image","schema":{"@context":"https:\/\/schema.org","@graph":[{"@type":"WebPage","@id":"https:\/\/hoonved-nordic.dk\/product\/alkalisk-rengoeringsmiddel-til-aluminium","url":"https:\/\/hoonved-nordic.dk\/product\/alkalisk-rengoeringsmiddel-til-aluminium","name":"Alkalisk Reng\u00f8ringsmiddel til Aluminium - Hoonved Nordic","isPartOf":{"@id":"https:\/\/hoonved-nordic.dk\/#website"},"datePublished":"2025-03-20T13:28:10+00:00","dateModified":"2025-03-20T15:45:00+00:00","breadcrumb":{"@id":"https:\/\/hoonved-nordic.dk\/product\/alkalisk-rengoeringsmiddel-til-aluminium#breadcrumb"},"inLanguage":"en-GB","potentialAction":[{"@type":"ReadAction","target":["https:\/\/hoonved-nordic.dk\/product\/alkalisk-rengoeringsmiddel-til-aluminium"]}]},{"@type":"BreadcrumbList","@id":"https:\/\/hoonved-nordic.dk\/product\/alkalisk-rengoeringsmiddel-til-aluminium#breadcrumb","itemListElement":[{"@type":"ListItem","position":1,"name":"Hjem","item":"https:\/\/hoonved-nordic.dk\/"},{"@type":"ListItem","position":2,"name":"Shop","item":"https:\/\/hoonved-nordic.dk\/shop"},{"@type":"ListItem","position":3,"name":"Alkalisk Reng\u00f8ringsmiddel til Aluminium"}]},{"@type":"WebSite","@id":"https:\/\/hoonved-nordic.dk\/#website","url":"https:\/\/hoonved-nordic.dk\/","name":"Hoonved Nordic","description":"","potentialAction":[{"@type":"SearchAction","target":{"@type":"EntryPoint","urlTemplate":"https:\/\/hoonved-nordic.dk\/?s={search_term_string}"},"query-input":{"@type":"PropertyValueSpecification","valueRequired":true,"valueName":"search_term_string"}}],"inLanguage":"en-GB"},{"@type":"ImageObject","inLanguage":"en-GB","@id":"https:\/\/hoonved-nordic.dk\/product\/alkalisk-rengoeringsmiddel-til-aluminium#local-main-organization-logo","url":"","contentUrl":"","caption":"Hoonved Nordic"}]}},"_links":{"self":[{"href":"https:\/\/hoonved-nordic.dk\/en\/wp-json\/wp\/v2\/product\/1131","targetHints":{"allow":["GET"]}}],"collection":[{"href":"https:\/\/hoonved-nordic.dk\/en\/wp-json\/wp\/v2\/product"}],"about":[{"href":"https:\/\/hoonved-nordic.dk\/en\/wp-json\/wp\/v2\/types\/product"}],"wp:attachment":[{"href":"https:\/\/hoonved-nordic.dk\/en\/wp-json\/wp\/v2\/media?parent=1131"}],"wp:term":[{"taxonomy":"product_brand","embeddable":true,"href":"https:\/\/hoonved-nordic.dk\/en\/wp-json\/wp\/v2\/product_brand?post=1131"},{"taxonomy":"product_cat","embeddable":true,"href":"https:\/\/hoonved-nordic.dk\/en\/wp-json\/wp\/v2\/product_cat?post=1131"},{"taxonomy":"product_tag","embeddable":true,"href":"https:\/\/hoonved-nordic.dk\/en\/wp-json\/wp\/v2\/product_tag?post=1131"}],"curies":[{"name":"wp","href":"https:\/\/api.w.org\/{rel}","templated":true}]}}