{"id":1133,"date":"2025-03-20T13:28:13","date_gmt":"2025-03-20T13:28:13","guid":{"rendered":"https:\/\/hoonved-nordic.dk\/product\/alkalisk-rengoeringsmiddel-til-aluminium-3"},"modified":"2025-03-20T15:45:00","modified_gmt":"2025-03-20T15:45:00","slug":"alkalisk-rengoeringsmiddel-til-aluminium-3","status":"publish","type":"product","link":"https:\/\/hoonved-nordic.dk\/en\/product\/alkalisk-rengoeringsmiddel-til-aluminium-3","title":{"rendered":"Alkaline Cleaner for Aluminium"},"content":{"rendered":"<ul>\n<li>Alkaline cleaner for aluminium.<\/li>\n<li>Based on silicates and specific sequestrants.<\/li>\n<li>Effective for washing and degreasing light metal materials such as aluminium, copper and brass.<\/li>\n<li>Ideal for use in laboratories, especially in bakery applications.<\/li>\n<li>Professional use is recommended.<\/li>\n<li>Weight: 6kg.<\/li>\n<\/ul>","protected":false},"excerpt":{"rendered":"<p>Alkaline aluminium cleaner based on silicates and specific sequestrants. Effective for washing and degreasing light metal materials such as aluminium, copper and brass. Ideal for use in laboratories, especially in bakery applications. Suitable for professional use.<\/p>","protected":false},"featured_media":0,"template":"","meta":{"_acf_changed":false,"inline_featured_image":false},"product_brand":[],"product_cat":[67],"product_tag":[],"class_list":{"0":"post-1133","1":"product","2":"type-product","3":"status-publish","5":"product_cat-kemikalier-og-opvaskemiddler","7":"first","8":"instock","9":"taxable","10":"shipping-taxable","11":"purchasable","12":"product-type-simple"},"acf":[],"yoast_head":"<!-- This site is optimized with the Yoast SEO Premium plugin v22.7 (Yoast SEO v23.9) - https:\/\/yoast.com\/wordpress\/plugins\/seo\/ -->\n<title>Alkalisk Reng\u00f8ringsmiddel til Aluminium - Hoonved Nordic<\/title>\n<meta name=\"robots\" content=\"index, follow, max-snippet:-1, max-image-preview:large, max-video-preview:-1\" \/>\n<link rel=\"canonical\" href=\"https:\/\/hoonved-nordic.dk\/en\/product\/alkalisk-rengoeringsmiddel-til-aluminium-3\/\" \/>\n<meta property=\"og:locale\" content=\"en_GB\" \/>\n<meta property=\"og:type\" content=\"article\" \/>\n<meta property=\"og:title\" content=\"Alkalisk Reng\u00f8ringsmiddel til Aluminium\" \/>\n<meta property=\"og:description\" content=\"Alkalisk reng\u00f8ringsmiddel til aluminium, baseret p\u00e5 silikater og specifikke sequestranter. Effektiv til vask og affedtning af letmetalmaterialer som aluminium, kobber og messing. Ideel til brug i laboratorier, is\u00e6r inden for bagv\u00e6rk. Velegnet til professionel anvendelse.\" \/>\n<meta property=\"og:url\" content=\"https:\/\/hoonved-nordic.dk\/en\/product\/alkalisk-rengoeringsmiddel-til-aluminium-3\/\" \/>\n<meta property=\"og:site_name\" content=\"Hoonved Nordic\" \/>\n<meta property=\"article:modified_time\" content=\"2025-03-20T15:45:00+00:00\" \/>\n<meta name=\"twitter:card\" content=\"summary_large_image\" \/>\n<script type=\"application\/ld+json\" class=\"yoast-schema-graph\">{\"@context\":\"https:\/\/schema.org\",\"@graph\":[{\"@type\":\"WebPage\",\"@id\":\"https:\/\/hoonved-nordic.dk\/product\/alkalisk-rengoeringsmiddel-til-aluminium-3\",\"url\":\"https:\/\/hoonved-nordic.dk\/product\/alkalisk-rengoeringsmiddel-til-aluminium-3\",\"name\":\"Alkalisk Reng\u00f8ringsmiddel til Aluminium - Hoonved Nordic\",\"isPartOf\":{\"@id\":\"https:\/\/hoonved-nordic.dk\/#website\"},\"datePublished\":\"2025-03-20T13:28:13+00:00\",\"dateModified\":\"2025-03-20T15:45:00+00:00\",\"breadcrumb\":{\"@id\":\"https:\/\/hoonved-nordic.dk\/product\/alkalisk-rengoeringsmiddel-til-aluminium-3#breadcrumb\"},\"inLanguage\":\"en-GB\",\"potentialAction\":[{\"@type\":\"ReadAction\",\"target\":[\"https:\/\/hoonved-nordic.dk\/product\/alkalisk-rengoeringsmiddel-til-aluminium-3\"]}]},{\"@type\":\"BreadcrumbList\",\"@id\":\"https:\/\/hoonved-nordic.dk\/product\/alkalisk-rengoeringsmiddel-til-aluminium-3#breadcrumb\",\"itemListElement\":[{\"@type\":\"ListItem\",\"position\":1,\"name\":\"Hjem\",\"item\":\"https:\/\/hoonved-nordic.dk\/\"},{\"@type\":\"ListItem\",\"position\":2,\"name\":\"Shop\",\"item\":\"https:\/\/hoonved-nordic.dk\/shop\"},{\"@type\":\"ListItem\",\"position\":3,\"name\":\"Alkalisk Reng\u00f8ringsmiddel til Aluminium\"}]},{\"@type\":\"WebSite\",\"@id\":\"https:\/\/hoonved-nordic.dk\/#website\",\"url\":\"https:\/\/hoonved-nordic.dk\/\",\"name\":\"Hoonved Nordic\",\"description\":\"\",\"potentialAction\":[{\"@type\":\"SearchAction\",\"target\":{\"@type\":\"EntryPoint\",\"urlTemplate\":\"https:\/\/hoonved-nordic.dk\/?s={search_term_string}\"},\"query-input\":{\"@type\":\"PropertyValueSpecification\",\"valueRequired\":true,\"valueName\":\"search_term_string\"}}],\"inLanguage\":\"en-GB\"},{\"@type\":\"ImageObject\",\"inLanguage\":\"en-GB\",\"@id\":\"https:\/\/hoonved-nordic.dk\/product\/alkalisk-rengoeringsmiddel-til-aluminium-3#local-main-organization-logo\",\"url\":\"\",\"contentUrl\":\"\",\"caption\":\"Hoonved Nordic\"}]}<\/script>\n<!-- \/ Yoast SEO Premium plugin. -->","yoast_head_json":{"title":"Alkalisk Reng\u00f8ringsmiddel til Aluminium - Hoonved Nordic","robots":{"index":"index","follow":"follow","max-snippet":"max-snippet:-1","max-image-preview":"max-image-preview:large","max-video-preview":"max-video-preview:-1"},"canonical":"https:\/\/hoonved-nordic.dk\/en\/product\/alkalisk-rengoeringsmiddel-til-aluminium-3\/","og_locale":"en_GB","og_type":"article","og_title":"Alkalisk Reng\u00f8ringsmiddel til Aluminium","og_description":"Alkalisk reng\u00f8ringsmiddel til aluminium, baseret p\u00e5 silikater og specifikke sequestranter. Effektiv til vask og affedtning af letmetalmaterialer som aluminium, kobber og messing. Ideel til brug i laboratorier, is\u00e6r inden for bagv\u00e6rk. Velegnet til professionel anvendelse.","og_url":"https:\/\/hoonved-nordic.dk\/en\/product\/alkalisk-rengoeringsmiddel-til-aluminium-3\/","og_site_name":"Hoonved Nordic","article_modified_time":"2025-03-20T15:45:00+00:00","twitter_card":"summary_large_image","schema":{"@context":"https:\/\/schema.org","@graph":[{"@type":"WebPage","@id":"https:\/\/hoonved-nordic.dk\/product\/alkalisk-rengoeringsmiddel-til-aluminium-3","url":"https:\/\/hoonved-nordic.dk\/product\/alkalisk-rengoeringsmiddel-til-aluminium-3","name":"Alkalisk Reng\u00f8ringsmiddel til Aluminium - Hoonved Nordic","isPartOf":{"@id":"https:\/\/hoonved-nordic.dk\/#website"},"datePublished":"2025-03-20T13:28:13+00:00","dateModified":"2025-03-20T15:45:00+00:00","breadcrumb":{"@id":"https:\/\/hoonved-nordic.dk\/product\/alkalisk-rengoeringsmiddel-til-aluminium-3#breadcrumb"},"inLanguage":"en-GB","potentialAction":[{"@type":"ReadAction","target":["https:\/\/hoonved-nordic.dk\/product\/alkalisk-rengoeringsmiddel-til-aluminium-3"]}]},{"@type":"BreadcrumbList","@id":"https:\/\/hoonved-nordic.dk\/product\/alkalisk-rengoeringsmiddel-til-aluminium-3#breadcrumb","itemListElement":[{"@type":"ListItem","position":1,"name":"Hjem","item":"https:\/\/hoonved-nordic.dk\/"},{"@type":"ListItem","position":2,"name":"Shop","item":"https:\/\/hoonved-nordic.dk\/shop"},{"@type":"ListItem","position":3,"name":"Alkalisk Reng\u00f8ringsmiddel til Aluminium"}]},{"@type":"WebSite","@id":"https:\/\/hoonved-nordic.dk\/#website","url":"https:\/\/hoonved-nordic.dk\/","name":"Hoonved Nordic","description":"","potentialAction":[{"@type":"SearchAction","target":{"@type":"EntryPoint","urlTemplate":"https:\/\/hoonved-nordic.dk\/?s={search_term_string}"},"query-input":{"@type":"PropertyValueSpecification","valueRequired":true,"valueName":"search_term_string"}}],"inLanguage":"en-GB"},{"@type":"ImageObject","inLanguage":"en-GB","@id":"https:\/\/hoonved-nordic.dk\/product\/alkalisk-rengoeringsmiddel-til-aluminium-3#local-main-organization-logo","url":"","contentUrl":"","caption":"Hoonved Nordic"}]}},"_links":{"self":[{"href":"https:\/\/hoonved-nordic.dk\/en\/wp-json\/wp\/v2\/product\/1133","targetHints":{"allow":["GET"]}}],"collection":[{"href":"https:\/\/hoonved-nordic.dk\/en\/wp-json\/wp\/v2\/product"}],"about":[{"href":"https:\/\/hoonved-nordic.dk\/en\/wp-json\/wp\/v2\/types\/product"}],"wp:attachment":[{"href":"https:\/\/hoonved-nordic.dk\/en\/wp-json\/wp\/v2\/media?parent=1133"}],"wp:term":[{"taxonomy":"product_brand","embeddable":true,"href":"https:\/\/hoonved-nordic.dk\/en\/wp-json\/wp\/v2\/product_brand?post=1133"},{"taxonomy":"product_cat","embeddable":true,"href":"https:\/\/hoonved-nordic.dk\/en\/wp-json\/wp\/v2\/product_cat?post=1133"},{"taxonomy":"product_tag","embeddable":true,"href":"https:\/\/hoonved-nordic.dk\/en\/wp-json\/wp\/v2\/product_tag?post=1133"}],"curies":[{"name":"wp","href":"https:\/\/api.w.org\/{rel}","templated":true}]}}