{"id":1152,"date":"2025-03-20T13:28:36","date_gmt":"2025-03-20T13:28:36","guid":{"rendered":"https:\/\/hoonved-nordic.dk\/product\/base-til-opvaskemaskine-med-c-68-e-guider"},"modified":"2025-03-20T15:45:02","modified_gmt":"2025-03-20T15:45:02","slug":"base-til-opvaskemaskine-med-c-68-e-guider","status":"publish","type":"product","link":"https:\/\/hoonved-nordic.dk\/en\/product\/base-til-opvaskemaskine-med-c-68-e-guider","title":{"rendered":"Base for dishwasher with C 68 E guides"},"content":{"rendered":"<ul>\n<li>Base closed on three sides<\/li>\n<li>Guide C 68 E<\/li>\n<li>7 mm feet standard<\/li>\n<li>Dimensions: Length 655 mm, Width 596 mm<\/li>\n<li>Designed for optimal support and functionality<\/li>\n<li>Ideal for efficient storage of dishwasher baskets<\/li>\n<\/ul>","protected":false},"excerpt":{"rendered":"<p>Base closed on three sides with C 68 E guides and 7 mm feet. Dimensions: Length 655 mm, Width 596 mm. Designed for optimal support and functionality in dishwashers. Ideal for efficient storage of dishwasher baskets.<\/p>","protected":false},"featured_media":0,"template":"","meta":{"_acf_changed":false,"inline_featured_image":false},"product_brand":[],"product_cat":[67],"product_tag":[],"class_list":{"0":"post-1152","1":"product","2":"type-product","3":"status-publish","5":"product_cat-kemikalier-og-opvaskemiddler","7":"first","8":"instock","9":"taxable","10":"shipping-taxable","11":"purchasable","12":"product-type-simple"},"acf":[],"yoast_head":"<!-- This site is optimized with the Yoast SEO Premium plugin v22.7 (Yoast SEO v23.9) - https:\/\/yoast.com\/wordpress\/plugins\/seo\/ -->\n<title>Base til opvaskemaskine med C 68 E guider - Hoonved Nordic<\/title>\n<meta name=\"robots\" content=\"index, follow, max-snippet:-1, max-image-preview:large, max-video-preview:-1\" \/>\n<link rel=\"canonical\" href=\"https:\/\/hoonved-nordic.dk\/en\/product\/base-til-opvaskemaskine-med-c-68-e-guider\/\" \/>\n<meta property=\"og:locale\" content=\"en_GB\" \/>\n<meta property=\"og:type\" content=\"article\" \/>\n<meta property=\"og:title\" content=\"Base til opvaskemaskine med C 68 E guider\" \/>\n<meta property=\"og:description\" content=\"Base lukket p\u00e5 tre sider med C 68 E guider og 7 mm f\u00f8dder. Dimensioner: L\u00e6ngde 655 mm, Bredde 596 mm. Designet til optimal st\u00f8tte og funktionalitet i opvaskemaskiner. Ideel til effektiv opbevaring af opvaskekurve.\" \/>\n<meta property=\"og:url\" content=\"https:\/\/hoonved-nordic.dk\/en\/product\/base-til-opvaskemaskine-med-c-68-e-guider\/\" \/>\n<meta property=\"og:site_name\" content=\"Hoonved Nordic\" \/>\n<meta property=\"article:modified_time\" content=\"2025-03-20T15:45:02+00:00\" \/>\n<meta name=\"twitter:card\" content=\"summary_large_image\" \/>\n<script type=\"application\/ld+json\" class=\"yoast-schema-graph\">{\"@context\":\"https:\/\/schema.org\",\"@graph\":[{\"@type\":\"WebPage\",\"@id\":\"https:\/\/hoonved-nordic.dk\/product\/base-til-opvaskemaskine-med-c-68-e-guider\",\"url\":\"https:\/\/hoonved-nordic.dk\/product\/base-til-opvaskemaskine-med-c-68-e-guider\",\"name\":\"Base til opvaskemaskine med C 68 E guider - Hoonved Nordic\",\"isPartOf\":{\"@id\":\"https:\/\/hoonved-nordic.dk\/#website\"},\"datePublished\":\"2025-03-20T13:28:36+00:00\",\"dateModified\":\"2025-03-20T15:45:02+00:00\",\"breadcrumb\":{\"@id\":\"https:\/\/hoonved-nordic.dk\/product\/base-til-opvaskemaskine-med-c-68-e-guider#breadcrumb\"},\"inLanguage\":\"en-GB\",\"potentialAction\":[{\"@type\":\"ReadAction\",\"target\":[\"https:\/\/hoonved-nordic.dk\/product\/base-til-opvaskemaskine-med-c-68-e-guider\"]}]},{\"@type\":\"BreadcrumbList\",\"@id\":\"https:\/\/hoonved-nordic.dk\/product\/base-til-opvaskemaskine-med-c-68-e-guider#breadcrumb\",\"itemListElement\":[{\"@type\":\"ListItem\",\"position\":1,\"name\":\"Hjem\",\"item\":\"https:\/\/hoonved-nordic.dk\/\"},{\"@type\":\"ListItem\",\"position\":2,\"name\":\"Shop\",\"item\":\"https:\/\/hoonved-nordic.dk\/shop\"},{\"@type\":\"ListItem\",\"position\":3,\"name\":\"Base til opvaskemaskine med C 68 E guider\"}]},{\"@type\":\"WebSite\",\"@id\":\"https:\/\/hoonved-nordic.dk\/#website\",\"url\":\"https:\/\/hoonved-nordic.dk\/\",\"name\":\"Hoonved Nordic\",\"description\":\"\",\"potentialAction\":[{\"@type\":\"SearchAction\",\"target\":{\"@type\":\"EntryPoint\",\"urlTemplate\":\"https:\/\/hoonved-nordic.dk\/?s={search_term_string}\"},\"query-input\":{\"@type\":\"PropertyValueSpecification\",\"valueRequired\":true,\"valueName\":\"search_term_string\"}}],\"inLanguage\":\"en-GB\"},{\"@type\":\"ImageObject\",\"inLanguage\":\"en-GB\",\"@id\":\"https:\/\/hoonved-nordic.dk\/product\/base-til-opvaskemaskine-med-c-68-e-guider#local-main-organization-logo\",\"url\":\"\",\"contentUrl\":\"\",\"caption\":\"Hoonved Nordic\"}]}<\/script>\n<!-- \/ Yoast SEO Premium plugin. -->","yoast_head_json":{"title":"Base til opvaskemaskine med C 68 E guider - Hoonved Nordic","robots":{"index":"index","follow":"follow","max-snippet":"max-snippet:-1","max-image-preview":"max-image-preview:large","max-video-preview":"max-video-preview:-1"},"canonical":"https:\/\/hoonved-nordic.dk\/en\/product\/base-til-opvaskemaskine-med-c-68-e-guider\/","og_locale":"en_GB","og_type":"article","og_title":"Base til opvaskemaskine med C 68 E guider","og_description":"Base lukket p\u00e5 tre sider med C 68 E guider og 7 mm f\u00f8dder. Dimensioner: L\u00e6ngde 655 mm, Bredde 596 mm. Designet til optimal st\u00f8tte og funktionalitet i opvaskemaskiner. Ideel til effektiv opbevaring af opvaskekurve.","og_url":"https:\/\/hoonved-nordic.dk\/en\/product\/base-til-opvaskemaskine-med-c-68-e-guider\/","og_site_name":"Hoonved Nordic","article_modified_time":"2025-03-20T15:45:02+00:00","twitter_card":"summary_large_image","schema":{"@context":"https:\/\/schema.org","@graph":[{"@type":"WebPage","@id":"https:\/\/hoonved-nordic.dk\/product\/base-til-opvaskemaskine-med-c-68-e-guider","url":"https:\/\/hoonved-nordic.dk\/product\/base-til-opvaskemaskine-med-c-68-e-guider","name":"Base til opvaskemaskine med C 68 E guider - Hoonved Nordic","isPartOf":{"@id":"https:\/\/hoonved-nordic.dk\/#website"},"datePublished":"2025-03-20T13:28:36+00:00","dateModified":"2025-03-20T15:45:02+00:00","breadcrumb":{"@id":"https:\/\/hoonved-nordic.dk\/product\/base-til-opvaskemaskine-med-c-68-e-guider#breadcrumb"},"inLanguage":"en-GB","potentialAction":[{"@type":"ReadAction","target":["https:\/\/hoonved-nordic.dk\/product\/base-til-opvaskemaskine-med-c-68-e-guider"]}]},{"@type":"BreadcrumbList","@id":"https:\/\/hoonved-nordic.dk\/product\/base-til-opvaskemaskine-med-c-68-e-guider#breadcrumb","itemListElement":[{"@type":"ListItem","position":1,"name":"Hjem","item":"https:\/\/hoonved-nordic.dk\/"},{"@type":"ListItem","position":2,"name":"Shop","item":"https:\/\/hoonved-nordic.dk\/shop"},{"@type":"ListItem","position":3,"name":"Base til opvaskemaskine med C 68 E guider"}]},{"@type":"WebSite","@id":"https:\/\/hoonved-nordic.dk\/#website","url":"https:\/\/hoonved-nordic.dk\/","name":"Hoonved Nordic","description":"","potentialAction":[{"@type":"SearchAction","target":{"@type":"EntryPoint","urlTemplate":"https:\/\/hoonved-nordic.dk\/?s={search_term_string}"},"query-input":{"@type":"PropertyValueSpecification","valueRequired":true,"valueName":"search_term_string"}}],"inLanguage":"en-GB"},{"@type":"ImageObject","inLanguage":"en-GB","@id":"https:\/\/hoonved-nordic.dk\/product\/base-til-opvaskemaskine-med-c-68-e-guider#local-main-organization-logo","url":"","contentUrl":"","caption":"Hoonved Nordic"}]}},"_links":{"self":[{"href":"https:\/\/hoonved-nordic.dk\/en\/wp-json\/wp\/v2\/product\/1152","targetHints":{"allow":["GET"]}}],"collection":[{"href":"https:\/\/hoonved-nordic.dk\/en\/wp-json\/wp\/v2\/product"}],"about":[{"href":"https:\/\/hoonved-nordic.dk\/en\/wp-json\/wp\/v2\/types\/product"}],"wp:attachment":[{"href":"https:\/\/hoonved-nordic.dk\/en\/wp-json\/wp\/v2\/media?parent=1152"}],"wp:term":[{"taxonomy":"product_brand","embeddable":true,"href":"https:\/\/hoonved-nordic.dk\/en\/wp-json\/wp\/v2\/product_brand?post=1152"},{"taxonomy":"product_cat","embeddable":true,"href":"https:\/\/hoonved-nordic.dk\/en\/wp-json\/wp\/v2\/product_cat?post=1152"},{"taxonomy":"product_tag","embeddable":true,"href":"https:\/\/hoonved-nordic.dk\/en\/wp-json\/wp\/v2\/product_tag?post=1152"}],"curies":[{"name":"wp","href":"https:\/\/api.w.org\/{rel}","templated":true}]}}