{"id":1227,"date":"2025-03-20T13:30:27","date_gmt":"2025-03-20T13:30:27","guid":{"rendered":"https:\/\/hoonved-nordic.dk\/product\/indgangs-og-udgangsbord-med-4-ben-i-rustfrit-staal-3"},"modified":"2025-03-20T15:45:08","modified_gmt":"2025-03-20T15:45:08","slug":"indgangs-og-udgangsbord-med-4-ben-i-rustfrit-staal-3","status":"publish","type":"product","link":"https:\/\/hoonved-nordic.dk\/en\/product\/indgangs-og-udgangsbord-med-4-ben-i-rustfrit-staal-3","title":{"rendered":"Entrance and exit table with 4 stainless steel legs"},"content":{"rendered":"<ul>\n<li>Entrance and exit table with 4 legs in stainless steel AISI 304<\/li>\n<li>Designed for efficient dishwashing handling<\/li>\n<li>Optimal stability and durability<\/li>\n<li>Ideal for commercial kitchens<\/li>\n<li>Promotes hygiene and functionality<\/li>\n<li>Suitable for loading and unloading dishwashers<\/li>\n<\/ul>","protected":false},"excerpt":{"rendered":"<p>Entry and exit table with 4 legs in stainless steel AISI 304. Designed for efficient handling of dishes, ensuring stability and durability. Ideal for commercial kitchens where hygiene and functionality are essential. Optimal for loading and unloading dishwashers.<\/p>","protected":false},"featured_media":0,"template":"","meta":{"_acf_changed":false,"inline_featured_image":false},"product_brand":[],"product_cat":[67],"product_tag":[],"class_list":{"0":"post-1227","1":"product","2":"type-product","3":"status-publish","5":"product_cat-kemikalier-og-opvaskemiddler","7":"first","8":"instock","9":"taxable","10":"shipping-taxable","11":"purchasable","12":"product-type-simple"},"acf":[],"yoast_head":"<!-- This site is optimized with the Yoast SEO Premium plugin v22.7 (Yoast SEO v23.9) - https:\/\/yoast.com\/wordpress\/plugins\/seo\/ -->\n<title>Indgangs- og udgangsbord med 4 ben i rustfrit st\u00e5l - Hoonved Nordic<\/title>\n<meta name=\"robots\" content=\"index, follow, max-snippet:-1, max-image-preview:large, max-video-preview:-1\" \/>\n<link rel=\"canonical\" href=\"https:\/\/hoonved-nordic.dk\/en\/product\/indgangs-og-udgangsbord-med-4-ben-i-rustfrit-staal-3\/\" \/>\n<meta property=\"og:locale\" content=\"en_GB\" \/>\n<meta property=\"og:type\" content=\"article\" \/>\n<meta property=\"og:title\" content=\"Indgangs- og udgangsbord med 4 ben i rustfrit st\u00e5l\" \/>\n<meta property=\"og:description\" content=\"Indgangs- og udgangsbord med 4 ben i rustfrit st\u00e5l AISI 304. Designet til effektiv h\u00e5ndtering af opvask, sikrer stabilitet og holdbarhed. Ideel til kommercielle k\u00f8kkener, hvor hygiejne og funktionalitet er afg\u00f8rende. Optimal til belastning og afl\u00e6sning af opvaskemaskiner.\" \/>\n<meta property=\"og:url\" content=\"https:\/\/hoonved-nordic.dk\/en\/product\/indgangs-og-udgangsbord-med-4-ben-i-rustfrit-staal-3\/\" \/>\n<meta property=\"og:site_name\" content=\"Hoonved Nordic\" \/>\n<meta property=\"article:modified_time\" content=\"2025-03-20T15:45:08+00:00\" \/>\n<meta name=\"twitter:card\" content=\"summary_large_image\" \/>\n<script type=\"application\/ld+json\" class=\"yoast-schema-graph\">{\"@context\":\"https:\/\/schema.org\",\"@graph\":[{\"@type\":\"WebPage\",\"@id\":\"https:\/\/hoonved-nordic.dk\/product\/indgangs-og-udgangsbord-med-4-ben-i-rustfrit-staal-3\",\"url\":\"https:\/\/hoonved-nordic.dk\/product\/indgangs-og-udgangsbord-med-4-ben-i-rustfrit-staal-3\",\"name\":\"Indgangs- og udgangsbord med 4 ben i rustfrit st\u00e5l - Hoonved Nordic\",\"isPartOf\":{\"@id\":\"https:\/\/hoonved-nordic.dk\/#website\"},\"datePublished\":\"2025-03-20T13:30:27+00:00\",\"dateModified\":\"2025-03-20T15:45:08+00:00\",\"breadcrumb\":{\"@id\":\"https:\/\/hoonved-nordic.dk\/product\/indgangs-og-udgangsbord-med-4-ben-i-rustfrit-staal-3#breadcrumb\"},\"inLanguage\":\"en-GB\",\"potentialAction\":[{\"@type\":\"ReadAction\",\"target\":[\"https:\/\/hoonved-nordic.dk\/product\/indgangs-og-udgangsbord-med-4-ben-i-rustfrit-staal-3\"]}]},{\"@type\":\"BreadcrumbList\",\"@id\":\"https:\/\/hoonved-nordic.dk\/product\/indgangs-og-udgangsbord-med-4-ben-i-rustfrit-staal-3#breadcrumb\",\"itemListElement\":[{\"@type\":\"ListItem\",\"position\":1,\"name\":\"Hjem\",\"item\":\"https:\/\/hoonved-nordic.dk\/\"},{\"@type\":\"ListItem\",\"position\":2,\"name\":\"Shop\",\"item\":\"https:\/\/hoonved-nordic.dk\/shop\"},{\"@type\":\"ListItem\",\"position\":3,\"name\":\"Indgangs- og udgangsbord med 4 ben i rustfrit st\u00e5l\"}]},{\"@type\":\"WebSite\",\"@id\":\"https:\/\/hoonved-nordic.dk\/#website\",\"url\":\"https:\/\/hoonved-nordic.dk\/\",\"name\":\"Hoonved Nordic\",\"description\":\"\",\"potentialAction\":[{\"@type\":\"SearchAction\",\"target\":{\"@type\":\"EntryPoint\",\"urlTemplate\":\"https:\/\/hoonved-nordic.dk\/?s={search_term_string}\"},\"query-input\":{\"@type\":\"PropertyValueSpecification\",\"valueRequired\":true,\"valueName\":\"search_term_string\"}}],\"inLanguage\":\"en-GB\"},{\"@type\":\"ImageObject\",\"inLanguage\":\"en-GB\",\"@id\":\"https:\/\/hoonved-nordic.dk\/product\/indgangs-og-udgangsbord-med-4-ben-i-rustfrit-staal-3#local-main-organization-logo\",\"url\":\"\",\"contentUrl\":\"\",\"caption\":\"Hoonved Nordic\"}]}<\/script>\n<!-- \/ Yoast SEO Premium plugin. -->","yoast_head_json":{"title":"Indgangs- og udgangsbord med 4 ben i rustfrit st\u00e5l - Hoonved Nordic","robots":{"index":"index","follow":"follow","max-snippet":"max-snippet:-1","max-image-preview":"max-image-preview:large","max-video-preview":"max-video-preview:-1"},"canonical":"https:\/\/hoonved-nordic.dk\/en\/product\/indgangs-og-udgangsbord-med-4-ben-i-rustfrit-staal-3\/","og_locale":"en_GB","og_type":"article","og_title":"Indgangs- og udgangsbord med 4 ben i rustfrit st\u00e5l","og_description":"Indgangs- og udgangsbord med 4 ben i rustfrit st\u00e5l AISI 304. Designet til effektiv h\u00e5ndtering af opvask, sikrer stabilitet og holdbarhed. Ideel til kommercielle k\u00f8kkener, hvor hygiejne og funktionalitet er afg\u00f8rende. Optimal til belastning og afl\u00e6sning af opvaskemaskiner.","og_url":"https:\/\/hoonved-nordic.dk\/en\/product\/indgangs-og-udgangsbord-med-4-ben-i-rustfrit-staal-3\/","og_site_name":"Hoonved Nordic","article_modified_time":"2025-03-20T15:45:08+00:00","twitter_card":"summary_large_image","schema":{"@context":"https:\/\/schema.org","@graph":[{"@type":"WebPage","@id":"https:\/\/hoonved-nordic.dk\/product\/indgangs-og-udgangsbord-med-4-ben-i-rustfrit-staal-3","url":"https:\/\/hoonved-nordic.dk\/product\/indgangs-og-udgangsbord-med-4-ben-i-rustfrit-staal-3","name":"Indgangs- og udgangsbord med 4 ben i rustfrit st\u00e5l - Hoonved Nordic","isPartOf":{"@id":"https:\/\/hoonved-nordic.dk\/#website"},"datePublished":"2025-03-20T13:30:27+00:00","dateModified":"2025-03-20T15:45:08+00:00","breadcrumb":{"@id":"https:\/\/hoonved-nordic.dk\/product\/indgangs-og-udgangsbord-med-4-ben-i-rustfrit-staal-3#breadcrumb"},"inLanguage":"en-GB","potentialAction":[{"@type":"ReadAction","target":["https:\/\/hoonved-nordic.dk\/product\/indgangs-og-udgangsbord-med-4-ben-i-rustfrit-staal-3"]}]},{"@type":"BreadcrumbList","@id":"https:\/\/hoonved-nordic.dk\/product\/indgangs-og-udgangsbord-med-4-ben-i-rustfrit-staal-3#breadcrumb","itemListElement":[{"@type":"ListItem","position":1,"name":"Hjem","item":"https:\/\/hoonved-nordic.dk\/"},{"@type":"ListItem","position":2,"name":"Shop","item":"https:\/\/hoonved-nordic.dk\/shop"},{"@type":"ListItem","position":3,"name":"Indgangs- og udgangsbord med 4 ben i rustfrit st\u00e5l"}]},{"@type":"WebSite","@id":"https:\/\/hoonved-nordic.dk\/#website","url":"https:\/\/hoonved-nordic.dk\/","name":"Hoonved Nordic","description":"","potentialAction":[{"@type":"SearchAction","target":{"@type":"EntryPoint","urlTemplate":"https:\/\/hoonved-nordic.dk\/?s={search_term_string}"},"query-input":{"@type":"PropertyValueSpecification","valueRequired":true,"valueName":"search_term_string"}}],"inLanguage":"en-GB"},{"@type":"ImageObject","inLanguage":"en-GB","@id":"https:\/\/hoonved-nordic.dk\/product\/indgangs-og-udgangsbord-med-4-ben-i-rustfrit-staal-3#local-main-organization-logo","url":"","contentUrl":"","caption":"Hoonved Nordic"}]}},"_links":{"self":[{"href":"https:\/\/hoonved-nordic.dk\/en\/wp-json\/wp\/v2\/product\/1227","targetHints":{"allow":["GET"]}}],"collection":[{"href":"https:\/\/hoonved-nordic.dk\/en\/wp-json\/wp\/v2\/product"}],"about":[{"href":"https:\/\/hoonved-nordic.dk\/en\/wp-json\/wp\/v2\/types\/product"}],"wp:attachment":[{"href":"https:\/\/hoonved-nordic.dk\/en\/wp-json\/wp\/v2\/media?parent=1227"}],"wp:term":[{"taxonomy":"product_brand","embeddable":true,"href":"https:\/\/hoonved-nordic.dk\/en\/wp-json\/wp\/v2\/product_brand?post=1227"},{"taxonomy":"product_cat","embeddable":true,"href":"https:\/\/hoonved-nordic.dk\/en\/wp-json\/wp\/v2\/product_cat?post=1227"},{"taxonomy":"product_tag","embeddable":true,"href":"https:\/\/hoonved-nordic.dk\/en\/wp-json\/wp\/v2\/product_tag?post=1227"}],"curies":[{"name":"wp","href":"https:\/\/api.w.org\/{rel}","templated":true}]}}