{"id":1032,"date":"2025-03-19T07:32:31","date_gmt":"2025-03-19T07:32:31","guid":{"rendered":"https:\/\/hoonved-nordic.dk\/?post_type=product&#038;p=1032"},"modified":"2025-03-19T07:53:57","modified_gmt":"2025-03-19T07:53:57","slug":"hoonved-tlc100-auto-haette-opvaskemaskine-m-autom-loeft","status":"publish","type":"product","link":"https:\/\/hoonved-nordic.dk\/nb\/product\/hoonved-tlc100-auto-haette-opvaskemaskine-m-autom-loeft","title":{"rendered":"Hoonved - TLC100 AUTO - Oppvaskmaskin med hette m\/autom.  l\u00f8ft"},"content":{"rendered":"<h1>Hoonved TLC100 hetteoppvaskmaskin med automatisk hettel\u00f8ft<\/h1>\n<p>Med Hoonved TLC100 g\u00e5r vi inn i en ny \u00e6ra av oppvaskmaskiner der avansert teknologi m\u00f8ter hverdagens krav til effektivitet og energisparing. Denne maskinen er designet for \u00e5 h\u00e5ndtere opptil 1474 tallerkener i timen, og er ideell for travle restauranter og bistroer som \u00f8nsker maksimal hygiene i hver eneste vask.<\/p>\n<p><img decoding=\"async\" class=\"size-full wp-image-56016 alignleft\" style=\"color: #555555; font-size: 14.4px;\" src=\"https:\/\/elding-nordic.dk\/wp-content\/uploads\/2024\/03\/tlc_aggiornata-2.jpg\" alt=\"\" width=\"563\" height=\"846\" \/><\/p>\n<h2>Bygget for krevende milj\u00f8er<\/h2>\n<p>Isolasjon med doble vegger og en autonom rengj\u00f8ringsfunksjon gj\u00f8r TLC100 til en stilleg\u00e5ende partner (&lt;70 dB) p\u00e5 kj\u00f8kkenet. Den romslige 42-liters tanken og en effektiv 1100 W-vaskepumpe sikrer at TLC100 kan h\u00e5ndtere store oppvaskmengder med enest\u00e5ende rengj\u00f8ringsresultater.<\/p>\n<ul>\n<li>Sykluser p\u00e5 63, 88, 118 og 238 sekunder, pluss en energisparende ECO2-syklus<\/li>\n<li>Integrert Break Tank System for konsistente spyleforhold<\/li>\n<li>Standard doseringspumper for skyllemiddel og vaskemiddel<\/li>\n<\/ul>\n<h2>Smarte funksjoner for optimalisert ytelse<\/h2>\n<p>TLC100 kan leveres med avanserte funksjoner som for eksempel en RCC-kondenseringsenhet (ekstrautstyr) som ikke bare reduserer dampen i kj\u00f8kkenet, men ogs\u00e5 gjenvinner varmen for \u00e5 forbedre energieffektiviteten. Maskinen kan stilles inn til \u00e5 starte automatisk n\u00e5r kj\u00f8kkenhetten lukkes, noe som understreker Hoonveds satsing p\u00e5 innovative l\u00f8sninger.<\/p>\n<h3>Hygiene og sikkerhet i h\u00f8ysetet<\/h3>\n<p>TLC100 er konstruert med spesielt fokus p\u00e5 hygiene. Lett tilgjengelige filtre og et helt avrundet interi\u00f8r sikrer enkel rengj\u00f8ring og vedlikehold. En sikkerhetsmikrobryter og lavspenningskontroll bidrar til operat\u00f8rens sikkerhet under bruk.<\/p>\n<p>Oppvaskmaskiner med hette, som Hoonved TLC100, er en sentral del av kj\u00f8kkenet i mange forskjellige gastronomiske milj\u00f8er. Disse maskinene er designet for \u00e5 oppfylle behovene i en travel hverdag, der tid er avgj\u00f8rende og renhold er en absolutt n\u00f8dvendighet. TLC100 skiller seg ut med sin brukerorienterte design, avanserte vannbesparende teknologi og energieffektivitet, noe som gj\u00f8r den til et optimalt valg for en rekke n\u00e6ringsmiddelbaserte virksomheter.<\/p>\n<p><strong>I restauranter<\/strong> TLC100 s\u00f8rger for en konstant str\u00f8m av rene tallerkener og redskaper, selv i de travleste serveringstidene. Den raske syklustiden betyr at kj\u00f8kkenpersonalet kan fortsette serveringen uten forsinkelser, noe som gir kundene en bedre opplevelse og kj\u00f8kkenet en smidigere drift.<\/p>\n<p><strong>Bistroer<\/strong>TLC100 har en kompakt design og h\u00f8y ytelse, noe som ofte kjennetegnes av en koselig atmosf\u00e6re og rask betjening. Den gir stilleg\u00e5ende drift, noe som er avgj\u00f8rende i intime lokaler der kundetilfredsheten ogs\u00e5 avhenger av et rolig milj\u00f8.<\/p>\n<p><strong>Hurtigmatbutikker<\/strong>N\u00e5r effektiviteten i hvert trinn i serveringsprosessen er avgj\u00f8rende, vil du finne den automatiske startfunksjonen og de tilpassede vaskesyklusene til TLC100 uvurderlige. Rask behandlingstid p\u00e5 serviceartikler er ikke bare \u00f8nskelig, men ogs\u00e5 n\u00f8dvendig for \u00e5 holde tritt med kundeflyten.<\/p>\n<p><strong>Iskremsalonger<\/strong> og lignende spesialforretninger som krever hyppig vask av sm\u00e5 gjenstander som skjeer og boller, vil finne TLC100s 500\u00d7500 mm store stativ perfekt for jobben. Maskinens evne til \u00e5 levere rent og t\u00f8rt kj\u00f8kkenutstyr ved hver vaskesyklus er avgj\u00f8rende for virksomheter der renhet er synlig for kunden.<\/p>\n<p>TLC100's <strong>RCC-kondenseringsenhet (tilleggsutstyr)<\/strong> er et sterkt salgsargument for alle disse bransjene, ettersom det lover et bedre arbeidsmilj\u00f8 ved \u00e5 redusere luftfuktigheten i rommet og gjenvinne varmen fra dampen. Dette, sammen med <strong>Break Tank System<\/strong>som sikrer jevn skylling, understreker TLC100s posisjon som en milj\u00f8vennlig og kostnadseffektiv oppvaskl\u00f8sning.<\/p>\n<h3>Tilkoblet og kontrollerbar (valgfritt)<\/h3>\n<p><em>M\u00e5 kj\u00f8pes n\u00e5r maskinen kj\u00f8pes for f\u00f8rste gang.<\/em><\/p>\n<p><img decoding=\"async\" class=\"size-full wp-image-56015 alignnone\" src=\"https:\/\/elding-nordic.dk\/wp-content\/uploads\/2024\/03\/tlc_aggiornata.jpg\" alt=\"\" width=\"526\" height=\"446\" \/><\/p>\n<p><strong>Kj\u00f8p:<\/strong> Wi-Fi-tilkobling og H-Cloud-systemet gir TLC100-eiere avansert overv\u00e5king og kontroll over maskinen, noe som f\u00f8rer til optimaliserte forbruks- og vedlikeholdsprosesser.<\/p>\n<h3>En visjon for fremtidens kj\u00f8kken<\/h3>\n<p>Hoonved TLC100 er en banebrytende oppvaskmaskin som er klar til \u00e5 oppfylle og overg\u00e5 de h\u00f8yeste standarder for rengj\u00f8ring og driftseffektivitet. Kontakt oss for \u00e5 se hvordan TLC100 kan forandre rengj\u00f8ringsrutinene p\u00e5 kj\u00f8kkenet ditt.<\/p>\n<p>&nbsp;<\/p>\n<p>&nbsp;<\/p>\n<table>\n<tbody>\n<tr>\n<td width=\"122\">Modell<\/td>\n<td width=\"128\">TLC 100<\/td>\n<\/tr>\n<tr>\n<td>Sykluslengde<\/td>\n<td>63 - 88 - 118 - 238 sek + ECO2<\/td>\n<\/tr>\n<tr>\n<td>Vaskeplass<\/td>\n<td>400 mm<\/td>\n<\/tr>\n<tr>\n<td>Stativ<\/td>\n<td>500\u00d7500 mm<\/td>\n<\/tr>\n<tr>\n<td>Konstruksjon<\/td>\n<td>Dobbel vegg<\/td>\n<\/tr>\n<tr>\n<td>Maskinens interi\u00f8r<\/td>\n<td>Selvrensende<\/td>\n<\/tr>\n<tr>\n<td>Pumpe for skyllemiddel<\/td>\n<td>Standard<\/td>\n<\/tr>\n<tr>\n<td>Vaskepumpe<\/td>\n<td>1100 W<\/td>\n<\/tr>\n<tr>\n<td>Retter\/h<\/td>\n<td>1000<\/td>\n<\/tr>\n<tr>\n<td>Vaskemiddelpumpe<\/td>\n<td>Standard<\/td>\n<\/tr>\n<tr>\n<td>Break Tank System<\/td>\n<td>Standard<\/td>\n<\/tr>\n<tr>\n<td>Elektrisk tilkobling<\/td>\n<td>230 V\/3\/50 Hz; 400 V\/3N\/50 Hz<\/td>\n<\/tr>\n<tr>\n<td>Total effekt<\/td>\n<td>10100 W<\/td>\n<\/tr>\n<tr>\n<td>Kjelevarmer<\/td>\n<td>9000 W<\/td>\n<\/tr>\n<tr>\n<td>Tankvarmer<\/td>\n<td>3000 W<\/td>\n<\/tr>\n<tr>\n<td>Tankens kapasitet<\/td>\n<td>42 l<\/td>\n<\/tr>\n<tr>\n<td>Kjelens kapasitet<\/td>\n<td>8,2 l<\/td>\n<\/tr>\n<tr>\n<td>Vannforsyning<\/td>\n<td>2\u00f74 bar \u00d8 3\/4\"G<\/td>\n<\/tr>\n<tr>\n<td>Vannforbrukssyklus<\/td>\n<td>3,5 l<\/td>\n<\/tr>\n<tr>\n<td>Tilkobling for avl\u00f8psslange<\/td>\n<td>\u00d8 1\"G<\/td>\n<\/tr>\n<tr>\n<td>Akustisk trykkniv\u00e5<\/td>\n<td>&lt; 70 db (A)<\/td>\n<\/tr>\n<tr>\n<td>RCC-kondenseringsenhet<\/td>\n<td>P\u00e5 foresp\u00f8rsel<\/td>\n<\/tr>\n<\/tbody>\n<\/table>","protected":false},"excerpt":{"rendered":"<p>Effektiv Hoonved TLC100 hetteoppvaskmaskin med automatisk hettel\u00f8ft med opptil 1474 tallerkener\/t, TFT-ber\u00f8ringsgrensesnitt og energigjenvinningsfunksjon. Perfekt for restauranter og bistroer.<\/p>\n<p style=\"font-weight: 400;\"><strong>Inkl. avl\u00f8pspumpe, skylle- og s\u00e5pepumpe<\/strong><\/p>","protected":false},"featured_media":1040,"template":"","meta":{"_acf_changed":false,"inline_featured_image":false},"product_brand":[],"product_cat":[40],"product_tag":[43],"class_list":{"0":"post-1032","1":"product","2":"type-product","3":"status-publish","4":"has-post-thumbnail","6":"product_cat-tlc","7":"product_tag-hoonved","9":"first","10":"onbackorder","11":"taxable","12":"shipping-taxable","13":"purchasable","14":"product-type-simple"},"acf":[],"yoast_head":"<!-- This site is optimized with the Yoast SEO Premium plugin v22.7 (Yoast SEO v23.9) - https:\/\/yoast.com\/wordpress\/plugins\/seo\/ -->\n<title>Hoonved - TLC100 AUTO - H\u00e6tte opvaskemaskine m\/autom. l\u00f8ft - Hoonved Nordic<\/title>\n<meta name=\"robots\" content=\"index, follow, max-snippet:-1, max-image-preview:large, max-video-preview:-1\" \/>\n<link rel=\"canonical\" href=\"https:\/\/hoonved-nordic.dk\/nb\/product\/hoonved-tlc100-auto-haette-opvaskemaskine-m-autom-loeft\/\" \/>\n<meta property=\"og:locale\" content=\"nb_NO\" \/>\n<meta property=\"og:type\" content=\"article\" \/>\n<meta property=\"og:title\" content=\"Hoonved - TLC100 AUTO - H\u00e6tte opvaskemaskine m\/autom. l\u00f8ft\" \/>\n<meta property=\"og:description\" content=\"Effektiv Hoonved TLC100 h\u00e6tteopvaskemaskine m\/ Automatisk h\u00e6ttel\u00f8ft med op til 1,474 tallerkener\/t, TFT touch interface og energigenvindingsfunktion. Perfekt for restauranter og bistroer. Inkl. Afl\u00f8bspumpe, afsp\u00e6ndings &amp; s\u00e6be pumpe\" \/>\n<meta property=\"og:url\" content=\"https:\/\/hoonved-nordic.dk\/nb\/product\/hoonved-tlc100-auto-haette-opvaskemaskine-m-autom-loeft\/\" \/>\n<meta property=\"og:site_name\" content=\"Hoonved Nordic\" \/>\n<meta property=\"article:modified_time\" content=\"2025-03-19T07:53:57+00:00\" \/>\n<meta property=\"og:image\" content=\"https:\/\/hoonved-nordic.dk\/wp-content\/uploads\/2025\/03\/hoonved-opvaskemaskine-cap7pd-ps.jpg\" \/>\n\t<meta property=\"og:image:width\" content=\"454\" \/>\n\t<meta property=\"og:image:height\" content=\"1000\" \/>\n\t<meta property=\"og:image:type\" content=\"image\/jpeg\" \/>\n<meta name=\"twitter:card\" content=\"summary_large_image\" \/>\n<meta name=\"twitter:label1\" content=\"Ansl. lesetid\" \/>\n\t<meta name=\"twitter:data1\" content=\"4 minutter\" \/>\n<script type=\"application\/ld+json\" class=\"yoast-schema-graph\">{\"@context\":\"https:\/\/schema.org\",\"@graph\":[{\"@type\":\"WebPage\",\"@id\":\"https:\/\/hoonved-nordic.dk\/product\/hoonved-tlc100-auto-haette-opvaskemaskine-m-autom-loeft\",\"url\":\"https:\/\/hoonved-nordic.dk\/product\/hoonved-tlc100-auto-haette-opvaskemaskine-m-autom-loeft\",\"name\":\"Hoonved - TLC100 AUTO - H\u00e6tte opvaskemaskine m\/autom. l\u00f8ft - Hoonved Nordic\",\"isPartOf\":{\"@id\":\"https:\/\/hoonved-nordic.dk\/#website\"},\"primaryImageOfPage\":{\"@id\":\"https:\/\/hoonved-nordic.dk\/product\/hoonved-tlc100-auto-haette-opvaskemaskine-m-autom-loeft#primaryimage\"},\"image\":{\"@id\":\"https:\/\/hoonved-nordic.dk\/product\/hoonved-tlc100-auto-haette-opvaskemaskine-m-autom-loeft#primaryimage\"},\"thumbnailUrl\":\"https:\/\/hoonved-nordic.dk\/wp-content\/uploads\/2025\/03\/hoonved-opvaskemaskine-cap7pd-ps.jpg\",\"datePublished\":\"2025-03-19T07:32:31+00:00\",\"dateModified\":\"2025-03-19T07:53:57+00:00\",\"breadcrumb\":{\"@id\":\"https:\/\/hoonved-nordic.dk\/product\/hoonved-tlc100-auto-haette-opvaskemaskine-m-autom-loeft#breadcrumb\"},\"inLanguage\":\"nb-NO\",\"potentialAction\":[{\"@type\":\"ReadAction\",\"target\":[\"https:\/\/hoonved-nordic.dk\/product\/hoonved-tlc100-auto-haette-opvaskemaskine-m-autom-loeft\"]}]},{\"@type\":\"ImageObject\",\"inLanguage\":\"nb-NO\",\"@id\":\"https:\/\/hoonved-nordic.dk\/product\/hoonved-tlc100-auto-haette-opvaskemaskine-m-autom-loeft#primaryimage\",\"url\":\"https:\/\/hoonved-nordic.dk\/wp-content\/uploads\/2025\/03\/hoonved-opvaskemaskine-cap7pd-ps.jpg\",\"contentUrl\":\"https:\/\/hoonved-nordic.dk\/wp-content\/uploads\/2025\/03\/hoonved-opvaskemaskine-cap7pd-ps.jpg\",\"width\":454,\"height\":1000},{\"@type\":\"BreadcrumbList\",\"@id\":\"https:\/\/hoonved-nordic.dk\/product\/hoonved-tlc100-auto-haette-opvaskemaskine-m-autom-loeft#breadcrumb\",\"itemListElement\":[{\"@type\":\"ListItem\",\"position\":1,\"name\":\"Hjem\",\"item\":\"https:\/\/hoonved-nordic.dk\/\"},{\"@type\":\"ListItem\",\"position\":2,\"name\":\"Shop\",\"item\":\"https:\/\/hoonved-nordic.dk\/shop\"},{\"@type\":\"ListItem\",\"position\":3,\"name\":\"Hoonved &#8211; TLC100 AUTO &#8211; H\u00e6tte opvaskemaskine m\/autom. l\u00f8ft\"}]},{\"@type\":\"WebSite\",\"@id\":\"https:\/\/hoonved-nordic.dk\/#website\",\"url\":\"https:\/\/hoonved-nordic.dk\/\",\"name\":\"Hoonved Nordic\",\"description\":\"\",\"potentialAction\":[{\"@type\":\"SearchAction\",\"target\":{\"@type\":\"EntryPoint\",\"urlTemplate\":\"https:\/\/hoonved-nordic.dk\/?s={search_term_string}\"},\"query-input\":{\"@type\":\"PropertyValueSpecification\",\"valueRequired\":true,\"valueName\":\"search_term_string\"}}],\"inLanguage\":\"nb-NO\"},{\"@type\":\"ImageObject\",\"inLanguage\":\"nb-NO\",\"@id\":\"https:\/\/hoonved-nordic.dk\/product\/hoonved-tlc100-auto-haette-opvaskemaskine-m-autom-loeft#local-main-organization-logo\",\"url\":\"\",\"contentUrl\":\"\",\"caption\":\"Hoonved Nordic\"}]}<\/script>\n<!-- \/ Yoast SEO Premium plugin. -->","yoast_head_json":{"title":"Hoonved - TLC100 AUTO - H\u00e6tte opvaskemaskine m\/autom. l\u00f8ft - Hoonved Nordic","robots":{"index":"index","follow":"follow","max-snippet":"max-snippet:-1","max-image-preview":"max-image-preview:large","max-video-preview":"max-video-preview:-1"},"canonical":"https:\/\/hoonved-nordic.dk\/nb\/product\/hoonved-tlc100-auto-haette-opvaskemaskine-m-autom-loeft\/","og_locale":"nb_NO","og_type":"article","og_title":"Hoonved - TLC100 AUTO - H\u00e6tte opvaskemaskine m\/autom. l\u00f8ft","og_description":"Effektiv Hoonved TLC100 h\u00e6tteopvaskemaskine m\/ Automatisk h\u00e6ttel\u00f8ft med op til 1,474 tallerkener\/t, TFT touch interface og energigenvindingsfunktion. Perfekt for restauranter og bistroer. Inkl. Afl\u00f8bspumpe, afsp\u00e6ndings &amp; s\u00e6be pumpe","og_url":"https:\/\/hoonved-nordic.dk\/nb\/product\/hoonved-tlc100-auto-haette-opvaskemaskine-m-autom-loeft\/","og_site_name":"Hoonved Nordic","article_modified_time":"2025-03-19T07:53:57+00:00","og_image":[{"width":454,"height":1000,"url":"https:\/\/hoonved-nordic.dk\/wp-content\/uploads\/2025\/03\/hoonved-opvaskemaskine-cap7pd-ps.jpg","type":"image\/jpeg"}],"twitter_card":"summary_large_image","twitter_misc":{"Ansl. lesetid":"4 minutter"},"schema":{"@context":"https:\/\/schema.org","@graph":[{"@type":"WebPage","@id":"https:\/\/hoonved-nordic.dk\/product\/hoonved-tlc100-auto-haette-opvaskemaskine-m-autom-loeft","url":"https:\/\/hoonved-nordic.dk\/product\/hoonved-tlc100-auto-haette-opvaskemaskine-m-autom-loeft","name":"Hoonved - TLC100 AUTO - H\u00e6tte opvaskemaskine m\/autom. l\u00f8ft - Hoonved Nordic","isPartOf":{"@id":"https:\/\/hoonved-nordic.dk\/#website"},"primaryImageOfPage":{"@id":"https:\/\/hoonved-nordic.dk\/product\/hoonved-tlc100-auto-haette-opvaskemaskine-m-autom-loeft#primaryimage"},"image":{"@id":"https:\/\/hoonved-nordic.dk\/product\/hoonved-tlc100-auto-haette-opvaskemaskine-m-autom-loeft#primaryimage"},"thumbnailUrl":"https:\/\/hoonved-nordic.dk\/wp-content\/uploads\/2025\/03\/hoonved-opvaskemaskine-cap7pd-ps.jpg","datePublished":"2025-03-19T07:32:31+00:00","dateModified":"2025-03-19T07:53:57+00:00","breadcrumb":{"@id":"https:\/\/hoonved-nordic.dk\/product\/hoonved-tlc100-auto-haette-opvaskemaskine-m-autom-loeft#breadcrumb"},"inLanguage":"nb-NO","potentialAction":[{"@type":"ReadAction","target":["https:\/\/hoonved-nordic.dk\/product\/hoonved-tlc100-auto-haette-opvaskemaskine-m-autom-loeft"]}]},{"@type":"ImageObject","inLanguage":"nb-NO","@id":"https:\/\/hoonved-nordic.dk\/product\/hoonved-tlc100-auto-haette-opvaskemaskine-m-autom-loeft#primaryimage","url":"https:\/\/hoonved-nordic.dk\/wp-content\/uploads\/2025\/03\/hoonved-opvaskemaskine-cap7pd-ps.jpg","contentUrl":"https:\/\/hoonved-nordic.dk\/wp-content\/uploads\/2025\/03\/hoonved-opvaskemaskine-cap7pd-ps.jpg","width":454,"height":1000},{"@type":"BreadcrumbList","@id":"https:\/\/hoonved-nordic.dk\/product\/hoonved-tlc100-auto-haette-opvaskemaskine-m-autom-loeft#breadcrumb","itemListElement":[{"@type":"ListItem","position":1,"name":"Hjem","item":"https:\/\/hoonved-nordic.dk\/"},{"@type":"ListItem","position":2,"name":"Shop","item":"https:\/\/hoonved-nordic.dk\/shop"},{"@type":"ListItem","position":3,"name":"Hoonved &#8211; TLC100 AUTO &#8211; H\u00e6tte opvaskemaskine m\/autom. l\u00f8ft"}]},{"@type":"WebSite","@id":"https:\/\/hoonved-nordic.dk\/#website","url":"https:\/\/hoonved-nordic.dk\/","name":"Hoonved Nordic","description":"","potentialAction":[{"@type":"SearchAction","target":{"@type":"EntryPoint","urlTemplate":"https:\/\/hoonved-nordic.dk\/?s={search_term_string}"},"query-input":{"@type":"PropertyValueSpecification","valueRequired":true,"valueName":"search_term_string"}}],"inLanguage":"nb-NO"},{"@type":"ImageObject","inLanguage":"nb-NO","@id":"https:\/\/hoonved-nordic.dk\/product\/hoonved-tlc100-auto-haette-opvaskemaskine-m-autom-loeft#local-main-organization-logo","url":"","contentUrl":"","caption":"Hoonved Nordic"}]}},"_links":{"self":[{"href":"https:\/\/hoonved-nordic.dk\/nb\/wp-json\/wp\/v2\/product\/1032","targetHints":{"allow":["GET"]}}],"collection":[{"href":"https:\/\/hoonved-nordic.dk\/nb\/wp-json\/wp\/v2\/product"}],"about":[{"href":"https:\/\/hoonved-nordic.dk\/nb\/wp-json\/wp\/v2\/types\/product"}],"wp:featuredmedia":[{"embeddable":true,"href":"https:\/\/hoonved-nordic.dk\/nb\/wp-json\/wp\/v2\/media\/1040"}],"wp:attachment":[{"href":"https:\/\/hoonved-nordic.dk\/nb\/wp-json\/wp\/v2\/media?parent=1032"}],"wp:term":[{"taxonomy":"product_brand","embeddable":true,"href":"https:\/\/hoonved-nordic.dk\/nb\/wp-json\/wp\/v2\/product_brand?post=1032"},{"taxonomy":"product_cat","embeddable":true,"href":"https:\/\/hoonved-nordic.dk\/nb\/wp-json\/wp\/v2\/product_cat?post=1032"},{"taxonomy":"product_tag","embeddable":true,"href":"https:\/\/hoonved-nordic.dk\/nb\/wp-json\/wp\/v2\/product_tag?post=1032"}],"curies":[{"name":"wp","href":"https:\/\/api.w.org\/{rel}","templated":true}]}}