{"id":1033,"date":"2025-03-19T07:32:31","date_gmt":"2025-03-19T07:32:31","guid":{"rendered":"https:\/\/hoonved-nordic.dk\/?post_type=product&#038;p=1033"},"modified":"2025-03-19T07:32:46","modified_gmt":"2025-03-19T07:32:46","slug":"hoonved-tlc150-haette-opvaskemaskine","status":"publish","type":"product","link":"https:\/\/hoonved-nordic.dk\/nb\/product\/hoonved-tlc150-haette-opvaskemaskine","title":{"rendered":"Hoonved - TLC150 - Oppvaskmaskinhette"},"content":{"rendered":"<h1>Hoonved TLC150 Oppvaskmaskin med hette - Kraftig og p\u00e5litelig<\/h1>\n<p>Den <strong>Hoonved TLC150 oppvaskmaskinhette<\/strong> er et kraftverk for profesjonelle kj\u00f8kken. Uten kondens, men med robust ytelse, leverer denne maskinen ekstraordin\u00e6r rengj\u00f8ringskraft, perfekt for oppgaver med h\u00f8yt volum. Artikkelnummer H58820 garanterer deg en oppvaskmaskin som er bygget for \u00e5 vare.<\/p>\n<h2>Imponerende spesifikasjoner<\/h2>\n<ul>\n<li>Avansert design med dobbeltveggskonstruksjon for <strong>langsiktig drift<\/strong>.<\/li>\n<li>Effektive vaskesykluser som varierer fra 48 til 240 sekunder.<\/li>\n<li>En imponerende kapasitet p\u00e5 opptil <strong>1474 plater per time<\/strong>.<\/li>\n<\/ul>\n<h2>Designet for effektivitet<\/h2>\n<ul>\n<li>En stor 42-liters vasketank og en 8,2-liters kjele s\u00f8rger for at TLC150 takler de travleste periodene med letthet.<\/li>\n<li>En 2200 W vaskemotor som gir <strong>Kraftig og effektiv rengj\u00f8ring<\/strong> Hver gang.<\/li>\n<li>Enkel tilgang til interne komponenter for raskt og enkelt daglig vedlikehold.<\/li>\n<\/ul>\n<p><strong>Oppvaskmaskinhette TLC150<\/strong> er designet for \u00e5 oppfylle de strenge kravene til moderne kj\u00f8kken der effektivitet og p\u00e5litelighet er avgj\u00f8rende. H58820 er en modell som leverer up\u00e5klagelig service dag etter dag uten behov for en kondenseringsenhet.<\/p>\n<h3>Brukervennlighet og kraft<\/h3>\n<p>Denne hetteoppvaskmaskinen fra Hoonved er ikke bare sterk, men ogs\u00e5 sv\u00e6rt brukervennlig. Ergonomisk design med en motbalansert hette som er lett \u00e5 \u00e5pne og kontroller som er intuitive og enkle \u00e5 bruke, gj\u00f8r TLC150 til en favoritt blant kj\u00f8kkenpersonalet.<\/p>\n<h2>Laget med tanke p\u00e5 hygiene<\/h2>\n<p>Hygiene er avgj\u00f8rende i et profesjonelt kj\u00f8kken, og TLC150 skuffer ikke. Det selvrensende interi\u00f8ret og de store filtrene s\u00f8rger for at hver vask oppfyller de h\u00f8yeste krav til renhet.<\/p>\n<h3>Utviklet for sikkerhet<\/h3>\n<p>Sikkerhet er en topp prioritet, og med TLC150s elektroniske lavspenningsstyring og IP53-beskyttelse kan du v\u00e6re sikker p\u00e5 at kj\u00f8kkenet ditt oppfyller alle standarder for sikker drift.<\/p>\n<p>TLC150 er den ultimate l\u00f8sningen for kommersiell oppvask, og kombinerer kraft, effektivitet og brukervennlighet i ett dynamisk system. Velg Hoonved TLC150 for et kj\u00f8kken som alltid presterer p\u00e5 sitt beste.<\/p>\n<p><img decoding=\"async\" class=\"aligncenter size-medium wp-image-56135\" src=\"https:\/\/elding-nordic.dk\/wp-content\/uploads\/2024\/04\/hoonved_tlc-1-800x800.jpg\" alt=\"TLC 100 Hoonved med kondensering 58820\/RCC2\" width=\"800\" height=\"800\" \/><\/p>\n<p>&nbsp;<\/p>\n<p>&nbsp;<\/p>\n<table>\n<tbody>\n<tr>\n<td>Modell<\/td>\n<td>TLC 150<\/td>\n<\/tr>\n<tr>\n<td>Sykluslengde<\/td>\n<td>48 - 90 - 120 - 240 sek + ECO2<\/td>\n<\/tr>\n<tr>\n<td>Vaskeplass<\/td>\n<td>500 mm<\/td>\n<\/tr>\n<tr>\n<td>Stativ<\/td>\n<td>600\u00d7500 mm<\/td>\n<\/tr>\n<tr>\n<td>Konstruksjon<\/td>\n<td>Dobbel vegg<\/td>\n<\/tr>\n<tr>\n<td>Maskinens interi\u00f8r<\/td>\n<td>Selvrensende<\/td>\n<\/tr>\n<tr>\n<td>Pumpe for skyllemiddel<\/td>\n<td>Standard<\/td>\n<\/tr>\n<tr>\n<td>Vaskepumpe<\/td>\n<td>2200 W<\/td>\n<\/tr>\n<tr>\n<td>Retter\/h<\/td>\n<td>1474<\/td>\n<\/tr>\n<tr>\n<td>Vaskemiddelpumpe<\/td>\n<td>Standard<\/td>\n<\/tr>\n<tr>\n<td>Break Tank System<\/td>\n<td>Standard<\/td>\n<\/tr>\n<tr>\n<td>Elektrisk tilkobling<\/td>\n<td>230 V\/3\/50 Hz; 400 V\/3N\/50 Hz<\/td>\n<\/tr>\n<tr>\n<td>Total effekt<\/td>\n<td>11200 W<\/td>\n<\/tr>\n<tr>\n<td>Kjelevarmer<\/td>\n<td>9000 W<\/td>\n<\/tr>\n<tr>\n<td>Tankvarmer<\/td>\n<td>3000 W<\/td>\n<\/tr>\n<tr>\n<td>Tankens kapasitet<\/td>\n<td>42 l<\/td>\n<\/tr>\n<tr>\n<td>Kjelens kapasitet<\/td>\n<td>8,2 l<\/td>\n<\/tr>\n<tr>\n<td>Vannforsyning<\/td>\n<td>2\u00f74 bar \u00d8 3\/4\"G<\/td>\n<\/tr>\n<tr>\n<td>Vannforbrukssyklus<\/td>\n<td>3,5 l<\/td>\n<\/tr>\n<tr>\n<td>Tilkobling for avl\u00f8psslange<\/td>\n<td>\u00d8 1\"G<\/td>\n<\/tr>\n<tr>\n<td>Akustisk trykkniv\u00e5<\/td>\n<td>&lt; 70 db (A)<\/td>\n<\/tr>\n<tr>\n<td>RCC-kondenseringsenhet<\/td>\n<td>Tilgjengelig for kj\u00f8p<\/td>\n<\/tr>\n<\/tbody>\n<\/table>","protected":false},"excerpt":{"rendered":"<p>Oppdag effektiviteten til Hoonved TLC150 hetteoppvaskmaskin, en toppmoderne l\u00f8sning for profesjonelle kj\u00f8kken. Med sin store kapasitet og robuste design h\u00e5ndterer TLC150 opptil 1474 tallerkener i timen uten behov for kondensering, noe som gj\u00f8r den til et ideelt tilskudd til ethvert travelt kj\u00f8kken.<\/p>\n<div class=\"product-short-description\">\n<p><strong>Inkl. avl\u00f8pspumpe, skylle- og s\u00e5pepumpe<\/strong><\/p>\n<\/div>","protected":false},"featured_media":1041,"template":"","meta":{"_acf_changed":false,"inline_featured_image":false},"product_brand":[],"product_cat":[40],"product_tag":[43],"class_list":{"0":"post-1033","1":"product","2":"type-product","3":"status-publish","4":"has-post-thumbnail","6":"product_cat-tlc","7":"product_tag-hoonved","9":"first","10":"instock","11":"taxable","12":"shipping-taxable","13":"purchasable","14":"product-type-simple"},"acf":[],"yoast_head":"<!-- This site is optimized with the Yoast SEO Premium plugin v22.7 (Yoast SEO v23.9) - https:\/\/yoast.com\/wordpress\/plugins\/seo\/ -->\n<title>Hoonved - TLC150 - H\u00e6tte opvaskemaskine - Hoonved Nordic<\/title>\n<meta name=\"robots\" content=\"index, follow, max-snippet:-1, max-image-preview:large, max-video-preview:-1\" \/>\n<link rel=\"canonical\" href=\"https:\/\/hoonved-nordic.dk\/nb\/product\/hoonved-tlc150-haette-opvaskemaskine\/\" \/>\n<meta property=\"og:locale\" content=\"nb_NO\" \/>\n<meta property=\"og:type\" content=\"article\" \/>\n<meta property=\"og:title\" content=\"Hoonved - TLC150 - H\u00e6tte opvaskemaskine\" \/>\n<meta property=\"og:description\" content=\"Opdag effektiviteten af Hoonved TLC150 h\u00e6tte opvaskemaskine, en topmoderne l\u00f8sning til professionelle k\u00f8kkener. Med sin store kapacitet og robuste design klarer TLC150 op til 1474 tallerkener i timen uden behov for kondensering, hvilket g\u00f8r den til en ideal tilk\u00f8b for ethvert travlt k\u00f8kken.   Inkl. Afl\u00f8bspumpe, afsp\u00e6ndings &amp; s\u00e6be pumpe\" \/>\n<meta property=\"og:url\" content=\"https:\/\/hoonved-nordic.dk\/nb\/product\/hoonved-tlc150-haette-opvaskemaskine\/\" \/>\n<meta property=\"og:site_name\" content=\"Hoonved Nordic\" \/>\n<meta property=\"article:modified_time\" content=\"2025-03-19T07:32:46+00:00\" \/>\n<meta name=\"twitter:card\" content=\"summary_large_image\" \/>\n<meta name=\"twitter:label1\" content=\"Ansl. lesetid\" \/>\n\t<meta name=\"twitter:data1\" content=\"2 minutter\" \/>\n<script type=\"application\/ld+json\" class=\"yoast-schema-graph\">{\"@context\":\"https:\/\/schema.org\",\"@graph\":[{\"@type\":\"WebPage\",\"@id\":\"https:\/\/hoonved-nordic.dk\/product\/hoonved-tlc150-haette-opvaskemaskine\",\"url\":\"https:\/\/hoonved-nordic.dk\/product\/hoonved-tlc150-haette-opvaskemaskine\",\"name\":\"Hoonved - TLC150 - H\u00e6tte opvaskemaskine - Hoonved Nordic\",\"isPartOf\":{\"@id\":\"https:\/\/hoonved-nordic.dk\/#website\"},\"primaryImageOfPage\":{\"@id\":\"https:\/\/hoonved-nordic.dk\/product\/hoonved-tlc150-haette-opvaskemaskine#primaryimage\"},\"image\":{\"@id\":\"https:\/\/hoonved-nordic.dk\/product\/hoonved-tlc150-haette-opvaskemaskine#primaryimage\"},\"thumbnailUrl\":\"https:\/\/hoonved-nordic.dk\/wp-content\/uploads\/2025\/03\/tlc-150-H58820-hoonved-elding-nordic.png\",\"datePublished\":\"2025-03-19T07:32:31+00:00\",\"dateModified\":\"2025-03-19T07:32:46+00:00\",\"breadcrumb\":{\"@id\":\"https:\/\/hoonved-nordic.dk\/product\/hoonved-tlc150-haette-opvaskemaskine#breadcrumb\"},\"inLanguage\":\"nb-NO\",\"potentialAction\":[{\"@type\":\"ReadAction\",\"target\":[\"https:\/\/hoonved-nordic.dk\/product\/hoonved-tlc150-haette-opvaskemaskine\"]}]},{\"@type\":\"ImageObject\",\"inLanguage\":\"nb-NO\",\"@id\":\"https:\/\/hoonved-nordic.dk\/product\/hoonved-tlc150-haette-opvaskemaskine#primaryimage\",\"url\":\"https:\/\/hoonved-nordic.dk\/wp-content\/uploads\/2025\/03\/tlc-150-H58820-hoonved-elding-nordic.png\",\"contentUrl\":\"https:\/\/hoonved-nordic.dk\/wp-content\/uploads\/2025\/03\/tlc-150-H58820-hoonved-elding-nordic.png\",\"width\":334,\"height\":701},{\"@type\":\"BreadcrumbList\",\"@id\":\"https:\/\/hoonved-nordic.dk\/product\/hoonved-tlc150-haette-opvaskemaskine#breadcrumb\",\"itemListElement\":[{\"@type\":\"ListItem\",\"position\":1,\"name\":\"Hjem\",\"item\":\"https:\/\/hoonved-nordic.dk\/\"},{\"@type\":\"ListItem\",\"position\":2,\"name\":\"Shop\",\"item\":\"https:\/\/hoonved-nordic.dk\/shop\"},{\"@type\":\"ListItem\",\"position\":3,\"name\":\"Hoonved &#8211; TLC150 &#8211; H\u00e6tte opvaskemaskine\"}]},{\"@type\":\"WebSite\",\"@id\":\"https:\/\/hoonved-nordic.dk\/#website\",\"url\":\"https:\/\/hoonved-nordic.dk\/\",\"name\":\"Hoonved Nordic\",\"description\":\"\",\"potentialAction\":[{\"@type\":\"SearchAction\",\"target\":{\"@type\":\"EntryPoint\",\"urlTemplate\":\"https:\/\/hoonved-nordic.dk\/?s={search_term_string}\"},\"query-input\":{\"@type\":\"PropertyValueSpecification\",\"valueRequired\":true,\"valueName\":\"search_term_string\"}}],\"inLanguage\":\"nb-NO\"},{\"@type\":\"ImageObject\",\"inLanguage\":\"nb-NO\",\"@id\":\"https:\/\/hoonved-nordic.dk\/product\/hoonved-tlc150-haette-opvaskemaskine#local-main-organization-logo\",\"url\":\"\",\"contentUrl\":\"\",\"caption\":\"Hoonved Nordic\"}]}<\/script>\n<!-- \/ Yoast SEO Premium plugin. -->","yoast_head_json":{"title":"Hoonved - TLC150 - H\u00e6tte opvaskemaskine - Hoonved Nordic","robots":{"index":"index","follow":"follow","max-snippet":"max-snippet:-1","max-image-preview":"max-image-preview:large","max-video-preview":"max-video-preview:-1"},"canonical":"https:\/\/hoonved-nordic.dk\/nb\/product\/hoonved-tlc150-haette-opvaskemaskine\/","og_locale":"nb_NO","og_type":"article","og_title":"Hoonved - TLC150 - H\u00e6tte opvaskemaskine","og_description":"Opdag effektiviteten af Hoonved TLC150 h\u00e6tte opvaskemaskine, en topmoderne l\u00f8sning til professionelle k\u00f8kkener. Med sin store kapacitet og robuste design klarer TLC150 op til 1474 tallerkener i timen uden behov for kondensering, hvilket g\u00f8r den til en ideal tilk\u00f8b for ethvert travlt k\u00f8kken.   Inkl. Afl\u00f8bspumpe, afsp\u00e6ndings &amp; s\u00e6be pumpe","og_url":"https:\/\/hoonved-nordic.dk\/nb\/product\/hoonved-tlc150-haette-opvaskemaskine\/","og_site_name":"Hoonved Nordic","article_modified_time":"2025-03-19T07:32:46+00:00","twitter_card":"summary_large_image","twitter_misc":{"Ansl. lesetid":"2 minutter"},"schema":{"@context":"https:\/\/schema.org","@graph":[{"@type":"WebPage","@id":"https:\/\/hoonved-nordic.dk\/product\/hoonved-tlc150-haette-opvaskemaskine","url":"https:\/\/hoonved-nordic.dk\/product\/hoonved-tlc150-haette-opvaskemaskine","name":"Hoonved - TLC150 - H\u00e6tte opvaskemaskine - Hoonved Nordic","isPartOf":{"@id":"https:\/\/hoonved-nordic.dk\/#website"},"primaryImageOfPage":{"@id":"https:\/\/hoonved-nordic.dk\/product\/hoonved-tlc150-haette-opvaskemaskine#primaryimage"},"image":{"@id":"https:\/\/hoonved-nordic.dk\/product\/hoonved-tlc150-haette-opvaskemaskine#primaryimage"},"thumbnailUrl":"https:\/\/hoonved-nordic.dk\/wp-content\/uploads\/2025\/03\/tlc-150-H58820-hoonved-elding-nordic.png","datePublished":"2025-03-19T07:32:31+00:00","dateModified":"2025-03-19T07:32:46+00:00","breadcrumb":{"@id":"https:\/\/hoonved-nordic.dk\/product\/hoonved-tlc150-haette-opvaskemaskine#breadcrumb"},"inLanguage":"nb-NO","potentialAction":[{"@type":"ReadAction","target":["https:\/\/hoonved-nordic.dk\/product\/hoonved-tlc150-haette-opvaskemaskine"]}]},{"@type":"ImageObject","inLanguage":"nb-NO","@id":"https:\/\/hoonved-nordic.dk\/product\/hoonved-tlc150-haette-opvaskemaskine#primaryimage","url":"https:\/\/hoonved-nordic.dk\/wp-content\/uploads\/2025\/03\/tlc-150-H58820-hoonved-elding-nordic.png","contentUrl":"https:\/\/hoonved-nordic.dk\/wp-content\/uploads\/2025\/03\/tlc-150-H58820-hoonved-elding-nordic.png","width":334,"height":701},{"@type":"BreadcrumbList","@id":"https:\/\/hoonved-nordic.dk\/product\/hoonved-tlc150-haette-opvaskemaskine#breadcrumb","itemListElement":[{"@type":"ListItem","position":1,"name":"Hjem","item":"https:\/\/hoonved-nordic.dk\/"},{"@type":"ListItem","position":2,"name":"Shop","item":"https:\/\/hoonved-nordic.dk\/shop"},{"@type":"ListItem","position":3,"name":"Hoonved &#8211; TLC150 &#8211; H\u00e6tte opvaskemaskine"}]},{"@type":"WebSite","@id":"https:\/\/hoonved-nordic.dk\/#website","url":"https:\/\/hoonved-nordic.dk\/","name":"Hoonved Nordic","description":"","potentialAction":[{"@type":"SearchAction","target":{"@type":"EntryPoint","urlTemplate":"https:\/\/hoonved-nordic.dk\/?s={search_term_string}"},"query-input":{"@type":"PropertyValueSpecification","valueRequired":true,"valueName":"search_term_string"}}],"inLanguage":"nb-NO"},{"@type":"ImageObject","inLanguage":"nb-NO","@id":"https:\/\/hoonved-nordic.dk\/product\/hoonved-tlc150-haette-opvaskemaskine#local-main-organization-logo","url":"","contentUrl":"","caption":"Hoonved Nordic"}]}},"_links":{"self":[{"href":"https:\/\/hoonved-nordic.dk\/nb\/wp-json\/wp\/v2\/product\/1033","targetHints":{"allow":["GET"]}}],"collection":[{"href":"https:\/\/hoonved-nordic.dk\/nb\/wp-json\/wp\/v2\/product"}],"about":[{"href":"https:\/\/hoonved-nordic.dk\/nb\/wp-json\/wp\/v2\/types\/product"}],"wp:featuredmedia":[{"embeddable":true,"href":"https:\/\/hoonved-nordic.dk\/nb\/wp-json\/wp\/v2\/media\/1041"}],"wp:attachment":[{"href":"https:\/\/hoonved-nordic.dk\/nb\/wp-json\/wp\/v2\/media?parent=1033"}],"wp:term":[{"taxonomy":"product_brand","embeddable":true,"href":"https:\/\/hoonved-nordic.dk\/nb\/wp-json\/wp\/v2\/product_brand?post=1033"},{"taxonomy":"product_cat","embeddable":true,"href":"https:\/\/hoonved-nordic.dk\/nb\/wp-json\/wp\/v2\/product_cat?post=1033"},{"taxonomy":"product_tag","embeddable":true,"href":"https:\/\/hoonved-nordic.dk\/nb\/wp-json\/wp\/v2\/product_tag?post=1033"}],"curies":[{"name":"wp","href":"https:\/\/api.w.org\/{rel}","templated":true}]}}