{"id":1035,"date":"2025-03-19T07:32:33","date_gmt":"2025-03-19T07:32:33","guid":{"rendered":"https:\/\/hoonved-nordic.dk\/?post_type=product&#038;p=1035"},"modified":"2025-03-19T07:54:08","modified_gmt":"2025-03-19T07:54:08","slug":"hoonved-tlc150-haette-opvaskemaskine-med-kondensering","status":"publish","type":"product","link":"https:\/\/hoonved-nordic.dk\/nb\/product\/hoonved-tlc150-haette-opvaskemaskine-med-kondensering","title":{"rendered":"Hoonved - TLC150 - Oppvaskmaskin med hette og kondens"},"content":{"rendered":"<h1>Hoonved TLC150 Oppvaskmaskin med hette<\/h1>\n<p>Den banebrytende <strong>Hoonved TLC150 oppvaskmaskinhette<\/strong> setter en ny standard for effektivitet og p\u00e5litelighet i profesjonelle kj\u00f8kken. Med sin kondenseringsteknologi og sitt kraftige oppvasksystem er TLC150 en oppgradering av den popul\u00e6re TLC100-modellen, og er designet for \u00e5 takle selv de mest krevende oppvaskkrav.<\/p>\n<p><strong>Inkl. avl\u00f8pspumpe, skylle- og s\u00e5pepumpe<\/strong><\/p>\n<p>Artikkelnr: H58820\/RCC2<\/p>\n<h2>Kraftige funksjoner<\/h2>\n<ul>\n<li>Robust dobbeltveggskonstruksjon for <strong>\u00f8kt holdbarhet<\/strong>.<\/li>\n<li>Intuitiv <strong>Avansert elektronikk<\/strong> med digitalt display.<\/li>\n<li><strong>ECO2-syklus<\/strong> for energieffektivitet.<\/li>\n<\/ul>\n<h2>Optimalisert design<\/h2>\n<ul>\n<li>Opp til <strong>1474 plater per time<\/strong> takket v\u00e6re en effektiv 2200 W vaskemotor.<\/li>\n<li><strong>Selvrensende interi\u00f8r<\/strong> og enkel tiln\u00e6rming til daglig rengj\u00f8ring.<\/li>\n<li><strong>Stor kapasitet<\/strong> med en 42 liters vasketank og 8,2 liter kokekapasitet.<\/li>\n<\/ul>\n<p>Med TLC150 hetteoppvaskmaskin f\u00e5r du en p\u00e5litelig partner p\u00e5 kj\u00f8kkenet som er designet for \u00e5 sikre <strong>Hygiene og effektivitet<\/strong>. Denne modellen er utstyrt med en kondenseringsenhet som reduserer dampen og forbedrer arbeidsmilj\u00f8et. Den solide konstruksjonen og de brukervennlige funksjonene gj\u00f8r TLC150 til et uunnv\u00e6rlig verkt\u00f8y i enhver profesjonell cateringvirksomhet.<\/p>\n<h3>Perfekt hygiene og brukervennlighet<\/h3>\n<p>Den selvrensende funksjonen og de lett tilgjengelige innvendige komponentene garanterer at TLC150 alltid holder den h\u00f8yeste renhetsstandarden. Den enkle, robuste og ergonomiske designen gj\u00f8r TLC150 ikke bare enkel \u00e5 bruke, men ogs\u00e5 trygg.<\/p>\n<h3>Avansert elektronikk<\/h3>\n<p>TLC150s avanserte elektronikk inkluderer Soft Start og tilpassbare vaske- og skyllesykluser for \u00e5 sikre at oppvasken alltid oppfyller dine spesifikke behov.<\/p>\n<h2>Tilbeh\u00f8r og sikkerhetsfunksjoner<\/h2>\n<p>Hoonved TLC150 leveres med standardtilbeh\u00f8r som en skyllemiddeldispenser, og det innovative Break Tank-systemet s\u00f8rger for konstant temperatur og trykk under skyllefasen. Sikkerheten er ogs\u00e5 p\u00e5 topp med lavspenningskontroll og vandringsbeskyttelse.<\/p>\n<p>Oppdag den uovertrufne ytelsen og kvaliteten til Hoonved TLC150, og se hvordan den kan forandre virksomheten din. Med sin kraftige ytelse, <strong>Oppvaskmaskinhette TLC150<\/strong> er den ultimate l\u00f8sningen for ditt profesjonelle kj\u00f8kken.<\/p>\n<p><img decoding=\"async\" class=\"aligncenter size-medium wp-image-56135\" src=\"https:\/\/elding-nordic.dk\/wp-content\/uploads\/2024\/04\/hoonved_tlc-1-800x800.jpg\" alt=\"TLC 100 Hoonved med kondensering 58820\/RCC2\" width=\"800\" height=\"800\" \/><\/p>\n<h2>Kondensasjonsteknologi<\/h2>\n<p><img decoding=\"async\" class=\"aligncenter size-medium wp-image-57031\" src=\"https:\/\/elding-nordic.dk\/wp-content\/uploads\/2024\/04\/RCC-unit-800x800.jpg\" alt=\"Med Kondenseringsteknologi RCC2\" width=\"800\" height=\"800\" \/>Et karakteristisk trekk i <strong>Hoonved TLC150<\/strong> er den integrerte kondenseringsteknologien. Dette innovative tillegget optimaliserer arbeidsmilj\u00f8et ved \u00e5 redusere overfl\u00f8dig damp under oppvasken, noe som resulterer i et mer komfortabelt og trygt kj\u00f8kkenmilj\u00f8. Kondensasjonsteknologien i TLC 150 s\u00f8rger for at dampen omdannes til vann, noe som ikke bare forbedrer luftkvaliteten, men ogs\u00e5 bidrar til en mer b\u00e6rekraftig oppvaskl\u00f8sning ved \u00e5 redusere energiforbruket.<\/p>\n<p>Med TLC100s kondensering kan du forvente:<\/p>\n<ul>\n<li>A <strong>Drastisk reduksjon av damp<\/strong>noe som gj\u00f8r kj\u00f8kkenet mer komfortabelt for de ansatte.<\/li>\n<li>Forbedret <strong>Energieffektivitet<\/strong>gjenbruk av varmen fra dampen reduserer det totale energiforbruket.<\/li>\n<li>En renere arbeidsplass, siden det er mindre risiko for kondens og de problemene det kan f\u00f8re til, som mugg og andre fuktrelaterte skader.<\/li>\n<\/ul>\n<p>Denne teknologien er spesielt viktig i travle kj\u00f8kkenmilj\u00f8er der effektivitet og helse og sikkerhet er av st\u00f8rste viktighet. Hoonved TLC 150 garanterer ikke bare eksepsjonell vaskeeffektivitet, men er ogs\u00e5 en investering i de ansattes velv\u00e6re og det langsiktige vedlikeholdet av kj\u00f8kkenet ditt.<\/p>\n<p>&nbsp;<\/p>\n<table>\n<tbody>\n<tr>\n<td>Modell<\/td>\n<td>TLC 150 RCC2<\/td>\n<\/tr>\n<tr>\n<td>Sykluslengde<\/td>\n<td>48 - 90 - 120 - 240 sek + ECO2<\/td>\n<\/tr>\n<tr>\n<td>Vaskeplass<\/td>\n<td>500 mm<\/td>\n<\/tr>\n<tr>\n<td>Stativ<\/td>\n<td>600\u00d7500 mm<\/td>\n<\/tr>\n<tr>\n<td>Konstruksjon<\/td>\n<td>Dobbel vegg<\/td>\n<\/tr>\n<tr>\n<td>Maskinens interi\u00f8r<\/td>\n<td>Selvrensende<\/td>\n<\/tr>\n<tr>\n<td>Pumpe for skyllemiddel<\/td>\n<td>Standard<\/td>\n<\/tr>\n<tr>\n<td>Vaskepumpe<\/td>\n<td>2200 W<\/td>\n<\/tr>\n<tr>\n<td>Retter\/h<\/td>\n<td>1474<\/td>\n<\/tr>\n<tr>\n<td>Vaskemiddelpumpe<\/td>\n<td>Standard<\/td>\n<\/tr>\n<tr>\n<td>Break Tank System<\/td>\n<td>Standard<\/td>\n<\/tr>\n<tr>\n<td>Elektrisk tilkobling<\/td>\n<td>230 V\/3\/50 Hz; 400 V\/3N\/50 Hz<\/td>\n<\/tr>\n<tr>\n<td>Total effekt<\/td>\n<td>11200 W<\/td>\n<\/tr>\n<tr>\n<td>Kjelevarmer<\/td>\n<td>9000 W<\/td>\n<\/tr>\n<tr>\n<td>Tankvarmer<\/td>\n<td>3000 W<\/td>\n<\/tr>\n<tr>\n<td>Tankens kapasitet<\/td>\n<td>42 l<\/td>\n<\/tr>\n<tr>\n<td>Kjelens kapasitet<\/td>\n<td>8,2 l<\/td>\n<\/tr>\n<tr>\n<td>Vannforsyning<\/td>\n<td>2\u00f74 bar \u00d8 3\/4\"G<\/td>\n<\/tr>\n<tr>\n<td>Vannforbrukssyklus<\/td>\n<td>3,5 l<\/td>\n<\/tr>\n<tr>\n<td>Tilkobling for avl\u00f8psslange<\/td>\n<td>\u00d8 1\"G<\/td>\n<\/tr>\n<tr>\n<td>Akustisk trykkniv\u00e5<\/td>\n<td>&lt; 70 db (A)<\/td>\n<\/tr>\n<tr>\n<td>RCC-kondenseringsenhet<\/td>\n<td>Inkludert i pakken<\/td>\n<\/tr>\n<\/tbody>\n<\/table>","protected":false},"excerpt":{"rendered":"<p>Oppgrader kj\u00f8kkenet ditt med Hoonved TLC150 - en f\u00f8rsteklasses hetteoppvaskmaskin med avansert kondenseringsteknologi. Med en kapasitet p\u00e5 opptil 1474 tallerkener i timen og energieffektive vaskesykluser er TLC150 den ideelle l\u00f8sningen for travle restauranter som krever perfeksjon.<\/p>\n<p>Med RCC2 er maskinen 358 mm h\u00f8yere enn spesifikasjonene m\u00e5tte angi. Total h\u00f8yde er: 1978 mm med RCC2.<\/p>\n<p><strong>Inkl. avl\u00f8pspumpe, skylle- og s\u00e5pepumpe<\/strong><\/p>","protected":false},"featured_media":1043,"template":"","meta":{"_acf_changed":false,"inline_featured_image":false},"product_brand":[],"product_cat":[40],"product_tag":[43],"class_list":{"0":"post-1035","1":"product","2":"type-product","3":"status-publish","4":"has-post-thumbnail","6":"product_cat-tlc","7":"product_tag-hoonved","9":"first","10":"onbackorder","11":"taxable","12":"shipping-taxable","13":"purchasable","14":"product-type-simple"},"acf":[],"yoast_head":"<!-- This site is optimized with the Yoast SEO Premium plugin v22.7 (Yoast SEO v23.9) - https:\/\/yoast.com\/wordpress\/plugins\/seo\/ -->\n<title>Hoonved - TLC150 - H\u00e6tte opvaskemaskine med kondensering - Hoonved Nordic<\/title>\n<meta name=\"robots\" content=\"index, follow, max-snippet:-1, max-image-preview:large, max-video-preview:-1\" \/>\n<link rel=\"canonical\" href=\"https:\/\/hoonved-nordic.dk\/nb\/product\/hoonved-tlc150-haette-opvaskemaskine-med-kondensering\/\" \/>\n<meta property=\"og:locale\" content=\"nb_NO\" \/>\n<meta property=\"og:type\" content=\"article\" \/>\n<meta property=\"og:title\" content=\"Hoonved - TLC150 - H\u00e6tte opvaskemaskine med kondensering\" \/>\n<meta property=\"og:description\" content=\"Opgrader dit k\u00f8kken med Hoonved TLC150 - en premium h\u00e6tte opvaskemaskine med avanceret kondenseringsteknologi. Med plads til op til 1474 tallerkener i timen og energieffektive vaskecyklusser, er TLC150 den ideelle l\u00f8sning for travle restauranter, der kr\u00e6ver perfektion.  Med RCC2 bliver maskinen 358 mm h\u00f8jere end der muligvis st\u00e5r i specifikationer. Total h\u00f8jden er: 1978 mm med RCC2.  Inkl. Afl\u00f8bspumpe, afsp\u00e6ndings &amp; s\u00e6be pumpe\" \/>\n<meta property=\"og:url\" content=\"https:\/\/hoonved-nordic.dk\/nb\/product\/hoonved-tlc150-haette-opvaskemaskine-med-kondensering\/\" \/>\n<meta property=\"og:site_name\" content=\"Hoonved Nordic\" \/>\n<meta property=\"article:modified_time\" content=\"2025-03-19T07:54:08+00:00\" \/>\n<meta property=\"og:image\" content=\"https:\/\/hoonved-nordic.dk\/wp-content\/uploads\/2025\/03\/tlc-150-med-kondensering.png\" \/>\n\t<meta property=\"og:image:width\" content=\"334\" \/>\n\t<meta property=\"og:image:height\" content=\"701\" \/>\n\t<meta property=\"og:image:type\" content=\"image\/png\" \/>\n<meta name=\"twitter:card\" content=\"summary_large_image\" \/>\n<meta name=\"twitter:label1\" content=\"Ansl. lesetid\" \/>\n\t<meta name=\"twitter:data1\" content=\"3 minutter\" \/>\n<script type=\"application\/ld+json\" class=\"yoast-schema-graph\">{\"@context\":\"https:\/\/schema.org\",\"@graph\":[{\"@type\":\"WebPage\",\"@id\":\"https:\/\/hoonved-nordic.dk\/product\/hoonved-tlc150-haette-opvaskemaskine-med-kondensering\",\"url\":\"https:\/\/hoonved-nordic.dk\/product\/hoonved-tlc150-haette-opvaskemaskine-med-kondensering\",\"name\":\"Hoonved - TLC150 - H\u00e6tte opvaskemaskine med kondensering - Hoonved Nordic\",\"isPartOf\":{\"@id\":\"https:\/\/hoonved-nordic.dk\/#website\"},\"primaryImageOfPage\":{\"@id\":\"https:\/\/hoonved-nordic.dk\/product\/hoonved-tlc150-haette-opvaskemaskine-med-kondensering#primaryimage\"},\"image\":{\"@id\":\"https:\/\/hoonved-nordic.dk\/product\/hoonved-tlc150-haette-opvaskemaskine-med-kondensering#primaryimage\"},\"thumbnailUrl\":\"https:\/\/hoonved-nordic.dk\/wp-content\/uploads\/2025\/03\/tlc-150-med-kondensering.png\",\"datePublished\":\"2025-03-19T07:32:33+00:00\",\"dateModified\":\"2025-03-19T07:54:08+00:00\",\"breadcrumb\":{\"@id\":\"https:\/\/hoonved-nordic.dk\/product\/hoonved-tlc150-haette-opvaskemaskine-med-kondensering#breadcrumb\"},\"inLanguage\":\"nb-NO\",\"potentialAction\":[{\"@type\":\"ReadAction\",\"target\":[\"https:\/\/hoonved-nordic.dk\/product\/hoonved-tlc150-haette-opvaskemaskine-med-kondensering\"]}]},{\"@type\":\"ImageObject\",\"inLanguage\":\"nb-NO\",\"@id\":\"https:\/\/hoonved-nordic.dk\/product\/hoonved-tlc150-haette-opvaskemaskine-med-kondensering#primaryimage\",\"url\":\"https:\/\/hoonved-nordic.dk\/wp-content\/uploads\/2025\/03\/tlc-150-med-kondensering.png\",\"contentUrl\":\"https:\/\/hoonved-nordic.dk\/wp-content\/uploads\/2025\/03\/tlc-150-med-kondensering.png\",\"width\":334,\"height\":701},{\"@type\":\"BreadcrumbList\",\"@id\":\"https:\/\/hoonved-nordic.dk\/product\/hoonved-tlc150-haette-opvaskemaskine-med-kondensering#breadcrumb\",\"itemListElement\":[{\"@type\":\"ListItem\",\"position\":1,\"name\":\"Hjem\",\"item\":\"https:\/\/hoonved-nordic.dk\/\"},{\"@type\":\"ListItem\",\"position\":2,\"name\":\"Shop\",\"item\":\"https:\/\/hoonved-nordic.dk\/shop\"},{\"@type\":\"ListItem\",\"position\":3,\"name\":\"Hoonved &#8211; TLC150 &#8211; H\u00e6tte opvaskemaskine med kondensering\"}]},{\"@type\":\"WebSite\",\"@id\":\"https:\/\/hoonved-nordic.dk\/#website\",\"url\":\"https:\/\/hoonved-nordic.dk\/\",\"name\":\"Hoonved Nordic\",\"description\":\"\",\"potentialAction\":[{\"@type\":\"SearchAction\",\"target\":{\"@type\":\"EntryPoint\",\"urlTemplate\":\"https:\/\/hoonved-nordic.dk\/?s={search_term_string}\"},\"query-input\":{\"@type\":\"PropertyValueSpecification\",\"valueRequired\":true,\"valueName\":\"search_term_string\"}}],\"inLanguage\":\"nb-NO\"},{\"@type\":\"ImageObject\",\"inLanguage\":\"nb-NO\",\"@id\":\"https:\/\/hoonved-nordic.dk\/product\/hoonved-tlc150-haette-opvaskemaskine-med-kondensering#local-main-organization-logo\",\"url\":\"\",\"contentUrl\":\"\",\"caption\":\"Hoonved Nordic\"}]}<\/script>\n<!-- \/ Yoast SEO Premium plugin. -->","yoast_head_json":{"title":"Hoonved - TLC150 - H\u00e6tte opvaskemaskine med kondensering - Hoonved Nordic","robots":{"index":"index","follow":"follow","max-snippet":"max-snippet:-1","max-image-preview":"max-image-preview:large","max-video-preview":"max-video-preview:-1"},"canonical":"https:\/\/hoonved-nordic.dk\/nb\/product\/hoonved-tlc150-haette-opvaskemaskine-med-kondensering\/","og_locale":"nb_NO","og_type":"article","og_title":"Hoonved - TLC150 - H\u00e6tte opvaskemaskine med kondensering","og_description":"Opgrader dit k\u00f8kken med Hoonved TLC150 - en premium h\u00e6tte opvaskemaskine med avanceret kondenseringsteknologi. Med plads til op til 1474 tallerkener i timen og energieffektive vaskecyklusser, er TLC150 den ideelle l\u00f8sning for travle restauranter, der kr\u00e6ver perfektion.  Med RCC2 bliver maskinen 358 mm h\u00f8jere end der muligvis st\u00e5r i specifikationer. Total h\u00f8jden er: 1978 mm med RCC2.  Inkl. Afl\u00f8bspumpe, afsp\u00e6ndings &amp; s\u00e6be pumpe","og_url":"https:\/\/hoonved-nordic.dk\/nb\/product\/hoonved-tlc150-haette-opvaskemaskine-med-kondensering\/","og_site_name":"Hoonved Nordic","article_modified_time":"2025-03-19T07:54:08+00:00","og_image":[{"width":334,"height":701,"url":"https:\/\/hoonved-nordic.dk\/wp-content\/uploads\/2025\/03\/tlc-150-med-kondensering.png","type":"image\/png"}],"twitter_card":"summary_large_image","twitter_misc":{"Ansl. lesetid":"3 minutter"},"schema":{"@context":"https:\/\/schema.org","@graph":[{"@type":"WebPage","@id":"https:\/\/hoonved-nordic.dk\/product\/hoonved-tlc150-haette-opvaskemaskine-med-kondensering","url":"https:\/\/hoonved-nordic.dk\/product\/hoonved-tlc150-haette-opvaskemaskine-med-kondensering","name":"Hoonved - TLC150 - H\u00e6tte opvaskemaskine med kondensering - Hoonved Nordic","isPartOf":{"@id":"https:\/\/hoonved-nordic.dk\/#website"},"primaryImageOfPage":{"@id":"https:\/\/hoonved-nordic.dk\/product\/hoonved-tlc150-haette-opvaskemaskine-med-kondensering#primaryimage"},"image":{"@id":"https:\/\/hoonved-nordic.dk\/product\/hoonved-tlc150-haette-opvaskemaskine-med-kondensering#primaryimage"},"thumbnailUrl":"https:\/\/hoonved-nordic.dk\/wp-content\/uploads\/2025\/03\/tlc-150-med-kondensering.png","datePublished":"2025-03-19T07:32:33+00:00","dateModified":"2025-03-19T07:54:08+00:00","breadcrumb":{"@id":"https:\/\/hoonved-nordic.dk\/product\/hoonved-tlc150-haette-opvaskemaskine-med-kondensering#breadcrumb"},"inLanguage":"nb-NO","potentialAction":[{"@type":"ReadAction","target":["https:\/\/hoonved-nordic.dk\/product\/hoonved-tlc150-haette-opvaskemaskine-med-kondensering"]}]},{"@type":"ImageObject","inLanguage":"nb-NO","@id":"https:\/\/hoonved-nordic.dk\/product\/hoonved-tlc150-haette-opvaskemaskine-med-kondensering#primaryimage","url":"https:\/\/hoonved-nordic.dk\/wp-content\/uploads\/2025\/03\/tlc-150-med-kondensering.png","contentUrl":"https:\/\/hoonved-nordic.dk\/wp-content\/uploads\/2025\/03\/tlc-150-med-kondensering.png","width":334,"height":701},{"@type":"BreadcrumbList","@id":"https:\/\/hoonved-nordic.dk\/product\/hoonved-tlc150-haette-opvaskemaskine-med-kondensering#breadcrumb","itemListElement":[{"@type":"ListItem","position":1,"name":"Hjem","item":"https:\/\/hoonved-nordic.dk\/"},{"@type":"ListItem","position":2,"name":"Shop","item":"https:\/\/hoonved-nordic.dk\/shop"},{"@type":"ListItem","position":3,"name":"Hoonved &#8211; TLC150 &#8211; H\u00e6tte opvaskemaskine med kondensering"}]},{"@type":"WebSite","@id":"https:\/\/hoonved-nordic.dk\/#website","url":"https:\/\/hoonved-nordic.dk\/","name":"Hoonved Nordic","description":"","potentialAction":[{"@type":"SearchAction","target":{"@type":"EntryPoint","urlTemplate":"https:\/\/hoonved-nordic.dk\/?s={search_term_string}"},"query-input":{"@type":"PropertyValueSpecification","valueRequired":true,"valueName":"search_term_string"}}],"inLanguage":"nb-NO"},{"@type":"ImageObject","inLanguage":"nb-NO","@id":"https:\/\/hoonved-nordic.dk\/product\/hoonved-tlc150-haette-opvaskemaskine-med-kondensering#local-main-organization-logo","url":"","contentUrl":"","caption":"Hoonved Nordic"}]}},"_links":{"self":[{"href":"https:\/\/hoonved-nordic.dk\/nb\/wp-json\/wp\/v2\/product\/1035","targetHints":{"allow":["GET"]}}],"collection":[{"href":"https:\/\/hoonved-nordic.dk\/nb\/wp-json\/wp\/v2\/product"}],"about":[{"href":"https:\/\/hoonved-nordic.dk\/nb\/wp-json\/wp\/v2\/types\/product"}],"wp:featuredmedia":[{"embeddable":true,"href":"https:\/\/hoonved-nordic.dk\/nb\/wp-json\/wp\/v2\/media\/1043"}],"wp:attachment":[{"href":"https:\/\/hoonved-nordic.dk\/nb\/wp-json\/wp\/v2\/media?parent=1035"}],"wp:term":[{"taxonomy":"product_brand","embeddable":true,"href":"https:\/\/hoonved-nordic.dk\/nb\/wp-json\/wp\/v2\/product_brand?post=1035"},{"taxonomy":"product_cat","embeddable":true,"href":"https:\/\/hoonved-nordic.dk\/nb\/wp-json\/wp\/v2\/product_cat?post=1035"},{"taxonomy":"product_tag","embeddable":true,"href":"https:\/\/hoonved-nordic.dk\/nb\/wp-json\/wp\/v2\/product_tag?post=1035"}],"curies":[{"name":"wp","href":"https:\/\/api.w.org\/{rel}","templated":true}]}}