{"id":1038,"date":"2025-03-19T07:32:37","date_gmt":"2025-03-19T07:32:37","guid":{"rendered":"https:\/\/hoonved-nordic.dk\/?post_type=product&#038;p=1038"},"modified":"2025-03-19T07:54:16","modified_gmt":"2025-03-19T07:54:16","slug":"hoonved-tlc150-haette-opvaskemaskine-autom-haetteloeft","status":"publish","type":"product","link":"https:\/\/hoonved-nordic.dk\/nb\/product\/hoonved-tlc150-haette-opvaskemaskine-autom-haetteloeft","title":{"rendered":"Hoonved - TLC150 - Automatisk l\u00f8ft av oppvaskmaskinhette"},"content":{"rendered":"<h1>Hoonved TLC150 Oppvaskmaskin med hette<\/h1>\n<p>Introduksjon av <strong>Hoonved TLC150 oppvaskmaskin med automatisk l\u00f8ft<\/strong>TLC150 er det ultimate valget for profesjonelle kj\u00f8kken som krever hygiene og effektivitet p\u00e5 toppniv\u00e5. Med sin avanserte teknologi og robuste konstruksjon er TLC150 designet for \u00e5 h\u00e5ndtere selv de mest krevende oppgavene.<\/p>\n<h2>Avanserte funksjoner<\/h2>\n<p>Dette <strong>Hoonved TLC150 oppvaskmaskin<\/strong> er utstyrt med flere avanserte funksjoner som sikrer perfekte vaskeresultater hver gang:<\/p>\n<ul>\n<li>Automatisk hettel\u00f8ft for enkel betjening og raskere rengj\u00f8ringssykluser<\/li>\n<li>Kondenseringsenhet tilgjengelig, noe som minimerer damputslipp<\/li>\n<li>Fire vaskesykluser, inkludert en milj\u00f8vennlig ECO2-syklus<\/li>\n<\/ul>\n<h2>Spesifikasjoner<\/h2>\n<ul>\n<li><strong>Modell:<\/strong> TLC 150 AL<\/li>\n<li><strong>Sykluslengde:<\/strong> 48 - 90 - 120 - 240 sek + ECO2<\/li>\n<li><strong>Oppvaskkapasitet:<\/strong> Opp til 1474 plater per time<\/li>\n<li><strong>Str\u00f8mforbruk:<\/strong> Totalt 11200 W med en 9000 W kjelevarmer<\/li>\n<\/ul>\n<h3>Perfekt for alle serveringsomr\u00e5der<\/h3>\n<p>Enten du driver en restaurant, kaf\u00e9 eller et stort hotellkj\u00f8kken, leverer vi <strong>Hoonved TLC150 oppvaskmaskin<\/strong> eksepsjonell ytelse og p\u00e5litelighet. Allsidigheten og den sterke konstruksjonen gj\u00f8r den ideell for alle typer kj\u00f8kken.<\/p>\n<h2>Tilbeh\u00f8r og sikkerhetsfunksjoner<\/h2>\n<p>TLC150 er ikke bare kraftig, men ogs\u00e5 trygg i bruk med flere tilpassbare sikkerhetsfunksjoner:<\/p>\n<ul>\n<li>Sprutsikkert kontrollpanel med elektronisk lavspentkontroll<\/li>\n<li>Sikkerhetsbryter med mikrobryter for utilsiktet \u00e5pning av d\u00f8ren<\/li>\n<li>Konstant temperatur og trykk under skyllefasen takket v\u00e6re standard skylletank<\/li>\n<\/ul>\n<p>Oppgrader kj\u00f8kkenet ditt med <strong>Hoonved TLC150 oppvaskmaskin<\/strong>og opplev forskjellen i hver eneste vask.<\/p>\n<p>&nbsp;<\/p>\n<p>&nbsp;<\/p>\n<table>\n<tbody>\n<tr>\n<td>Modell<\/td>\n<td>TLC 150 AL<\/td>\n<\/tr>\n<tr>\n<td>Sykluslengde<\/td>\n<td>48 - 90 - 120 - 240 sek + ECO2<\/td>\n<\/tr>\n<tr>\n<td>Vaskeplass<\/td>\n<td>500 mm<\/td>\n<\/tr>\n<tr>\n<td>Stativ<\/td>\n<td>600\u00d7500 mm<\/td>\n<\/tr>\n<tr>\n<td>Konstruksjon<\/td>\n<td>Dobbel vegg<\/td>\n<\/tr>\n<tr>\n<td>Maskinens interi\u00f8r<\/td>\n<td>Selvrensende<\/td>\n<\/tr>\n<tr>\n<td>Pumpe for skyllemiddel<\/td>\n<td>Standard<\/td>\n<\/tr>\n<tr>\n<td>Vaskepumpe<\/td>\n<td>2200 W<\/td>\n<\/tr>\n<tr>\n<td>Retter\/h<\/td>\n<td>1474<\/td>\n<\/tr>\n<tr>\n<td>Vaskemiddelpumpe<\/td>\n<td>Standard<\/td>\n<\/tr>\n<tr>\n<td>Break Tank System<\/td>\n<td>Standard<\/td>\n<\/tr>\n<tr>\n<td>Elektrisk tilkobling<\/td>\n<td>230 V\/3\/50 Hz; 400 V\/3N\/50 Hz<\/td>\n<\/tr>\n<tr>\n<td>Total effekt<\/td>\n<td>11200 W<\/td>\n<\/tr>\n<tr>\n<td>Kjelevarmer<\/td>\n<td>9000 W<\/td>\n<\/tr>\n<tr>\n<td>Tankvarmer<\/td>\n<td>3000 W<\/td>\n<\/tr>\n<tr>\n<td>Tankens kapasitet<\/td>\n<td>42 l<\/td>\n<\/tr>\n<tr>\n<td>Kjelens kapasitet<\/td>\n<td>8,2 l<\/td>\n<\/tr>\n<tr>\n<td>Vannforsyning<\/td>\n<td>2\u00f74 bar \u00d8 3\/4\"G<\/td>\n<\/tr>\n<tr>\n<td>Vannforbrukssyklus<\/td>\n<td>3,5 l<\/td>\n<\/tr>\n<tr>\n<td>Tilkobling for avl\u00f8psslange<\/td>\n<td>\u00d8 1\"G<\/td>\n<\/tr>\n<tr>\n<td>Akustisk trykkniv\u00e5<\/td>\n<td>&lt; 70 db (A)<\/td>\n<\/tr>\n<tr>\n<td>RCC-kondenseringsenhet<\/td>\n<td>Tilgjengelig for kj\u00f8p i andre versjoner<\/td>\n<\/tr>\n<tr>\n<td>Bilheis<\/td>\n<td>Inkludert i pakken<\/td>\n<\/tr>\n<\/tbody>\n<\/table>","protected":false},"excerpt":{"rendered":"<p>Oppgrader kj\u00f8kkenet ditt med Hoonved TLC150, en oppvaskmaskin med automatisk hettel\u00f8ft og avansert rengj\u00f8ringsteknologi. Ideell for st\u00f8rre kj\u00f8kken der hygiene og effektivitet er avgj\u00f8rende.<\/p>\n<div class=\"product-short-description\">\n<p><strong>Inkl. avl\u00f8pspumpe, skylle- og s\u00e5pepumpe<\/strong><\/p>\n<p>Denne modellen inkluderer automatisk l\u00f8ftefunksjon.<\/p>\n<\/div>","protected":false},"featured_media":1041,"template":"","meta":{"_acf_changed":false,"inline_featured_image":false},"product_brand":[],"product_cat":[40],"product_tag":[43],"class_list":{"0":"post-1038","1":"product","2":"type-product","3":"status-publish","4":"has-post-thumbnail","6":"product_cat-tlc","7":"product_tag-hoonved","9":"first","10":"onbackorder","11":"taxable","12":"shipping-taxable","13":"purchasable","14":"product-type-simple"},"acf":[],"yoast_head":"<!-- This site is optimized with the Yoast SEO Premium plugin v22.7 (Yoast SEO v23.9) - https:\/\/yoast.com\/wordpress\/plugins\/seo\/ -->\n<title>Hoonved - TLC150 - H\u00e6tte opvaskemaskine autom. h\u00e6ttel\u00f8ft - Hoonved Nordic<\/title>\n<meta name=\"robots\" content=\"index, follow, max-snippet:-1, max-image-preview:large, max-video-preview:-1\" \/>\n<link rel=\"canonical\" href=\"https:\/\/hoonved-nordic.dk\/nb\/product\/hoonved-tlc150-haette-opvaskemaskine-autom-haetteloeft\/\" \/>\n<meta property=\"og:locale\" content=\"nb_NO\" \/>\n<meta property=\"og:type\" content=\"article\" \/>\n<meta property=\"og:title\" content=\"Hoonved - TLC150 - H\u00e6tte opvaskemaskine autom. h\u00e6ttel\u00f8ft\" \/>\n<meta property=\"og:description\" content=\"Opgrader dit k\u00f8kken med Hoonved TLC150, en h\u00e6tteopvaskemaskine med automatisk h\u00e6ttel\u00f8ft og avancerede reng\u00f8ringsteknologier. Ideel for st\u00f8rre k\u00f8kkener, hvor hygiejne og effektivitet er afg\u00f8rende.   Inkl. Afl\u00f8bspumpe, afsp\u00e6ndings &amp; s\u00e6be pumpe  Denne model er inkl. autol\u00f8ft funktion.\" \/>\n<meta property=\"og:url\" content=\"https:\/\/hoonved-nordic.dk\/nb\/product\/hoonved-tlc150-haette-opvaskemaskine-autom-haetteloeft\/\" \/>\n<meta property=\"og:site_name\" content=\"Hoonved Nordic\" \/>\n<meta property=\"article:modified_time\" content=\"2025-03-19T07:54:16+00:00\" \/>\n<meta property=\"og:image\" content=\"https:\/\/hoonved-nordic.dk\/wp-content\/uploads\/2025\/03\/tlc-150-H58820-hoonved-elding-nordic.png\" \/>\n\t<meta property=\"og:image:width\" content=\"334\" \/>\n\t<meta property=\"og:image:height\" content=\"701\" \/>\n\t<meta property=\"og:image:type\" content=\"image\/png\" \/>\n<meta name=\"twitter:card\" content=\"summary_large_image\" \/>\n<meta name=\"twitter:label1\" content=\"Ansl. lesetid\" \/>\n\t<meta name=\"twitter:data1\" content=\"2 minutter\" \/>\n<script type=\"application\/ld+json\" class=\"yoast-schema-graph\">{\"@context\":\"https:\/\/schema.org\",\"@graph\":[{\"@type\":\"WebPage\",\"@id\":\"https:\/\/hoonved-nordic.dk\/product\/hoonved-tlc150-haette-opvaskemaskine-autom-haetteloeft\",\"url\":\"https:\/\/hoonved-nordic.dk\/product\/hoonved-tlc150-haette-opvaskemaskine-autom-haetteloeft\",\"name\":\"Hoonved - TLC150 - H\u00e6tte opvaskemaskine autom. h\u00e6ttel\u00f8ft - Hoonved Nordic\",\"isPartOf\":{\"@id\":\"https:\/\/hoonved-nordic.dk\/#website\"},\"primaryImageOfPage\":{\"@id\":\"https:\/\/hoonved-nordic.dk\/product\/hoonved-tlc150-haette-opvaskemaskine-autom-haetteloeft#primaryimage\"},\"image\":{\"@id\":\"https:\/\/hoonved-nordic.dk\/product\/hoonved-tlc150-haette-opvaskemaskine-autom-haetteloeft#primaryimage\"},\"thumbnailUrl\":\"https:\/\/hoonved-nordic.dk\/wp-content\/uploads\/2025\/03\/tlc-150-H58820-hoonved-elding-nordic.png\",\"datePublished\":\"2025-03-19T07:32:37+00:00\",\"dateModified\":\"2025-03-19T07:54:16+00:00\",\"breadcrumb\":{\"@id\":\"https:\/\/hoonved-nordic.dk\/product\/hoonved-tlc150-haette-opvaskemaskine-autom-haetteloeft#breadcrumb\"},\"inLanguage\":\"nb-NO\",\"potentialAction\":[{\"@type\":\"ReadAction\",\"target\":[\"https:\/\/hoonved-nordic.dk\/product\/hoonved-tlc150-haette-opvaskemaskine-autom-haetteloeft\"]}]},{\"@type\":\"ImageObject\",\"inLanguage\":\"nb-NO\",\"@id\":\"https:\/\/hoonved-nordic.dk\/product\/hoonved-tlc150-haette-opvaskemaskine-autom-haetteloeft#primaryimage\",\"url\":\"https:\/\/hoonved-nordic.dk\/wp-content\/uploads\/2025\/03\/tlc-150-H58820-hoonved-elding-nordic.png\",\"contentUrl\":\"https:\/\/hoonved-nordic.dk\/wp-content\/uploads\/2025\/03\/tlc-150-H58820-hoonved-elding-nordic.png\",\"width\":334,\"height\":701},{\"@type\":\"BreadcrumbList\",\"@id\":\"https:\/\/hoonved-nordic.dk\/product\/hoonved-tlc150-haette-opvaskemaskine-autom-haetteloeft#breadcrumb\",\"itemListElement\":[{\"@type\":\"ListItem\",\"position\":1,\"name\":\"Hjem\",\"item\":\"https:\/\/hoonved-nordic.dk\/\"},{\"@type\":\"ListItem\",\"position\":2,\"name\":\"Shop\",\"item\":\"https:\/\/hoonved-nordic.dk\/shop\"},{\"@type\":\"ListItem\",\"position\":3,\"name\":\"Hoonved &#8211; TLC150 &#8211; H\u00e6tte opvaskemaskine autom. h\u00e6ttel\u00f8ft\"}]},{\"@type\":\"WebSite\",\"@id\":\"https:\/\/hoonved-nordic.dk\/#website\",\"url\":\"https:\/\/hoonved-nordic.dk\/\",\"name\":\"Hoonved Nordic\",\"description\":\"\",\"potentialAction\":[{\"@type\":\"SearchAction\",\"target\":{\"@type\":\"EntryPoint\",\"urlTemplate\":\"https:\/\/hoonved-nordic.dk\/?s={search_term_string}\"},\"query-input\":{\"@type\":\"PropertyValueSpecification\",\"valueRequired\":true,\"valueName\":\"search_term_string\"}}],\"inLanguage\":\"nb-NO\"},{\"@type\":\"ImageObject\",\"inLanguage\":\"nb-NO\",\"@id\":\"https:\/\/hoonved-nordic.dk\/product\/hoonved-tlc150-haette-opvaskemaskine-autom-haetteloeft#local-main-organization-logo\",\"url\":\"\",\"contentUrl\":\"\",\"caption\":\"Hoonved Nordic\"}]}<\/script>\n<!-- \/ Yoast SEO Premium plugin. -->","yoast_head_json":{"title":"Hoonved - TLC150 - H\u00e6tte opvaskemaskine autom. h\u00e6ttel\u00f8ft - Hoonved Nordic","robots":{"index":"index","follow":"follow","max-snippet":"max-snippet:-1","max-image-preview":"max-image-preview:large","max-video-preview":"max-video-preview:-1"},"canonical":"https:\/\/hoonved-nordic.dk\/nb\/product\/hoonved-tlc150-haette-opvaskemaskine-autom-haetteloeft\/","og_locale":"nb_NO","og_type":"article","og_title":"Hoonved - TLC150 - H\u00e6tte opvaskemaskine autom. h\u00e6ttel\u00f8ft","og_description":"Opgrader dit k\u00f8kken med Hoonved TLC150, en h\u00e6tteopvaskemaskine med automatisk h\u00e6ttel\u00f8ft og avancerede reng\u00f8ringsteknologier. Ideel for st\u00f8rre k\u00f8kkener, hvor hygiejne og effektivitet er afg\u00f8rende.   Inkl. Afl\u00f8bspumpe, afsp\u00e6ndings &amp; s\u00e6be pumpe  Denne model er inkl. autol\u00f8ft funktion.","og_url":"https:\/\/hoonved-nordic.dk\/nb\/product\/hoonved-tlc150-haette-opvaskemaskine-autom-haetteloeft\/","og_site_name":"Hoonved Nordic","article_modified_time":"2025-03-19T07:54:16+00:00","og_image":[{"width":334,"height":701,"url":"https:\/\/hoonved-nordic.dk\/wp-content\/uploads\/2025\/03\/tlc-150-H58820-hoonved-elding-nordic.png","type":"image\/png"}],"twitter_card":"summary_large_image","twitter_misc":{"Ansl. lesetid":"2 minutter"},"schema":{"@context":"https:\/\/schema.org","@graph":[{"@type":"WebPage","@id":"https:\/\/hoonved-nordic.dk\/product\/hoonved-tlc150-haette-opvaskemaskine-autom-haetteloeft","url":"https:\/\/hoonved-nordic.dk\/product\/hoonved-tlc150-haette-opvaskemaskine-autom-haetteloeft","name":"Hoonved - TLC150 - H\u00e6tte opvaskemaskine autom. h\u00e6ttel\u00f8ft - Hoonved Nordic","isPartOf":{"@id":"https:\/\/hoonved-nordic.dk\/#website"},"primaryImageOfPage":{"@id":"https:\/\/hoonved-nordic.dk\/product\/hoonved-tlc150-haette-opvaskemaskine-autom-haetteloeft#primaryimage"},"image":{"@id":"https:\/\/hoonved-nordic.dk\/product\/hoonved-tlc150-haette-opvaskemaskine-autom-haetteloeft#primaryimage"},"thumbnailUrl":"https:\/\/hoonved-nordic.dk\/wp-content\/uploads\/2025\/03\/tlc-150-H58820-hoonved-elding-nordic.png","datePublished":"2025-03-19T07:32:37+00:00","dateModified":"2025-03-19T07:54:16+00:00","breadcrumb":{"@id":"https:\/\/hoonved-nordic.dk\/product\/hoonved-tlc150-haette-opvaskemaskine-autom-haetteloeft#breadcrumb"},"inLanguage":"nb-NO","potentialAction":[{"@type":"ReadAction","target":["https:\/\/hoonved-nordic.dk\/product\/hoonved-tlc150-haette-opvaskemaskine-autom-haetteloeft"]}]},{"@type":"ImageObject","inLanguage":"nb-NO","@id":"https:\/\/hoonved-nordic.dk\/product\/hoonved-tlc150-haette-opvaskemaskine-autom-haetteloeft#primaryimage","url":"https:\/\/hoonved-nordic.dk\/wp-content\/uploads\/2025\/03\/tlc-150-H58820-hoonved-elding-nordic.png","contentUrl":"https:\/\/hoonved-nordic.dk\/wp-content\/uploads\/2025\/03\/tlc-150-H58820-hoonved-elding-nordic.png","width":334,"height":701},{"@type":"BreadcrumbList","@id":"https:\/\/hoonved-nordic.dk\/product\/hoonved-tlc150-haette-opvaskemaskine-autom-haetteloeft#breadcrumb","itemListElement":[{"@type":"ListItem","position":1,"name":"Hjem","item":"https:\/\/hoonved-nordic.dk\/"},{"@type":"ListItem","position":2,"name":"Shop","item":"https:\/\/hoonved-nordic.dk\/shop"},{"@type":"ListItem","position":3,"name":"Hoonved &#8211; TLC150 &#8211; H\u00e6tte opvaskemaskine autom. h\u00e6ttel\u00f8ft"}]},{"@type":"WebSite","@id":"https:\/\/hoonved-nordic.dk\/#website","url":"https:\/\/hoonved-nordic.dk\/","name":"Hoonved Nordic","description":"","potentialAction":[{"@type":"SearchAction","target":{"@type":"EntryPoint","urlTemplate":"https:\/\/hoonved-nordic.dk\/?s={search_term_string}"},"query-input":{"@type":"PropertyValueSpecification","valueRequired":true,"valueName":"search_term_string"}}],"inLanguage":"nb-NO"},{"@type":"ImageObject","inLanguage":"nb-NO","@id":"https:\/\/hoonved-nordic.dk\/product\/hoonved-tlc150-haette-opvaskemaskine-autom-haetteloeft#local-main-organization-logo","url":"","contentUrl":"","caption":"Hoonved Nordic"}]}},"_links":{"self":[{"href":"https:\/\/hoonved-nordic.dk\/nb\/wp-json\/wp\/v2\/product\/1038","targetHints":{"allow":["GET"]}}],"collection":[{"href":"https:\/\/hoonved-nordic.dk\/nb\/wp-json\/wp\/v2\/product"}],"about":[{"href":"https:\/\/hoonved-nordic.dk\/nb\/wp-json\/wp\/v2\/types\/product"}],"wp:featuredmedia":[{"embeddable":true,"href":"https:\/\/hoonved-nordic.dk\/nb\/wp-json\/wp\/v2\/media\/1041"}],"wp:attachment":[{"href":"https:\/\/hoonved-nordic.dk\/nb\/wp-json\/wp\/v2\/media?parent=1038"}],"wp:term":[{"taxonomy":"product_brand","embeddable":true,"href":"https:\/\/hoonved-nordic.dk\/nb\/wp-json\/wp\/v2\/product_brand?post=1038"},{"taxonomy":"product_cat","embeddable":true,"href":"https:\/\/hoonved-nordic.dk\/nb\/wp-json\/wp\/v2\/product_cat?post=1038"},{"taxonomy":"product_tag","embeddable":true,"href":"https:\/\/hoonved-nordic.dk\/nb\/wp-json\/wp\/v2\/product_tag?post=1038"}],"curies":[{"name":"wp","href":"https:\/\/api.w.org\/{rel}","templated":true}]}}