{"id":1103,"date":"2025-03-20T07:36:29","date_gmt":"2025-03-20T07:36:29","guid":{"rendered":"https:\/\/hoonved-nordic.dk\/?post_type=product&#038;p=1103"},"modified":"2025-03-20T07:37:15","modified_gmt":"2025-03-20T07:37:15","slug":"hoonved-ce-60-bt-twin-opvaskemaskine","status":"publish","type":"product","link":"https:\/\/hoonved-nordic.dk\/nb\/product\/hoonved-ce-60-bt-twin-opvaskemaskine","title":{"rendered":"Hoonved - CE 60 BT TWIN - Oppvaskmaskin"},"content":{"rendered":"<h1>CE 60 TWIN: En revolusjonerende\u00a0<strong>Oppvaskmaskin under benken for glass og tallerkener<\/strong><\/h1>\n<p>N\u00e5r effektivitet p\u00e5 kj\u00f8kkenet er avgj\u00f8rende, leverer CE 60 TWIN som en kraftig\u00a0<strong>glassoppvaskmaskin<\/strong>tilbyr uanstrengt rengj\u00f8ring med h\u00f8y kapasitet for den travle cateringbransjen. Med en kapasitet p\u00e5 imponerende 1500 glass i timen vil denne maskinen raskt bli et uunnv\u00e6rlig verkt\u00f8y i enhver\u00a0<strong>bar top vaskemaskin<\/strong>\u00a0rutine.<\/p>\n<h2>Designet for fleksibilitet<\/h2>\n<p>Dette <strong>oppvaskmaskin<\/strong>\u00a0utmerker seg med sin multifunksjonalitet. Enten du driver en fartsfylt\u00a0<strong>hurtigmat<\/strong>\u00a0kjede, en avslappet\u00a0<strong>Bistrovasker<\/strong>eller en trendy\u00a0<strong>vinbar<\/strong>CE 60 TWIN tilpasser seg enkelt til dine unike behov uten behov for spesielle installasjoner. Med fire ulike vaskesykluser og en innovativ\u00a0<strong>ekspressoppvaskmaskin<\/strong>\u00a0funksjonen kan du enkelt veksle mellom ulike oppgaver, fra vinglass til store tallerkener.<\/p>\n<ul>\n<li>Effektivitet i hver syklus med plass til b\u00e5de glass og tallerkener<\/li>\n<li>Intuitiv design som eliminerer behovet for kompliserte oppsett<\/li>\n<li>Avanserte vaskesystemer som sikrer topp resultater hver gang<\/li>\n<\/ul>\n<h2>Oppn\u00e5 perfekt hygiene med avansert teknologi<\/h2>\n<p>Med CE 60 TWIN, en toppmoderne\u00a0<strong>oppvaskmaskin<\/strong>Renhet og hygiene er aldri noe \u00e5 diskutere. Maskinens selvrensende funksjoner og avrundede hj\u00f8rner s\u00f8rger for at smuss og bakterier ikke har noe sted \u00e5 gjemme seg. De hurtigutl\u00f8sende vaskearmene og de lett avtakbare dysene gj\u00f8r det daglige vedlikeholdet til en lek, og s\u00f8rger for at glass og tallerkener ikke bare er rene, men ogs\u00e5 hygieniske.<\/p>\n<h3>Avansert elektronikk for personlig tilpasning<\/h3>\n<p>Et ekte kraftsentrum innen\u00a0<strong>oppvaskverdener<\/strong>CE 60 TWINs elektroniske kontrollsystem gj\u00f8r det mulig \u00e5 tilpasse vaske- og skylletemperaturene slik at du alltid f\u00e5r de beste resultatene. Med et intuitivt digitalt display og en multifunksjonell startknapp kan du enkelt tilpasse og overv\u00e5ke hver vask for en uanstrengt brukeropplevelse.<\/p>\n<p>Hvis du vil ha en\u00a0<strong>Oppvaskmaskin under benken for glass og tallerkener<\/strong>\u00a0som setter standarden, er CE 60 TWIN det opplagte valget. Kontakt oss for \u00e5 oppleve hvordan denne oppvaskmaskinen kan forandre kj\u00f8kkendriften i din bedrift.<\/p>\n<p><strong>Ogs\u00e5 tilgjengelig i marin modell, kontakt oss for mer informasjon.<\/strong><\/p>\n<table>\n<tbody>\n<tr>\n<td>Modell<\/td>\n<td>CE 60 TWIN<\/td>\n<\/tr>\n<tr>\n<td>Sykluslengde<\/td>\n<td>120-180-240-480 sek<\/td>\n<\/tr>\n<tr>\n<td>Klarering<\/td>\n<td>360 mm<\/td>\n<\/tr>\n<tr>\n<td>Stativ<\/td>\n<td>500\u00d7500 m<\/td>\n<\/tr>\n<tr>\n<td>Konstruksjon<\/td>\n<td>Singel<\/td>\n<\/tr>\n<tr>\n<td>Maskinens interi\u00f8r<\/td>\n<td>Selvrensende<\/td>\n<\/tr>\n<tr>\n<td>Vaskepumpe<\/td>\n<td>450 W<\/td>\n<\/tr>\n<tr>\n<td>Pumpe for skyllemiddel<\/td>\n<td>Standard<\/td>\n<\/tr>\n<tr>\n<td>Dosering av vaskemiddel<\/td>\n<td>Standard<\/td>\n<\/tr>\n<tr>\n<td>Break Tank System<\/td>\n<td>Standard<\/td>\n<\/tr>\n<tr>\n<td>Elektrisk tilkobling<\/td>\n<td>Multipower - 400 V 3N 50<\/td>\n<\/tr>\n<tr>\n<td>Total effekt<\/td>\n<td>7450 W<\/td>\n<\/tr>\n<tr>\n<td>Kjelevarmer<\/td>\n<td>7000 W<\/td>\n<\/tr>\n<tr>\n<td>Tankvarmer<\/td>\n<td>200 W<\/td>\n<\/tr>\n<tr>\n<td>Tankens kapasitet<\/td>\n<td>21 l<\/td>\n<\/tr>\n<tr>\n<td>Kjelens kapasitet<\/td>\n<td>7,5 l<\/td>\n<\/tr>\n<tr>\n<td>Vannforsyning<\/td>\n<td>2\u00f74 bar \u00f8 3\/4\" G<\/td>\n<\/tr>\n<tr>\n<td>Vannforbruk per syklus<\/td>\n<td>3,5 \/ 6 l<\/td>\n<\/tr>\n<tr>\n<td>Tilkobling for avl\u00f8psslange<\/td>\n<td>\u00f8 31 mm<\/td>\n<\/tr>\n<tr>\n<td width=\"544\">Akustisk trykkniv\u00e5<br \/>\nLydtrykkniv\u00e5 \/ Nivel presi\u00f3n ac\u00fastica<\/td>\n<td>63db (A)<\/td>\n<\/tr>\n<\/tbody>\n<\/table>","protected":false},"excerpt":{"rendered":"<p>CE 60 TWIN er en allsidig glass- og oppvaskmaskin under benken, perfekt for restauranter, bistroer og barer, inkludert maritime milj\u00f8er.<\/p>\n<p>Opptil 1 500 glass i timen<\/p>\n<p>Opptil 560 plater per time<\/p>\n<p>Opptil 520 glassflasker og karafler per time<\/p>\n<p>4 vaskesykluser<\/p>\n<p>Inkl. avl\u00f8pspumpe, skylle- og s\u00e5pepumpe<\/p>","protected":false},"featured_media":1104,"template":"","meta":{"_acf_changed":false,"inline_featured_image":false},"product_brand":[42],"product_cat":[34],"product_tag":[],"class_list":{"0":"post-1103","1":"product","2":"type-product","3":"status-publish","4":"has-post-thumbnail","6":"product_brand-hoonved","7":"product_cat-ce","9":"first","10":"instock","11":"taxable","12":"shipping-taxable","13":"purchasable","14":"product-type-simple"},"acf":[],"yoast_head":"<!-- This site is optimized with the Yoast SEO Premium plugin v22.7 (Yoast SEO v23.9) - https:\/\/yoast.com\/wordpress\/plugins\/seo\/ -->\n<title>Hoonved \u2013 CE 60 BT TWIN \u2013 Opvaskemaskine - Hoonved Nordic<\/title>\n<meta name=\"robots\" content=\"index, follow, max-snippet:-1, max-image-preview:large, max-video-preview:-1\" \/>\n<link rel=\"canonical\" href=\"https:\/\/hoonved-nordic.dk\/nb\/product\/hoonved-ce-60-bt-twin-opvaskemaskine\/\" \/>\n<meta property=\"og:locale\" content=\"nb_NO\" \/>\n<meta property=\"og:type\" content=\"article\" \/>\n<meta property=\"og:title\" content=\"Hoonved \u2013 CE 60 BT TWIN \u2013 Opvaskemaskine\" \/>\n<meta property=\"og:description\" content=\"CE 60 TWIN er en alsidig underbordsopvasker til glas og tallerkener, perfekt til restauranter, bistroer, og barer, inklusiv maritime milj\u00f8er.  Op til 1.500 glas i timen  Op til 560 tallerkener i timen  Op til 520 glasflasker og karaffler i timen  4 vaskecyklusser  Inkl. Afl\u00f8bspumpe, afsp\u00e6ndings &amp; s\u00e6be pumpe\" \/>\n<meta property=\"og:url\" content=\"https:\/\/hoonved-nordic.dk\/nb\/product\/hoonved-ce-60-bt-twin-opvaskemaskine\/\" \/>\n<meta property=\"og:site_name\" content=\"Hoonved Nordic\" \/>\n<meta property=\"article:modified_time\" content=\"2025-03-20T07:37:15+00:00\" \/>\n<meta property=\"og:image\" content=\"https:\/\/hoonved-nordic.dk\/wp-content\/uploads\/2025\/03\/ce60_twin-hoonved-elding-nordic-1300x1300-1.webp\" \/>\n\t<meta property=\"og:image:width\" content=\"1300\" \/>\n\t<meta property=\"og:image:height\" content=\"1300\" \/>\n\t<meta property=\"og:image:type\" content=\"image\/webp\" \/>\n<meta name=\"twitter:card\" content=\"summary_large_image\" \/>\n<meta name=\"twitter:label1\" content=\"Ansl. lesetid\" \/>\n\t<meta name=\"twitter:data1\" content=\"2 minutter\" \/>\n<script type=\"application\/ld+json\" class=\"yoast-schema-graph\">{\"@context\":\"https:\/\/schema.org\",\"@graph\":[{\"@type\":\"WebPage\",\"@id\":\"https:\/\/hoonved-nordic.dk\/product\/hoonved-ce-60-bt-twin-opvaskemaskine\",\"url\":\"https:\/\/hoonved-nordic.dk\/product\/hoonved-ce-60-bt-twin-opvaskemaskine\",\"name\":\"Hoonved \u2013 CE 60 BT TWIN \u2013 Opvaskemaskine - Hoonved Nordic\",\"isPartOf\":{\"@id\":\"https:\/\/hoonved-nordic.dk\/#website\"},\"primaryImageOfPage\":{\"@id\":\"https:\/\/hoonved-nordic.dk\/product\/hoonved-ce-60-bt-twin-opvaskemaskine#primaryimage\"},\"image\":{\"@id\":\"https:\/\/hoonved-nordic.dk\/product\/hoonved-ce-60-bt-twin-opvaskemaskine#primaryimage\"},\"thumbnailUrl\":\"https:\/\/hoonved-nordic.dk\/wp-content\/uploads\/2025\/03\/ce60_twin-hoonved-elding-nordic-1300x1300-1.webp\",\"datePublished\":\"2025-03-20T07:36:29+00:00\",\"dateModified\":\"2025-03-20T07:37:15+00:00\",\"breadcrumb\":{\"@id\":\"https:\/\/hoonved-nordic.dk\/product\/hoonved-ce-60-bt-twin-opvaskemaskine#breadcrumb\"},\"inLanguage\":\"nb-NO\",\"potentialAction\":[{\"@type\":\"ReadAction\",\"target\":[\"https:\/\/hoonved-nordic.dk\/product\/hoonved-ce-60-bt-twin-opvaskemaskine\"]}]},{\"@type\":\"ImageObject\",\"inLanguage\":\"nb-NO\",\"@id\":\"https:\/\/hoonved-nordic.dk\/product\/hoonved-ce-60-bt-twin-opvaskemaskine#primaryimage\",\"url\":\"https:\/\/hoonved-nordic.dk\/wp-content\/uploads\/2025\/03\/ce60_twin-hoonved-elding-nordic-1300x1300-1.webp\",\"contentUrl\":\"https:\/\/hoonved-nordic.dk\/wp-content\/uploads\/2025\/03\/ce60_twin-hoonved-elding-nordic-1300x1300-1.webp\",\"width\":1300,\"height\":1300},{\"@type\":\"BreadcrumbList\",\"@id\":\"https:\/\/hoonved-nordic.dk\/product\/hoonved-ce-60-bt-twin-opvaskemaskine#breadcrumb\",\"itemListElement\":[{\"@type\":\"ListItem\",\"position\":1,\"name\":\"Hjem\",\"item\":\"https:\/\/hoonved-nordic.dk\/\"},{\"@type\":\"ListItem\",\"position\":2,\"name\":\"Shop\",\"item\":\"https:\/\/hoonved-nordic.dk\/shop\"},{\"@type\":\"ListItem\",\"position\":3,\"name\":\"Hoonved \u2013 CE 60 BT TWIN \u2013 Opvaskemaskine\"}]},{\"@type\":\"WebSite\",\"@id\":\"https:\/\/hoonved-nordic.dk\/#website\",\"url\":\"https:\/\/hoonved-nordic.dk\/\",\"name\":\"Hoonved Nordic\",\"description\":\"\",\"potentialAction\":[{\"@type\":\"SearchAction\",\"target\":{\"@type\":\"EntryPoint\",\"urlTemplate\":\"https:\/\/hoonved-nordic.dk\/?s={search_term_string}\"},\"query-input\":{\"@type\":\"PropertyValueSpecification\",\"valueRequired\":true,\"valueName\":\"search_term_string\"}}],\"inLanguage\":\"nb-NO\"},{\"@type\":\"ImageObject\",\"inLanguage\":\"nb-NO\",\"@id\":\"https:\/\/hoonved-nordic.dk\/product\/hoonved-ce-60-bt-twin-opvaskemaskine#local-main-organization-logo\",\"url\":\"\",\"contentUrl\":\"\",\"caption\":\"Hoonved Nordic\"}]}<\/script>\n<!-- \/ Yoast SEO Premium plugin. -->","yoast_head_json":{"title":"Hoonved \u2013 CE 60 BT TWIN \u2013 Opvaskemaskine - Hoonved Nordic","robots":{"index":"index","follow":"follow","max-snippet":"max-snippet:-1","max-image-preview":"max-image-preview:large","max-video-preview":"max-video-preview:-1"},"canonical":"https:\/\/hoonved-nordic.dk\/nb\/product\/hoonved-ce-60-bt-twin-opvaskemaskine\/","og_locale":"nb_NO","og_type":"article","og_title":"Hoonved \u2013 CE 60 BT TWIN \u2013 Opvaskemaskine","og_description":"CE 60 TWIN er en alsidig underbordsopvasker til glas og tallerkener, perfekt til restauranter, bistroer, og barer, inklusiv maritime milj\u00f8er.  Op til 1.500 glas i timen  Op til 560 tallerkener i timen  Op til 520 glasflasker og karaffler i timen  4 vaskecyklusser  Inkl. Afl\u00f8bspumpe, afsp\u00e6ndings &amp; s\u00e6be pumpe","og_url":"https:\/\/hoonved-nordic.dk\/nb\/product\/hoonved-ce-60-bt-twin-opvaskemaskine\/","og_site_name":"Hoonved Nordic","article_modified_time":"2025-03-20T07:37:15+00:00","og_image":[{"width":1300,"height":1300,"url":"https:\/\/hoonved-nordic.dk\/wp-content\/uploads\/2025\/03\/ce60_twin-hoonved-elding-nordic-1300x1300-1.webp","type":"image\/webp"}],"twitter_card":"summary_large_image","twitter_misc":{"Ansl. lesetid":"2 minutter"},"schema":{"@context":"https:\/\/schema.org","@graph":[{"@type":"WebPage","@id":"https:\/\/hoonved-nordic.dk\/product\/hoonved-ce-60-bt-twin-opvaskemaskine","url":"https:\/\/hoonved-nordic.dk\/product\/hoonved-ce-60-bt-twin-opvaskemaskine","name":"Hoonved \u2013 CE 60 BT TWIN \u2013 Opvaskemaskine - Hoonved Nordic","isPartOf":{"@id":"https:\/\/hoonved-nordic.dk\/#website"},"primaryImageOfPage":{"@id":"https:\/\/hoonved-nordic.dk\/product\/hoonved-ce-60-bt-twin-opvaskemaskine#primaryimage"},"image":{"@id":"https:\/\/hoonved-nordic.dk\/product\/hoonved-ce-60-bt-twin-opvaskemaskine#primaryimage"},"thumbnailUrl":"https:\/\/hoonved-nordic.dk\/wp-content\/uploads\/2025\/03\/ce60_twin-hoonved-elding-nordic-1300x1300-1.webp","datePublished":"2025-03-20T07:36:29+00:00","dateModified":"2025-03-20T07:37:15+00:00","breadcrumb":{"@id":"https:\/\/hoonved-nordic.dk\/product\/hoonved-ce-60-bt-twin-opvaskemaskine#breadcrumb"},"inLanguage":"nb-NO","potentialAction":[{"@type":"ReadAction","target":["https:\/\/hoonved-nordic.dk\/product\/hoonved-ce-60-bt-twin-opvaskemaskine"]}]},{"@type":"ImageObject","inLanguage":"nb-NO","@id":"https:\/\/hoonved-nordic.dk\/product\/hoonved-ce-60-bt-twin-opvaskemaskine#primaryimage","url":"https:\/\/hoonved-nordic.dk\/wp-content\/uploads\/2025\/03\/ce60_twin-hoonved-elding-nordic-1300x1300-1.webp","contentUrl":"https:\/\/hoonved-nordic.dk\/wp-content\/uploads\/2025\/03\/ce60_twin-hoonved-elding-nordic-1300x1300-1.webp","width":1300,"height":1300},{"@type":"BreadcrumbList","@id":"https:\/\/hoonved-nordic.dk\/product\/hoonved-ce-60-bt-twin-opvaskemaskine#breadcrumb","itemListElement":[{"@type":"ListItem","position":1,"name":"Hjem","item":"https:\/\/hoonved-nordic.dk\/"},{"@type":"ListItem","position":2,"name":"Shop","item":"https:\/\/hoonved-nordic.dk\/shop"},{"@type":"ListItem","position":3,"name":"Hoonved \u2013 CE 60 BT TWIN \u2013 Opvaskemaskine"}]},{"@type":"WebSite","@id":"https:\/\/hoonved-nordic.dk\/#website","url":"https:\/\/hoonved-nordic.dk\/","name":"Hoonved Nordic","description":"","potentialAction":[{"@type":"SearchAction","target":{"@type":"EntryPoint","urlTemplate":"https:\/\/hoonved-nordic.dk\/?s={search_term_string}"},"query-input":{"@type":"PropertyValueSpecification","valueRequired":true,"valueName":"search_term_string"}}],"inLanguage":"nb-NO"},{"@type":"ImageObject","inLanguage":"nb-NO","@id":"https:\/\/hoonved-nordic.dk\/product\/hoonved-ce-60-bt-twin-opvaskemaskine#local-main-organization-logo","url":"","contentUrl":"","caption":"Hoonved Nordic"}]}},"_links":{"self":[{"href":"https:\/\/hoonved-nordic.dk\/nb\/wp-json\/wp\/v2\/product\/1103","targetHints":{"allow":["GET"]}}],"collection":[{"href":"https:\/\/hoonved-nordic.dk\/nb\/wp-json\/wp\/v2\/product"}],"about":[{"href":"https:\/\/hoonved-nordic.dk\/nb\/wp-json\/wp\/v2\/types\/product"}],"wp:featuredmedia":[{"embeddable":true,"href":"https:\/\/hoonved-nordic.dk\/nb\/wp-json\/wp\/v2\/media\/1104"}],"wp:attachment":[{"href":"https:\/\/hoonved-nordic.dk\/nb\/wp-json\/wp\/v2\/media?parent=1103"}],"wp:term":[{"taxonomy":"product_brand","embeddable":true,"href":"https:\/\/hoonved-nordic.dk\/nb\/wp-json\/wp\/v2\/product_brand?post=1103"},{"taxonomy":"product_cat","embeddable":true,"href":"https:\/\/hoonved-nordic.dk\/nb\/wp-json\/wp\/v2\/product_cat?post=1103"},{"taxonomy":"product_tag","embeddable":true,"href":"https:\/\/hoonved-nordic.dk\/nb\/wp-json\/wp\/v2\/product_tag?post=1103"}],"curies":[{"name":"wp","href":"https:\/\/api.w.org\/{rel}","templated":true}]}}