{"id":1118,"date":"2025-03-20T13:27:49","date_gmt":"2025-03-20T13:27:49","guid":{"rendered":"https:\/\/hoonved-nordic.dk\/product\/profine-blu-medium-easy-wash"},"modified":"2025-03-20T15:44:59","modified_gmt":"2025-03-20T15:44:59","slug":"profine-blu-medium-easy-wash","status":"publish","type":"product","link":"https:\/\/hoonved-nordic.dk\/nb\/product\/profine-blu-medium-easy-wash","title":{"rendered":"Profine Blu Medium Easy Wash"},"content":{"rendered":"<ul>\n<li>Effektivt patronfilter utviklet for oppvaskmaskiner.<\/li>\n<li>Sikrer optimal vannfiltrering for bedre rengj\u00f8ringsresultater.<\/li>\n<li>Enkel installasjon og vedlikehold for langvarig ytelse.<\/li>\n<li>Modell: Profine Blu Medium (Easy Wash - Blue).<\/li>\n<li>Garantert p\u00e5litelig drift under bruk.<\/li>\n<\/ul>","protected":false},"excerpt":{"rendered":"<p>Profine Blu Medium Easy Wash er et effektivt patronfilter utviklet for oppvaskmaskiner. Denne modellen sikrer optimal vannfiltrering og forbedrer rengj\u00f8ringsresultatene. Det er enkelt \u00e5 installere og vedlikeholde, noe som sikrer langvarig ytelse og p\u00e5litelig drift.<\/p>","protected":false},"featured_media":0,"template":"","meta":{"_acf_changed":false,"inline_featured_image":false},"product_brand":[],"product_cat":[67],"product_tag":[],"class_list":{"0":"post-1118","1":"product","2":"type-product","3":"status-publish","5":"product_cat-kemikalier-og-opvaskemiddler","7":"first","8":"instock","9":"taxable","10":"shipping-taxable","11":"purchasable","12":"product-type-simple"},"acf":[],"yoast_head":"<!-- This site is optimized with the Yoast SEO Premium plugin v22.7 (Yoast SEO v23.9) - https:\/\/yoast.com\/wordpress\/plugins\/seo\/ -->\n<title>Profine Blu Medium Easy Wash - Hoonved Nordic<\/title>\n<meta name=\"robots\" content=\"index, follow, max-snippet:-1, max-image-preview:large, max-video-preview:-1\" \/>\n<link rel=\"canonical\" href=\"https:\/\/hoonved-nordic.dk\/nb\/product\/profine-blu-medium-easy-wash\/\" \/>\n<meta property=\"og:locale\" content=\"nb_NO\" \/>\n<meta property=\"og:type\" content=\"article\" \/>\n<meta property=\"og:title\" content=\"Profine Blu Medium Easy Wash\" \/>\n<meta property=\"og:description\" content=\"Profine Blu Medium Easy Wash er en effektiv cartridge filter designet til opvaskemaskiner. Denne model sikrer optimal vandfiltrering og forbedrer reng\u00f8ringsresultaterne. Den er nem at installere og vedligeholde, hvilket sikrer langvarig ydeevne og p\u00e5lidelig drift.\" \/>\n<meta property=\"og:url\" content=\"https:\/\/hoonved-nordic.dk\/nb\/product\/profine-blu-medium-easy-wash\/\" \/>\n<meta property=\"og:site_name\" content=\"Hoonved Nordic\" \/>\n<meta property=\"article:modified_time\" content=\"2025-03-20T15:44:59+00:00\" \/>\n<meta name=\"twitter:card\" content=\"summary_large_image\" \/>\n<script type=\"application\/ld+json\" class=\"yoast-schema-graph\">{\"@context\":\"https:\/\/schema.org\",\"@graph\":[{\"@type\":\"WebPage\",\"@id\":\"https:\/\/hoonved-nordic.dk\/product\/profine-blu-medium-easy-wash\",\"url\":\"https:\/\/hoonved-nordic.dk\/product\/profine-blu-medium-easy-wash\",\"name\":\"Profine Blu Medium Easy Wash - Hoonved Nordic\",\"isPartOf\":{\"@id\":\"https:\/\/hoonved-nordic.dk\/#website\"},\"datePublished\":\"2025-03-20T13:27:49+00:00\",\"dateModified\":\"2025-03-20T15:44:59+00:00\",\"breadcrumb\":{\"@id\":\"https:\/\/hoonved-nordic.dk\/product\/profine-blu-medium-easy-wash#breadcrumb\"},\"inLanguage\":\"nb-NO\",\"potentialAction\":[{\"@type\":\"ReadAction\",\"target\":[\"https:\/\/hoonved-nordic.dk\/product\/profine-blu-medium-easy-wash\"]}]},{\"@type\":\"BreadcrumbList\",\"@id\":\"https:\/\/hoonved-nordic.dk\/product\/profine-blu-medium-easy-wash#breadcrumb\",\"itemListElement\":[{\"@type\":\"ListItem\",\"position\":1,\"name\":\"Hjem\",\"item\":\"https:\/\/hoonved-nordic.dk\/\"},{\"@type\":\"ListItem\",\"position\":2,\"name\":\"Shop\",\"item\":\"https:\/\/hoonved-nordic.dk\/shop\"},{\"@type\":\"ListItem\",\"position\":3,\"name\":\"Profine Blu Medium Easy Wash\"}]},{\"@type\":\"WebSite\",\"@id\":\"https:\/\/hoonved-nordic.dk\/#website\",\"url\":\"https:\/\/hoonved-nordic.dk\/\",\"name\":\"Hoonved Nordic\",\"description\":\"\",\"potentialAction\":[{\"@type\":\"SearchAction\",\"target\":{\"@type\":\"EntryPoint\",\"urlTemplate\":\"https:\/\/hoonved-nordic.dk\/?s={search_term_string}\"},\"query-input\":{\"@type\":\"PropertyValueSpecification\",\"valueRequired\":true,\"valueName\":\"search_term_string\"}}],\"inLanguage\":\"nb-NO\"},{\"@type\":\"ImageObject\",\"inLanguage\":\"nb-NO\",\"@id\":\"https:\/\/hoonved-nordic.dk\/product\/profine-blu-medium-easy-wash#local-main-organization-logo\",\"url\":\"\",\"contentUrl\":\"\",\"caption\":\"Hoonved Nordic\"}]}<\/script>\n<!-- \/ Yoast SEO Premium plugin. -->","yoast_head_json":{"title":"Profine Blu Medium Easy Wash - Hoonved Nordic","robots":{"index":"index","follow":"follow","max-snippet":"max-snippet:-1","max-image-preview":"max-image-preview:large","max-video-preview":"max-video-preview:-1"},"canonical":"https:\/\/hoonved-nordic.dk\/nb\/product\/profine-blu-medium-easy-wash\/","og_locale":"nb_NO","og_type":"article","og_title":"Profine Blu Medium Easy Wash","og_description":"Profine Blu Medium Easy Wash er en effektiv cartridge filter designet til opvaskemaskiner. Denne model sikrer optimal vandfiltrering og forbedrer reng\u00f8ringsresultaterne. Den er nem at installere og vedligeholde, hvilket sikrer langvarig ydeevne og p\u00e5lidelig drift.","og_url":"https:\/\/hoonved-nordic.dk\/nb\/product\/profine-blu-medium-easy-wash\/","og_site_name":"Hoonved Nordic","article_modified_time":"2025-03-20T15:44:59+00:00","twitter_card":"summary_large_image","schema":{"@context":"https:\/\/schema.org","@graph":[{"@type":"WebPage","@id":"https:\/\/hoonved-nordic.dk\/product\/profine-blu-medium-easy-wash","url":"https:\/\/hoonved-nordic.dk\/product\/profine-blu-medium-easy-wash","name":"Profine Blu Medium Easy Wash - Hoonved Nordic","isPartOf":{"@id":"https:\/\/hoonved-nordic.dk\/#website"},"datePublished":"2025-03-20T13:27:49+00:00","dateModified":"2025-03-20T15:44:59+00:00","breadcrumb":{"@id":"https:\/\/hoonved-nordic.dk\/product\/profine-blu-medium-easy-wash#breadcrumb"},"inLanguage":"nb-NO","potentialAction":[{"@type":"ReadAction","target":["https:\/\/hoonved-nordic.dk\/product\/profine-blu-medium-easy-wash"]}]},{"@type":"BreadcrumbList","@id":"https:\/\/hoonved-nordic.dk\/product\/profine-blu-medium-easy-wash#breadcrumb","itemListElement":[{"@type":"ListItem","position":1,"name":"Hjem","item":"https:\/\/hoonved-nordic.dk\/"},{"@type":"ListItem","position":2,"name":"Shop","item":"https:\/\/hoonved-nordic.dk\/shop"},{"@type":"ListItem","position":3,"name":"Profine Blu Medium Easy Wash"}]},{"@type":"WebSite","@id":"https:\/\/hoonved-nordic.dk\/#website","url":"https:\/\/hoonved-nordic.dk\/","name":"Hoonved Nordic","description":"","potentialAction":[{"@type":"SearchAction","target":{"@type":"EntryPoint","urlTemplate":"https:\/\/hoonved-nordic.dk\/?s={search_term_string}"},"query-input":{"@type":"PropertyValueSpecification","valueRequired":true,"valueName":"search_term_string"}}],"inLanguage":"nb-NO"},{"@type":"ImageObject","inLanguage":"nb-NO","@id":"https:\/\/hoonved-nordic.dk\/product\/profine-blu-medium-easy-wash#local-main-organization-logo","url":"","contentUrl":"","caption":"Hoonved Nordic"}]}},"_links":{"self":[{"href":"https:\/\/hoonved-nordic.dk\/nb\/wp-json\/wp\/v2\/product\/1118","targetHints":{"allow":["GET"]}}],"collection":[{"href":"https:\/\/hoonved-nordic.dk\/nb\/wp-json\/wp\/v2\/product"}],"about":[{"href":"https:\/\/hoonved-nordic.dk\/nb\/wp-json\/wp\/v2\/types\/product"}],"wp:attachment":[{"href":"https:\/\/hoonved-nordic.dk\/nb\/wp-json\/wp\/v2\/media?parent=1118"}],"wp:term":[{"taxonomy":"product_brand","embeddable":true,"href":"https:\/\/hoonved-nordic.dk\/nb\/wp-json\/wp\/v2\/product_brand?post=1118"},{"taxonomy":"product_cat","embeddable":true,"href":"https:\/\/hoonved-nordic.dk\/nb\/wp-json\/wp\/v2\/product_cat?post=1118"},{"taxonomy":"product_tag","embeddable":true,"href":"https:\/\/hoonved-nordic.dk\/nb\/wp-json\/wp\/v2\/product_tag?post=1118"}],"curies":[{"name":"wp","href":"https:\/\/api.w.org\/{rel}","templated":true}]}}