{"id":1129,"date":"2025-03-20T13:28:08","date_gmt":"2025-03-20T13:28:08","guid":{"rendered":"https:\/\/hoonved-nordic.dk\/product\/alkali-koncentreret-opvaskemiddel-2"},"modified":"2025-03-20T15:45:00","modified_gmt":"2025-03-20T15:45:00","slug":"alkali-koncentreret-opvaskemiddel-2","status":"publish","type":"product","link":"https:\/\/hoonved-nordic.dk\/nb\/product\/alkali-koncentreret-opvaskemiddel-2","title":{"rendered":"Alkali konsentrert vaskemiddel"},"content":{"rendered":"<ul>\n<li>Alkalikonsentrert oppvaskmiddel for oppvaskmaskin<\/li>\n<li>Effektivt flytende vaskemiddel<\/li>\n<li>Designet for grundig vask av glass, kopper, tallerkener, gryter og panner<\/li>\n<li>Sikrer optimal rengj\u00f8ring<\/li>\n<li>Sk\u00e5nsom servicebehandling<\/li>\n<li>Egnet for profesjonell bruk<\/li>\n<li>Vekt: 25 kg<\/li>\n<\/ul>","protected":false},"excerpt":{"rendered":"<p>Alkalikonsentrert oppvaskmiddel er et effektivt flytende vaskemiddel for grundig rengj\u00f8ring av glass, kopper, tallerkener, gryter og panner. Produktet sikrer optimal rengj\u00f8ring og sk\u00e5nsom behandling av serviset. Egnet for profesjonell bruk.<\/p>","protected":false},"featured_media":0,"template":"","meta":{"_acf_changed":false,"inline_featured_image":false},"product_brand":[],"product_cat":[67],"product_tag":[],"class_list":{"0":"post-1129","1":"product","2":"type-product","3":"status-publish","5":"product_cat-kemikalier-og-opvaskemiddler","7":"first","8":"instock","9":"taxable","10":"shipping-taxable","11":"purchasable","12":"product-type-simple"},"acf":[],"yoast_head":"<!-- This site is optimized with the Yoast SEO Premium plugin v22.7 (Yoast SEO v23.9) - https:\/\/yoast.com\/wordpress\/plugins\/seo\/ -->\n<title>Alkali Koncentreret Opvaskemiddel - Hoonved Nordic<\/title>\n<meta name=\"robots\" content=\"index, follow, max-snippet:-1, max-image-preview:large, max-video-preview:-1\" \/>\n<link rel=\"canonical\" href=\"https:\/\/hoonved-nordic.dk\/nb\/product\/alkali-koncentreret-opvaskemiddel-2\/\" \/>\n<meta property=\"og:locale\" content=\"nb_NO\" \/>\n<meta property=\"og:type\" content=\"article\" \/>\n<meta property=\"og:title\" content=\"Alkali Koncentreret Opvaskemiddel\" \/>\n<meta property=\"og:description\" content=\"Alkali koncentreret opvaskemiddel er et effektivt flydende reng\u00f8ringsmiddel designet til grundig vask af glas, kopper, tallerkener samt gryder og pander. Produktet sikrer optimal reng\u00f8ring og sk\u00e5nsom behandling af service. Velegnet til professionel brug.\" \/>\n<meta property=\"og:url\" content=\"https:\/\/hoonved-nordic.dk\/nb\/product\/alkali-koncentreret-opvaskemiddel-2\/\" \/>\n<meta property=\"og:site_name\" content=\"Hoonved Nordic\" \/>\n<meta property=\"article:modified_time\" content=\"2025-03-20T15:45:00+00:00\" \/>\n<meta name=\"twitter:card\" content=\"summary_large_image\" \/>\n<script type=\"application\/ld+json\" class=\"yoast-schema-graph\">{\"@context\":\"https:\/\/schema.org\",\"@graph\":[{\"@type\":\"WebPage\",\"@id\":\"https:\/\/hoonved-nordic.dk\/product\/alkali-koncentreret-opvaskemiddel-2\",\"url\":\"https:\/\/hoonved-nordic.dk\/product\/alkali-koncentreret-opvaskemiddel-2\",\"name\":\"Alkali Koncentreret Opvaskemiddel - Hoonved Nordic\",\"isPartOf\":{\"@id\":\"https:\/\/hoonved-nordic.dk\/#website\"},\"datePublished\":\"2025-03-20T13:28:08+00:00\",\"dateModified\":\"2025-03-20T15:45:00+00:00\",\"breadcrumb\":{\"@id\":\"https:\/\/hoonved-nordic.dk\/product\/alkali-koncentreret-opvaskemiddel-2#breadcrumb\"},\"inLanguage\":\"nb-NO\",\"potentialAction\":[{\"@type\":\"ReadAction\",\"target\":[\"https:\/\/hoonved-nordic.dk\/product\/alkali-koncentreret-opvaskemiddel-2\"]}]},{\"@type\":\"BreadcrumbList\",\"@id\":\"https:\/\/hoonved-nordic.dk\/product\/alkali-koncentreret-opvaskemiddel-2#breadcrumb\",\"itemListElement\":[{\"@type\":\"ListItem\",\"position\":1,\"name\":\"Hjem\",\"item\":\"https:\/\/hoonved-nordic.dk\/\"},{\"@type\":\"ListItem\",\"position\":2,\"name\":\"Shop\",\"item\":\"https:\/\/hoonved-nordic.dk\/shop\"},{\"@type\":\"ListItem\",\"position\":3,\"name\":\"Alkali Koncentreret Opvaskemiddel\"}]},{\"@type\":\"WebSite\",\"@id\":\"https:\/\/hoonved-nordic.dk\/#website\",\"url\":\"https:\/\/hoonved-nordic.dk\/\",\"name\":\"Hoonved Nordic\",\"description\":\"\",\"potentialAction\":[{\"@type\":\"SearchAction\",\"target\":{\"@type\":\"EntryPoint\",\"urlTemplate\":\"https:\/\/hoonved-nordic.dk\/?s={search_term_string}\"},\"query-input\":{\"@type\":\"PropertyValueSpecification\",\"valueRequired\":true,\"valueName\":\"search_term_string\"}}],\"inLanguage\":\"nb-NO\"},{\"@type\":\"ImageObject\",\"inLanguage\":\"nb-NO\",\"@id\":\"https:\/\/hoonved-nordic.dk\/product\/alkali-koncentreret-opvaskemiddel-2#local-main-organization-logo\",\"url\":\"\",\"contentUrl\":\"\",\"caption\":\"Hoonved Nordic\"}]}<\/script>\n<!-- \/ Yoast SEO Premium plugin. -->","yoast_head_json":{"title":"Alkali Koncentreret Opvaskemiddel - Hoonved Nordic","robots":{"index":"index","follow":"follow","max-snippet":"max-snippet:-1","max-image-preview":"max-image-preview:large","max-video-preview":"max-video-preview:-1"},"canonical":"https:\/\/hoonved-nordic.dk\/nb\/product\/alkali-koncentreret-opvaskemiddel-2\/","og_locale":"nb_NO","og_type":"article","og_title":"Alkali Koncentreret Opvaskemiddel","og_description":"Alkali koncentreret opvaskemiddel er et effektivt flydende reng\u00f8ringsmiddel designet til grundig vask af glas, kopper, tallerkener samt gryder og pander. Produktet sikrer optimal reng\u00f8ring og sk\u00e5nsom behandling af service. Velegnet til professionel brug.","og_url":"https:\/\/hoonved-nordic.dk\/nb\/product\/alkali-koncentreret-opvaskemiddel-2\/","og_site_name":"Hoonved Nordic","article_modified_time":"2025-03-20T15:45:00+00:00","twitter_card":"summary_large_image","schema":{"@context":"https:\/\/schema.org","@graph":[{"@type":"WebPage","@id":"https:\/\/hoonved-nordic.dk\/product\/alkali-koncentreret-opvaskemiddel-2","url":"https:\/\/hoonved-nordic.dk\/product\/alkali-koncentreret-opvaskemiddel-2","name":"Alkali Koncentreret Opvaskemiddel - Hoonved Nordic","isPartOf":{"@id":"https:\/\/hoonved-nordic.dk\/#website"},"datePublished":"2025-03-20T13:28:08+00:00","dateModified":"2025-03-20T15:45:00+00:00","breadcrumb":{"@id":"https:\/\/hoonved-nordic.dk\/product\/alkali-koncentreret-opvaskemiddel-2#breadcrumb"},"inLanguage":"nb-NO","potentialAction":[{"@type":"ReadAction","target":["https:\/\/hoonved-nordic.dk\/product\/alkali-koncentreret-opvaskemiddel-2"]}]},{"@type":"BreadcrumbList","@id":"https:\/\/hoonved-nordic.dk\/product\/alkali-koncentreret-opvaskemiddel-2#breadcrumb","itemListElement":[{"@type":"ListItem","position":1,"name":"Hjem","item":"https:\/\/hoonved-nordic.dk\/"},{"@type":"ListItem","position":2,"name":"Shop","item":"https:\/\/hoonved-nordic.dk\/shop"},{"@type":"ListItem","position":3,"name":"Alkali Koncentreret Opvaskemiddel"}]},{"@type":"WebSite","@id":"https:\/\/hoonved-nordic.dk\/#website","url":"https:\/\/hoonved-nordic.dk\/","name":"Hoonved Nordic","description":"","potentialAction":[{"@type":"SearchAction","target":{"@type":"EntryPoint","urlTemplate":"https:\/\/hoonved-nordic.dk\/?s={search_term_string}"},"query-input":{"@type":"PropertyValueSpecification","valueRequired":true,"valueName":"search_term_string"}}],"inLanguage":"nb-NO"},{"@type":"ImageObject","inLanguage":"nb-NO","@id":"https:\/\/hoonved-nordic.dk\/product\/alkali-koncentreret-opvaskemiddel-2#local-main-organization-logo","url":"","contentUrl":"","caption":"Hoonved Nordic"}]}},"_links":{"self":[{"href":"https:\/\/hoonved-nordic.dk\/nb\/wp-json\/wp\/v2\/product\/1129","targetHints":{"allow":["GET"]}}],"collection":[{"href":"https:\/\/hoonved-nordic.dk\/nb\/wp-json\/wp\/v2\/product"}],"about":[{"href":"https:\/\/hoonved-nordic.dk\/nb\/wp-json\/wp\/v2\/types\/product"}],"wp:attachment":[{"href":"https:\/\/hoonved-nordic.dk\/nb\/wp-json\/wp\/v2\/media?parent=1129"}],"wp:term":[{"taxonomy":"product_brand","embeddable":true,"href":"https:\/\/hoonved-nordic.dk\/nb\/wp-json\/wp\/v2\/product_brand?post=1129"},{"taxonomy":"product_cat","embeddable":true,"href":"https:\/\/hoonved-nordic.dk\/nb\/wp-json\/wp\/v2\/product_cat?post=1129"},{"taxonomy":"product_tag","embeddable":true,"href":"https:\/\/hoonved-nordic.dk\/nb\/wp-json\/wp\/v2\/product_tag?post=1129"}],"curies":[{"name":"wp","href":"https:\/\/api.w.org\/{rel}","templated":true}]}}