{"id":1153,"date":"2025-03-20T13:28:38","date_gmt":"2025-03-20T13:28:38","guid":{"rendered":"https:\/\/hoonved-nordic.dk\/product\/base-med-tre-lukkede-sider-og-guides"},"modified":"2025-03-20T15:45:02","modified_gmt":"2025-03-20T15:45:02","slug":"base-med-tre-lukkede-sider-og-guides","status":"publish","type":"product","link":"https:\/\/hoonved-nordic.dk\/nb\/product\/base-med-tre-lukkede-sider-og-guides","title":{"rendered":"Sokkel med tre lukkede sider og f\u00f8ringer"},"content":{"rendered":"<ul>\n<li>Sokkel med tre lukkede sider og f\u00f8ringer<\/li>\n<li>Designet for \u00e5 st\u00f8tte oppvaskmaskiner<\/li>\n<li>M\u00e5l: 595 mm lengde, 565 mm bredde, 430 mm h\u00f8yde<\/li>\n<li>Utstyrt med 7 mm f\u00f8tter for stabilitet<\/li>\n<li>Kompatibel med modellene C 6 E, C 60 E, CE 60 E DP, AP 60 E og TL 60<\/li>\n<\/ul>","protected":false},"excerpt":{"rendered":"<p>Understell med tre lukkede sider og f\u00f8ringer, designet for \u00e5 st\u00f8tte oppvaskmaskiner. M\u00e5l: 595 mm lengde, 565 mm bredde, 430 mm h\u00f8yde. Utstyrt med 7 mm f\u00f8tter for stabilitet. Kompatibel med modellene C 6 E, C 60 E, CE 60 E DP, AP 60 E og TL 60.<\/p>","protected":false},"featured_media":0,"template":"","meta":{"_acf_changed":false,"inline_featured_image":false},"product_brand":[],"product_cat":[67],"product_tag":[],"class_list":{"0":"post-1153","1":"product","2":"type-product","3":"status-publish","5":"product_cat-kemikalier-og-opvaskemiddler","7":"first","8":"instock","9":"taxable","10":"shipping-taxable","11":"purchasable","12":"product-type-simple"},"acf":[],"yoast_head":"<!-- This site is optimized with the Yoast SEO Premium plugin v22.7 (Yoast SEO v23.9) - https:\/\/yoast.com\/wordpress\/plugins\/seo\/ -->\n<title>Base med tre lukkede sider og guides - Hoonved Nordic<\/title>\n<meta name=\"robots\" content=\"index, follow, max-snippet:-1, max-image-preview:large, max-video-preview:-1\" \/>\n<link rel=\"canonical\" href=\"https:\/\/hoonved-nordic.dk\/nb\/product\/base-med-tre-lukkede-sider-og-guides\/\" \/>\n<meta property=\"og:locale\" content=\"nb_NO\" \/>\n<meta property=\"og:type\" content=\"article\" \/>\n<meta property=\"og:title\" content=\"Base med tre lukkede sider og guides\" \/>\n<meta property=\"og:description\" content=\"Base med tre lukkede sider og guides, designet til at underst\u00f8tte opvaskemaskiner. M\u00e5l: 595 mm l\u00e6ngde, 565 mm bredde, 430 mm h\u00f8jde. Udstyret med 7 mm f\u00f8dder for stabilitet. Kompatibel med C 6 E, C 60 E, CE 60 E DP, AP 60 E og TL 60 modeller.\" \/>\n<meta property=\"og:url\" content=\"https:\/\/hoonved-nordic.dk\/nb\/product\/base-med-tre-lukkede-sider-og-guides\/\" \/>\n<meta property=\"og:site_name\" content=\"Hoonved Nordic\" \/>\n<meta property=\"article:modified_time\" content=\"2025-03-20T15:45:02+00:00\" \/>\n<meta name=\"twitter:card\" content=\"summary_large_image\" \/>\n<script type=\"application\/ld+json\" class=\"yoast-schema-graph\">{\"@context\":\"https:\/\/schema.org\",\"@graph\":[{\"@type\":\"WebPage\",\"@id\":\"https:\/\/hoonved-nordic.dk\/product\/base-med-tre-lukkede-sider-og-guides\",\"url\":\"https:\/\/hoonved-nordic.dk\/product\/base-med-tre-lukkede-sider-og-guides\",\"name\":\"Base med tre lukkede sider og guides - Hoonved Nordic\",\"isPartOf\":{\"@id\":\"https:\/\/hoonved-nordic.dk\/#website\"},\"datePublished\":\"2025-03-20T13:28:38+00:00\",\"dateModified\":\"2025-03-20T15:45:02+00:00\",\"breadcrumb\":{\"@id\":\"https:\/\/hoonved-nordic.dk\/product\/base-med-tre-lukkede-sider-og-guides#breadcrumb\"},\"inLanguage\":\"nb-NO\",\"potentialAction\":[{\"@type\":\"ReadAction\",\"target\":[\"https:\/\/hoonved-nordic.dk\/product\/base-med-tre-lukkede-sider-og-guides\"]}]},{\"@type\":\"BreadcrumbList\",\"@id\":\"https:\/\/hoonved-nordic.dk\/product\/base-med-tre-lukkede-sider-og-guides#breadcrumb\",\"itemListElement\":[{\"@type\":\"ListItem\",\"position\":1,\"name\":\"Hjem\",\"item\":\"https:\/\/hoonved-nordic.dk\/\"},{\"@type\":\"ListItem\",\"position\":2,\"name\":\"Shop\",\"item\":\"https:\/\/hoonved-nordic.dk\/shop\"},{\"@type\":\"ListItem\",\"position\":3,\"name\":\"Base med tre lukkede sider og guides\"}]},{\"@type\":\"WebSite\",\"@id\":\"https:\/\/hoonved-nordic.dk\/#website\",\"url\":\"https:\/\/hoonved-nordic.dk\/\",\"name\":\"Hoonved Nordic\",\"description\":\"\",\"potentialAction\":[{\"@type\":\"SearchAction\",\"target\":{\"@type\":\"EntryPoint\",\"urlTemplate\":\"https:\/\/hoonved-nordic.dk\/?s={search_term_string}\"},\"query-input\":{\"@type\":\"PropertyValueSpecification\",\"valueRequired\":true,\"valueName\":\"search_term_string\"}}],\"inLanguage\":\"nb-NO\"},{\"@type\":\"ImageObject\",\"inLanguage\":\"nb-NO\",\"@id\":\"https:\/\/hoonved-nordic.dk\/product\/base-med-tre-lukkede-sider-og-guides#local-main-organization-logo\",\"url\":\"\",\"contentUrl\":\"\",\"caption\":\"Hoonved Nordic\"}]}<\/script>\n<!-- \/ Yoast SEO Premium plugin. -->","yoast_head_json":{"title":"Base med tre lukkede sider og guides - Hoonved Nordic","robots":{"index":"index","follow":"follow","max-snippet":"max-snippet:-1","max-image-preview":"max-image-preview:large","max-video-preview":"max-video-preview:-1"},"canonical":"https:\/\/hoonved-nordic.dk\/nb\/product\/base-med-tre-lukkede-sider-og-guides\/","og_locale":"nb_NO","og_type":"article","og_title":"Base med tre lukkede sider og guides","og_description":"Base med tre lukkede sider og guides, designet til at underst\u00f8tte opvaskemaskiner. M\u00e5l: 595 mm l\u00e6ngde, 565 mm bredde, 430 mm h\u00f8jde. Udstyret med 7 mm f\u00f8dder for stabilitet. Kompatibel med C 6 E, C 60 E, CE 60 E DP, AP 60 E og TL 60 modeller.","og_url":"https:\/\/hoonved-nordic.dk\/nb\/product\/base-med-tre-lukkede-sider-og-guides\/","og_site_name":"Hoonved Nordic","article_modified_time":"2025-03-20T15:45:02+00:00","twitter_card":"summary_large_image","schema":{"@context":"https:\/\/schema.org","@graph":[{"@type":"WebPage","@id":"https:\/\/hoonved-nordic.dk\/product\/base-med-tre-lukkede-sider-og-guides","url":"https:\/\/hoonved-nordic.dk\/product\/base-med-tre-lukkede-sider-og-guides","name":"Base med tre lukkede sider og guides - Hoonved Nordic","isPartOf":{"@id":"https:\/\/hoonved-nordic.dk\/#website"},"datePublished":"2025-03-20T13:28:38+00:00","dateModified":"2025-03-20T15:45:02+00:00","breadcrumb":{"@id":"https:\/\/hoonved-nordic.dk\/product\/base-med-tre-lukkede-sider-og-guides#breadcrumb"},"inLanguage":"nb-NO","potentialAction":[{"@type":"ReadAction","target":["https:\/\/hoonved-nordic.dk\/product\/base-med-tre-lukkede-sider-og-guides"]}]},{"@type":"BreadcrumbList","@id":"https:\/\/hoonved-nordic.dk\/product\/base-med-tre-lukkede-sider-og-guides#breadcrumb","itemListElement":[{"@type":"ListItem","position":1,"name":"Hjem","item":"https:\/\/hoonved-nordic.dk\/"},{"@type":"ListItem","position":2,"name":"Shop","item":"https:\/\/hoonved-nordic.dk\/shop"},{"@type":"ListItem","position":3,"name":"Base med tre lukkede sider og guides"}]},{"@type":"WebSite","@id":"https:\/\/hoonved-nordic.dk\/#website","url":"https:\/\/hoonved-nordic.dk\/","name":"Hoonved Nordic","description":"","potentialAction":[{"@type":"SearchAction","target":{"@type":"EntryPoint","urlTemplate":"https:\/\/hoonved-nordic.dk\/?s={search_term_string}"},"query-input":{"@type":"PropertyValueSpecification","valueRequired":true,"valueName":"search_term_string"}}],"inLanguage":"nb-NO"},{"@type":"ImageObject","inLanguage":"nb-NO","@id":"https:\/\/hoonved-nordic.dk\/product\/base-med-tre-lukkede-sider-og-guides#local-main-organization-logo","url":"","contentUrl":"","caption":"Hoonved Nordic"}]}},"_links":{"self":[{"href":"https:\/\/hoonved-nordic.dk\/nb\/wp-json\/wp\/v2\/product\/1153","targetHints":{"allow":["GET"]}}],"collection":[{"href":"https:\/\/hoonved-nordic.dk\/nb\/wp-json\/wp\/v2\/product"}],"about":[{"href":"https:\/\/hoonved-nordic.dk\/nb\/wp-json\/wp\/v2\/types\/product"}],"wp:attachment":[{"href":"https:\/\/hoonved-nordic.dk\/nb\/wp-json\/wp\/v2\/media?parent=1153"}],"wp:term":[{"taxonomy":"product_brand","embeddable":true,"href":"https:\/\/hoonved-nordic.dk\/nb\/wp-json\/wp\/v2\/product_brand?post=1153"},{"taxonomy":"product_cat","embeddable":true,"href":"https:\/\/hoonved-nordic.dk\/nb\/wp-json\/wp\/v2\/product_cat?post=1153"},{"taxonomy":"product_tag","embeddable":true,"href":"https:\/\/hoonved-nordic.dk\/nb\/wp-json\/wp\/v2\/product_tag?post=1153"}],"curies":[{"name":"wp","href":"https:\/\/api.w.org\/{rel}","templated":true}]}}