{"id":1191,"date":"2025-03-20T13:29:40","date_gmt":"2025-03-20T13:29:40","guid":{"rendered":"https:\/\/hoonved-nordic.dk\/product\/net-rack-mesh-25x25-til-hpw-80-a-bt"},"modified":"2025-03-20T15:45:05","modified_gmt":"2025-03-20T15:45:05","slug":"net-rack-mesh-25x25-til-hpw-80-a-bt","status":"publish","type":"product","link":"https:\/\/hoonved-nordic.dk\/nb\/product\/net-rack-mesh-25x25-til-hpw-80-a-bt","title":{"rendered":"Nettstativ 25\u00d725 for HPW 80 A BT"},"content":{"rendered":"<ul>\n<li>Nettstativ i rustfritt st\u00e5l med maskevidde 25\u00d725 mm<\/li>\n<li>Utviklet for HPW 80 og HPW 80 A BT-modeller<\/li>\n<li>M\u00e5l: 810 mm lengde, 700 mm bredde<\/li>\n<li>Optimal for effektiv oppbevaring og drenering av servise<\/li>\n<li>Egnet for profesjonelle oppvaskmaskiner<\/li>\n<\/ul>","protected":false},"excerpt":{"rendered":"<p>Nettstativ i rustfritt st\u00e5l med en maskevidde p\u00e5 25\u00d725 mm, beregnet p\u00e5 modellene HPW 80 og HPW 80 A BT. M\u00e5l: 810 mm lengde, 700 mm bredde. Ideell for effektiv oppbevaring og t\u00f8mming av oppvask i profesjonelle oppvaskmaskiner.<\/p>","protected":false},"featured_media":0,"template":"","meta":{"_acf_changed":false,"inline_featured_image":false},"product_brand":[],"product_cat":[67],"product_tag":[],"class_list":{"0":"post-1191","1":"product","2":"type-product","3":"status-publish","5":"product_cat-kemikalier-og-opvaskemiddler","7":"first","8":"instock","9":"taxable","10":"shipping-taxable","11":"purchasable","12":"product-type-simple"},"acf":[],"yoast_head":"<!-- This site is optimized with the Yoast SEO Premium plugin v22.7 (Yoast SEO v23.9) - https:\/\/yoast.com\/wordpress\/plugins\/seo\/ -->\n<title>Net Rack mesh 25x25 til HPW 80 A BT - Hoonved Nordic<\/title>\n<meta name=\"robots\" content=\"index, follow, max-snippet:-1, max-image-preview:large, max-video-preview:-1\" \/>\n<link rel=\"canonical\" href=\"https:\/\/hoonved-nordic.dk\/nb\/product\/net-rack-mesh-25x25-til-hpw-80-a-bt\/\" \/>\n<meta property=\"og:locale\" content=\"nb_NO\" \/>\n<meta property=\"og:type\" content=\"article\" \/>\n<meta property=\"og:title\" content=\"Net Rack mesh 25x25 til HPW 80 A BT\" \/>\n<meta property=\"og:description\" content=\"Net rack i rustfrit st\u00e5l med en maske p\u00e5 25x25 mm, designet til modellerne HPW 80 og HPW 80 A BT. Dimensioner: 810 mm l\u00e6ngde, 700 mm bredde. Ideel til effektiv opbevaring og dr\u00e6ning af service i professionelle opvaskemaskiner.\" \/>\n<meta property=\"og:url\" content=\"https:\/\/hoonved-nordic.dk\/nb\/product\/net-rack-mesh-25x25-til-hpw-80-a-bt\/\" \/>\n<meta property=\"og:site_name\" content=\"Hoonved Nordic\" \/>\n<meta property=\"article:modified_time\" content=\"2025-03-20T15:45:05+00:00\" \/>\n<meta name=\"twitter:card\" content=\"summary_large_image\" \/>\n<script type=\"application\/ld+json\" class=\"yoast-schema-graph\">{\"@context\":\"https:\/\/schema.org\",\"@graph\":[{\"@type\":\"WebPage\",\"@id\":\"https:\/\/hoonved-nordic.dk\/product\/net-rack-mesh-25x25-til-hpw-80-a-bt\",\"url\":\"https:\/\/hoonved-nordic.dk\/product\/net-rack-mesh-25x25-til-hpw-80-a-bt\",\"name\":\"Net Rack mesh 25x25 til HPW 80 A BT - Hoonved Nordic\",\"isPartOf\":{\"@id\":\"https:\/\/hoonved-nordic.dk\/#website\"},\"datePublished\":\"2025-03-20T13:29:40+00:00\",\"dateModified\":\"2025-03-20T15:45:05+00:00\",\"breadcrumb\":{\"@id\":\"https:\/\/hoonved-nordic.dk\/product\/net-rack-mesh-25x25-til-hpw-80-a-bt#breadcrumb\"},\"inLanguage\":\"nb-NO\",\"potentialAction\":[{\"@type\":\"ReadAction\",\"target\":[\"https:\/\/hoonved-nordic.dk\/product\/net-rack-mesh-25x25-til-hpw-80-a-bt\"]}]},{\"@type\":\"BreadcrumbList\",\"@id\":\"https:\/\/hoonved-nordic.dk\/product\/net-rack-mesh-25x25-til-hpw-80-a-bt#breadcrumb\",\"itemListElement\":[{\"@type\":\"ListItem\",\"position\":1,\"name\":\"Hjem\",\"item\":\"https:\/\/hoonved-nordic.dk\/\"},{\"@type\":\"ListItem\",\"position\":2,\"name\":\"Shop\",\"item\":\"https:\/\/hoonved-nordic.dk\/shop\"},{\"@type\":\"ListItem\",\"position\":3,\"name\":\"Net Rack mesh 25&#215;25 til HPW 80 A BT\"}]},{\"@type\":\"WebSite\",\"@id\":\"https:\/\/hoonved-nordic.dk\/#website\",\"url\":\"https:\/\/hoonved-nordic.dk\/\",\"name\":\"Hoonved Nordic\",\"description\":\"\",\"potentialAction\":[{\"@type\":\"SearchAction\",\"target\":{\"@type\":\"EntryPoint\",\"urlTemplate\":\"https:\/\/hoonved-nordic.dk\/?s={search_term_string}\"},\"query-input\":{\"@type\":\"PropertyValueSpecification\",\"valueRequired\":true,\"valueName\":\"search_term_string\"}}],\"inLanguage\":\"nb-NO\"},{\"@type\":\"ImageObject\",\"inLanguage\":\"nb-NO\",\"@id\":\"https:\/\/hoonved-nordic.dk\/product\/net-rack-mesh-25x25-til-hpw-80-a-bt#local-main-organization-logo\",\"url\":\"\",\"contentUrl\":\"\",\"caption\":\"Hoonved Nordic\"}]}<\/script>\n<!-- \/ Yoast SEO Premium plugin. -->","yoast_head_json":{"title":"Net Rack mesh 25x25 til HPW 80 A BT - Hoonved Nordic","robots":{"index":"index","follow":"follow","max-snippet":"max-snippet:-1","max-image-preview":"max-image-preview:large","max-video-preview":"max-video-preview:-1"},"canonical":"https:\/\/hoonved-nordic.dk\/nb\/product\/net-rack-mesh-25x25-til-hpw-80-a-bt\/","og_locale":"nb_NO","og_type":"article","og_title":"Net Rack mesh 25x25 til HPW 80 A BT","og_description":"Net rack i rustfrit st\u00e5l med en maske p\u00e5 25x25 mm, designet til modellerne HPW 80 og HPW 80 A BT. Dimensioner: 810 mm l\u00e6ngde, 700 mm bredde. Ideel til effektiv opbevaring og dr\u00e6ning af service i professionelle opvaskemaskiner.","og_url":"https:\/\/hoonved-nordic.dk\/nb\/product\/net-rack-mesh-25x25-til-hpw-80-a-bt\/","og_site_name":"Hoonved Nordic","article_modified_time":"2025-03-20T15:45:05+00:00","twitter_card":"summary_large_image","schema":{"@context":"https:\/\/schema.org","@graph":[{"@type":"WebPage","@id":"https:\/\/hoonved-nordic.dk\/product\/net-rack-mesh-25x25-til-hpw-80-a-bt","url":"https:\/\/hoonved-nordic.dk\/product\/net-rack-mesh-25x25-til-hpw-80-a-bt","name":"Net Rack mesh 25x25 til HPW 80 A BT - Hoonved Nordic","isPartOf":{"@id":"https:\/\/hoonved-nordic.dk\/#website"},"datePublished":"2025-03-20T13:29:40+00:00","dateModified":"2025-03-20T15:45:05+00:00","breadcrumb":{"@id":"https:\/\/hoonved-nordic.dk\/product\/net-rack-mesh-25x25-til-hpw-80-a-bt#breadcrumb"},"inLanguage":"nb-NO","potentialAction":[{"@type":"ReadAction","target":["https:\/\/hoonved-nordic.dk\/product\/net-rack-mesh-25x25-til-hpw-80-a-bt"]}]},{"@type":"BreadcrumbList","@id":"https:\/\/hoonved-nordic.dk\/product\/net-rack-mesh-25x25-til-hpw-80-a-bt#breadcrumb","itemListElement":[{"@type":"ListItem","position":1,"name":"Hjem","item":"https:\/\/hoonved-nordic.dk\/"},{"@type":"ListItem","position":2,"name":"Shop","item":"https:\/\/hoonved-nordic.dk\/shop"},{"@type":"ListItem","position":3,"name":"Net Rack mesh 25&#215;25 til HPW 80 A BT"}]},{"@type":"WebSite","@id":"https:\/\/hoonved-nordic.dk\/#website","url":"https:\/\/hoonved-nordic.dk\/","name":"Hoonved Nordic","description":"","potentialAction":[{"@type":"SearchAction","target":{"@type":"EntryPoint","urlTemplate":"https:\/\/hoonved-nordic.dk\/?s={search_term_string}"},"query-input":{"@type":"PropertyValueSpecification","valueRequired":true,"valueName":"search_term_string"}}],"inLanguage":"nb-NO"},{"@type":"ImageObject","inLanguage":"nb-NO","@id":"https:\/\/hoonved-nordic.dk\/product\/net-rack-mesh-25x25-til-hpw-80-a-bt#local-main-organization-logo","url":"","contentUrl":"","caption":"Hoonved Nordic"}]}},"_links":{"self":[{"href":"https:\/\/hoonved-nordic.dk\/nb\/wp-json\/wp\/v2\/product\/1191","targetHints":{"allow":["GET"]}}],"collection":[{"href":"https:\/\/hoonved-nordic.dk\/nb\/wp-json\/wp\/v2\/product"}],"about":[{"href":"https:\/\/hoonved-nordic.dk\/nb\/wp-json\/wp\/v2\/types\/product"}],"wp:attachment":[{"href":"https:\/\/hoonved-nordic.dk\/nb\/wp-json\/wp\/v2\/media?parent=1191"}],"wp:term":[{"taxonomy":"product_brand","embeddable":true,"href":"https:\/\/hoonved-nordic.dk\/nb\/wp-json\/wp\/v2\/product_brand?post=1191"},{"taxonomy":"product_cat","embeddable":true,"href":"https:\/\/hoonved-nordic.dk\/nb\/wp-json\/wp\/v2\/product_cat?post=1191"},{"taxonomy":"product_tag","embeddable":true,"href":"https:\/\/hoonved-nordic.dk\/nb\/wp-json\/wp\/v2\/product_tag?post=1191"}],"curies":[{"name":"wp","href":"https:\/\/api.w.org\/{rel}","templated":true}]}}