{"id":1194,"date":"2025-03-20T13:29:45","date_gmt":"2025-03-20T13:29:45","guid":{"rendered":"https:\/\/hoonved-nordic.dk\/product\/indsats-til-bageplade-75-mm-c-90-e-ce-68-ce-78"},"modified":"2025-03-20T15:45:06","modified_gmt":"2025-03-20T15:45:06","slug":"indsats-til-bageplade-75-mm-c-90-e-ce-68-ce-78","status":"publish","type":"product","link":"https:\/\/hoonved-nordic.dk\/nb\/product\/indsats-til-bageplade-75-mm-c-90-e-ce-68-ce-78","title":{"rendered":"Innsats for stekebrett 75 mm - C 90 E, CE 68, CE 78"},"content":{"rendered":"<ul>\n<li>Innsats for stekebrett med 75 mm \u00e5pning<\/li>\n<li>Designet for modellene C 90 E, CE 68 og CE 78<\/li>\n<li>M\u00e5l: Lengde 484 mm, bredde 585 mm<\/li>\n<li>Laget av rustfritt st\u00e5l for optimal holdbarhet<\/li>\n<li>Hygienisk design for effektiv oppbevaring<\/li>\n<li>Ideell for organisering av stekebrett<\/li>\n<\/ul>","protected":false},"excerpt":{"rendered":"<p>Bakebrettinnsats med 75 mm \u00e5pning, designet for modellene C 90 E, CE 68 og CE 78. M\u00e5l: Lengde 484 mm, bredde 585 mm. Laget av rustfritt st\u00e5l for optimal holdbarhet og hygiene. Ideell for effektiv oppbevaring og organisering av stekebrett.<\/p>","protected":false},"featured_media":0,"template":"","meta":{"_acf_changed":false,"inline_featured_image":false},"product_brand":[],"product_cat":[67],"product_tag":[],"class_list":{"0":"post-1194","1":"product","2":"type-product","3":"status-publish","5":"product_cat-kemikalier-og-opvaskemiddler","7":"first","8":"instock","9":"taxable","10":"shipping-taxable","11":"purchasable","12":"product-type-simple"},"acf":[],"yoast_head":"<!-- This site is optimized with the Yoast SEO Premium plugin v22.7 (Yoast SEO v23.9) - https:\/\/yoast.com\/wordpress\/plugins\/seo\/ -->\n<title>Indsats til bageplade 75 mm - C 90 E, CE 68, CE 78 - Hoonved Nordic<\/title>\n<meta name=\"robots\" content=\"index, follow, max-snippet:-1, max-image-preview:large, max-video-preview:-1\" \/>\n<link rel=\"canonical\" href=\"https:\/\/hoonved-nordic.dk\/nb\/product\/indsats-til-bageplade-75-mm-c-90-e-ce-68-ce-78\/\" \/>\n<meta property=\"og:locale\" content=\"nb_NO\" \/>\n<meta property=\"og:type\" content=\"article\" \/>\n<meta property=\"og:title\" content=\"Indsats til bageplade 75 mm - C 90 E, CE 68, CE 78\" \/>\n<meta property=\"og:description\" content=\"Indsats til bageplade med \u00e5bning p\u00e5 75 mm, designet til modeller C 90 E, CE 68 og CE 78. Dimensioner: L\u00e6ngde 484 mm, Bredde 585 mm. Fremstillet af rustfrit st\u00e5l for optimal holdbarhed og hygiejne. Ideel til effektiv opbevaring og organisering af bageplader.\" \/>\n<meta property=\"og:url\" content=\"https:\/\/hoonved-nordic.dk\/nb\/product\/indsats-til-bageplade-75-mm-c-90-e-ce-68-ce-78\/\" \/>\n<meta property=\"og:site_name\" content=\"Hoonved Nordic\" \/>\n<meta property=\"article:modified_time\" content=\"2025-03-20T15:45:06+00:00\" \/>\n<meta name=\"twitter:card\" content=\"summary_large_image\" \/>\n<script type=\"application\/ld+json\" class=\"yoast-schema-graph\">{\"@context\":\"https:\/\/schema.org\",\"@graph\":[{\"@type\":\"WebPage\",\"@id\":\"https:\/\/hoonved-nordic.dk\/product\/indsats-til-bageplade-75-mm-c-90-e-ce-68-ce-78\",\"url\":\"https:\/\/hoonved-nordic.dk\/product\/indsats-til-bageplade-75-mm-c-90-e-ce-68-ce-78\",\"name\":\"Indsats til bageplade 75 mm - C 90 E, CE 68, CE 78 - Hoonved Nordic\",\"isPartOf\":{\"@id\":\"https:\/\/hoonved-nordic.dk\/#website\"},\"datePublished\":\"2025-03-20T13:29:45+00:00\",\"dateModified\":\"2025-03-20T15:45:06+00:00\",\"breadcrumb\":{\"@id\":\"https:\/\/hoonved-nordic.dk\/product\/indsats-til-bageplade-75-mm-c-90-e-ce-68-ce-78#breadcrumb\"},\"inLanguage\":\"nb-NO\",\"potentialAction\":[{\"@type\":\"ReadAction\",\"target\":[\"https:\/\/hoonved-nordic.dk\/product\/indsats-til-bageplade-75-mm-c-90-e-ce-68-ce-78\"]}]},{\"@type\":\"BreadcrumbList\",\"@id\":\"https:\/\/hoonved-nordic.dk\/product\/indsats-til-bageplade-75-mm-c-90-e-ce-68-ce-78#breadcrumb\",\"itemListElement\":[{\"@type\":\"ListItem\",\"position\":1,\"name\":\"Hjem\",\"item\":\"https:\/\/hoonved-nordic.dk\/\"},{\"@type\":\"ListItem\",\"position\":2,\"name\":\"Shop\",\"item\":\"https:\/\/hoonved-nordic.dk\/shop\"},{\"@type\":\"ListItem\",\"position\":3,\"name\":\"Indsats til bageplade 75 mm &#8211; C 90 E, CE 68, CE 78\"}]},{\"@type\":\"WebSite\",\"@id\":\"https:\/\/hoonved-nordic.dk\/#website\",\"url\":\"https:\/\/hoonved-nordic.dk\/\",\"name\":\"Hoonved Nordic\",\"description\":\"\",\"potentialAction\":[{\"@type\":\"SearchAction\",\"target\":{\"@type\":\"EntryPoint\",\"urlTemplate\":\"https:\/\/hoonved-nordic.dk\/?s={search_term_string}\"},\"query-input\":{\"@type\":\"PropertyValueSpecification\",\"valueRequired\":true,\"valueName\":\"search_term_string\"}}],\"inLanguage\":\"nb-NO\"},{\"@type\":\"ImageObject\",\"inLanguage\":\"nb-NO\",\"@id\":\"https:\/\/hoonved-nordic.dk\/product\/indsats-til-bageplade-75-mm-c-90-e-ce-68-ce-78#local-main-organization-logo\",\"url\":\"\",\"contentUrl\":\"\",\"caption\":\"Hoonved Nordic\"}]}<\/script>\n<!-- \/ Yoast SEO Premium plugin. -->","yoast_head_json":{"title":"Indsats til bageplade 75 mm - C 90 E, CE 68, CE 78 - Hoonved Nordic","robots":{"index":"index","follow":"follow","max-snippet":"max-snippet:-1","max-image-preview":"max-image-preview:large","max-video-preview":"max-video-preview:-1"},"canonical":"https:\/\/hoonved-nordic.dk\/nb\/product\/indsats-til-bageplade-75-mm-c-90-e-ce-68-ce-78\/","og_locale":"nb_NO","og_type":"article","og_title":"Indsats til bageplade 75 mm - C 90 E, CE 68, CE 78","og_description":"Indsats til bageplade med \u00e5bning p\u00e5 75 mm, designet til modeller C 90 E, CE 68 og CE 78. Dimensioner: L\u00e6ngde 484 mm, Bredde 585 mm. Fremstillet af rustfrit st\u00e5l for optimal holdbarhed og hygiejne. Ideel til effektiv opbevaring og organisering af bageplader.","og_url":"https:\/\/hoonved-nordic.dk\/nb\/product\/indsats-til-bageplade-75-mm-c-90-e-ce-68-ce-78\/","og_site_name":"Hoonved Nordic","article_modified_time":"2025-03-20T15:45:06+00:00","twitter_card":"summary_large_image","schema":{"@context":"https:\/\/schema.org","@graph":[{"@type":"WebPage","@id":"https:\/\/hoonved-nordic.dk\/product\/indsats-til-bageplade-75-mm-c-90-e-ce-68-ce-78","url":"https:\/\/hoonved-nordic.dk\/product\/indsats-til-bageplade-75-mm-c-90-e-ce-68-ce-78","name":"Indsats til bageplade 75 mm - C 90 E, CE 68, CE 78 - Hoonved Nordic","isPartOf":{"@id":"https:\/\/hoonved-nordic.dk\/#website"},"datePublished":"2025-03-20T13:29:45+00:00","dateModified":"2025-03-20T15:45:06+00:00","breadcrumb":{"@id":"https:\/\/hoonved-nordic.dk\/product\/indsats-til-bageplade-75-mm-c-90-e-ce-68-ce-78#breadcrumb"},"inLanguage":"nb-NO","potentialAction":[{"@type":"ReadAction","target":["https:\/\/hoonved-nordic.dk\/product\/indsats-til-bageplade-75-mm-c-90-e-ce-68-ce-78"]}]},{"@type":"BreadcrumbList","@id":"https:\/\/hoonved-nordic.dk\/product\/indsats-til-bageplade-75-mm-c-90-e-ce-68-ce-78#breadcrumb","itemListElement":[{"@type":"ListItem","position":1,"name":"Hjem","item":"https:\/\/hoonved-nordic.dk\/"},{"@type":"ListItem","position":2,"name":"Shop","item":"https:\/\/hoonved-nordic.dk\/shop"},{"@type":"ListItem","position":3,"name":"Indsats til bageplade 75 mm &#8211; C 90 E, CE 68, CE 78"}]},{"@type":"WebSite","@id":"https:\/\/hoonved-nordic.dk\/#website","url":"https:\/\/hoonved-nordic.dk\/","name":"Hoonved Nordic","description":"","potentialAction":[{"@type":"SearchAction","target":{"@type":"EntryPoint","urlTemplate":"https:\/\/hoonved-nordic.dk\/?s={search_term_string}"},"query-input":{"@type":"PropertyValueSpecification","valueRequired":true,"valueName":"search_term_string"}}],"inLanguage":"nb-NO"},{"@type":"ImageObject","inLanguage":"nb-NO","@id":"https:\/\/hoonved-nordic.dk\/product\/indsats-til-bageplade-75-mm-c-90-e-ce-68-ce-78#local-main-organization-logo","url":"","contentUrl":"","caption":"Hoonved Nordic"}]}},"_links":{"self":[{"href":"https:\/\/hoonved-nordic.dk\/nb\/wp-json\/wp\/v2\/product\/1194","targetHints":{"allow":["GET"]}}],"collection":[{"href":"https:\/\/hoonved-nordic.dk\/nb\/wp-json\/wp\/v2\/product"}],"about":[{"href":"https:\/\/hoonved-nordic.dk\/nb\/wp-json\/wp\/v2\/types\/product"}],"wp:attachment":[{"href":"https:\/\/hoonved-nordic.dk\/nb\/wp-json\/wp\/v2\/media?parent=1194"}],"wp:term":[{"taxonomy":"product_brand","embeddable":true,"href":"https:\/\/hoonved-nordic.dk\/nb\/wp-json\/wp\/v2\/product_brand?post=1194"},{"taxonomy":"product_cat","embeddable":true,"href":"https:\/\/hoonved-nordic.dk\/nb\/wp-json\/wp\/v2\/product_cat?post=1194"},{"taxonomy":"product_tag","embeddable":true,"href":"https:\/\/hoonved-nordic.dk\/nb\/wp-json\/wp\/v2\/product_tag?post=1194"}],"curies":[{"name":"wp","href":"https:\/\/api.w.org\/{rel}","templated":true}]}}