{"id":1198,"date":"2025-03-20T13:29:50","date_gmt":"2025-03-20T13:29:50","guid":{"rendered":"https:\/\/hoonved-nordic.dk\/product\/insert-til-skaale-490x590-mm"},"modified":"2025-03-20T15:45:06","modified_gmt":"2025-03-20T15:45:06","slug":"insert-til-skaale-490x590-mm","status":"publish","type":"product","link":"https:\/\/hoonved-nordic.dk\/nb\/product\/insert-til-skaale-490x590-mm","title":{"rendered":"Innsats for sk\u00e5ler 490\u00d7590 mm"},"content":{"rendered":"<ul>\n<li>Innsats for sk\u00e5ler med m\u00e5lene 490\u00d7590 mm<\/li>\n<li>Designet for effektiv oppbevaring og presentasjon av iskrem i gelatovaskemaskin<\/li>\n<li>Kompatibel med cesto-kode 530232<\/li>\n<li>Sikrer optimal utnyttelse av plassen<\/li>\n<li>Gj\u00f8r det enkelt \u00e5 f\u00e5 tilgang til produktene<\/li>\n<li>Ideell for profesjonelle kj\u00f8kken<\/li>\n<\/ul>","protected":false},"excerpt":{"rendered":"<p>Innsats for sk\u00e5ler med m\u00e5lene 490\u00d7590 mm, designet for effektiv oppbevaring og presentasjon av iskrem i isvasker. Kompatibel med cesto-kode 530232, noe som sikrer optimal plassutnyttelse og enkel tilgang til produktene. Ideell for profesjonelle kj\u00f8kken.<\/p>","protected":false},"featured_media":0,"template":"","meta":{"_acf_changed":false,"inline_featured_image":false},"product_brand":[],"product_cat":[67],"product_tag":[],"class_list":{"0":"post-1198","1":"product","2":"type-product","3":"status-publish","5":"product_cat-kemikalier-og-opvaskemiddler","7":"first","8":"instock","9":"taxable","10":"shipping-taxable","11":"purchasable","12":"product-type-simple"},"acf":[],"yoast_head":"<!-- This site is optimized with the Yoast SEO Premium plugin v22.7 (Yoast SEO v23.9) - https:\/\/yoast.com\/wordpress\/plugins\/seo\/ -->\n<title>Insert til sk\u00e5le 490x590 mm - Hoonved Nordic<\/title>\n<meta name=\"robots\" content=\"index, follow, max-snippet:-1, max-image-preview:large, max-video-preview:-1\" \/>\n<link rel=\"canonical\" href=\"https:\/\/hoonved-nordic.dk\/nb\/product\/insert-til-skaale-490x590-mm\/\" \/>\n<meta property=\"og:locale\" content=\"nb_NO\" \/>\n<meta property=\"og:type\" content=\"article\" \/>\n<meta property=\"og:title\" content=\"Insert til sk\u00e5le 490x590 mm\" \/>\n<meta property=\"og:description\" content=\"Insert til sk\u00e5le med dimensionerne 490x590 mm, designet til effektiv opbevaring og pr\u00e6sentation af is i gelato-vasker. Kompatibel med cesto kode 530232, sikrer optimal udnyttelse af plads og nem adgang til produkter. Ideel til professionelle k\u00f8kkener.\" \/>\n<meta property=\"og:url\" content=\"https:\/\/hoonved-nordic.dk\/nb\/product\/insert-til-skaale-490x590-mm\/\" \/>\n<meta property=\"og:site_name\" content=\"Hoonved Nordic\" \/>\n<meta property=\"article:modified_time\" content=\"2025-03-20T15:45:06+00:00\" \/>\n<meta name=\"twitter:card\" content=\"summary_large_image\" \/>\n<script type=\"application\/ld+json\" class=\"yoast-schema-graph\">{\"@context\":\"https:\/\/schema.org\",\"@graph\":[{\"@type\":\"WebPage\",\"@id\":\"https:\/\/hoonved-nordic.dk\/product\/insert-til-skaale-490x590-mm\",\"url\":\"https:\/\/hoonved-nordic.dk\/product\/insert-til-skaale-490x590-mm\",\"name\":\"Insert til sk\u00e5le 490x590 mm - Hoonved Nordic\",\"isPartOf\":{\"@id\":\"https:\/\/hoonved-nordic.dk\/#website\"},\"datePublished\":\"2025-03-20T13:29:50+00:00\",\"dateModified\":\"2025-03-20T15:45:06+00:00\",\"breadcrumb\":{\"@id\":\"https:\/\/hoonved-nordic.dk\/product\/insert-til-skaale-490x590-mm#breadcrumb\"},\"inLanguage\":\"nb-NO\",\"potentialAction\":[{\"@type\":\"ReadAction\",\"target\":[\"https:\/\/hoonved-nordic.dk\/product\/insert-til-skaale-490x590-mm\"]}]},{\"@type\":\"BreadcrumbList\",\"@id\":\"https:\/\/hoonved-nordic.dk\/product\/insert-til-skaale-490x590-mm#breadcrumb\",\"itemListElement\":[{\"@type\":\"ListItem\",\"position\":1,\"name\":\"Hjem\",\"item\":\"https:\/\/hoonved-nordic.dk\/\"},{\"@type\":\"ListItem\",\"position\":2,\"name\":\"Shop\",\"item\":\"https:\/\/hoonved-nordic.dk\/shop\"},{\"@type\":\"ListItem\",\"position\":3,\"name\":\"Insert til sk\u00e5le 490&#215;590 mm\"}]},{\"@type\":\"WebSite\",\"@id\":\"https:\/\/hoonved-nordic.dk\/#website\",\"url\":\"https:\/\/hoonved-nordic.dk\/\",\"name\":\"Hoonved Nordic\",\"description\":\"\",\"potentialAction\":[{\"@type\":\"SearchAction\",\"target\":{\"@type\":\"EntryPoint\",\"urlTemplate\":\"https:\/\/hoonved-nordic.dk\/?s={search_term_string}\"},\"query-input\":{\"@type\":\"PropertyValueSpecification\",\"valueRequired\":true,\"valueName\":\"search_term_string\"}}],\"inLanguage\":\"nb-NO\"},{\"@type\":\"ImageObject\",\"inLanguage\":\"nb-NO\",\"@id\":\"https:\/\/hoonved-nordic.dk\/product\/insert-til-skaale-490x590-mm#local-main-organization-logo\",\"url\":\"\",\"contentUrl\":\"\",\"caption\":\"Hoonved Nordic\"}]}<\/script>\n<!-- \/ Yoast SEO Premium plugin. -->","yoast_head_json":{"title":"Insert til sk\u00e5le 490x590 mm - Hoonved Nordic","robots":{"index":"index","follow":"follow","max-snippet":"max-snippet:-1","max-image-preview":"max-image-preview:large","max-video-preview":"max-video-preview:-1"},"canonical":"https:\/\/hoonved-nordic.dk\/nb\/product\/insert-til-skaale-490x590-mm\/","og_locale":"nb_NO","og_type":"article","og_title":"Insert til sk\u00e5le 490x590 mm","og_description":"Insert til sk\u00e5le med dimensionerne 490x590 mm, designet til effektiv opbevaring og pr\u00e6sentation af is i gelato-vasker. Kompatibel med cesto kode 530232, sikrer optimal udnyttelse af plads og nem adgang til produkter. Ideel til professionelle k\u00f8kkener.","og_url":"https:\/\/hoonved-nordic.dk\/nb\/product\/insert-til-skaale-490x590-mm\/","og_site_name":"Hoonved Nordic","article_modified_time":"2025-03-20T15:45:06+00:00","twitter_card":"summary_large_image","schema":{"@context":"https:\/\/schema.org","@graph":[{"@type":"WebPage","@id":"https:\/\/hoonved-nordic.dk\/product\/insert-til-skaale-490x590-mm","url":"https:\/\/hoonved-nordic.dk\/product\/insert-til-skaale-490x590-mm","name":"Insert til sk\u00e5le 490x590 mm - Hoonved Nordic","isPartOf":{"@id":"https:\/\/hoonved-nordic.dk\/#website"},"datePublished":"2025-03-20T13:29:50+00:00","dateModified":"2025-03-20T15:45:06+00:00","breadcrumb":{"@id":"https:\/\/hoonved-nordic.dk\/product\/insert-til-skaale-490x590-mm#breadcrumb"},"inLanguage":"nb-NO","potentialAction":[{"@type":"ReadAction","target":["https:\/\/hoonved-nordic.dk\/product\/insert-til-skaale-490x590-mm"]}]},{"@type":"BreadcrumbList","@id":"https:\/\/hoonved-nordic.dk\/product\/insert-til-skaale-490x590-mm#breadcrumb","itemListElement":[{"@type":"ListItem","position":1,"name":"Hjem","item":"https:\/\/hoonved-nordic.dk\/"},{"@type":"ListItem","position":2,"name":"Shop","item":"https:\/\/hoonved-nordic.dk\/shop"},{"@type":"ListItem","position":3,"name":"Insert til sk\u00e5le 490&#215;590 mm"}]},{"@type":"WebSite","@id":"https:\/\/hoonved-nordic.dk\/#website","url":"https:\/\/hoonved-nordic.dk\/","name":"Hoonved Nordic","description":"","potentialAction":[{"@type":"SearchAction","target":{"@type":"EntryPoint","urlTemplate":"https:\/\/hoonved-nordic.dk\/?s={search_term_string}"},"query-input":{"@type":"PropertyValueSpecification","valueRequired":true,"valueName":"search_term_string"}}],"inLanguage":"nb-NO"},{"@type":"ImageObject","inLanguage":"nb-NO","@id":"https:\/\/hoonved-nordic.dk\/product\/insert-til-skaale-490x590-mm#local-main-organization-logo","url":"","contentUrl":"","caption":"Hoonved Nordic"}]}},"_links":{"self":[{"href":"https:\/\/hoonved-nordic.dk\/nb\/wp-json\/wp\/v2\/product\/1198","targetHints":{"allow":["GET"]}}],"collection":[{"href":"https:\/\/hoonved-nordic.dk\/nb\/wp-json\/wp\/v2\/product"}],"about":[{"href":"https:\/\/hoonved-nordic.dk\/nb\/wp-json\/wp\/v2\/types\/product"}],"wp:attachment":[{"href":"https:\/\/hoonved-nordic.dk\/nb\/wp-json\/wp\/v2\/media?parent=1198"}],"wp:term":[{"taxonomy":"product_brand","embeddable":true,"href":"https:\/\/hoonved-nordic.dk\/nb\/wp-json\/wp\/v2\/product_brand?post=1198"},{"taxonomy":"product_cat","embeddable":true,"href":"https:\/\/hoonved-nordic.dk\/nb\/wp-json\/wp\/v2\/product_cat?post=1198"},{"taxonomy":"product_tag","embeddable":true,"href":"https:\/\/hoonved-nordic.dk\/nb\/wp-json\/wp\/v2\/product_tag?post=1198"}],"curies":[{"name":"wp","href":"https:\/\/api.w.org\/{rel}","templated":true}]}}