{"id":1204,"date":"2025-03-20T13:29:58","date_gmt":"2025-03-20T13:29:58","guid":{"rendered":"https:\/\/hoonved-nordic.dk\/product\/ekstern-bruserkit-hpw-bt-serie"},"modified":"2025-03-20T15:45:07","modified_gmt":"2025-03-20T15:45:07","slug":"ekstern-bruserkit-hpw-bt-serie","status":"publish","type":"product","link":"https:\/\/hoonved-nordic.dk\/nb\/product\/ekstern-bruserkit-hpw-bt-serie","title":{"rendered":"Eksternt dusjsett HPW BT-serien"},"content":{"rendered":"<ul>\n<li>Eksternt dusjsett for HPW BT-serien.<\/li>\n<li>Utviklet for effektiv rengj\u00f8ring av oppvaskmaskiner.<\/li>\n<li>Muliggj\u00f8r presis vannfordeling.<\/li>\n<li>Optimaliserer rengj\u00f8ringsprosessen.<\/li>\n<li>Sikrer h\u00f8y ytelse og langvarig drift.<\/li>\n<li>Ideell for profesjonelle kj\u00f8kken.<\/li>\n<\/ul>","protected":false},"excerpt":{"rendered":"<p>Eksternt dusjsett for HPW BT-serien er utviklet for effektiv rengj\u00f8ring av oppvaskmaskiner. Settet muliggj\u00f8r presis vannfordeling og optimaliserer rengj\u00f8ringsprosessen, noe som sikrer h\u00f8y ytelse og langvarig drift. Ideelt for profesjonelle kj\u00f8kken.<\/p>","protected":false},"featured_media":0,"template":"","meta":{"_acf_changed":false,"inline_featured_image":false},"product_brand":[],"product_cat":[67],"product_tag":[],"class_list":{"0":"post-1204","1":"product","2":"type-product","3":"status-publish","5":"product_cat-kemikalier-og-opvaskemiddler","7":"first","8":"instock","9":"taxable","10":"shipping-taxable","11":"purchasable","12":"product-type-simple"},"acf":[],"yoast_head":"<!-- This site is optimized with the Yoast SEO Premium plugin v22.7 (Yoast SEO v23.9) - https:\/\/yoast.com\/wordpress\/plugins\/seo\/ -->\n<title>Ekstern bruserkit HPW BT serie - Hoonved Nordic<\/title>\n<meta name=\"robots\" content=\"index, follow, max-snippet:-1, max-image-preview:large, max-video-preview:-1\" \/>\n<link rel=\"canonical\" href=\"https:\/\/hoonved-nordic.dk\/nb\/product\/ekstern-bruserkit-hpw-bt-serie\/\" \/>\n<meta property=\"og:locale\" content=\"nb_NO\" \/>\n<meta property=\"og:type\" content=\"article\" \/>\n<meta property=\"og:title\" content=\"Ekstern bruserkit HPW BT serie\" \/>\n<meta property=\"og:description\" content=\"Ekstern bruserkit til HPW BT serie er designet til effektiv reng\u00f8ring af opvaskemaskiner. Dette kit muligg\u00f8r pr\u00e6cis vandfordeling og optimerer reng\u00f8ringsprocessen, hvilket sikrer h\u00f8j ydeevne og langvarig drift. Ideelt til professionelle k\u00f8kkener.\" \/>\n<meta property=\"og:url\" content=\"https:\/\/hoonved-nordic.dk\/nb\/product\/ekstern-bruserkit-hpw-bt-serie\/\" \/>\n<meta property=\"og:site_name\" content=\"Hoonved Nordic\" \/>\n<meta property=\"article:modified_time\" content=\"2025-03-20T15:45:07+00:00\" \/>\n<meta name=\"twitter:card\" content=\"summary_large_image\" \/>\n<script type=\"application\/ld+json\" class=\"yoast-schema-graph\">{\"@context\":\"https:\/\/schema.org\",\"@graph\":[{\"@type\":\"WebPage\",\"@id\":\"https:\/\/hoonved-nordic.dk\/product\/ekstern-bruserkit-hpw-bt-serie\",\"url\":\"https:\/\/hoonved-nordic.dk\/product\/ekstern-bruserkit-hpw-bt-serie\",\"name\":\"Ekstern bruserkit HPW BT serie - Hoonved Nordic\",\"isPartOf\":{\"@id\":\"https:\/\/hoonved-nordic.dk\/#website\"},\"datePublished\":\"2025-03-20T13:29:58+00:00\",\"dateModified\":\"2025-03-20T15:45:07+00:00\",\"breadcrumb\":{\"@id\":\"https:\/\/hoonved-nordic.dk\/product\/ekstern-bruserkit-hpw-bt-serie#breadcrumb\"},\"inLanguage\":\"nb-NO\",\"potentialAction\":[{\"@type\":\"ReadAction\",\"target\":[\"https:\/\/hoonved-nordic.dk\/product\/ekstern-bruserkit-hpw-bt-serie\"]}]},{\"@type\":\"BreadcrumbList\",\"@id\":\"https:\/\/hoonved-nordic.dk\/product\/ekstern-bruserkit-hpw-bt-serie#breadcrumb\",\"itemListElement\":[{\"@type\":\"ListItem\",\"position\":1,\"name\":\"Hjem\",\"item\":\"https:\/\/hoonved-nordic.dk\/\"},{\"@type\":\"ListItem\",\"position\":2,\"name\":\"Shop\",\"item\":\"https:\/\/hoonved-nordic.dk\/shop\"},{\"@type\":\"ListItem\",\"position\":3,\"name\":\"Ekstern bruserkit HPW BT serie\"}]},{\"@type\":\"WebSite\",\"@id\":\"https:\/\/hoonved-nordic.dk\/#website\",\"url\":\"https:\/\/hoonved-nordic.dk\/\",\"name\":\"Hoonved Nordic\",\"description\":\"\",\"potentialAction\":[{\"@type\":\"SearchAction\",\"target\":{\"@type\":\"EntryPoint\",\"urlTemplate\":\"https:\/\/hoonved-nordic.dk\/?s={search_term_string}\"},\"query-input\":{\"@type\":\"PropertyValueSpecification\",\"valueRequired\":true,\"valueName\":\"search_term_string\"}}],\"inLanguage\":\"nb-NO\"},{\"@type\":\"ImageObject\",\"inLanguage\":\"nb-NO\",\"@id\":\"https:\/\/hoonved-nordic.dk\/product\/ekstern-bruserkit-hpw-bt-serie#local-main-organization-logo\",\"url\":\"\",\"contentUrl\":\"\",\"caption\":\"Hoonved Nordic\"}]}<\/script>\n<!-- \/ Yoast SEO Premium plugin. -->","yoast_head_json":{"title":"Ekstern bruserkit HPW BT serie - Hoonved Nordic","robots":{"index":"index","follow":"follow","max-snippet":"max-snippet:-1","max-image-preview":"max-image-preview:large","max-video-preview":"max-video-preview:-1"},"canonical":"https:\/\/hoonved-nordic.dk\/nb\/product\/ekstern-bruserkit-hpw-bt-serie\/","og_locale":"nb_NO","og_type":"article","og_title":"Ekstern bruserkit HPW BT serie","og_description":"Ekstern bruserkit til HPW BT serie er designet til effektiv reng\u00f8ring af opvaskemaskiner. Dette kit muligg\u00f8r pr\u00e6cis vandfordeling og optimerer reng\u00f8ringsprocessen, hvilket sikrer h\u00f8j ydeevne og langvarig drift. Ideelt til professionelle k\u00f8kkener.","og_url":"https:\/\/hoonved-nordic.dk\/nb\/product\/ekstern-bruserkit-hpw-bt-serie\/","og_site_name":"Hoonved Nordic","article_modified_time":"2025-03-20T15:45:07+00:00","twitter_card":"summary_large_image","schema":{"@context":"https:\/\/schema.org","@graph":[{"@type":"WebPage","@id":"https:\/\/hoonved-nordic.dk\/product\/ekstern-bruserkit-hpw-bt-serie","url":"https:\/\/hoonved-nordic.dk\/product\/ekstern-bruserkit-hpw-bt-serie","name":"Ekstern bruserkit HPW BT serie - Hoonved Nordic","isPartOf":{"@id":"https:\/\/hoonved-nordic.dk\/#website"},"datePublished":"2025-03-20T13:29:58+00:00","dateModified":"2025-03-20T15:45:07+00:00","breadcrumb":{"@id":"https:\/\/hoonved-nordic.dk\/product\/ekstern-bruserkit-hpw-bt-serie#breadcrumb"},"inLanguage":"nb-NO","potentialAction":[{"@type":"ReadAction","target":["https:\/\/hoonved-nordic.dk\/product\/ekstern-bruserkit-hpw-bt-serie"]}]},{"@type":"BreadcrumbList","@id":"https:\/\/hoonved-nordic.dk\/product\/ekstern-bruserkit-hpw-bt-serie#breadcrumb","itemListElement":[{"@type":"ListItem","position":1,"name":"Hjem","item":"https:\/\/hoonved-nordic.dk\/"},{"@type":"ListItem","position":2,"name":"Shop","item":"https:\/\/hoonved-nordic.dk\/shop"},{"@type":"ListItem","position":3,"name":"Ekstern bruserkit HPW BT serie"}]},{"@type":"WebSite","@id":"https:\/\/hoonved-nordic.dk\/#website","url":"https:\/\/hoonved-nordic.dk\/","name":"Hoonved Nordic","description":"","potentialAction":[{"@type":"SearchAction","target":{"@type":"EntryPoint","urlTemplate":"https:\/\/hoonved-nordic.dk\/?s={search_term_string}"},"query-input":{"@type":"PropertyValueSpecification","valueRequired":true,"valueName":"search_term_string"}}],"inLanguage":"nb-NO"},{"@type":"ImageObject","inLanguage":"nb-NO","@id":"https:\/\/hoonved-nordic.dk\/product\/ekstern-bruserkit-hpw-bt-serie#local-main-organization-logo","url":"","contentUrl":"","caption":"Hoonved Nordic"}]}},"_links":{"self":[{"href":"https:\/\/hoonved-nordic.dk\/nb\/wp-json\/wp\/v2\/product\/1204","targetHints":{"allow":["GET"]}}],"collection":[{"href":"https:\/\/hoonved-nordic.dk\/nb\/wp-json\/wp\/v2\/product"}],"about":[{"href":"https:\/\/hoonved-nordic.dk\/nb\/wp-json\/wp\/v2\/types\/product"}],"wp:attachment":[{"href":"https:\/\/hoonved-nordic.dk\/nb\/wp-json\/wp\/v2\/media?parent=1204"}],"wp:term":[{"taxonomy":"product_brand","embeddable":true,"href":"https:\/\/hoonved-nordic.dk\/nb\/wp-json\/wp\/v2\/product_brand?post=1204"},{"taxonomy":"product_cat","embeddable":true,"href":"https:\/\/hoonved-nordic.dk\/nb\/wp-json\/wp\/v2\/product_cat?post=1204"},{"taxonomy":"product_tag","embeddable":true,"href":"https:\/\/hoonved-nordic.dk\/nb\/wp-json\/wp\/v2\/product_tag?post=1204"}],"curies":[{"name":"wp","href":"https:\/\/api.w.org\/{rel}","templated":true}]}}