{"id":1211,"date":"2025-03-20T13:30:06","date_gmt":"2025-03-20T13:30:06","guid":{"rendered":"https:\/\/hoonved-nordic.dk\/product\/endestop-til-rulletransportoer-i-rustfrit-staal-aisi-304-2"},"modified":"2025-03-20T15:45:07","modified_gmt":"2025-03-20T15:45:07","slug":"endestop-til-rulletransportoer-i-rustfrit-staal-aisi-304-2","status":"publish","type":"product","link":"https:\/\/hoonved-nordic.dk\/nb\/product\/endestop-til-rulletransportoer-i-rustfrit-staal-aisi-304-2","title":{"rendered":"Endestopp for rulletransport\u00f8r i rustfritt st\u00e5l AISI 304"},"content":{"rendered":"<ul>\n<li>Endestopp for rulletransport\u00f8r i rustfritt st\u00e5l AISI 304<\/li>\n<li>Utviklet for presis posisjonering og stopp av transportb\u00e5nd<\/li>\n<li>Ideell for industrielle oppvaskmaskiner<\/li>\n<li>Slitesterk og korrosjonsbestandig konstruksjon<\/li>\n<li>Optimalisert for effektiv drift og langsiktig ytelse<\/li>\n<\/ul>","protected":false},"excerpt":{"rendered":"<p>Endestopp for rulletransport\u00f8r i rustfritt st\u00e5l AISI 304, designet for \u00e5 sikre presis posisjonering og stopp av transportb\u00e5nd. Ideell for industrielle oppvaskmaskiner der holdbarhet og korrosjonsbestandighet er avgj\u00f8rende. Optimal for effektiv drift og langvarig ytelse.<\/p>","protected":false},"featured_media":0,"template":"","meta":{"_acf_changed":false,"inline_featured_image":false},"product_brand":[],"product_cat":[67],"product_tag":[],"class_list":{"0":"post-1211","1":"product","2":"type-product","3":"status-publish","5":"product_cat-kemikalier-og-opvaskemiddler","7":"first","8":"instock","9":"taxable","10":"shipping-taxable","11":"purchasable","12":"product-type-simple"},"acf":[],"yoast_head":"<!-- This site is optimized with the Yoast SEO Premium plugin v22.7 (Yoast SEO v23.9) - https:\/\/yoast.com\/wordpress\/plugins\/seo\/ -->\n<title>Endestop til rulletransport\u00f8r i rustfrit st\u00e5l AISI 304 - Hoonved Nordic<\/title>\n<meta name=\"robots\" content=\"index, follow, max-snippet:-1, max-image-preview:large, max-video-preview:-1\" \/>\n<link rel=\"canonical\" href=\"https:\/\/hoonved-nordic.dk\/nb\/product\/endestop-til-rulletransportoer-i-rustfrit-staal-aisi-304-2\/\" \/>\n<meta property=\"og:locale\" content=\"nb_NO\" \/>\n<meta property=\"og:type\" content=\"article\" \/>\n<meta property=\"og:title\" content=\"Endestop til rulletransport\u00f8r i rustfrit st\u00e5l AISI 304\" \/>\n<meta property=\"og:description\" content=\"Endestop til rulletransport\u00f8r i rustfrit st\u00e5l AISI 304, designet til at sikre pr\u00e6cis positionering og stop af transportb\u00e5nd. Ideel til industrielle opvaskemaskiner, hvor holdbarhed og korrosionsbestandighed er afg\u00f8rende. Optimal til effektiv drift og langvarig ydeevne.\" \/>\n<meta property=\"og:url\" content=\"https:\/\/hoonved-nordic.dk\/nb\/product\/endestop-til-rulletransportoer-i-rustfrit-staal-aisi-304-2\/\" \/>\n<meta property=\"og:site_name\" content=\"Hoonved Nordic\" \/>\n<meta property=\"article:modified_time\" content=\"2025-03-20T15:45:07+00:00\" \/>\n<meta name=\"twitter:card\" content=\"summary_large_image\" \/>\n<script type=\"application\/ld+json\" class=\"yoast-schema-graph\">{\"@context\":\"https:\/\/schema.org\",\"@graph\":[{\"@type\":\"WebPage\",\"@id\":\"https:\/\/hoonved-nordic.dk\/product\/endestop-til-rulletransportoer-i-rustfrit-staal-aisi-304-2\",\"url\":\"https:\/\/hoonved-nordic.dk\/product\/endestop-til-rulletransportoer-i-rustfrit-staal-aisi-304-2\",\"name\":\"Endestop til rulletransport\u00f8r i rustfrit st\u00e5l AISI 304 - Hoonved Nordic\",\"isPartOf\":{\"@id\":\"https:\/\/hoonved-nordic.dk\/#website\"},\"datePublished\":\"2025-03-20T13:30:06+00:00\",\"dateModified\":\"2025-03-20T15:45:07+00:00\",\"breadcrumb\":{\"@id\":\"https:\/\/hoonved-nordic.dk\/product\/endestop-til-rulletransportoer-i-rustfrit-staal-aisi-304-2#breadcrumb\"},\"inLanguage\":\"nb-NO\",\"potentialAction\":[{\"@type\":\"ReadAction\",\"target\":[\"https:\/\/hoonved-nordic.dk\/product\/endestop-til-rulletransportoer-i-rustfrit-staal-aisi-304-2\"]}]},{\"@type\":\"BreadcrumbList\",\"@id\":\"https:\/\/hoonved-nordic.dk\/product\/endestop-til-rulletransportoer-i-rustfrit-staal-aisi-304-2#breadcrumb\",\"itemListElement\":[{\"@type\":\"ListItem\",\"position\":1,\"name\":\"Hjem\",\"item\":\"https:\/\/hoonved-nordic.dk\/\"},{\"@type\":\"ListItem\",\"position\":2,\"name\":\"Shop\",\"item\":\"https:\/\/hoonved-nordic.dk\/shop\"},{\"@type\":\"ListItem\",\"position\":3,\"name\":\"Endestop til rulletransport\u00f8r i rustfrit st\u00e5l AISI 304\"}]},{\"@type\":\"WebSite\",\"@id\":\"https:\/\/hoonved-nordic.dk\/#website\",\"url\":\"https:\/\/hoonved-nordic.dk\/\",\"name\":\"Hoonved Nordic\",\"description\":\"\",\"potentialAction\":[{\"@type\":\"SearchAction\",\"target\":{\"@type\":\"EntryPoint\",\"urlTemplate\":\"https:\/\/hoonved-nordic.dk\/?s={search_term_string}\"},\"query-input\":{\"@type\":\"PropertyValueSpecification\",\"valueRequired\":true,\"valueName\":\"search_term_string\"}}],\"inLanguage\":\"nb-NO\"},{\"@type\":\"ImageObject\",\"inLanguage\":\"nb-NO\",\"@id\":\"https:\/\/hoonved-nordic.dk\/product\/endestop-til-rulletransportoer-i-rustfrit-staal-aisi-304-2#local-main-organization-logo\",\"url\":\"\",\"contentUrl\":\"\",\"caption\":\"Hoonved Nordic\"}]}<\/script>\n<!-- \/ Yoast SEO Premium plugin. -->","yoast_head_json":{"title":"Endestop til rulletransport\u00f8r i rustfrit st\u00e5l AISI 304 - Hoonved Nordic","robots":{"index":"index","follow":"follow","max-snippet":"max-snippet:-1","max-image-preview":"max-image-preview:large","max-video-preview":"max-video-preview:-1"},"canonical":"https:\/\/hoonved-nordic.dk\/nb\/product\/endestop-til-rulletransportoer-i-rustfrit-staal-aisi-304-2\/","og_locale":"nb_NO","og_type":"article","og_title":"Endestop til rulletransport\u00f8r i rustfrit st\u00e5l AISI 304","og_description":"Endestop til rulletransport\u00f8r i rustfrit st\u00e5l AISI 304, designet til at sikre pr\u00e6cis positionering og stop af transportb\u00e5nd. Ideel til industrielle opvaskemaskiner, hvor holdbarhed og korrosionsbestandighed er afg\u00f8rende. Optimal til effektiv drift og langvarig ydeevne.","og_url":"https:\/\/hoonved-nordic.dk\/nb\/product\/endestop-til-rulletransportoer-i-rustfrit-staal-aisi-304-2\/","og_site_name":"Hoonved Nordic","article_modified_time":"2025-03-20T15:45:07+00:00","twitter_card":"summary_large_image","schema":{"@context":"https:\/\/schema.org","@graph":[{"@type":"WebPage","@id":"https:\/\/hoonved-nordic.dk\/product\/endestop-til-rulletransportoer-i-rustfrit-staal-aisi-304-2","url":"https:\/\/hoonved-nordic.dk\/product\/endestop-til-rulletransportoer-i-rustfrit-staal-aisi-304-2","name":"Endestop til rulletransport\u00f8r i rustfrit st\u00e5l AISI 304 - Hoonved Nordic","isPartOf":{"@id":"https:\/\/hoonved-nordic.dk\/#website"},"datePublished":"2025-03-20T13:30:06+00:00","dateModified":"2025-03-20T15:45:07+00:00","breadcrumb":{"@id":"https:\/\/hoonved-nordic.dk\/product\/endestop-til-rulletransportoer-i-rustfrit-staal-aisi-304-2#breadcrumb"},"inLanguage":"nb-NO","potentialAction":[{"@type":"ReadAction","target":["https:\/\/hoonved-nordic.dk\/product\/endestop-til-rulletransportoer-i-rustfrit-staal-aisi-304-2"]}]},{"@type":"BreadcrumbList","@id":"https:\/\/hoonved-nordic.dk\/product\/endestop-til-rulletransportoer-i-rustfrit-staal-aisi-304-2#breadcrumb","itemListElement":[{"@type":"ListItem","position":1,"name":"Hjem","item":"https:\/\/hoonved-nordic.dk\/"},{"@type":"ListItem","position":2,"name":"Shop","item":"https:\/\/hoonved-nordic.dk\/shop"},{"@type":"ListItem","position":3,"name":"Endestop til rulletransport\u00f8r i rustfrit st\u00e5l AISI 304"}]},{"@type":"WebSite","@id":"https:\/\/hoonved-nordic.dk\/#website","url":"https:\/\/hoonved-nordic.dk\/","name":"Hoonved Nordic","description":"","potentialAction":[{"@type":"SearchAction","target":{"@type":"EntryPoint","urlTemplate":"https:\/\/hoonved-nordic.dk\/?s={search_term_string}"},"query-input":{"@type":"PropertyValueSpecification","valueRequired":true,"valueName":"search_term_string"}}],"inLanguage":"nb-NO"},{"@type":"ImageObject","inLanguage":"nb-NO","@id":"https:\/\/hoonved-nordic.dk\/product\/endestop-til-rulletransportoer-i-rustfrit-staal-aisi-304-2#local-main-organization-logo","url":"","contentUrl":"","caption":"Hoonved Nordic"}]}},"_links":{"self":[{"href":"https:\/\/hoonved-nordic.dk\/nb\/wp-json\/wp\/v2\/product\/1211","targetHints":{"allow":["GET"]}}],"collection":[{"href":"https:\/\/hoonved-nordic.dk\/nb\/wp-json\/wp\/v2\/product"}],"about":[{"href":"https:\/\/hoonved-nordic.dk\/nb\/wp-json\/wp\/v2\/types\/product"}],"wp:attachment":[{"href":"https:\/\/hoonved-nordic.dk\/nb\/wp-json\/wp\/v2\/media?parent=1211"}],"wp:term":[{"taxonomy":"product_brand","embeddable":true,"href":"https:\/\/hoonved-nordic.dk\/nb\/wp-json\/wp\/v2\/product_brand?post=1211"},{"taxonomy":"product_cat","embeddable":true,"href":"https:\/\/hoonved-nordic.dk\/nb\/wp-json\/wp\/v2\/product_cat?post=1211"},{"taxonomy":"product_tag","embeddable":true,"href":"https:\/\/hoonved-nordic.dk\/nb\/wp-json\/wp\/v2\/product_tag?post=1211"}],"curies":[{"name":"wp","href":"https:\/\/api.w.org\/{rel}","templated":true}]}}