{"id":1228,"date":"2025-03-20T13:30:29","date_gmt":"2025-03-20T13:30:29","guid":{"rendered":"https:\/\/hoonved-nordic.dk\/product\/indgangs-og-udgangsbord-med-4-ben-i-rustfrit-staal-4"},"modified":"2025-03-20T15:45:08","modified_gmt":"2025-03-20T15:45:08","slug":"indgangs-og-udgangsbord-med-4-ben-i-rustfrit-staal-4","status":"publish","type":"product","link":"https:\/\/hoonved-nordic.dk\/nb\/product\/indgangs-og-udgangsbord-med-4-ben-i-rustfrit-staal-4","title":{"rendered":"Inn- og utgangsbord med 4 ben i rustfritt st\u00e5l"},"content":{"rendered":"<ul>\n<li>Inn- og utgangsbord med 4 ben i rustfritt st\u00e5l AISI 304<\/li>\n<li>Dimensjoner: 1200 mm lengde<\/li>\n<li>Designet for effektiv h\u00e5ndtering av oppvasken<\/li>\n<li>Sikrer stabilitet og holdbarhet i profesjonelle kj\u00f8kkenmilj\u00f8er<\/li>\n<li>Ideell for optimalisering av arbeidsflyten<\/li>\n<\/ul>","protected":false},"excerpt":{"rendered":"<p>Inn- og utgangsbord med 4 ben i rustfritt st\u00e5l AISI 304. Dimensjoner: 1200 mm lengde. Designet for effektiv h\u00e5ndtering av oppvask, og sikrer stabilitet og holdbarhet i profesjonelle kj\u00f8kkenmilj\u00f8er. Ideelt for \u00e5 optimalisere arbeidsflyten.<\/p>","protected":false},"featured_media":0,"template":"","meta":{"_acf_changed":false,"inline_featured_image":false},"product_brand":[],"product_cat":[67],"product_tag":[],"class_list":{"0":"post-1228","1":"product","2":"type-product","3":"status-publish","5":"product_cat-kemikalier-og-opvaskemiddler","7":"first","8":"instock","9":"taxable","10":"shipping-taxable","11":"purchasable","12":"product-type-simple"},"acf":[],"yoast_head":"<!-- This site is optimized with the Yoast SEO Premium plugin v22.7 (Yoast SEO v23.9) - https:\/\/yoast.com\/wordpress\/plugins\/seo\/ -->\n<title>Indgangs- og udgangsbord med 4 ben i rustfrit st\u00e5l - Hoonved Nordic<\/title>\n<meta name=\"robots\" content=\"index, follow, max-snippet:-1, max-image-preview:large, max-video-preview:-1\" \/>\n<link rel=\"canonical\" href=\"https:\/\/hoonved-nordic.dk\/nb\/product\/indgangs-og-udgangsbord-med-4-ben-i-rustfrit-staal-4\/\" \/>\n<meta property=\"og:locale\" content=\"nb_NO\" \/>\n<meta property=\"og:type\" content=\"article\" \/>\n<meta property=\"og:title\" content=\"Indgangs- og udgangsbord med 4 ben i rustfrit st\u00e5l\" \/>\n<meta property=\"og:description\" content=\"Indgangs- og udgangsbord med 4 ben i rustfrit st\u00e5l AISI 304. Dimensioner: 1200 mm l\u00e6ngde. Designet til effektiv h\u00e5ndtering af opvask, sikrer stabilitet og holdbarhed i professionelle k\u00f8kkenmilj\u00f8er. Ideel til optimering af arbejdsflow.\" \/>\n<meta property=\"og:url\" content=\"https:\/\/hoonved-nordic.dk\/nb\/product\/indgangs-og-udgangsbord-med-4-ben-i-rustfrit-staal-4\/\" \/>\n<meta property=\"og:site_name\" content=\"Hoonved Nordic\" \/>\n<meta property=\"article:modified_time\" content=\"2025-03-20T15:45:08+00:00\" \/>\n<meta name=\"twitter:card\" content=\"summary_large_image\" \/>\n<script type=\"application\/ld+json\" class=\"yoast-schema-graph\">{\"@context\":\"https:\/\/schema.org\",\"@graph\":[{\"@type\":\"WebPage\",\"@id\":\"https:\/\/hoonved-nordic.dk\/product\/indgangs-og-udgangsbord-med-4-ben-i-rustfrit-staal-4\",\"url\":\"https:\/\/hoonved-nordic.dk\/product\/indgangs-og-udgangsbord-med-4-ben-i-rustfrit-staal-4\",\"name\":\"Indgangs- og udgangsbord med 4 ben i rustfrit st\u00e5l - Hoonved Nordic\",\"isPartOf\":{\"@id\":\"https:\/\/hoonved-nordic.dk\/#website\"},\"datePublished\":\"2025-03-20T13:30:29+00:00\",\"dateModified\":\"2025-03-20T15:45:08+00:00\",\"breadcrumb\":{\"@id\":\"https:\/\/hoonved-nordic.dk\/product\/indgangs-og-udgangsbord-med-4-ben-i-rustfrit-staal-4#breadcrumb\"},\"inLanguage\":\"nb-NO\",\"potentialAction\":[{\"@type\":\"ReadAction\",\"target\":[\"https:\/\/hoonved-nordic.dk\/product\/indgangs-og-udgangsbord-med-4-ben-i-rustfrit-staal-4\"]}]},{\"@type\":\"BreadcrumbList\",\"@id\":\"https:\/\/hoonved-nordic.dk\/product\/indgangs-og-udgangsbord-med-4-ben-i-rustfrit-staal-4#breadcrumb\",\"itemListElement\":[{\"@type\":\"ListItem\",\"position\":1,\"name\":\"Hjem\",\"item\":\"https:\/\/hoonved-nordic.dk\/\"},{\"@type\":\"ListItem\",\"position\":2,\"name\":\"Shop\",\"item\":\"https:\/\/hoonved-nordic.dk\/shop\"},{\"@type\":\"ListItem\",\"position\":3,\"name\":\"Indgangs- og udgangsbord med 4 ben i rustfrit st\u00e5l\"}]},{\"@type\":\"WebSite\",\"@id\":\"https:\/\/hoonved-nordic.dk\/#website\",\"url\":\"https:\/\/hoonved-nordic.dk\/\",\"name\":\"Hoonved Nordic\",\"description\":\"\",\"potentialAction\":[{\"@type\":\"SearchAction\",\"target\":{\"@type\":\"EntryPoint\",\"urlTemplate\":\"https:\/\/hoonved-nordic.dk\/?s={search_term_string}\"},\"query-input\":{\"@type\":\"PropertyValueSpecification\",\"valueRequired\":true,\"valueName\":\"search_term_string\"}}],\"inLanguage\":\"nb-NO\"},{\"@type\":\"ImageObject\",\"inLanguage\":\"nb-NO\",\"@id\":\"https:\/\/hoonved-nordic.dk\/product\/indgangs-og-udgangsbord-med-4-ben-i-rustfrit-staal-4#local-main-organization-logo\",\"url\":\"\",\"contentUrl\":\"\",\"caption\":\"Hoonved Nordic\"}]}<\/script>\n<!-- \/ Yoast SEO Premium plugin. -->","yoast_head_json":{"title":"Indgangs- og udgangsbord med 4 ben i rustfrit st\u00e5l - Hoonved Nordic","robots":{"index":"index","follow":"follow","max-snippet":"max-snippet:-1","max-image-preview":"max-image-preview:large","max-video-preview":"max-video-preview:-1"},"canonical":"https:\/\/hoonved-nordic.dk\/nb\/product\/indgangs-og-udgangsbord-med-4-ben-i-rustfrit-staal-4\/","og_locale":"nb_NO","og_type":"article","og_title":"Indgangs- og udgangsbord med 4 ben i rustfrit st\u00e5l","og_description":"Indgangs- og udgangsbord med 4 ben i rustfrit st\u00e5l AISI 304. Dimensioner: 1200 mm l\u00e6ngde. Designet til effektiv h\u00e5ndtering af opvask, sikrer stabilitet og holdbarhed i professionelle k\u00f8kkenmilj\u00f8er. Ideel til optimering af arbejdsflow.","og_url":"https:\/\/hoonved-nordic.dk\/nb\/product\/indgangs-og-udgangsbord-med-4-ben-i-rustfrit-staal-4\/","og_site_name":"Hoonved Nordic","article_modified_time":"2025-03-20T15:45:08+00:00","twitter_card":"summary_large_image","schema":{"@context":"https:\/\/schema.org","@graph":[{"@type":"WebPage","@id":"https:\/\/hoonved-nordic.dk\/product\/indgangs-og-udgangsbord-med-4-ben-i-rustfrit-staal-4","url":"https:\/\/hoonved-nordic.dk\/product\/indgangs-og-udgangsbord-med-4-ben-i-rustfrit-staal-4","name":"Indgangs- og udgangsbord med 4 ben i rustfrit st\u00e5l - Hoonved Nordic","isPartOf":{"@id":"https:\/\/hoonved-nordic.dk\/#website"},"datePublished":"2025-03-20T13:30:29+00:00","dateModified":"2025-03-20T15:45:08+00:00","breadcrumb":{"@id":"https:\/\/hoonved-nordic.dk\/product\/indgangs-og-udgangsbord-med-4-ben-i-rustfrit-staal-4#breadcrumb"},"inLanguage":"nb-NO","potentialAction":[{"@type":"ReadAction","target":["https:\/\/hoonved-nordic.dk\/product\/indgangs-og-udgangsbord-med-4-ben-i-rustfrit-staal-4"]}]},{"@type":"BreadcrumbList","@id":"https:\/\/hoonved-nordic.dk\/product\/indgangs-og-udgangsbord-med-4-ben-i-rustfrit-staal-4#breadcrumb","itemListElement":[{"@type":"ListItem","position":1,"name":"Hjem","item":"https:\/\/hoonved-nordic.dk\/"},{"@type":"ListItem","position":2,"name":"Shop","item":"https:\/\/hoonved-nordic.dk\/shop"},{"@type":"ListItem","position":3,"name":"Indgangs- og udgangsbord med 4 ben i rustfrit st\u00e5l"}]},{"@type":"WebSite","@id":"https:\/\/hoonved-nordic.dk\/#website","url":"https:\/\/hoonved-nordic.dk\/","name":"Hoonved Nordic","description":"","potentialAction":[{"@type":"SearchAction","target":{"@type":"EntryPoint","urlTemplate":"https:\/\/hoonved-nordic.dk\/?s={search_term_string}"},"query-input":{"@type":"PropertyValueSpecification","valueRequired":true,"valueName":"search_term_string"}}],"inLanguage":"nb-NO"},{"@type":"ImageObject","inLanguage":"nb-NO","@id":"https:\/\/hoonved-nordic.dk\/product\/indgangs-og-udgangsbord-med-4-ben-i-rustfrit-staal-4#local-main-organization-logo","url":"","contentUrl":"","caption":"Hoonved Nordic"}]}},"_links":{"self":[{"href":"https:\/\/hoonved-nordic.dk\/nb\/wp-json\/wp\/v2\/product\/1228","targetHints":{"allow":["GET"]}}],"collection":[{"href":"https:\/\/hoonved-nordic.dk\/nb\/wp-json\/wp\/v2\/product"}],"about":[{"href":"https:\/\/hoonved-nordic.dk\/nb\/wp-json\/wp\/v2\/types\/product"}],"wp:attachment":[{"href":"https:\/\/hoonved-nordic.dk\/nb\/wp-json\/wp\/v2\/media?parent=1228"}],"wp:term":[{"taxonomy":"product_brand","embeddable":true,"href":"https:\/\/hoonved-nordic.dk\/nb\/wp-json\/wp\/v2\/product_brand?post=1228"},{"taxonomy":"product_cat","embeddable":true,"href":"https:\/\/hoonved-nordic.dk\/nb\/wp-json\/wp\/v2\/product_cat?post=1228"},{"taxonomy":"product_tag","embeddable":true,"href":"https:\/\/hoonved-nordic.dk\/nb\/wp-json\/wp\/v2\/product_tag?post=1228"}],"curies":[{"name":"wp","href":"https:\/\/api.w.org\/{rel}","templated":true}]}}