{"id":895,"date":"2025-03-17T23:17:48","date_gmt":"2025-03-17T23:17:48","guid":{"rendered":"https:\/\/hoonved-nordic.dk\/product\/product-43"},"modified":"2025-03-18T02:57:50","modified_gmt":"2025-03-18T02:57:50","slug":"htp195-tunnelopvasker-med-prewash-og-separat-skyllesektion","status":"publish","type":"product","link":"https:\/\/hoonved-nordic.dk\/nb\/product\/htp195-tunnelopvasker-med-prewash-og-separat-skyllesektion","title":{"rendered":"HTP195 Tunneloppvaskmaskin med forvask og separat spyleseksjon"},"content":{"rendered":"<h2>Energieffektiv tunneloppvaskmaskin med separat forvask - HTP195<\/h2>\n<p>\nHTP195 fra Hoonved er en milj\u00f8vennlig tunneloppvaskmaskin som er spesielt utviklet for travle mennesker <a href=\"https:\/\/hoonved-nordic.dk\/nb\/restauranter\/\">restauranter<\/a>Den er spesielt godt egnet for sykehus, kantiner og institusjoner med store vaskebehov. Maskinen har en separat forvaskseksjon og en effektiv skylleseksjon, noe som sikrer utmerket hygiene og optimale vaskeresultater hver gang.\n<\/p>\n<h3>H\u00f8y produktivitet og overlegen hygiene<\/h3>\n<p>\nMed opptil 195 kurver eller 3510 tallerkener i timen sikrer denne kommersielle tunneloppvaskmaskinen maksimal effektivitet og p\u00e5litelighet, selv under toppbelastning.\n<\/p>\n<ul>\n<li>500 mm integrert forvaskeseksjon for optimal hygiene<\/li>\n<li>1150 mm kraftig vaskemodul<\/li>\n<li>Separat 400 mm spyleseksjon (HPRS) sikrer lavt vannforbruk<\/li>\n<li>3 hastigheter sikrer fleksibilitet i driften<\/li>\n<\/ul>\n<h3>Hvordan reduserer HTP195 energi- og vannforbruket?<\/h3>\n<p>\nDen energieffektive tunneloppvaskmaskinen benytter avansert RCC-varmegjenvinningsteknologi som reduserer energiforbruket med opptil 50%. Det proporsjonale skyllesystemet (HPRS) s\u00f8rger ogs\u00e5 for lavt vannforbruk og minimerte driftskostnader.\n<\/p>\n<h3>Hva betyr Wi-Fi-overv\u00e5king for virksomheten din?<\/h3>\n<p>\nMed den integrerte Wi-Fi-teknologien kan du enkelt overv\u00e5ke industrioppvaskl\u00f8sningen din p\u00e5 nettet, laste ned viktige HACCP-rapporter og planlegge vedlikehold p\u00e5 en effektiv m\u00e5te. Dette sikrer maksimal oppetid og f\u00e6rre teknikerbes\u00f8k.\n<\/p>\n<h3>Tekniske spesifikasjoner:<\/h3>\n<ul>\n<li><strong>Kapasitet:<\/strong> Opp til 195 kurver\/time (3510 tallerkener\/time)<\/li>\n<li><strong>Elektrisk tilkobling:<\/strong> 400V 3N~50Hz<\/li>\n<li><strong>Stativst\u00f8rrelse:<\/strong> 500 x 500 mm<\/li>\n<li><strong>Total effekt:<\/strong> Opp til 38,8 kW<\/li>\n<li><strong>Forvaskeseksjon:<\/strong> 500 mm<\/li>\n<li><strong>Spylingsseksjon (HPRS):<\/strong> Standard (optimalisert vannforbruk)<\/li>\n<li><strong>Lydniv\u00e5:<\/strong> Under 70 dB(A)<\/li>\n<\/ul>\n<h3>Reservedeler og tilbeh\u00f8r<\/h3>\n<p>\nHos Hoonved Nordic f\u00e5r du originale <a href=\"https:\/\/hoonved-nordic.dk\/nb\/reservedele\/\">reservedeler<\/a> og praktisk <a href=\"https:\/\/hoonved-nordic.dk\/nb\/tilbehoer\/\">tilbeh\u00f8r<\/a>som sikrer optimal drift av tunnelvaskeren.\n<\/p>\n<p>\nLes mer om Hoonveds h\u00f8ye standarder og innovative l\u00f8sninger p\u00e5 produsentens offisielle nettside: <a href=\"https:\/\/www.hoonved.com\/en\/about-us\/\">Om Hoonved<\/a>.\n<\/p>\n<p>\nEr du klar til \u00e5 redusere driftskostnadene dine med en energieffektiv tunneloppvaskmaskin? <a href=\"https:\/\/hoonved-nordic.dk\/nb\/kontakt-os\/\">Kontakt Hoonved Nordic her<\/a> - V\u00e5re eksperter st\u00e5r klare til \u00e5 hjelpe deg med \u00e5 finne den rette l\u00f8sningen!<\/p>","protected":false},"excerpt":{"rendered":"<p>\nEnergieffektiv HTP195 tunneloppvaskmaskin med forvask og separat spyleseksjon, designet for maksimal effektivitet i storkj\u00f8kken.\n<\/p>\n<ul>\n<li>Separat forvaskesone sikrer perfekt hygiene<\/li>\n<li>H\u00f8y kapasitet: Opp til 195 kurver\/time<\/li>\n<li>Innovativ energibesparende teknologi (RCC)<\/li>\n<\/ul>","protected":false},"featured_media":964,"template":"","meta":{"_acf_changed":false,"inline_featured_image":false},"product_brand":[42],"product_cat":[38],"product_tag":[],"class_list":{"0":"post-895","1":"product","2":"type-product","3":"status-publish","4":"has-post-thumbnail","6":"product_brand-hoonved","7":"product_cat-ht-htp","9":"first","10":"instock","11":"taxable","12":"shipping-taxable","13":"product-type-simple"},"acf":[],"yoast_head":"<!-- This site is optimized with the Yoast SEO Premium plugin v22.7 (Yoast SEO v23.9) - https:\/\/yoast.com\/wordpress\/plugins\/seo\/ -->\n<title>Energivenlig Tunnelopvasker HTP195 med Prewash | Hoonved<\/title>\n<meta name=\"description\" content=\"Energivenlig tunnelopvasker HTP195 med prewash og separat skyllesektion. Perfekt til stork\u00f8kkener og institutioner. Kontakt os her!\" \/>\n<meta name=\"robots\" content=\"index, follow, max-snippet:-1, max-image-preview:large, max-video-preview:-1\" \/>\n<link rel=\"canonical\" href=\"https:\/\/hoonved-nordic.dk\/nb\/product\/htp195-tunnelopvasker-med-prewash-og-separat-skyllesektion\/\" \/>\n<meta property=\"og:locale\" content=\"nb_NO\" \/>\n<meta property=\"og:type\" content=\"article\" \/>\n<meta property=\"og:title\" content=\"HTP195 Tunnelopvasker med prewash og separat skyllesektion\" \/>\n<meta property=\"og:description\" content=\"Energivenlig tunnelopvasker HTP195 med prewash og separat skyllesektion. Perfekt til stork\u00f8kkener og institutioner. Kontakt os her!\" \/>\n<meta property=\"og:url\" content=\"https:\/\/hoonved-nordic.dk\/nb\/product\/htp195-tunnelopvasker-med-prewash-og-separat-skyllesektion\/\" \/>\n<meta property=\"og:site_name\" content=\"Hoonved Nordic\" \/>\n<meta property=\"article:modified_time\" content=\"2025-03-18T02:57:50+00:00\" \/>\n<meta property=\"og:image\" content=\"https:\/\/hoonved-nordic.dk\/wp-content\/uploads\/2025\/03\/foto_1_ht_150_senza_porta_prelav_copia-1-scaled.jpg\" \/>\n\t<meta property=\"og:image:width\" content=\"2560\" \/>\n\t<meta property=\"og:image:height\" content=\"1707\" \/>\n\t<meta property=\"og:image:type\" content=\"image\/jpeg\" \/>\n<meta name=\"twitter:card\" content=\"summary_large_image\" \/>\n<meta name=\"twitter:label1\" content=\"Ansl. lesetid\" \/>\n\t<meta name=\"twitter:data1\" content=\"1 minutt\" \/>\n<script type=\"application\/ld+json\" class=\"yoast-schema-graph\">{\"@context\":\"https:\/\/schema.org\",\"@graph\":[{\"@type\":\"WebPage\",\"@id\":\"https:\/\/hoonved-nordic.dk\/product\/htp195-tunnelopvasker-med-prewash-og-separat-skyllesektion\",\"url\":\"https:\/\/hoonved-nordic.dk\/product\/htp195-tunnelopvasker-med-prewash-og-separat-skyllesektion\",\"name\":\"Energivenlig Tunnelopvasker HTP195 med Prewash | Hoonved\",\"isPartOf\":{\"@id\":\"https:\/\/hoonved-nordic.dk\/#website\"},\"primaryImageOfPage\":{\"@id\":\"https:\/\/hoonved-nordic.dk\/product\/htp195-tunnelopvasker-med-prewash-og-separat-skyllesektion#primaryimage\"},\"image\":{\"@id\":\"https:\/\/hoonved-nordic.dk\/product\/htp195-tunnelopvasker-med-prewash-og-separat-skyllesektion#primaryimage\"},\"thumbnailUrl\":\"https:\/\/hoonved-nordic.dk\/wp-content\/uploads\/2025\/03\/foto_1_ht_150_senza_porta_prelav_copia-1-scaled.jpg\",\"datePublished\":\"2025-03-17T23:17:48+00:00\",\"dateModified\":\"2025-03-18T02:57:50+00:00\",\"description\":\"Energivenlig tunnelopvasker HTP195 med prewash og separat skyllesektion. Perfekt til stork\u00f8kkener og institutioner. Kontakt os her!\",\"breadcrumb\":{\"@id\":\"https:\/\/hoonved-nordic.dk\/product\/htp195-tunnelopvasker-med-prewash-og-separat-skyllesektion#breadcrumb\"},\"inLanguage\":\"nb-NO\",\"potentialAction\":[{\"@type\":\"ReadAction\",\"target\":[\"https:\/\/hoonved-nordic.dk\/product\/htp195-tunnelopvasker-med-prewash-og-separat-skyllesektion\"]}]},{\"@type\":\"ImageObject\",\"inLanguage\":\"nb-NO\",\"@id\":\"https:\/\/hoonved-nordic.dk\/product\/htp195-tunnelopvasker-med-prewash-og-separat-skyllesektion#primaryimage\",\"url\":\"https:\/\/hoonved-nordic.dk\/wp-content\/uploads\/2025\/03\/foto_1_ht_150_senza_porta_prelav_copia-1-scaled.jpg\",\"contentUrl\":\"https:\/\/hoonved-nordic.dk\/wp-content\/uploads\/2025\/03\/foto_1_ht_150_senza_porta_prelav_copia-1-scaled.jpg\",\"width\":2560,\"height\":1707},{\"@type\":\"BreadcrumbList\",\"@id\":\"https:\/\/hoonved-nordic.dk\/product\/htp195-tunnelopvasker-med-prewash-og-separat-skyllesektion#breadcrumb\",\"itemListElement\":[{\"@type\":\"ListItem\",\"position\":1,\"name\":\"Hjem\",\"item\":\"https:\/\/hoonved-nordic.dk\/\"},{\"@type\":\"ListItem\",\"position\":2,\"name\":\"Shop\",\"item\":\"https:\/\/hoonved-nordic.dk\/shop\"},{\"@type\":\"ListItem\",\"position\":3,\"name\":\"HTP195 Tunnelopvasker med prewash og separat skyllesektion\"}]},{\"@type\":\"WebSite\",\"@id\":\"https:\/\/hoonved-nordic.dk\/#website\",\"url\":\"https:\/\/hoonved-nordic.dk\/\",\"name\":\"Hoonved Nordic\",\"description\":\"\",\"potentialAction\":[{\"@type\":\"SearchAction\",\"target\":{\"@type\":\"EntryPoint\",\"urlTemplate\":\"https:\/\/hoonved-nordic.dk\/?s={search_term_string}\"},\"query-input\":{\"@type\":\"PropertyValueSpecification\",\"valueRequired\":true,\"valueName\":\"search_term_string\"}}],\"inLanguage\":\"nb-NO\"},{\"@type\":\"ImageObject\",\"inLanguage\":\"nb-NO\",\"@id\":\"https:\/\/hoonved-nordic.dk\/product\/htp195-tunnelopvasker-med-prewash-og-separat-skyllesektion#local-main-organization-logo\",\"url\":\"\",\"contentUrl\":\"\",\"caption\":\"Hoonved Nordic\"}]}<\/script>\n<!-- \/ Yoast SEO Premium plugin. -->","yoast_head_json":{"title":"Energivenlig Tunnelopvasker HTP195 med Prewash | Hoonved","description":"Energivenlig tunnelopvasker HTP195 med prewash og separat skyllesektion. Perfekt til stork\u00f8kkener og institutioner. Kontakt os her!","robots":{"index":"index","follow":"follow","max-snippet":"max-snippet:-1","max-image-preview":"max-image-preview:large","max-video-preview":"max-video-preview:-1"},"canonical":"https:\/\/hoonved-nordic.dk\/nb\/product\/htp195-tunnelopvasker-med-prewash-og-separat-skyllesektion\/","og_locale":"nb_NO","og_type":"article","og_title":"HTP195 Tunnelopvasker med prewash og separat skyllesektion","og_description":"Energivenlig tunnelopvasker HTP195 med prewash og separat skyllesektion. Perfekt til stork\u00f8kkener og institutioner. Kontakt os her!","og_url":"https:\/\/hoonved-nordic.dk\/nb\/product\/htp195-tunnelopvasker-med-prewash-og-separat-skyllesektion\/","og_site_name":"Hoonved Nordic","article_modified_time":"2025-03-18T02:57:50+00:00","og_image":[{"width":2560,"height":1707,"url":"https:\/\/hoonved-nordic.dk\/wp-content\/uploads\/2025\/03\/foto_1_ht_150_senza_porta_prelav_copia-1-scaled.jpg","type":"image\/jpeg"}],"twitter_card":"summary_large_image","twitter_misc":{"Ansl. lesetid":"1 minutt"},"schema":{"@context":"https:\/\/schema.org","@graph":[{"@type":"WebPage","@id":"https:\/\/hoonved-nordic.dk\/product\/htp195-tunnelopvasker-med-prewash-og-separat-skyllesektion","url":"https:\/\/hoonved-nordic.dk\/product\/htp195-tunnelopvasker-med-prewash-og-separat-skyllesektion","name":"Energivenlig Tunnelopvasker HTP195 med Prewash | Hoonved","isPartOf":{"@id":"https:\/\/hoonved-nordic.dk\/#website"},"primaryImageOfPage":{"@id":"https:\/\/hoonved-nordic.dk\/product\/htp195-tunnelopvasker-med-prewash-og-separat-skyllesektion#primaryimage"},"image":{"@id":"https:\/\/hoonved-nordic.dk\/product\/htp195-tunnelopvasker-med-prewash-og-separat-skyllesektion#primaryimage"},"thumbnailUrl":"https:\/\/hoonved-nordic.dk\/wp-content\/uploads\/2025\/03\/foto_1_ht_150_senza_porta_prelav_copia-1-scaled.jpg","datePublished":"2025-03-17T23:17:48+00:00","dateModified":"2025-03-18T02:57:50+00:00","description":"Energivenlig tunnelopvasker HTP195 med prewash og separat skyllesektion. Perfekt til stork\u00f8kkener og institutioner. Kontakt os her!","breadcrumb":{"@id":"https:\/\/hoonved-nordic.dk\/product\/htp195-tunnelopvasker-med-prewash-og-separat-skyllesektion#breadcrumb"},"inLanguage":"nb-NO","potentialAction":[{"@type":"ReadAction","target":["https:\/\/hoonved-nordic.dk\/product\/htp195-tunnelopvasker-med-prewash-og-separat-skyllesektion"]}]},{"@type":"ImageObject","inLanguage":"nb-NO","@id":"https:\/\/hoonved-nordic.dk\/product\/htp195-tunnelopvasker-med-prewash-og-separat-skyllesektion#primaryimage","url":"https:\/\/hoonved-nordic.dk\/wp-content\/uploads\/2025\/03\/foto_1_ht_150_senza_porta_prelav_copia-1-scaled.jpg","contentUrl":"https:\/\/hoonved-nordic.dk\/wp-content\/uploads\/2025\/03\/foto_1_ht_150_senza_porta_prelav_copia-1-scaled.jpg","width":2560,"height":1707},{"@type":"BreadcrumbList","@id":"https:\/\/hoonved-nordic.dk\/product\/htp195-tunnelopvasker-med-prewash-og-separat-skyllesektion#breadcrumb","itemListElement":[{"@type":"ListItem","position":1,"name":"Hjem","item":"https:\/\/hoonved-nordic.dk\/"},{"@type":"ListItem","position":2,"name":"Shop","item":"https:\/\/hoonved-nordic.dk\/shop"},{"@type":"ListItem","position":3,"name":"HTP195 Tunnelopvasker med prewash og separat skyllesektion"}]},{"@type":"WebSite","@id":"https:\/\/hoonved-nordic.dk\/#website","url":"https:\/\/hoonved-nordic.dk\/","name":"Hoonved Nordic","description":"","potentialAction":[{"@type":"SearchAction","target":{"@type":"EntryPoint","urlTemplate":"https:\/\/hoonved-nordic.dk\/?s={search_term_string}"},"query-input":{"@type":"PropertyValueSpecification","valueRequired":true,"valueName":"search_term_string"}}],"inLanguage":"nb-NO"},{"@type":"ImageObject","inLanguage":"nb-NO","@id":"https:\/\/hoonved-nordic.dk\/product\/htp195-tunnelopvasker-med-prewash-og-separat-skyllesektion#local-main-organization-logo","url":"","contentUrl":"","caption":"Hoonved Nordic"}]}},"_links":{"self":[{"href":"https:\/\/hoonved-nordic.dk\/nb\/wp-json\/wp\/v2\/product\/895","targetHints":{"allow":["GET"]}}],"collection":[{"href":"https:\/\/hoonved-nordic.dk\/nb\/wp-json\/wp\/v2\/product"}],"about":[{"href":"https:\/\/hoonved-nordic.dk\/nb\/wp-json\/wp\/v2\/types\/product"}],"wp:featuredmedia":[{"embeddable":true,"href":"https:\/\/hoonved-nordic.dk\/nb\/wp-json\/wp\/v2\/media\/964"}],"wp:attachment":[{"href":"https:\/\/hoonved-nordic.dk\/nb\/wp-json\/wp\/v2\/media?parent=895"}],"wp:term":[{"taxonomy":"product_brand","embeddable":true,"href":"https:\/\/hoonved-nordic.dk\/nb\/wp-json\/wp\/v2\/product_brand?post=895"},{"taxonomy":"product_cat","embeddable":true,"href":"https:\/\/hoonved-nordic.dk\/nb\/wp-json\/wp\/v2\/product_cat?post=895"},{"taxonomy":"product_tag","embeddable":true,"href":"https:\/\/hoonved-nordic.dk\/nb\/wp-json\/wp\/v2\/product_tag?post=895"}],"curies":[{"name":"wp","href":"https:\/\/api.w.org\/{rel}","templated":true}]}}