{"id":1034,"date":"2025-03-19T07:32:32","date_gmt":"2025-03-19T07:32:32","guid":{"rendered":"https:\/\/hoonved-nordic.dk\/?post_type=product&#038;p=1034"},"modified":"2025-03-19T07:32:48","modified_gmt":"2025-03-19T07:32:48","slug":"hoonved-tlc100-haette-opvaskemaskine-med-kondesering","status":"publish","type":"product","link":"https:\/\/hoonved-nordic.dk\/sv\/product\/hoonved-tlc100-haette-opvaskemaskine-med-kondesering","title":{"rendered":"Hoonved - TLC100 - Diskmaskin med huva och kondensavskiljning"},"content":{"rendered":"<h1>K\u00e5pa Diskmaskin med kondens: TLC100<\/h1>\n<p>Den <strong>TLC100 huvdiskmaskin med kondens<\/strong> \u00e4r en oumb\u00e4rlig l\u00f6sning f\u00f6r professionella k\u00f6k som s\u00f6ker effektivitet, tillf\u00f6rlitlighet och topprestanda. TLC100 \u00e4r utrustad med den senaste tekniken och utformad f\u00f6r att hantera \u00e4ven de mest kr\u00e4vande uppgifterna, och \u00e4r ett sj\u00e4lvklart val f\u00f6r alla k\u00f6k som v\u00e4rdes\u00e4tter kvalitet och h\u00e5llbarhet.<\/p>\n<p><strong>Inkl. dr\u00e4neringspump, sk\u00f6lj- och tv\u00e5lpump<\/strong><\/p>\n<p>Artikel nr: H58800\/RCC2<\/p>\n<p><img decoding=\"async\" class=\"aligncenter size-medium wp-image-56135\" src=\"https:\/\/elding-nordic.dk\/wp-content\/uploads\/2024\/04\/hoonved_tlc-1-800x800.jpg\" alt=\"TLC 100 Hoonved med kondensering 58820\/RCC2\" width=\"800\" height=\"800\" \/><\/p>\n<h2>O\u00f6vertr\u00e4ffad teknik och design<\/h2>\n<p>Med en avancerad <strong>Kondenseringsenhet (RCC2)<\/strong>TLC100 ger inte bara effektiva reng\u00f6ringsresultat, utan ocks\u00e5 betydande energibesparingar. Modellen levereras med en rad funktioner som \u00e4r utformade f\u00f6r att f\u00f6rb\u00e4ttra anv\u00e4ndarupplevelsen och s\u00e4kerst\u00e4lla optimal prestanda:<\/p>\n<ul>\n<li>Dubbelv\u00e4ggig konstruktion f\u00f6r b\u00e4ttre isolering och h\u00e5llbarhet<\/li>\n<li>Sj\u00e4lvreng\u00f6rande maskininredning f\u00f6r enkelt underh\u00e5ll<\/li>\n<li>Integrerad sk\u00f6lj- och tv\u00e5lpump f\u00f6r j\u00e4mn reng\u00f6ringskvalitet<\/li>\n<li>Effektiv dr\u00e4neringspump f\u00f6r snabb vattenavledning<\/li>\n<\/ul>\n<h2>Perfekt f\u00f6r alla professionella k\u00f6k<\/h2>\n<p><strong>Diskmaskinsk\u00e5pa med kondensvatten<\/strong> \u00e4r utformad f\u00f6r att uppfylla behoven i en m\u00e4ngd olika k\u00f6ksmilj\u00f6er, fr\u00e5n restauranger och bistroer till snabbmatskedjor och glassbarer. TLC100 \u00e4r ocks\u00e5 idealisk f\u00f6r sjukhus, f\u00f6retagsmatsalar, skolor och hotell d\u00e4r hygien och effektivitet \u00e4r av st\u00f6rsta vikt.<\/p>\n<ul>\n<li>1000 plattor per timme garanterar snabb och effektiv reng\u00f6ring<\/li>\n<li>4 tv\u00e4ttcykler plus en ECO2-cykel f\u00f6r skr\u00e4ddarsydda reng\u00f6ringsbehov<\/li>\n<li>Avancerad elektronik f\u00f6r enkel man\u00f6vrering och \u00f6vervakning av tv\u00e4ttprocessen<\/li>\n<li>Standardutrustning inkluderar dr\u00e4neringspump, sk\u00f6lj- och tv\u00e5lpump och kondensoraggregat (RCC2)<\/li>\n<\/ul>\n<h3>F\u00f6rdelar med TLC100<\/h3>\n<p>Detta <strong>professionell diskmaskin med kondens<\/strong> erbjuder inte bara \u00f6verl\u00e4gsen reng\u00f6ringskraft, utan ocks\u00e5 en rad f\u00f6rdelar som g\u00f6r den till en v\u00e4rdefull investering f\u00f6r alla k\u00f6k:<\/p>\n<p><strong>Stark och enkel att anv\u00e4nda:<\/strong> AISI 304-konstruktion i rostfritt st\u00e5l garanterar h\u00e5llbarhet och enkel \u00f6ppning av huven. Perfekt hygien med en helt rundad interi\u00f6r och stora filter som \u00e4r l\u00e4tta att byta ut och reng\u00f6ra.<\/p>\n<p><strong>Avancerad elektronik:<\/strong> Anpassade tv\u00e4tt- och sk\u00f6ljcykler med digital display. S\u00e4kerhetsfunktioner som l\u00e5gsp\u00e4nningsstyrning och st\u00e4nks\u00e4kert tangentbord garanterar tillf\u00f6rlitlig och s\u00e4ker drift.<\/p>\n<p>TLC100 <strong>Diskmaskinsk\u00e5pa med kondensvatten<\/strong> representerar det ultimata inom k\u00f6kshygien och effektivitet, vilket g\u00f6r den till en oumb\u00e4rlig del av alla professionella k\u00f6k.<\/p>\n<p>&nbsp;<\/p>\n<h2>Kondensering: Nyckeln till \u00f6kad effektivitet och energibesparingar<\/h2>\n<p><img decoding=\"async\" class=\"aligncenter size-medium wp-image-57031\" src=\"https:\/\/elding-nordic.dk\/wp-content\/uploads\/2024\/04\/RCC-unit-800x800.jpg\" alt=\"Med Kondenseringsteknologi RCC2\" width=\"800\" height=\"800\" \/><\/p>\n<p>Kondenseringsteknik i <strong>TLC100 huv f\u00f6r diskmaskin<\/strong> representerar en revolutionerande metod f\u00f6r diskning i professionella k\u00f6k. Genom att anv\u00e4nda en avancerad kondenseringsenhet, som RCC2, uppn\u00e5s betydande f\u00f6rdelar som g\u00e5r ut\u00f6ver vanliga diskmetoder. Den h\u00e4r tekniken optimerar inte bara energif\u00f6rbrukningen utan f\u00f6rb\u00e4ttrar ocks\u00e5 den totala reng\u00f6ringseffektiviteten och arbetsmilj\u00f6n.<\/p>\n<ul>\n<li><strong>Minskad energif\u00f6rbrukning:<\/strong> Genom att \u00e5teranv\u00e4nda \u00e5ngan fr\u00e5n diskprocessen f\u00f6r att v\u00e4rma inkommande vatten minimeras energibehovet f\u00f6r uppv\u00e4rmning avsev\u00e4rt, vilket leder till l\u00e4gre driftskostnader.<\/li>\n<li><strong>F\u00f6rb\u00e4ttrad arbetsmilj\u00f6:<\/strong> Kondensationsprocessen minskar m\u00e4ngden \u00e5nga som l\u00e4cker ut i k\u00f6ket, vilket bidrar till en h\u00e4lsosammare arbetsmilj\u00f6 och f\u00f6rb\u00e4ttrar komforten f\u00f6r k\u00f6kspersonalen.<\/li>\n<li><strong>\u00d6kad reng\u00f6ringskvalitet:<\/strong> Den konstanta och effektiva anv\u00e4ndningen av varmvatten s\u00e4kerst\u00e4ller att varje tv\u00e4ttcykel uppn\u00e5r maximal hygien och renlighet, vilket \u00e4r viktigt i alla milj\u00f6er d\u00e4r livsmedel bereds.<\/li>\n<li><strong>Energibesparing:<\/strong> Kondenseringsenhetens f\u00f6rm\u00e5ga att utnyttja befintlig v\u00e4rme minskar maskinens totala energif\u00f6rbrukning och bidrar till en mer h\u00e5llbar drift.<\/li>\n<\/ul>\n<p>Integreringen av RCC2-kondenseringsenheten i <strong>TLC100 huv f\u00f6r diskmaskin<\/strong> visar Hoonveds engagemang f\u00f6r att erbjuda innovativa l\u00f6sningar som f\u00f6rb\u00e4ttrar k\u00f6kets effektivitet, h\u00e5llbarhet och medarbetarnas v\u00e4lbefinnande. Genom att v\u00e4lja en diskmaskin med denna avancerade teknik investerar du inte bara i en h\u00f6gpresterande apparat, utan ocks\u00e5 i framtiden f\u00f6r ditt k\u00f6k och den omgivande milj\u00f6n.<\/p>\n<p>&nbsp;<\/p>\n<table>\n<tbody>\n<tr>\n<td width=\"122\">Modell<\/td>\n<td width=\"128\">TLC 100<\/td>\n<\/tr>\n<tr>\n<td>Cykelns l\u00e4ngd<\/td>\n<td>63 - 88 - 118 - 238 sek + ECO2<\/td>\n<\/tr>\n<tr>\n<td>Tv\u00e4ttutrymme<\/td>\n<td>400 mm<\/td>\n<\/tr>\n<tr>\n<td>Rack<\/td>\n<td>500\u00d7500 mm<\/td>\n<\/tr>\n<tr>\n<td>Konstruktion<\/td>\n<td>Dubbel v\u00e4gg<\/td>\n<\/tr>\n<tr>\n<td>Maskininredning<\/td>\n<td>Sj\u00e4lvreng\u00f6rande<\/td>\n<\/tr>\n<tr>\n<td>Pump f\u00f6r sk\u00f6ljmedel<\/td>\n<td>Standard<\/td>\n<\/tr>\n<tr>\n<td>Tv\u00e4ttpump<\/td>\n<td>1100 W<\/td>\n<\/tr>\n<tr>\n<td>Disk\/h<\/td>\n<td>1000<\/td>\n<\/tr>\n<tr>\n<td>Pump f\u00f6r reng\u00f6ringsmedel<\/td>\n<td>Standard<\/td>\n<\/tr>\n<tr>\n<td>System f\u00f6r brytningstank<\/td>\n<td>Standard<\/td>\n<\/tr>\n<tr>\n<td>Elektrisk anslutning<\/td>\n<td>230V\/3\/50Hz; 400V\/3N\/50Hz<\/td>\n<\/tr>\n<tr>\n<td>Total effekt<\/td>\n<td>10100 W<\/td>\n<\/tr>\n<tr>\n<td>V\u00e4rmepanna<\/td>\n<td>9000 W<\/td>\n<\/tr>\n<tr>\n<td>Tankv\u00e4rmare<\/td>\n<td>3000 W<\/td>\n<\/tr>\n<tr>\n<td>Tankens kapacitet<\/td>\n<td>42 l<\/td>\n<\/tr>\n<tr>\n<td>Pannans kapacitet<\/td>\n<td>8,2 l<\/td>\n<\/tr>\n<tr>\n<td>Vattenf\u00f6rs\u00f6rjning<\/td>\n<td>2\u00f74 bar \u00d8 3\/4\"G<\/td>\n<\/tr>\n<tr>\n<td>Cykel f\u00f6r vattenf\u00f6rbrukning<\/td>\n<td>3,5 l<\/td>\n<\/tr>\n<tr>\n<td>Anslutning f\u00f6r dr\u00e4neringsslang<\/td>\n<td>\u00d8 1\"G<\/td>\n<\/tr>\n<tr>\n<td>Akustisk tryckniv\u00e5<\/td>\n<td>&lt; 70 db (A)<\/td>\n<\/tr>\n<tr>\n<td>RCC-kondenseringsenhet<\/td>\n<td>Ing\u00e5r i paketet<\/td>\n<\/tr>\n<\/tbody>\n<\/table>\n<p>&nbsp;<\/p>","protected":false},"excerpt":{"rendered":"<p>TLC100 huvdiskmaskin med kondens \u00e4r utformad f\u00f6r att uppfylla de h\u00f6gsta kraven i professionella k\u00f6k. Med inkluderad dr\u00e4neringspump, sk\u00f6lj- och tv\u00e5lpump och en kondenseringsenhet (RCC2) garanterar denna modell b\u00e5de effektivitet och \u00f6verl\u00e4gsen reng\u00f6ring. Perfekt f\u00f6r restauranger, snabbmatskedjor, glasskiosker, sjukhus, f\u00f6retagsmatsalar, skolor och hotell.<\/p>\n<p><strong>Inkl. dr\u00e4neringspump, sk\u00f6lj- och tv\u00e5lpump<\/strong><\/p>\n<p>Med RCC2 \u00e4r maskinen 358 mm h\u00f6gre \u00e4n vad som anges i specifikationerna. Totalh\u00f6jden \u00e4r: 1878 mm med RCC2.<\/p>","protected":false},"featured_media":1042,"template":"","meta":{"_acf_changed":false,"inline_featured_image":false},"product_brand":[],"product_cat":[40],"product_tag":[43],"class_list":{"0":"post-1034","1":"product","2":"type-product","3":"status-publish","4":"has-post-thumbnail","6":"product_cat-tlc","7":"product_tag-hoonved","9":"first","10":"instock","11":"taxable","12":"shipping-taxable","13":"purchasable","14":"product-type-simple"},"acf":[],"yoast_head":"<!-- This site is optimized with the Yoast SEO Premium plugin v22.7 (Yoast SEO v23.9) - https:\/\/yoast.com\/wordpress\/plugins\/seo\/ -->\n<title>Hoonved - TLC100 - H\u00e6tte opvaskemaskine med kondesering - Hoonved Nordic<\/title>\n<meta name=\"robots\" content=\"index, follow, max-snippet:-1, max-image-preview:large, max-video-preview:-1\" \/>\n<link rel=\"canonical\" href=\"https:\/\/hoonved-nordic.dk\/sv\/product\/hoonved-tlc100-haette-opvaskemaskine-med-kondesering\/\" \/>\n<meta property=\"og:locale\" content=\"sv_SE\" \/>\n<meta property=\"og:type\" content=\"article\" \/>\n<meta property=\"og:title\" content=\"Hoonved - TLC100 - H\u00e6tte opvaskemaskine med kondesering\" \/>\n<meta property=\"og:description\" content=\"TLC100 h\u00e6tte opvaskemaskine med kondensering er designet til at m\u00f8de de h\u00f8jeste krav inden for professionelle k\u00f8kkener. Med inkluderet afl\u00f8bspumpe, afsp\u00e6ndings- og s\u00e6bepumpe samt en kondenseringsunit (RCC2), garanterer denne model b\u00e5de effektivitet og overlegen reng\u00f8ring. Perfekt for restauranter, fastfood-k\u00e6der, isbutikker, hospitaler, firma kantiner, skoler og hoteller.  Inkl. Afl\u00f8bspumpe, afsp\u00e6ndings &amp; s\u00e6be pumpe  Med RCC2 bliver maskinen 358 mm h\u00f8jere end der muligvis st\u00e5r i specifikationer. Total h\u00f8jden er: 1878 mm med RCC2.\" \/>\n<meta property=\"og:url\" content=\"https:\/\/hoonved-nordic.dk\/sv\/product\/hoonved-tlc100-haette-opvaskemaskine-med-kondesering\/\" \/>\n<meta property=\"og:site_name\" content=\"Hoonved Nordic\" \/>\n<meta property=\"article:modified_time\" content=\"2025-03-19T07:32:48+00:00\" \/>\n<meta name=\"twitter:card\" content=\"summary_large_image\" \/>\n<meta name=\"twitter:label1\" content=\"Ber\u00e4knad l\u00e4stid\" \/>\n\t<meta name=\"twitter:data1\" content=\"3 minuter\" \/>\n<script type=\"application\/ld+json\" class=\"yoast-schema-graph\">{\"@context\":\"https:\/\/schema.org\",\"@graph\":[{\"@type\":\"WebPage\",\"@id\":\"https:\/\/hoonved-nordic.dk\/product\/hoonved-tlc100-haette-opvaskemaskine-med-kondesering\",\"url\":\"https:\/\/hoonved-nordic.dk\/product\/hoonved-tlc100-haette-opvaskemaskine-med-kondesering\",\"name\":\"Hoonved - TLC100 - H\u00e6tte opvaskemaskine med kondesering - Hoonved Nordic\",\"isPartOf\":{\"@id\":\"https:\/\/hoonved-nordic.dk\/#website\"},\"primaryImageOfPage\":{\"@id\":\"https:\/\/hoonved-nordic.dk\/product\/hoonved-tlc100-haette-opvaskemaskine-med-kondesering#primaryimage\"},\"image\":{\"@id\":\"https:\/\/hoonved-nordic.dk\/product\/hoonved-tlc100-haette-opvaskemaskine-med-kondesering#primaryimage\"},\"thumbnailUrl\":\"https:\/\/hoonved-nordic.dk\/wp-content\/uploads\/2025\/03\/tlc-100-med-kondensering.png\",\"datePublished\":\"2025-03-19T07:32:32+00:00\",\"dateModified\":\"2025-03-19T07:32:48+00:00\",\"breadcrumb\":{\"@id\":\"https:\/\/hoonved-nordic.dk\/product\/hoonved-tlc100-haette-opvaskemaskine-med-kondesering#breadcrumb\"},\"inLanguage\":\"sv-SE\",\"potentialAction\":[{\"@type\":\"ReadAction\",\"target\":[\"https:\/\/hoonved-nordic.dk\/product\/hoonved-tlc100-haette-opvaskemaskine-med-kondesering\"]}]},{\"@type\":\"ImageObject\",\"inLanguage\":\"sv-SE\",\"@id\":\"https:\/\/hoonved-nordic.dk\/product\/hoonved-tlc100-haette-opvaskemaskine-med-kondesering#primaryimage\",\"url\":\"https:\/\/hoonved-nordic.dk\/wp-content\/uploads\/2025\/03\/tlc-100-med-kondensering.png\",\"contentUrl\":\"https:\/\/hoonved-nordic.dk\/wp-content\/uploads\/2025\/03\/tlc-100-med-kondensering.png\",\"width\":334,\"height\":701},{\"@type\":\"BreadcrumbList\",\"@id\":\"https:\/\/hoonved-nordic.dk\/product\/hoonved-tlc100-haette-opvaskemaskine-med-kondesering#breadcrumb\",\"itemListElement\":[{\"@type\":\"ListItem\",\"position\":1,\"name\":\"Hjem\",\"item\":\"https:\/\/hoonved-nordic.dk\/\"},{\"@type\":\"ListItem\",\"position\":2,\"name\":\"Shop\",\"item\":\"https:\/\/hoonved-nordic.dk\/shop\"},{\"@type\":\"ListItem\",\"position\":3,\"name\":\"Hoonved &#8211; TLC100 &#8211; H\u00e6tte opvaskemaskine med kondesering\"}]},{\"@type\":\"WebSite\",\"@id\":\"https:\/\/hoonved-nordic.dk\/#website\",\"url\":\"https:\/\/hoonved-nordic.dk\/\",\"name\":\"Hoonved Nordic\",\"description\":\"\",\"potentialAction\":[{\"@type\":\"SearchAction\",\"target\":{\"@type\":\"EntryPoint\",\"urlTemplate\":\"https:\/\/hoonved-nordic.dk\/?s={search_term_string}\"},\"query-input\":{\"@type\":\"PropertyValueSpecification\",\"valueRequired\":true,\"valueName\":\"search_term_string\"}}],\"inLanguage\":\"sv-SE\"},{\"@type\":\"ImageObject\",\"inLanguage\":\"sv-SE\",\"@id\":\"https:\/\/hoonved-nordic.dk\/product\/hoonved-tlc100-haette-opvaskemaskine-med-kondesering#local-main-organization-logo\",\"url\":\"\",\"contentUrl\":\"\",\"caption\":\"Hoonved Nordic\"}]}<\/script>\n<!-- \/ Yoast SEO Premium plugin. -->","yoast_head_json":{"title":"Hoonved - TLC100 - H\u00e6tte opvaskemaskine med kondesering - Hoonved Nordic","robots":{"index":"index","follow":"follow","max-snippet":"max-snippet:-1","max-image-preview":"max-image-preview:large","max-video-preview":"max-video-preview:-1"},"canonical":"https:\/\/hoonved-nordic.dk\/sv\/product\/hoonved-tlc100-haette-opvaskemaskine-med-kondesering\/","og_locale":"sv_SE","og_type":"article","og_title":"Hoonved - TLC100 - H\u00e6tte opvaskemaskine med kondesering","og_description":"TLC100 h\u00e6tte opvaskemaskine med kondensering er designet til at m\u00f8de de h\u00f8jeste krav inden for professionelle k\u00f8kkener. Med inkluderet afl\u00f8bspumpe, afsp\u00e6ndings- og s\u00e6bepumpe samt en kondenseringsunit (RCC2), garanterer denne model b\u00e5de effektivitet og overlegen reng\u00f8ring. Perfekt for restauranter, fastfood-k\u00e6der, isbutikker, hospitaler, firma kantiner, skoler og hoteller.  Inkl. Afl\u00f8bspumpe, afsp\u00e6ndings &amp; s\u00e6be pumpe  Med RCC2 bliver maskinen 358 mm h\u00f8jere end der muligvis st\u00e5r i specifikationer. Total h\u00f8jden er: 1878 mm med RCC2.","og_url":"https:\/\/hoonved-nordic.dk\/sv\/product\/hoonved-tlc100-haette-opvaskemaskine-med-kondesering\/","og_site_name":"Hoonved Nordic","article_modified_time":"2025-03-19T07:32:48+00:00","twitter_card":"summary_large_image","twitter_misc":{"Ber\u00e4knad l\u00e4stid":"3 minuter"},"schema":{"@context":"https:\/\/schema.org","@graph":[{"@type":"WebPage","@id":"https:\/\/hoonved-nordic.dk\/product\/hoonved-tlc100-haette-opvaskemaskine-med-kondesering","url":"https:\/\/hoonved-nordic.dk\/product\/hoonved-tlc100-haette-opvaskemaskine-med-kondesering","name":"Hoonved - TLC100 - H\u00e6tte opvaskemaskine med kondesering - Hoonved Nordic","isPartOf":{"@id":"https:\/\/hoonved-nordic.dk\/#website"},"primaryImageOfPage":{"@id":"https:\/\/hoonved-nordic.dk\/product\/hoonved-tlc100-haette-opvaskemaskine-med-kondesering#primaryimage"},"image":{"@id":"https:\/\/hoonved-nordic.dk\/product\/hoonved-tlc100-haette-opvaskemaskine-med-kondesering#primaryimage"},"thumbnailUrl":"https:\/\/hoonved-nordic.dk\/wp-content\/uploads\/2025\/03\/tlc-100-med-kondensering.png","datePublished":"2025-03-19T07:32:32+00:00","dateModified":"2025-03-19T07:32:48+00:00","breadcrumb":{"@id":"https:\/\/hoonved-nordic.dk\/product\/hoonved-tlc100-haette-opvaskemaskine-med-kondesering#breadcrumb"},"inLanguage":"sv-SE","potentialAction":[{"@type":"ReadAction","target":["https:\/\/hoonved-nordic.dk\/product\/hoonved-tlc100-haette-opvaskemaskine-med-kondesering"]}]},{"@type":"ImageObject","inLanguage":"sv-SE","@id":"https:\/\/hoonved-nordic.dk\/product\/hoonved-tlc100-haette-opvaskemaskine-med-kondesering#primaryimage","url":"https:\/\/hoonved-nordic.dk\/wp-content\/uploads\/2025\/03\/tlc-100-med-kondensering.png","contentUrl":"https:\/\/hoonved-nordic.dk\/wp-content\/uploads\/2025\/03\/tlc-100-med-kondensering.png","width":334,"height":701},{"@type":"BreadcrumbList","@id":"https:\/\/hoonved-nordic.dk\/product\/hoonved-tlc100-haette-opvaskemaskine-med-kondesering#breadcrumb","itemListElement":[{"@type":"ListItem","position":1,"name":"Hjem","item":"https:\/\/hoonved-nordic.dk\/"},{"@type":"ListItem","position":2,"name":"Shop","item":"https:\/\/hoonved-nordic.dk\/shop"},{"@type":"ListItem","position":3,"name":"Hoonved &#8211; TLC100 &#8211; H\u00e6tte opvaskemaskine med kondesering"}]},{"@type":"WebSite","@id":"https:\/\/hoonved-nordic.dk\/#website","url":"https:\/\/hoonved-nordic.dk\/","name":"Hoonved Nordic","description":"","potentialAction":[{"@type":"SearchAction","target":{"@type":"EntryPoint","urlTemplate":"https:\/\/hoonved-nordic.dk\/?s={search_term_string}"},"query-input":{"@type":"PropertyValueSpecification","valueRequired":true,"valueName":"search_term_string"}}],"inLanguage":"sv-SE"},{"@type":"ImageObject","inLanguage":"sv-SE","@id":"https:\/\/hoonved-nordic.dk\/product\/hoonved-tlc100-haette-opvaskemaskine-med-kondesering#local-main-organization-logo","url":"","contentUrl":"","caption":"Hoonved Nordic"}]}},"_links":{"self":[{"href":"https:\/\/hoonved-nordic.dk\/sv\/wp-json\/wp\/v2\/product\/1034","targetHints":{"allow":["GET"]}}],"collection":[{"href":"https:\/\/hoonved-nordic.dk\/sv\/wp-json\/wp\/v2\/product"}],"about":[{"href":"https:\/\/hoonved-nordic.dk\/sv\/wp-json\/wp\/v2\/types\/product"}],"wp:featuredmedia":[{"embeddable":true,"href":"https:\/\/hoonved-nordic.dk\/sv\/wp-json\/wp\/v2\/media\/1042"}],"wp:attachment":[{"href":"https:\/\/hoonved-nordic.dk\/sv\/wp-json\/wp\/v2\/media?parent=1034"}],"wp:term":[{"taxonomy":"product_brand","embeddable":true,"href":"https:\/\/hoonved-nordic.dk\/sv\/wp-json\/wp\/v2\/product_brand?post=1034"},{"taxonomy":"product_cat","embeddable":true,"href":"https:\/\/hoonved-nordic.dk\/sv\/wp-json\/wp\/v2\/product_cat?post=1034"},{"taxonomy":"product_tag","embeddable":true,"href":"https:\/\/hoonved-nordic.dk\/sv\/wp-json\/wp\/v2\/product_tag?post=1034"}],"curies":[{"name":"wp","href":"https:\/\/api.w.org\/{rel}","templated":true}]}}