{"id":1035,"date":"2025-03-19T07:32:33","date_gmt":"2025-03-19T07:32:33","guid":{"rendered":"https:\/\/hoonved-nordic.dk\/?post_type=product&#038;p=1035"},"modified":"2025-03-19T07:54:08","modified_gmt":"2025-03-19T07:54:08","slug":"hoonved-tlc150-haette-opvaskemaskine-med-kondensering","status":"publish","type":"product","link":"https:\/\/hoonved-nordic.dk\/sv\/product\/hoonved-tlc150-haette-opvaskemaskine-med-kondensering","title":{"rendered":"Hoonved - TLC150 - Diskmaskin med huv och kondens"},"content":{"rendered":"<h1>Hoonved TLC150 Diskmaskin med huva<\/h1>\n<p>Den banbrytande <strong>Hoonved TLC150 diskmaskinsk\u00e5pa<\/strong> s\u00e4tter en ny standard f\u00f6r effektivitet och tillf\u00f6rlitlighet i professionella k\u00f6k. Med sin kondensteknik och sitt kraftfulla disksystem \u00e4r TLC150 en uppgradering av den popul\u00e4ra TLC100-modellen och \u00e4r utformad f\u00f6r att klara \u00e4ven de mest kr\u00e4vande diskbehoven.<\/p>\n<p><strong>Inkl. dr\u00e4neringspump, sk\u00f6lj- och tv\u00e5lpump<\/strong><\/p>\n<p>Art.nr: H58820\/RCC2<\/p>\n<h2>Kraftfulla funktioner<\/h2>\n<ul>\n<li>Robust dubbelv\u00e4ggskonstruktion f\u00f6r <strong>\u00f6kad h\u00e5llbarhet<\/strong>.<\/li>\n<li>Intuitiv <strong>Avancerad elektronik<\/strong> med digital display.<\/li>\n<li><strong>ECO2-cykel<\/strong> f\u00f6r energieffektivitet.<\/li>\n<\/ul>\n<h2>Optimerad design<\/h2>\n<ul>\n<li>Upp till <strong>1474 tallrikar per timme<\/strong> tack vare en effektiv tv\u00e4ttmotor p\u00e5 2200 W.<\/li>\n<li><strong>Sj\u00e4lvreng\u00f6rande interi\u00f6r<\/strong> och enkel metod f\u00f6r daglig reng\u00f6ring.<\/li>\n<li><strong>Stor kapacitet<\/strong> med en 42 liters tv\u00e4ttbeh\u00e5llare och 8,2 liter kokkapacitet.<\/li>\n<\/ul>\n<p>Med TLC150 huvdiskmaskin f\u00e5r du en p\u00e5litlig partner i k\u00f6ket som \u00e4r utformad f\u00f6r att s\u00e4kerst\u00e4lla <strong>Hygien och effektivitet<\/strong>. Modellen \u00e4r utrustad med en kondenseringsenhet som reducerar \u00e5ngan och f\u00f6rb\u00e4ttrar arbetsmilj\u00f6n. Den starka konstruktionen och de anv\u00e4ndarv\u00e4nliga funktionerna g\u00f6r TLC150 till ett oumb\u00e4rligt verktyg i alla professionella cateringf\u00f6retag.<\/p>\n<h3>Perfekt hygien och enkel anv\u00e4ndning<\/h3>\n<p>Den sj\u00e4lvreng\u00f6rande funktionen och de l\u00e4tt\u00e5tkomliga interna komponenterna garanterar att TLC150 alltid h\u00e5ller h\u00f6gsta m\u00f6jliga renhetsstandard. En enkel, t\u00e5lig och ergonomisk design g\u00f6r att TLC150 inte bara \u00e4r l\u00e4tt att anv\u00e4nda utan ocks\u00e5 s\u00e4ker.<\/p>\n<h3>Avancerad elektronik<\/h3>\n<p>TLC150:s avancerade elektronik inkluderar mjukstart och anpassningsbara disk- och sk\u00f6ljcykler f\u00f6r att s\u00e4kerst\u00e4lla att din disk alltid uppfyller dina specifika behov.<\/p>\n<h2>Tillbeh\u00f6r och s\u00e4kerhetsfunktioner<\/h2>\n<p>Hoonved TLC150 levereras med standardtillbeh\u00f6r som t.ex. en sk\u00f6ljmedelsdispenser och det innovativa Break Tank-systemet s\u00e4kerst\u00e4ller konstant temperatur och tryck under sk\u00f6ljfasen. S\u00e4kerheten \u00e4r ocks\u00e5 i toppklass med l\u00e5gsp\u00e4nningskontroll och vandringsskydd.<\/p>\n<p>Uppt\u00e4ck den o\u00f6vertr\u00e4ffade prestandan och kvaliteten hos Hoonved TLC150 och uppt\u00e4ck hur den kan f\u00f6r\u00e4ndra ditt f\u00f6retag. Med sin kraftfulla prestanda, <strong>Diskmaskinsfl\u00e4kt TLC150<\/strong> \u00e4r den ultimata l\u00f6sningen f\u00f6r ditt professionella k\u00f6k.<\/p>\n<p><img decoding=\"async\" class=\"aligncenter size-medium wp-image-56135\" src=\"https:\/\/elding-nordic.dk\/wp-content\/uploads\/2024\/04\/hoonved_tlc-1-800x800.jpg\" alt=\"TLC 100 Hoonved med kondensering 58820\/RCC2\" width=\"800\" height=\"800\" \/><\/p>\n<h2>Kondensationsteknik<\/h2>\n<p><img decoding=\"async\" class=\"aligncenter size-medium wp-image-57031\" src=\"https:\/\/elding-nordic.dk\/wp-content\/uploads\/2024\/04\/RCC-unit-800x800.jpg\" alt=\"Med Kondenseringsteknologi RCC2\" width=\"800\" height=\"800\" \/>Ett utm\u00e4rkande drag i <strong>Hoonved TLC150<\/strong> \u00e4r den integrerade kondenseringstekniken. Detta innovativa till\u00e4gg optimerar arbetsmilj\u00f6n genom att minska \u00f6verfl\u00f6dig \u00e5nga under diskningen, vilket resulterar i en bekv\u00e4mare och s\u00e4krare k\u00f6ksmilj\u00f6. Kondensationstekniken i TLC 150 ser till att \u00e5ngan omvandlas till vatten, vilket inte bara f\u00f6rb\u00e4ttrar luftkvaliteten utan ocks\u00e5 bidrar till en mer h\u00e5llbar diskl\u00f6sning genom att minska energif\u00f6rbrukningen.<\/p>\n<p>Med TLC100:s kondensation kan du f\u00f6rv\u00e4nta dig:<\/p>\n<ul>\n<li>A <strong>Drastisk minskning av \u00e5nga<\/strong>vilket g\u00f6r k\u00f6ket mer bekv\u00e4mt f\u00f6r personalen.<\/li>\n<li>F\u00f6rb\u00e4ttrad <strong>Energieffektivitet<\/strong>\u00e5teranv\u00e4ndning av v\u00e4rme fr\u00e5n \u00e5ngan minskar den totala energif\u00f6rbrukningen.<\/li>\n<li>En renare arbetsplats eftersom det finns mindre risk f\u00f6r kondens och de problem som det kan orsaka, t.ex. m\u00f6gel och andra fuktrelaterade skador.<\/li>\n<\/ul>\n<p>Denna teknik \u00e4r s\u00e4rskilt viktig i hektiska k\u00f6ksmilj\u00f6er d\u00e4r effektivitet och h\u00e4lsa och s\u00e4kerhet \u00e4r av st\u00f6rsta vikt. Hoonved TLC 150 garanterar inte bara exceptionell tv\u00e4tteffektivitet, utan \u00e4r ocks\u00e5 en investering i dina anst\u00e4lldas v\u00e4lbefinnande och det l\u00e5ngsiktiga underh\u00e5llet av ditt k\u00f6k.<\/p>\n<p>&nbsp;<\/p>\n<table>\n<tbody>\n<tr>\n<td>Modell<\/td>\n<td>TLC 150 RCC2<\/td>\n<\/tr>\n<tr>\n<td>Cykelns l\u00e4ngd<\/td>\n<td>48 - 90 - 120 - 240 sek + ECO2<\/td>\n<\/tr>\n<tr>\n<td>Tv\u00e4ttutrymme<\/td>\n<td>500 mm<\/td>\n<\/tr>\n<tr>\n<td>Rack<\/td>\n<td>600\u00d7500 mm<\/td>\n<\/tr>\n<tr>\n<td>Konstruktion<\/td>\n<td>Dubbel v\u00e4gg<\/td>\n<\/tr>\n<tr>\n<td>Maskininredning<\/td>\n<td>Sj\u00e4lvreng\u00f6rande<\/td>\n<\/tr>\n<tr>\n<td>Pump f\u00f6r sk\u00f6ljmedel<\/td>\n<td>Standard<\/td>\n<\/tr>\n<tr>\n<td>Tv\u00e4ttpump<\/td>\n<td>2200 W<\/td>\n<\/tr>\n<tr>\n<td>Disk\/h<\/td>\n<td>1474<\/td>\n<\/tr>\n<tr>\n<td>Pump f\u00f6r reng\u00f6ringsmedel<\/td>\n<td>Standard<\/td>\n<\/tr>\n<tr>\n<td>System f\u00f6r brytningstank<\/td>\n<td>Standard<\/td>\n<\/tr>\n<tr>\n<td>Elektrisk anslutning<\/td>\n<td>230V\/3\/50Hz; 400V\/3N\/50Hz<\/td>\n<\/tr>\n<tr>\n<td>Total effekt<\/td>\n<td>11200 W<\/td>\n<\/tr>\n<tr>\n<td>V\u00e4rmepanna<\/td>\n<td>9000 W<\/td>\n<\/tr>\n<tr>\n<td>Tankv\u00e4rmare<\/td>\n<td>3000 W<\/td>\n<\/tr>\n<tr>\n<td>Tankens kapacitet<\/td>\n<td>42 l<\/td>\n<\/tr>\n<tr>\n<td>Pannans kapacitet<\/td>\n<td>8,2 l<\/td>\n<\/tr>\n<tr>\n<td>Vattenf\u00f6rs\u00f6rjning<\/td>\n<td>2\u00f74 bar \u00d8 3\/4\"G<\/td>\n<\/tr>\n<tr>\n<td>Cykel f\u00f6r vattenf\u00f6rbrukning<\/td>\n<td>3,5 l<\/td>\n<\/tr>\n<tr>\n<td>Anslutning f\u00f6r dr\u00e4neringsslang<\/td>\n<td>\u00d8 1\"G<\/td>\n<\/tr>\n<tr>\n<td>Akustisk tryckniv\u00e5<\/td>\n<td>&lt; 70 db (A)<\/td>\n<\/tr>\n<tr>\n<td>RCC-kondenseringsenhet<\/td>\n<td>Ing\u00e5r i paketet<\/td>\n<\/tr>\n<\/tbody>\n<\/table>","protected":false},"excerpt":{"rendered":"<p>Uppgradera ditt k\u00f6k med Hoonved TLC150 - en premium huvdiskmaskin med avancerad kondenseringsteknik. Med en kapacitet p\u00e5 upp till 1474 diskar per timme och energieffektiva diskcykler \u00e4r TLC150 den perfekta l\u00f6sningen f\u00f6r upptagna restauranger som kr\u00e4ver perfektion.<\/p>\n<p>Med RCC2 \u00e4r maskinen 358 mm h\u00f6gre \u00e4n vad som anges i specifikationerna. Totalh\u00f6jden \u00e4r: 1978 mm med RCC2.<\/p>\n<p><strong>Inkl. dr\u00e4neringspump, sk\u00f6lj- och tv\u00e5lpump<\/strong><\/p>","protected":false},"featured_media":1043,"template":"","meta":{"_acf_changed":false,"inline_featured_image":false},"product_brand":[],"product_cat":[40],"product_tag":[43],"class_list":{"0":"post-1035","1":"product","2":"type-product","3":"status-publish","4":"has-post-thumbnail","6":"product_cat-tlc","7":"product_tag-hoonved","9":"first","10":"onbackorder","11":"taxable","12":"shipping-taxable","13":"purchasable","14":"product-type-simple"},"acf":[],"yoast_head":"<!-- This site is optimized with the Yoast SEO Premium plugin v22.7 (Yoast SEO v23.9) - https:\/\/yoast.com\/wordpress\/plugins\/seo\/ -->\n<title>Hoonved - TLC150 - H\u00e6tte opvaskemaskine med kondensering - Hoonved Nordic<\/title>\n<meta name=\"robots\" content=\"index, follow, max-snippet:-1, max-image-preview:large, max-video-preview:-1\" \/>\n<link rel=\"canonical\" href=\"https:\/\/hoonved-nordic.dk\/sv\/product\/hoonved-tlc150-haette-opvaskemaskine-med-kondensering\/\" \/>\n<meta property=\"og:locale\" content=\"sv_SE\" \/>\n<meta property=\"og:type\" content=\"article\" \/>\n<meta property=\"og:title\" content=\"Hoonved - TLC150 - H\u00e6tte opvaskemaskine med kondensering\" \/>\n<meta property=\"og:description\" content=\"Opgrader dit k\u00f8kken med Hoonved TLC150 - en premium h\u00e6tte opvaskemaskine med avanceret kondenseringsteknologi. Med plads til op til 1474 tallerkener i timen og energieffektive vaskecyklusser, er TLC150 den ideelle l\u00f8sning for travle restauranter, der kr\u00e6ver perfektion.  Med RCC2 bliver maskinen 358 mm h\u00f8jere end der muligvis st\u00e5r i specifikationer. Total h\u00f8jden er: 1978 mm med RCC2.  Inkl. Afl\u00f8bspumpe, afsp\u00e6ndings &amp; s\u00e6be pumpe\" \/>\n<meta property=\"og:url\" content=\"https:\/\/hoonved-nordic.dk\/sv\/product\/hoonved-tlc150-haette-opvaskemaskine-med-kondensering\/\" \/>\n<meta property=\"og:site_name\" content=\"Hoonved Nordic\" \/>\n<meta property=\"article:modified_time\" content=\"2025-03-19T07:54:08+00:00\" \/>\n<meta property=\"og:image\" content=\"https:\/\/hoonved-nordic.dk\/wp-content\/uploads\/2025\/03\/tlc-150-med-kondensering.png\" \/>\n\t<meta property=\"og:image:width\" content=\"334\" \/>\n\t<meta property=\"og:image:height\" content=\"701\" \/>\n\t<meta property=\"og:image:type\" content=\"image\/png\" \/>\n<meta name=\"twitter:card\" content=\"summary_large_image\" \/>\n<meta name=\"twitter:label1\" content=\"Ber\u00e4knad l\u00e4stid\" \/>\n\t<meta name=\"twitter:data1\" content=\"3 minuter\" \/>\n<script type=\"application\/ld+json\" class=\"yoast-schema-graph\">{\"@context\":\"https:\/\/schema.org\",\"@graph\":[{\"@type\":\"WebPage\",\"@id\":\"https:\/\/hoonved-nordic.dk\/product\/hoonved-tlc150-haette-opvaskemaskine-med-kondensering\",\"url\":\"https:\/\/hoonved-nordic.dk\/product\/hoonved-tlc150-haette-opvaskemaskine-med-kondensering\",\"name\":\"Hoonved - TLC150 - H\u00e6tte opvaskemaskine med kondensering - Hoonved Nordic\",\"isPartOf\":{\"@id\":\"https:\/\/hoonved-nordic.dk\/#website\"},\"primaryImageOfPage\":{\"@id\":\"https:\/\/hoonved-nordic.dk\/product\/hoonved-tlc150-haette-opvaskemaskine-med-kondensering#primaryimage\"},\"image\":{\"@id\":\"https:\/\/hoonved-nordic.dk\/product\/hoonved-tlc150-haette-opvaskemaskine-med-kondensering#primaryimage\"},\"thumbnailUrl\":\"https:\/\/hoonved-nordic.dk\/wp-content\/uploads\/2025\/03\/tlc-150-med-kondensering.png\",\"datePublished\":\"2025-03-19T07:32:33+00:00\",\"dateModified\":\"2025-03-19T07:54:08+00:00\",\"breadcrumb\":{\"@id\":\"https:\/\/hoonved-nordic.dk\/product\/hoonved-tlc150-haette-opvaskemaskine-med-kondensering#breadcrumb\"},\"inLanguage\":\"sv-SE\",\"potentialAction\":[{\"@type\":\"ReadAction\",\"target\":[\"https:\/\/hoonved-nordic.dk\/product\/hoonved-tlc150-haette-opvaskemaskine-med-kondensering\"]}]},{\"@type\":\"ImageObject\",\"inLanguage\":\"sv-SE\",\"@id\":\"https:\/\/hoonved-nordic.dk\/product\/hoonved-tlc150-haette-opvaskemaskine-med-kondensering#primaryimage\",\"url\":\"https:\/\/hoonved-nordic.dk\/wp-content\/uploads\/2025\/03\/tlc-150-med-kondensering.png\",\"contentUrl\":\"https:\/\/hoonved-nordic.dk\/wp-content\/uploads\/2025\/03\/tlc-150-med-kondensering.png\",\"width\":334,\"height\":701},{\"@type\":\"BreadcrumbList\",\"@id\":\"https:\/\/hoonved-nordic.dk\/product\/hoonved-tlc150-haette-opvaskemaskine-med-kondensering#breadcrumb\",\"itemListElement\":[{\"@type\":\"ListItem\",\"position\":1,\"name\":\"Hjem\",\"item\":\"https:\/\/hoonved-nordic.dk\/\"},{\"@type\":\"ListItem\",\"position\":2,\"name\":\"Shop\",\"item\":\"https:\/\/hoonved-nordic.dk\/shop\"},{\"@type\":\"ListItem\",\"position\":3,\"name\":\"Hoonved &#8211; TLC150 &#8211; H\u00e6tte opvaskemaskine med kondensering\"}]},{\"@type\":\"WebSite\",\"@id\":\"https:\/\/hoonved-nordic.dk\/#website\",\"url\":\"https:\/\/hoonved-nordic.dk\/\",\"name\":\"Hoonved Nordic\",\"description\":\"\",\"potentialAction\":[{\"@type\":\"SearchAction\",\"target\":{\"@type\":\"EntryPoint\",\"urlTemplate\":\"https:\/\/hoonved-nordic.dk\/?s={search_term_string}\"},\"query-input\":{\"@type\":\"PropertyValueSpecification\",\"valueRequired\":true,\"valueName\":\"search_term_string\"}}],\"inLanguage\":\"sv-SE\"},{\"@type\":\"ImageObject\",\"inLanguage\":\"sv-SE\",\"@id\":\"https:\/\/hoonved-nordic.dk\/product\/hoonved-tlc150-haette-opvaskemaskine-med-kondensering#local-main-organization-logo\",\"url\":\"\",\"contentUrl\":\"\",\"caption\":\"Hoonved Nordic\"}]}<\/script>\n<!-- \/ Yoast SEO Premium plugin. -->","yoast_head_json":{"title":"Hoonved - TLC150 - H\u00e6tte opvaskemaskine med kondensering - Hoonved Nordic","robots":{"index":"index","follow":"follow","max-snippet":"max-snippet:-1","max-image-preview":"max-image-preview:large","max-video-preview":"max-video-preview:-1"},"canonical":"https:\/\/hoonved-nordic.dk\/sv\/product\/hoonved-tlc150-haette-opvaskemaskine-med-kondensering\/","og_locale":"sv_SE","og_type":"article","og_title":"Hoonved - TLC150 - H\u00e6tte opvaskemaskine med kondensering","og_description":"Opgrader dit k\u00f8kken med Hoonved TLC150 - en premium h\u00e6tte opvaskemaskine med avanceret kondenseringsteknologi. Med plads til op til 1474 tallerkener i timen og energieffektive vaskecyklusser, er TLC150 den ideelle l\u00f8sning for travle restauranter, der kr\u00e6ver perfektion.  Med RCC2 bliver maskinen 358 mm h\u00f8jere end der muligvis st\u00e5r i specifikationer. Total h\u00f8jden er: 1978 mm med RCC2.  Inkl. Afl\u00f8bspumpe, afsp\u00e6ndings &amp; s\u00e6be pumpe","og_url":"https:\/\/hoonved-nordic.dk\/sv\/product\/hoonved-tlc150-haette-opvaskemaskine-med-kondensering\/","og_site_name":"Hoonved Nordic","article_modified_time":"2025-03-19T07:54:08+00:00","og_image":[{"width":334,"height":701,"url":"https:\/\/hoonved-nordic.dk\/wp-content\/uploads\/2025\/03\/tlc-150-med-kondensering.png","type":"image\/png"}],"twitter_card":"summary_large_image","twitter_misc":{"Ber\u00e4knad l\u00e4stid":"3 minuter"},"schema":{"@context":"https:\/\/schema.org","@graph":[{"@type":"WebPage","@id":"https:\/\/hoonved-nordic.dk\/product\/hoonved-tlc150-haette-opvaskemaskine-med-kondensering","url":"https:\/\/hoonved-nordic.dk\/product\/hoonved-tlc150-haette-opvaskemaskine-med-kondensering","name":"Hoonved - TLC150 - H\u00e6tte opvaskemaskine med kondensering - Hoonved Nordic","isPartOf":{"@id":"https:\/\/hoonved-nordic.dk\/#website"},"primaryImageOfPage":{"@id":"https:\/\/hoonved-nordic.dk\/product\/hoonved-tlc150-haette-opvaskemaskine-med-kondensering#primaryimage"},"image":{"@id":"https:\/\/hoonved-nordic.dk\/product\/hoonved-tlc150-haette-opvaskemaskine-med-kondensering#primaryimage"},"thumbnailUrl":"https:\/\/hoonved-nordic.dk\/wp-content\/uploads\/2025\/03\/tlc-150-med-kondensering.png","datePublished":"2025-03-19T07:32:33+00:00","dateModified":"2025-03-19T07:54:08+00:00","breadcrumb":{"@id":"https:\/\/hoonved-nordic.dk\/product\/hoonved-tlc150-haette-opvaskemaskine-med-kondensering#breadcrumb"},"inLanguage":"sv-SE","potentialAction":[{"@type":"ReadAction","target":["https:\/\/hoonved-nordic.dk\/product\/hoonved-tlc150-haette-opvaskemaskine-med-kondensering"]}]},{"@type":"ImageObject","inLanguage":"sv-SE","@id":"https:\/\/hoonved-nordic.dk\/product\/hoonved-tlc150-haette-opvaskemaskine-med-kondensering#primaryimage","url":"https:\/\/hoonved-nordic.dk\/wp-content\/uploads\/2025\/03\/tlc-150-med-kondensering.png","contentUrl":"https:\/\/hoonved-nordic.dk\/wp-content\/uploads\/2025\/03\/tlc-150-med-kondensering.png","width":334,"height":701},{"@type":"BreadcrumbList","@id":"https:\/\/hoonved-nordic.dk\/product\/hoonved-tlc150-haette-opvaskemaskine-med-kondensering#breadcrumb","itemListElement":[{"@type":"ListItem","position":1,"name":"Hjem","item":"https:\/\/hoonved-nordic.dk\/"},{"@type":"ListItem","position":2,"name":"Shop","item":"https:\/\/hoonved-nordic.dk\/shop"},{"@type":"ListItem","position":3,"name":"Hoonved &#8211; TLC150 &#8211; H\u00e6tte opvaskemaskine med kondensering"}]},{"@type":"WebSite","@id":"https:\/\/hoonved-nordic.dk\/#website","url":"https:\/\/hoonved-nordic.dk\/","name":"Hoonved Nordic","description":"","potentialAction":[{"@type":"SearchAction","target":{"@type":"EntryPoint","urlTemplate":"https:\/\/hoonved-nordic.dk\/?s={search_term_string}"},"query-input":{"@type":"PropertyValueSpecification","valueRequired":true,"valueName":"search_term_string"}}],"inLanguage":"sv-SE"},{"@type":"ImageObject","inLanguage":"sv-SE","@id":"https:\/\/hoonved-nordic.dk\/product\/hoonved-tlc150-haette-opvaskemaskine-med-kondensering#local-main-organization-logo","url":"","contentUrl":"","caption":"Hoonved Nordic"}]}},"_links":{"self":[{"href":"https:\/\/hoonved-nordic.dk\/sv\/wp-json\/wp\/v2\/product\/1035","targetHints":{"allow":["GET"]}}],"collection":[{"href":"https:\/\/hoonved-nordic.dk\/sv\/wp-json\/wp\/v2\/product"}],"about":[{"href":"https:\/\/hoonved-nordic.dk\/sv\/wp-json\/wp\/v2\/types\/product"}],"wp:featuredmedia":[{"embeddable":true,"href":"https:\/\/hoonved-nordic.dk\/sv\/wp-json\/wp\/v2\/media\/1043"}],"wp:attachment":[{"href":"https:\/\/hoonved-nordic.dk\/sv\/wp-json\/wp\/v2\/media?parent=1035"}],"wp:term":[{"taxonomy":"product_brand","embeddable":true,"href":"https:\/\/hoonved-nordic.dk\/sv\/wp-json\/wp\/v2\/product_brand?post=1035"},{"taxonomy":"product_cat","embeddable":true,"href":"https:\/\/hoonved-nordic.dk\/sv\/wp-json\/wp\/v2\/product_cat?post=1035"},{"taxonomy":"product_tag","embeddable":true,"href":"https:\/\/hoonved-nordic.dk\/sv\/wp-json\/wp\/v2\/product_tag?post=1035"}],"curies":[{"name":"wp","href":"https:\/\/api.w.org\/{rel}","templated":true}]}}