{"id":1036,"date":"2025-03-19T07:32:35","date_gmt":"2025-03-19T07:32:35","guid":{"rendered":"https:\/\/hoonved-nordic.dk\/?post_type=product&#038;p=1036"},"modified":"2025-03-19T07:32:55","modified_gmt":"2025-03-19T07:32:55","slug":"hoonved-tlc100-haette-opvaskemaskine","status":"publish","type":"product","link":"https:\/\/hoonved-nordic.dk\/sv\/product\/hoonved-tlc100-haette-opvaskemaskine","title":{"rendered":"Hoonved - TLC100 - K\u00f6ksfl\u00e4kt f\u00f6r diskmaskin"},"content":{"rendered":"<h1>Hoonved TLC100 Diskmaskin med huva<\/h1>\n<p>Med <strong>Hoonved TLC100<\/strong>Med den h\u00e4r effektiva huvdiskmaskinen g\u00e5r vi in i en ny era av diskmaskiner, d\u00e4r avancerad teknik m\u00f6ter vardagens krav p\u00e5 effektivitet och energibesparingar. Den h\u00e4r maskinen \u00e4r idealisk f\u00f6r restauranger och bistroer med h\u00f6g bel\u00e4ggning som vill ha maximal hygien och effektivitet vid varje diskning.<\/p>\n<h2>Byggd f\u00f6r kr\u00e4vande milj\u00f6er<\/h2>\n<p>Hoonved TLC100 \u00e4r byggd med dubbelv\u00e4ggig isolering och en autonom reng\u00f6ringsfunktion, vilket g\u00f6r den till en tyst partner i k\u00f6ket. Den rymliga 42-literstanken och en kraftfull 1100 W diskpump s\u00e4kerst\u00e4ller att maskinen kan hantera stora diskvolymer med enast\u00e5ende reng\u00f6ringsresultat.<\/p>\n<ul>\n<li>Cykler p\u00e5 63, 88, 118 och 238 sekunder<\/li>\n<li>Energi- och vattenbesparande ECO2-cykel<\/li>\n<li>Standarddoseringspumpar f\u00f6r sk\u00f6ljmedel och reng\u00f6ringsmedel<\/li>\n<\/ul>\n<p>TLC100 kan utrustas med avancerade funktioner som en RCC-kondenseringsenhet som tillval, som inte bara minskar \u00e5ngan i k\u00f6ket utan ocks\u00e5 \u00e5tervinner v\u00e4rme f\u00f6r att f\u00f6rb\u00e4ttra energieffektiviteten.<\/p>\n<p>TLC100 kan utrustas med en automatisk huvlyftfunktion (tillval).<\/p>\n<h3>Tillg\u00e4ngliga modeller med extra funktioner:<\/h3>\n<ul>\n<li><a href=\"https:\/\/elding-nordic.dk\/vare\/hoonved-tlc100-haette-opvaskemaskine-med-kondesering\/\">Hoonved TLC100 med RCC-kondenseringsenhet<\/a><\/li>\n<li><a href=\"https:\/\/elding-nordic.dk\/vare\/hoonved-tlc100-haette-opvaskemaskine-m-autom-loeft-kopi\/\">Hoonved TLC100 med automatisk lyft och RCC-kondenseringsenhet<\/a><\/li>\n<\/ul>\n<h2>Hygien och s\u00e4kerhet i framkant<\/h2>\n<p>Den <strong>effektiv huv diskmaskin<\/strong> TLC100 \u00e4r konstruerad med s\u00e4rskilt fokus p\u00e5 hygien. L\u00e4ttillg\u00e4ngliga filter och en helt rundad insida s\u00e4kerst\u00e4ller enkel reng\u00f6ring och underh\u00e5ll. En mikrobrytare f\u00f6r s\u00e4kerhet och l\u00e5gsp\u00e4nningskontroll bidrar till operat\u00f6rens s\u00e4kerhet under anv\u00e4ndning.<\/p>\n<h2>En vision f\u00f6r framtidens k\u00f6k<\/h2>\n<p>Hoonved TLC100 \u00e4r en banbrytande diskmaskin som \u00e4r redo att uppfylla och \u00f6vertr\u00e4ffa de h\u00f6gsta standarderna f\u00f6r reng\u00f6ring och driftseffektivitet. Med sin anv\u00e4ndarv\u00e4nliga design och avancerade teknik \u00e4r den h\u00e4r maskinen det optimala valet f\u00f6r alla livsmedelsbaserade f\u00f6retag som v\u00e4rdes\u00e4tter renlighet och effektivitet.<\/p>\n<p>TLC100 \u00e4r inte bara idealisk f\u00f6r restauranger och bistroer, utan \u00e4ven f\u00f6r ett stort antal andra livsmedelsbaserade verksamheter. H\u00e4r \u00e4r n\u00e5gra av de branscher d\u00e4r TLC100 kan g\u00f6ra en betydande skillnad:<\/p>\n<ul>\n<li><strong>Snabbmatskedjor:<\/strong> Snabb reng\u00f6ringstid s\u00e4kerst\u00e4ller effektiv hantering av h\u00f6gvolymsservice.<\/li>\n<li><strong>Glasskiosker och caf\u00e9er:<\/strong> Perfekt f\u00f6r frekvent reng\u00f6ring av mindre f\u00f6rem\u00e5l som muggar och skedar.<\/li>\n<li><strong>Kommersiella k\u00f6k:<\/strong> Effektivitet och h\u00f6g kapacitet tillgodoser behovet av konstant renlighet i storskaliga matlagningsverksamheter.<\/li>\n<li><strong>Hotellbranschen:<\/strong> S\u00e4kerst\u00e4ller snabb och effektiv diskning, vilket \u00e4r viktigt f\u00f6r hotell med h\u00f6ga krav p\u00e5 g\u00e4stfrihet och service.<\/li>\n<\/ul>\n<p>Kontakta oss f\u00f6r att se hur <strong>Hoonved TLC100<\/strong> kan f\u00f6r\u00e4ndra st\u00e4drutinerna i ditt k\u00f6k och bidra till en effektivare verksamhet.<\/p>\n<p>&nbsp;<\/p>\n<table>\n<tbody>\n<tr>\n<td width=\"122\">Modell<\/td>\n<td width=\"128\">TLC 100<\/td>\n<\/tr>\n<tr>\n<td>Cykelns l\u00e4ngd<\/td>\n<td>63 - 88 - 118 - 238 sek + ECO2<\/td>\n<\/tr>\n<tr>\n<td>Tv\u00e4ttutrymme<\/td>\n<td>400 mm<\/td>\n<\/tr>\n<tr>\n<td>Rack<\/td>\n<td>500\u00d7500 mm<\/td>\n<\/tr>\n<tr>\n<td>Konstruktion<\/td>\n<td>Dubbel v\u00e4gg<\/td>\n<\/tr>\n<tr>\n<td>Maskininredning<\/td>\n<td>Sj\u00e4lvreng\u00f6rande<\/td>\n<\/tr>\n<tr>\n<td>Pump f\u00f6r sk\u00f6ljmedel<\/td>\n<td>Standard<\/td>\n<\/tr>\n<tr>\n<td>Tv\u00e4ttpump<\/td>\n<td>1100 W<\/td>\n<\/tr>\n<tr>\n<td>Disk\/h<\/td>\n<td>1000<\/td>\n<\/tr>\n<tr>\n<td>Pump f\u00f6r reng\u00f6ringsmedel<\/td>\n<td>Standard<\/td>\n<\/tr>\n<tr>\n<td>System f\u00f6r brytningstank<\/td>\n<td>Standard<\/td>\n<\/tr>\n<tr>\n<td>Elektrisk anslutning<\/td>\n<td>230V\/3\/50Hz; 400V\/3N\/50Hz<\/td>\n<\/tr>\n<tr>\n<td>Total effekt<\/td>\n<td>10100 W<\/td>\n<\/tr>\n<tr>\n<td>V\u00e4rmepanna<\/td>\n<td>9000 W<\/td>\n<\/tr>\n<tr>\n<td>Tankv\u00e4rmare<\/td>\n<td>3000 W<\/td>\n<\/tr>\n<tr>\n<td>Tankens kapacitet<\/td>\n<td>42 l<\/td>\n<\/tr>\n<tr>\n<td>Pannans kapacitet<\/td>\n<td>8,2 l<\/td>\n<\/tr>\n<tr>\n<td>Vattenf\u00f6rs\u00f6rjning<\/td>\n<td>2\u00f74 bar \u00d8 3\/4\"G<\/td>\n<\/tr>\n<tr>\n<td>Cykel f\u00f6r vattenf\u00f6rbrukning<\/td>\n<td>3,5 l<\/td>\n<\/tr>\n<tr>\n<td>Anslutning f\u00f6r dr\u00e4neringsslang<\/td>\n<td>\u00d8 1\"G<\/td>\n<\/tr>\n<tr>\n<td>Akustisk tryckniv\u00e5<\/td>\n<td>&lt; 70 db (A)<\/td>\n<\/tr>\n<tr>\n<td>RCC-kondenseringsenhet<\/td>\n<td>Kan k\u00f6pas i andra modeller<\/td>\n<\/tr>\n<tr>\n<td>Auto lyft<\/td>\n<td>Kan k\u00f6pas i andra modeller<\/td>\n<\/tr>\n<\/tbody>\n<\/table>\n<p>&nbsp;<\/p>","protected":false},"excerpt":{"rendered":"<p>Hoonved - TLC100 \u00e4r en effektiv huvdiskmaskin som \u00e4r utformad f\u00f6r att hantera stora diskvolymer och uppn\u00e5 maximal hygien i restauranger och bistroer.<\/p>\n<p>Upp till 1.474 plattor\/h, TFT touch-gr\u00e4nssnitt.<\/p>\n<p><strong>Inkl. dr\u00e4neringspump, sk\u00f6lj- och tv\u00e5lpump<\/strong><\/p>","protected":false},"featured_media":1042,"template":"","meta":{"_acf_changed":false,"inline_featured_image":false},"product_brand":[],"product_cat":[40],"product_tag":[43],"class_list":{"0":"post-1036","1":"product","2":"type-product","3":"status-publish","4":"has-post-thumbnail","6":"product_cat-tlc","7":"product_tag-hoonved","9":"first","10":"instock","11":"taxable","12":"shipping-taxable","13":"purchasable","14":"product-type-simple"},"acf":[],"yoast_head":"<!-- This site is optimized with the Yoast SEO Premium plugin v22.7 (Yoast SEO v23.9) - https:\/\/yoast.com\/wordpress\/plugins\/seo\/ -->\n<title>Hoonved - TLC100 - H\u00e6tte opvaskemaskine - Hoonved Nordic<\/title>\n<meta name=\"robots\" content=\"index, follow, max-snippet:-1, max-image-preview:large, max-video-preview:-1\" \/>\n<link rel=\"canonical\" href=\"https:\/\/hoonved-nordic.dk\/sv\/product\/hoonved-tlc100-haette-opvaskemaskine\/\" \/>\n<meta property=\"og:locale\" content=\"sv_SE\" \/>\n<meta property=\"og:type\" content=\"article\" \/>\n<meta property=\"og:title\" content=\"Hoonved - TLC100 - H\u00e6tte opvaskemaskine\" \/>\n<meta property=\"og:description\" content=\"Hoonved - TLC100 er en effektiv h\u00e6tteopvaskemaskine designet til at h\u00e5ndtere store opvaskevolumener og opn\u00e5 maksimal hygiejne i restauranter og bistroer.  Op til 1,474 tallerkener\/t, TFT touch interface.  Inkl. Afl\u00f8bspumpe, afsp\u00e6ndings &amp; s\u00e6be pumpe\" \/>\n<meta property=\"og:url\" content=\"https:\/\/hoonved-nordic.dk\/sv\/product\/hoonved-tlc100-haette-opvaskemaskine\/\" \/>\n<meta property=\"og:site_name\" content=\"Hoonved Nordic\" \/>\n<meta property=\"article:modified_time\" content=\"2025-03-19T07:32:55+00:00\" \/>\n<meta name=\"twitter:card\" content=\"summary_large_image\" \/>\n<meta name=\"twitter:label1\" content=\"Ber\u00e4knad l\u00e4stid\" \/>\n\t<meta name=\"twitter:data1\" content=\"3 minuter\" \/>\n<script type=\"application\/ld+json\" class=\"yoast-schema-graph\">{\"@context\":\"https:\/\/schema.org\",\"@graph\":[{\"@type\":\"WebPage\",\"@id\":\"https:\/\/hoonved-nordic.dk\/product\/hoonved-tlc100-haette-opvaskemaskine\",\"url\":\"https:\/\/hoonved-nordic.dk\/product\/hoonved-tlc100-haette-opvaskemaskine\",\"name\":\"Hoonved - TLC100 - H\u00e6tte opvaskemaskine - Hoonved Nordic\",\"isPartOf\":{\"@id\":\"https:\/\/hoonved-nordic.dk\/#website\"},\"primaryImageOfPage\":{\"@id\":\"https:\/\/hoonved-nordic.dk\/product\/hoonved-tlc100-haette-opvaskemaskine#primaryimage\"},\"image\":{\"@id\":\"https:\/\/hoonved-nordic.dk\/product\/hoonved-tlc100-haette-opvaskemaskine#primaryimage\"},\"thumbnailUrl\":\"https:\/\/hoonved-nordic.dk\/wp-content\/uploads\/2025\/03\/tlc-100-med-kondensering.png\",\"datePublished\":\"2025-03-19T07:32:35+00:00\",\"dateModified\":\"2025-03-19T07:32:55+00:00\",\"breadcrumb\":{\"@id\":\"https:\/\/hoonved-nordic.dk\/product\/hoonved-tlc100-haette-opvaskemaskine#breadcrumb\"},\"inLanguage\":\"sv-SE\",\"potentialAction\":[{\"@type\":\"ReadAction\",\"target\":[\"https:\/\/hoonved-nordic.dk\/product\/hoonved-tlc100-haette-opvaskemaskine\"]}]},{\"@type\":\"ImageObject\",\"inLanguage\":\"sv-SE\",\"@id\":\"https:\/\/hoonved-nordic.dk\/product\/hoonved-tlc100-haette-opvaskemaskine#primaryimage\",\"url\":\"https:\/\/hoonved-nordic.dk\/wp-content\/uploads\/2025\/03\/tlc-100-med-kondensering.png\",\"contentUrl\":\"https:\/\/hoonved-nordic.dk\/wp-content\/uploads\/2025\/03\/tlc-100-med-kondensering.png\",\"width\":334,\"height\":701},{\"@type\":\"BreadcrumbList\",\"@id\":\"https:\/\/hoonved-nordic.dk\/product\/hoonved-tlc100-haette-opvaskemaskine#breadcrumb\",\"itemListElement\":[{\"@type\":\"ListItem\",\"position\":1,\"name\":\"Hjem\",\"item\":\"https:\/\/hoonved-nordic.dk\/\"},{\"@type\":\"ListItem\",\"position\":2,\"name\":\"Shop\",\"item\":\"https:\/\/hoonved-nordic.dk\/shop\"},{\"@type\":\"ListItem\",\"position\":3,\"name\":\"Hoonved &#8211; TLC100 &#8211; H\u00e6tte opvaskemaskine\"}]},{\"@type\":\"WebSite\",\"@id\":\"https:\/\/hoonved-nordic.dk\/#website\",\"url\":\"https:\/\/hoonved-nordic.dk\/\",\"name\":\"Hoonved Nordic\",\"description\":\"\",\"potentialAction\":[{\"@type\":\"SearchAction\",\"target\":{\"@type\":\"EntryPoint\",\"urlTemplate\":\"https:\/\/hoonved-nordic.dk\/?s={search_term_string}\"},\"query-input\":{\"@type\":\"PropertyValueSpecification\",\"valueRequired\":true,\"valueName\":\"search_term_string\"}}],\"inLanguage\":\"sv-SE\"},{\"@type\":\"ImageObject\",\"inLanguage\":\"sv-SE\",\"@id\":\"https:\/\/hoonved-nordic.dk\/product\/hoonved-tlc100-haette-opvaskemaskine#local-main-organization-logo\",\"url\":\"\",\"contentUrl\":\"\",\"caption\":\"Hoonved Nordic\"}]}<\/script>\n<!-- \/ Yoast SEO Premium plugin. -->","yoast_head_json":{"title":"Hoonved - TLC100 - H\u00e6tte opvaskemaskine - Hoonved Nordic","robots":{"index":"index","follow":"follow","max-snippet":"max-snippet:-1","max-image-preview":"max-image-preview:large","max-video-preview":"max-video-preview:-1"},"canonical":"https:\/\/hoonved-nordic.dk\/sv\/product\/hoonved-tlc100-haette-opvaskemaskine\/","og_locale":"sv_SE","og_type":"article","og_title":"Hoonved - TLC100 - H\u00e6tte opvaskemaskine","og_description":"Hoonved - TLC100 er en effektiv h\u00e6tteopvaskemaskine designet til at h\u00e5ndtere store opvaskevolumener og opn\u00e5 maksimal hygiejne i restauranter og bistroer.  Op til 1,474 tallerkener\/t, TFT touch interface.  Inkl. Afl\u00f8bspumpe, afsp\u00e6ndings &amp; s\u00e6be pumpe","og_url":"https:\/\/hoonved-nordic.dk\/sv\/product\/hoonved-tlc100-haette-opvaskemaskine\/","og_site_name":"Hoonved Nordic","article_modified_time":"2025-03-19T07:32:55+00:00","twitter_card":"summary_large_image","twitter_misc":{"Ber\u00e4knad l\u00e4stid":"3 minuter"},"schema":{"@context":"https:\/\/schema.org","@graph":[{"@type":"WebPage","@id":"https:\/\/hoonved-nordic.dk\/product\/hoonved-tlc100-haette-opvaskemaskine","url":"https:\/\/hoonved-nordic.dk\/product\/hoonved-tlc100-haette-opvaskemaskine","name":"Hoonved - TLC100 - H\u00e6tte opvaskemaskine - Hoonved Nordic","isPartOf":{"@id":"https:\/\/hoonved-nordic.dk\/#website"},"primaryImageOfPage":{"@id":"https:\/\/hoonved-nordic.dk\/product\/hoonved-tlc100-haette-opvaskemaskine#primaryimage"},"image":{"@id":"https:\/\/hoonved-nordic.dk\/product\/hoonved-tlc100-haette-opvaskemaskine#primaryimage"},"thumbnailUrl":"https:\/\/hoonved-nordic.dk\/wp-content\/uploads\/2025\/03\/tlc-100-med-kondensering.png","datePublished":"2025-03-19T07:32:35+00:00","dateModified":"2025-03-19T07:32:55+00:00","breadcrumb":{"@id":"https:\/\/hoonved-nordic.dk\/product\/hoonved-tlc100-haette-opvaskemaskine#breadcrumb"},"inLanguage":"sv-SE","potentialAction":[{"@type":"ReadAction","target":["https:\/\/hoonved-nordic.dk\/product\/hoonved-tlc100-haette-opvaskemaskine"]}]},{"@type":"ImageObject","inLanguage":"sv-SE","@id":"https:\/\/hoonved-nordic.dk\/product\/hoonved-tlc100-haette-opvaskemaskine#primaryimage","url":"https:\/\/hoonved-nordic.dk\/wp-content\/uploads\/2025\/03\/tlc-100-med-kondensering.png","contentUrl":"https:\/\/hoonved-nordic.dk\/wp-content\/uploads\/2025\/03\/tlc-100-med-kondensering.png","width":334,"height":701},{"@type":"BreadcrumbList","@id":"https:\/\/hoonved-nordic.dk\/product\/hoonved-tlc100-haette-opvaskemaskine#breadcrumb","itemListElement":[{"@type":"ListItem","position":1,"name":"Hjem","item":"https:\/\/hoonved-nordic.dk\/"},{"@type":"ListItem","position":2,"name":"Shop","item":"https:\/\/hoonved-nordic.dk\/shop"},{"@type":"ListItem","position":3,"name":"Hoonved &#8211; TLC100 &#8211; H\u00e6tte opvaskemaskine"}]},{"@type":"WebSite","@id":"https:\/\/hoonved-nordic.dk\/#website","url":"https:\/\/hoonved-nordic.dk\/","name":"Hoonved Nordic","description":"","potentialAction":[{"@type":"SearchAction","target":{"@type":"EntryPoint","urlTemplate":"https:\/\/hoonved-nordic.dk\/?s={search_term_string}"},"query-input":{"@type":"PropertyValueSpecification","valueRequired":true,"valueName":"search_term_string"}}],"inLanguage":"sv-SE"},{"@type":"ImageObject","inLanguage":"sv-SE","@id":"https:\/\/hoonved-nordic.dk\/product\/hoonved-tlc100-haette-opvaskemaskine#local-main-organization-logo","url":"","contentUrl":"","caption":"Hoonved Nordic"}]}},"_links":{"self":[{"href":"https:\/\/hoonved-nordic.dk\/sv\/wp-json\/wp\/v2\/product\/1036","targetHints":{"allow":["GET"]}}],"collection":[{"href":"https:\/\/hoonved-nordic.dk\/sv\/wp-json\/wp\/v2\/product"}],"about":[{"href":"https:\/\/hoonved-nordic.dk\/sv\/wp-json\/wp\/v2\/types\/product"}],"wp:featuredmedia":[{"embeddable":true,"href":"https:\/\/hoonved-nordic.dk\/sv\/wp-json\/wp\/v2\/media\/1042"}],"wp:attachment":[{"href":"https:\/\/hoonved-nordic.dk\/sv\/wp-json\/wp\/v2\/media?parent=1036"}],"wp:term":[{"taxonomy":"product_brand","embeddable":true,"href":"https:\/\/hoonved-nordic.dk\/sv\/wp-json\/wp\/v2\/product_brand?post=1036"},{"taxonomy":"product_cat","embeddable":true,"href":"https:\/\/hoonved-nordic.dk\/sv\/wp-json\/wp\/v2\/product_cat?post=1036"},{"taxonomy":"product_tag","embeddable":true,"href":"https:\/\/hoonved-nordic.dk\/sv\/wp-json\/wp\/v2\/product_tag?post=1036"}],"curies":[{"name":"wp","href":"https:\/\/api.w.org\/{rel}","templated":true}]}}