{"id":1037,"date":"2025-03-19T07:32:36","date_gmt":"2025-03-19T07:32:36","guid":{"rendered":"https:\/\/hoonved-nordic.dk\/?post_type=product&#038;p=1037"},"modified":"2025-03-19T07:32:57","modified_gmt":"2025-03-19T07:32:57","slug":"hoonved-tlc100-auto-haette-opvaskemaskine-m-autom-loeft-og-kondensering","status":"publish","type":"product","link":"https:\/\/hoonved-nordic.dk\/sv\/product\/hoonved-tlc100-auto-haette-opvaskemaskine-m-autom-loeft-og-kondensering","title":{"rendered":"Hoonved - TLC100 AUTO - Diskmaskin med huva och autom.  lyft och kondens"},"content":{"rendered":"<h1>Hoonved TLC100 huvdiskmaskin med automatisk huvlyft och RCC2-enhet - konditionering<\/h1>\n<p>Med Hoonved TLC100 g\u00e5r vi in i en ny era av diskmaskiner d\u00e4r avancerad teknik m\u00f6ter vardagens krav p\u00e5 effektivitet och energibesparingar. Den h\u00e4r maskinen \u00e4r utformad f\u00f6r att hantera upp till 1 474 diskar per timme och \u00e4r idealisk f\u00f6r upptagna restauranger och bistroer som vill ha maximal hygien vid varje diskning.<\/p>\n<p><img decoding=\"async\" class=\"size-full wp-image-56016 alignleft\" style=\"color: #555555; font-size: 14.4px;\" src=\"https:\/\/elding-nordic.dk\/wp-content\/uploads\/2024\/03\/tlc_aggiornata-2.jpg\" alt=\"\" width=\"563\" height=\"846\" \/><\/p>\n<h2>Byggd f\u00f6r kr\u00e4vande milj\u00f6er<\/h2>\n<p>Dubbelv\u00e4ggig isolering och en autonom reng\u00f6ringsfunktion g\u00f6r TLC100 till en tyst partner (&lt;70 dB) i k\u00f6ket. Den rymliga 42-literstanken och en effektiv 1100 W diskpump s\u00e4kerst\u00e4ller att TLC100 kan hantera stora diskvolymer med enast\u00e5ende reng\u00f6ringsresultat.<\/p>\n<ul>\n<li>Cykler p\u00e5 63, 88, 118 och 238 sekunder, plus en energisparande ECO2-cykel<\/li>\n<li>Integrerat brytbeh\u00e5llarsystem f\u00f6r konsekventa spolningsf\u00f6rh\u00e5llanden<\/li>\n<li>Standarddoseringspumpar f\u00f6r sk\u00f6ljmedel och reng\u00f6ringsmedel<\/li>\n<\/ul>\n<h2>Smarta funktioner f\u00f6r optimerad prestanda<\/h2>\n<p>TLC100 RCC2 condensing har den avancerade funktionen RCC condensing unit, som inte bara minskar \u00e5ngan i k\u00f6ket utan ocks\u00e5 \u00e5tervinner v\u00e4rme f\u00f6r att f\u00f6rb\u00e4ttra energieffektiviteten. Maskinen kan st\u00e4llas in s\u00e5 att den startar automatiskt n\u00e4r huven st\u00e4ngs, vilket understryker Hoonveds engagemang f\u00f6r innovativa l\u00f6sningar.<\/p>\n<h3>Hygien och s\u00e4kerhet i framkant<\/h3>\n<p>TLC100 \u00e4r byggd med s\u00e4rskilt fokus p\u00e5 hygien. L\u00e4tt\u00e5tkomliga filter och en helt rundad interi\u00f6r s\u00e4kerst\u00e4ller enkel reng\u00f6ring och underh\u00e5ll. En mikrobrytare f\u00f6r s\u00e4kerhet och l\u00e5gsp\u00e4nningskontroll bidrar till operat\u00f6rens s\u00e4kerhet under anv\u00e4ndning.<\/p>\n<p>Huvdiskmaskiner, som Hoonved TLC100 RCC2, \u00e4r en central del av k\u00f6ken i m\u00e5nga olika gastronomiska milj\u00f6er. Dessa maskiner \u00e4r utformade f\u00f6r att uppfylla behoven i en hektisk vardag, d\u00e4r tiden \u00e4r avg\u00f6rande och renlighet \u00e4r en absolut n\u00f6dv\u00e4ndighet. TLC100 sticker ut med sin anv\u00e4ndarcentrerade design, avancerade vattenbesparande teknik och energieffektivitet, vilket g\u00f6r den till ett optimalt val f\u00f6r en m\u00e4ngd livsmedelsbaserade verksamheter.<\/p>\n<p><strong>I restauranger<\/strong> TLC100 s\u00e4kerst\u00e4ller ett konstant fl\u00f6de av rena tallrikar och k\u00f6ksredskap, \u00e4ven under de mest hektiska serveringstiderna. Den snabba cykeltiden inneb\u00e4r att k\u00f6kspersonalen kan forts\u00e4tta servera utan dr\u00f6jsm\u00e5l, vilket ger kunderna en b\u00e4ttre upplevelse och k\u00f6ket en smidigare drift.<\/p>\n<p><strong>Bistroer<\/strong>som ofta k\u00e4nnetecknas av en mysig atmosf\u00e4r och snabb service, kan dra nytta av TLC100:s kompakta design och h\u00f6ga prestanda. Den ger tyst drift, vilket \u00e4r viktigt i intima utrymmen d\u00e4r kundn\u00f6jdheten ocks\u00e5 beror p\u00e5 en lugn milj\u00f6.<\/p>\n<p><strong>Snabbmatsst\u00e4llen<\/strong>N\u00e4r effektiviteten i varje steg i serveringsprocessen \u00e4r avg\u00f6rande kommer du att tycka att TLC100:s automatiska startfunktion och anpassade diskcykler \u00e4r ov\u00e4rderliga. Snabba omloppstider f\u00f6r serviceartiklar \u00e4r inte bara \u00f6nskv\u00e4rt, utan n\u00f6dv\u00e4ndigt f\u00f6r att h\u00e5lla j\u00e4mna steg med kundfl\u00f6det.<\/p>\n<p><strong>Glassbarer<\/strong> och liknande specialbutiker som ofta beh\u00f6ver diska sm\u00e5 f\u00f6rem\u00e5l som skedar och sk\u00e5lar kommer att tycka att TLC100:s 500\u00d7500 mm stora st\u00e4ll \u00e4r perfekt f\u00f6r jobbet. Maskinens f\u00f6rm\u00e5ga att leverera rena och torra redskap efter varje diskcykel \u00e4r avg\u00f6rande f\u00f6r verksamheter d\u00e4r renligheten \u00e4r synlig f\u00f6r kunden.<\/p>\n<p>TLC100:s <strong>RCC-kondenseringsenhet<\/strong>\u00a0\u00e4r ett starkt f\u00f6rs\u00e4ljningsargument f\u00f6r alla dessa branscher, eftersom det utlovar en b\u00e4ttre arbetsmilj\u00f6 genom att minska luftfuktigheten i rummet och \u00e5tervinna v\u00e4rme fr\u00e5n \u00e5ngan. Detta, tillsammans med dess <strong>System f\u00f6r brytningstank<\/strong>som s\u00e4kerst\u00e4ller en j\u00e4mn sk\u00f6ljning, understryker TLC100:s position som en milj\u00f6v\u00e4nlig och kostnadseffektiv diskl\u00f6sning.<\/p>\n<h3>Ansluten och styrbar (tillval)<\/h3>\n<p><em>M\u00e5ste k\u00f6pas n\u00e4r maskinen k\u00f6ps f\u00f6r f\u00f6rsta g\u00e5ngen.<\/em><\/p>\n<p><img decoding=\"async\" class=\"size-full wp-image-56015 alignnone\" src=\"https:\/\/elding-nordic.dk\/wp-content\/uploads\/2024\/03\/tlc_aggiornata.jpg\" alt=\"\" width=\"526\" height=\"446\" \/><\/p>\n<p><strong>K\u00f6p:<\/strong> Wi-Fi-anslutning och H-Cloud-systemet ger TLC100-\u00e4gare avancerad \u00f6vervakning och kontroll \u00f6ver sin maskin, vilket leder till optimerade f\u00f6rbruknings- och underh\u00e5llsprocesser.<\/p>\n<h3>En vision f\u00f6r framtidens k\u00f6k<\/h3>\n<p>Hoonved TLC100 \u00e4r en banbrytande diskmaskin som \u00e4r redo att uppfylla och \u00f6vertr\u00e4ffa de h\u00f6gsta kraven p\u00e5 reng\u00f6ring och driftseffektivitet. Kontakta oss f\u00f6r att se hur TLC100 kan f\u00f6r\u00e4ndra dina rutiner f\u00f6r k\u00f6ksreng\u00f6ring.<\/p>\n<p>&nbsp;<\/p>\n<h2>Kondensationsteknik<\/h2>\n<p><img decoding=\"async\" class=\"aligncenter size-medium wp-image-57031\" src=\"https:\/\/elding-nordic.dk\/wp-content\/uploads\/2024\/04\/RCC-unit-800x800.jpg\" alt=\"Med Kondenseringsteknologi RCC2\" width=\"800\" height=\"800\" \/>Ett utm\u00e4rkande drag i <strong>Hoonved TLC100<\/strong>\u00a0\u00e4r den integrerade kondenseringstekniken. Detta innovativa till\u00e4gg optimerar arbetsmilj\u00f6n genom att minska \u00f6verfl\u00f6dig \u00e5nga under diskningen, vilket resulterar i en bekv\u00e4mare och s\u00e4krare k\u00f6ksmilj\u00f6. Kondensationstekniken i TLC 100 s\u00e4kerst\u00e4ller att \u00e5ngan omvandlas till vatten, vilket inte bara f\u00f6rb\u00e4ttrar luftkvaliteten utan ocks\u00e5 bidrar till en mer h\u00e5llbar diskl\u00f6sning genom att minska energif\u00f6rbrukningen.<\/p>\n<p>Med TLC100:s kondensation kan du f\u00f6rv\u00e4nta dig:<\/p>\n<ul>\n<li>A <strong>Drastisk minskning av \u00e5nga<\/strong>vilket g\u00f6r k\u00f6ket mer bekv\u00e4mt f\u00f6r personalen.<\/li>\n<li>F\u00f6rb\u00e4ttrad <strong>Energieffektivitet<\/strong>\u00e5teranv\u00e4ndning av v\u00e4rme fr\u00e5n \u00e5ngan minskar den totala energif\u00f6rbrukningen.<\/li>\n<li>En renare arbetsplats eftersom det finns mindre risk f\u00f6r kondens och de problem som det kan orsaka, t.ex. m\u00f6gel och andra fuktrelaterade skador.<\/li>\n<\/ul>\n<p>Denna teknik \u00e4r s\u00e4rskilt viktig i hektiska k\u00f6ksmilj\u00f6er d\u00e4r effektivitet och h\u00e4lsa och s\u00e4kerhet \u00e4r av st\u00f6rsta vikt. Hoonved TLC 100 garanterar inte bara exceptionell tv\u00e4tteffektivitet, utan ocks\u00e5 en investering i dina anst\u00e4lldas v\u00e4lbefinnande och det l\u00e5ngsiktiga underh\u00e5llet av ditt k\u00f6k.<\/p>\n<p>&nbsp;<\/p>\n<table>\n<tbody>\n<tr>\n<td width=\"122\">Modell<\/td>\n<td width=\"128\">TLC 100 RCC2<\/td>\n<\/tr>\n<tr>\n<td>Cykelns l\u00e4ngd<\/td>\n<td>63 - 88 - 118 - 238 sek + ECO2<\/td>\n<\/tr>\n<tr>\n<td>Tv\u00e4ttutrymme<\/td>\n<td>400 mm<\/td>\n<\/tr>\n<tr>\n<td>Rack<\/td>\n<td>500\u00d7500 mm<\/td>\n<\/tr>\n<tr>\n<td>Konstruktion<\/td>\n<td>Dubbel v\u00e4gg<\/td>\n<\/tr>\n<tr>\n<td>Maskininredning<\/td>\n<td>Sj\u00e4lvreng\u00f6rande<\/td>\n<\/tr>\n<tr>\n<td>Pump f\u00f6r sk\u00f6ljmedel<\/td>\n<td>Standard<\/td>\n<\/tr>\n<tr>\n<td>Tv\u00e4ttpump<\/td>\n<td>1100 W<\/td>\n<\/tr>\n<tr>\n<td>Disk\/h<\/td>\n<td>1000<\/td>\n<\/tr>\n<tr>\n<td>Pump f\u00f6r reng\u00f6ringsmedel<\/td>\n<td>Standard<\/td>\n<\/tr>\n<tr>\n<td>System f\u00f6r brytningstank<\/td>\n<td>Standard<\/td>\n<\/tr>\n<tr>\n<td>Elektrisk anslutning<\/td>\n<td>230V\/3\/50Hz; 400V\/3N\/50Hz<\/td>\n<\/tr>\n<tr>\n<td>Total effekt<\/td>\n<td>10100 W<\/td>\n<\/tr>\n<tr>\n<td>V\u00e4rmepanna<\/td>\n<td>9000 W<\/td>\n<\/tr>\n<tr>\n<td>Tankv\u00e4rmare<\/td>\n<td>3000 W<\/td>\n<\/tr>\n<tr>\n<td>Tankens kapacitet<\/td>\n<td>42 l<\/td>\n<\/tr>\n<tr>\n<td>Pannans kapacitet<\/td>\n<td>8,2 l<\/td>\n<\/tr>\n<tr>\n<td>Vattenf\u00f6rs\u00f6rjning<\/td>\n<td>2\u00f74 bar \u00d8 3\/4\"G<\/td>\n<\/tr>\n<tr>\n<td>Cykel f\u00f6r vattenf\u00f6rbrukning<\/td>\n<td>3,5 l<\/td>\n<\/tr>\n<tr>\n<td>Anslutning f\u00f6r dr\u00e4neringsslang<\/td>\n<td>\u00d8 1\"G<\/td>\n<\/tr>\n<tr>\n<td>Akustisk tryckniv\u00e5<\/td>\n<td>&lt; 70 db (A)<\/td>\n<\/tr>\n<tr>\n<td>RCC-kondenseringsenhet<\/td>\n<td>Ing\u00e5r<\/td>\n<\/tr>\n<\/tbody>\n<\/table>","protected":false},"excerpt":{"rendered":"<p>Effektiv Hoonved TLC100 huvdiskmaskin med automatisk huvlyft med upp till 1.474 tallrikar\/h, TFT touch-gr\u00e4nssnitt och energi\u00e5tervinningsfunktion. Perfekt f\u00f6r restauranger och bistroer.<\/p>\n<p style=\"font-weight: 400;\"><strong>Inklusive dr\u00e4neringspump, sk\u00f6lj- och tv\u00e5lpump. Denna modell \u00e4r utrustad med automatisk lyft och en kondenseringsenhet (RCC2-enhet)<\/strong><\/p>\n<p><em>Med RCC2 \u00e4r maskinen 358 mm h\u00f6gre \u00e4n vad som anges i specifikationerna. Totalh\u00f6jden \u00e4r: 1878 mm med RCC2.<\/em><\/p>","protected":false},"featured_media":1042,"template":"","meta":{"_acf_changed":false,"inline_featured_image":false},"product_brand":[],"product_cat":[40],"product_tag":[43],"class_list":{"0":"post-1037","1":"product","2":"type-product","3":"status-publish","4":"has-post-thumbnail","6":"product_cat-tlc","7":"product_tag-hoonved","9":"first","10":"instock","11":"taxable","12":"shipping-taxable","13":"purchasable","14":"product-type-simple"},"acf":[],"yoast_head":"<!-- This site is optimized with the Yoast SEO Premium plugin v22.7 (Yoast SEO v23.9) - https:\/\/yoast.com\/wordpress\/plugins\/seo\/ -->\n<title>Hoonved - TLC100 AUTO - H\u00e6tte opvaskemaskine m\/autom. l\u00f8ft og kondensering - Hoonved Nordic<\/title>\n<meta name=\"robots\" content=\"index, follow, max-snippet:-1, max-image-preview:large, max-video-preview:-1\" \/>\n<link rel=\"canonical\" href=\"https:\/\/hoonved-nordic.dk\/sv\/product\/hoonved-tlc100-auto-haette-opvaskemaskine-m-autom-loeft-og-kondensering\/\" \/>\n<meta property=\"og:locale\" content=\"sv_SE\" \/>\n<meta property=\"og:type\" content=\"article\" \/>\n<meta property=\"og:title\" content=\"Hoonved - TLC100 AUTO - H\u00e6tte opvaskemaskine m\/autom. l\u00f8ft og kondensering\" \/>\n<meta property=\"og:description\" content=\"Effektiv Hoonved TLC100 h\u00e6tteopvaskemaskine m\/ Automatisk h\u00e6ttel\u00f8ft med op til 1,474 tallerkener\/t, TFT touch interface og energigenvindingsfunktion. Perfekt for restauranter og bistroer. Inkl. Afl\u00f8bspumpe, afsp\u00e6ndings &amp; s\u00e6be pumpe. Denne model er med automatiskt l\u00f8ft samt en kondenserings unit (RCC2 unit) Med RCC2 bliver maskinen 358 mm h\u00f8jere end der muligvis st\u00e5r i specifikationer. Total h\u00f8jden er: 1878 mm med RCC2.\" \/>\n<meta property=\"og:url\" content=\"https:\/\/hoonved-nordic.dk\/sv\/product\/hoonved-tlc100-auto-haette-opvaskemaskine-m-autom-loeft-og-kondensering\/\" \/>\n<meta property=\"og:site_name\" content=\"Hoonved Nordic\" \/>\n<meta property=\"article:modified_time\" content=\"2025-03-19T07:32:57+00:00\" \/>\n<meta name=\"twitter:card\" content=\"summary_large_image\" \/>\n<meta name=\"twitter:label1\" content=\"Ber\u00e4knad l\u00e4stid\" \/>\n\t<meta name=\"twitter:data1\" content=\"4 minuter\" \/>\n<script type=\"application\/ld+json\" class=\"yoast-schema-graph\">{\"@context\":\"https:\/\/schema.org\",\"@graph\":[{\"@type\":\"WebPage\",\"@id\":\"https:\/\/hoonved-nordic.dk\/product\/hoonved-tlc100-auto-haette-opvaskemaskine-m-autom-loeft-og-kondensering\",\"url\":\"https:\/\/hoonved-nordic.dk\/product\/hoonved-tlc100-auto-haette-opvaskemaskine-m-autom-loeft-og-kondensering\",\"name\":\"Hoonved - TLC100 AUTO - H\u00e6tte opvaskemaskine m\/autom. l\u00f8ft og kondensering - Hoonved Nordic\",\"isPartOf\":{\"@id\":\"https:\/\/hoonved-nordic.dk\/#website\"},\"primaryImageOfPage\":{\"@id\":\"https:\/\/hoonved-nordic.dk\/product\/hoonved-tlc100-auto-haette-opvaskemaskine-m-autom-loeft-og-kondensering#primaryimage\"},\"image\":{\"@id\":\"https:\/\/hoonved-nordic.dk\/product\/hoonved-tlc100-auto-haette-opvaskemaskine-m-autom-loeft-og-kondensering#primaryimage\"},\"thumbnailUrl\":\"https:\/\/hoonved-nordic.dk\/wp-content\/uploads\/2025\/03\/tlc-100-med-kondensering.png\",\"datePublished\":\"2025-03-19T07:32:36+00:00\",\"dateModified\":\"2025-03-19T07:32:57+00:00\",\"breadcrumb\":{\"@id\":\"https:\/\/hoonved-nordic.dk\/product\/hoonved-tlc100-auto-haette-opvaskemaskine-m-autom-loeft-og-kondensering#breadcrumb\"},\"inLanguage\":\"sv-SE\",\"potentialAction\":[{\"@type\":\"ReadAction\",\"target\":[\"https:\/\/hoonved-nordic.dk\/product\/hoonved-tlc100-auto-haette-opvaskemaskine-m-autom-loeft-og-kondensering\"]}]},{\"@type\":\"ImageObject\",\"inLanguage\":\"sv-SE\",\"@id\":\"https:\/\/hoonved-nordic.dk\/product\/hoonved-tlc100-auto-haette-opvaskemaskine-m-autom-loeft-og-kondensering#primaryimage\",\"url\":\"https:\/\/hoonved-nordic.dk\/wp-content\/uploads\/2025\/03\/tlc-100-med-kondensering.png\",\"contentUrl\":\"https:\/\/hoonved-nordic.dk\/wp-content\/uploads\/2025\/03\/tlc-100-med-kondensering.png\",\"width\":334,\"height\":701},{\"@type\":\"BreadcrumbList\",\"@id\":\"https:\/\/hoonved-nordic.dk\/product\/hoonved-tlc100-auto-haette-opvaskemaskine-m-autom-loeft-og-kondensering#breadcrumb\",\"itemListElement\":[{\"@type\":\"ListItem\",\"position\":1,\"name\":\"Hjem\",\"item\":\"https:\/\/hoonved-nordic.dk\/\"},{\"@type\":\"ListItem\",\"position\":2,\"name\":\"Shop\",\"item\":\"https:\/\/hoonved-nordic.dk\/shop\"},{\"@type\":\"ListItem\",\"position\":3,\"name\":\"Hoonved &#8211; TLC100 AUTO &#8211; H\u00e6tte opvaskemaskine m\/autom. l\u00f8ft og kondensering\"}]},{\"@type\":\"WebSite\",\"@id\":\"https:\/\/hoonved-nordic.dk\/#website\",\"url\":\"https:\/\/hoonved-nordic.dk\/\",\"name\":\"Hoonved Nordic\",\"description\":\"\",\"potentialAction\":[{\"@type\":\"SearchAction\",\"target\":{\"@type\":\"EntryPoint\",\"urlTemplate\":\"https:\/\/hoonved-nordic.dk\/?s={search_term_string}\"},\"query-input\":{\"@type\":\"PropertyValueSpecification\",\"valueRequired\":true,\"valueName\":\"search_term_string\"}}],\"inLanguage\":\"sv-SE\"},{\"@type\":\"ImageObject\",\"inLanguage\":\"sv-SE\",\"@id\":\"https:\/\/hoonved-nordic.dk\/product\/hoonved-tlc100-auto-haette-opvaskemaskine-m-autom-loeft-og-kondensering#local-main-organization-logo\",\"url\":\"\",\"contentUrl\":\"\",\"caption\":\"Hoonved Nordic\"}]}<\/script>\n<!-- \/ Yoast SEO Premium plugin. -->","yoast_head_json":{"title":"Hoonved - TLC100 AUTO - H\u00e6tte opvaskemaskine m\/autom. l\u00f8ft og kondensering - Hoonved Nordic","robots":{"index":"index","follow":"follow","max-snippet":"max-snippet:-1","max-image-preview":"max-image-preview:large","max-video-preview":"max-video-preview:-1"},"canonical":"https:\/\/hoonved-nordic.dk\/sv\/product\/hoonved-tlc100-auto-haette-opvaskemaskine-m-autom-loeft-og-kondensering\/","og_locale":"sv_SE","og_type":"article","og_title":"Hoonved - TLC100 AUTO - H\u00e6tte opvaskemaskine m\/autom. l\u00f8ft og kondensering","og_description":"Effektiv Hoonved TLC100 h\u00e6tteopvaskemaskine m\/ Automatisk h\u00e6ttel\u00f8ft med op til 1,474 tallerkener\/t, TFT touch interface og energigenvindingsfunktion. Perfekt for restauranter og bistroer. Inkl. Afl\u00f8bspumpe, afsp\u00e6ndings &amp; s\u00e6be pumpe. Denne model er med automatiskt l\u00f8ft samt en kondenserings unit (RCC2 unit) Med RCC2 bliver maskinen 358 mm h\u00f8jere end der muligvis st\u00e5r i specifikationer. Total h\u00f8jden er: 1878 mm med RCC2.","og_url":"https:\/\/hoonved-nordic.dk\/sv\/product\/hoonved-tlc100-auto-haette-opvaskemaskine-m-autom-loeft-og-kondensering\/","og_site_name":"Hoonved Nordic","article_modified_time":"2025-03-19T07:32:57+00:00","twitter_card":"summary_large_image","twitter_misc":{"Ber\u00e4knad l\u00e4stid":"4 minuter"},"schema":{"@context":"https:\/\/schema.org","@graph":[{"@type":"WebPage","@id":"https:\/\/hoonved-nordic.dk\/product\/hoonved-tlc100-auto-haette-opvaskemaskine-m-autom-loeft-og-kondensering","url":"https:\/\/hoonved-nordic.dk\/product\/hoonved-tlc100-auto-haette-opvaskemaskine-m-autom-loeft-og-kondensering","name":"Hoonved - TLC100 AUTO - H\u00e6tte opvaskemaskine m\/autom. l\u00f8ft og kondensering - Hoonved Nordic","isPartOf":{"@id":"https:\/\/hoonved-nordic.dk\/#website"},"primaryImageOfPage":{"@id":"https:\/\/hoonved-nordic.dk\/product\/hoonved-tlc100-auto-haette-opvaskemaskine-m-autom-loeft-og-kondensering#primaryimage"},"image":{"@id":"https:\/\/hoonved-nordic.dk\/product\/hoonved-tlc100-auto-haette-opvaskemaskine-m-autom-loeft-og-kondensering#primaryimage"},"thumbnailUrl":"https:\/\/hoonved-nordic.dk\/wp-content\/uploads\/2025\/03\/tlc-100-med-kondensering.png","datePublished":"2025-03-19T07:32:36+00:00","dateModified":"2025-03-19T07:32:57+00:00","breadcrumb":{"@id":"https:\/\/hoonved-nordic.dk\/product\/hoonved-tlc100-auto-haette-opvaskemaskine-m-autom-loeft-og-kondensering#breadcrumb"},"inLanguage":"sv-SE","potentialAction":[{"@type":"ReadAction","target":["https:\/\/hoonved-nordic.dk\/product\/hoonved-tlc100-auto-haette-opvaskemaskine-m-autom-loeft-og-kondensering"]}]},{"@type":"ImageObject","inLanguage":"sv-SE","@id":"https:\/\/hoonved-nordic.dk\/product\/hoonved-tlc100-auto-haette-opvaskemaskine-m-autom-loeft-og-kondensering#primaryimage","url":"https:\/\/hoonved-nordic.dk\/wp-content\/uploads\/2025\/03\/tlc-100-med-kondensering.png","contentUrl":"https:\/\/hoonved-nordic.dk\/wp-content\/uploads\/2025\/03\/tlc-100-med-kondensering.png","width":334,"height":701},{"@type":"BreadcrumbList","@id":"https:\/\/hoonved-nordic.dk\/product\/hoonved-tlc100-auto-haette-opvaskemaskine-m-autom-loeft-og-kondensering#breadcrumb","itemListElement":[{"@type":"ListItem","position":1,"name":"Hjem","item":"https:\/\/hoonved-nordic.dk\/"},{"@type":"ListItem","position":2,"name":"Shop","item":"https:\/\/hoonved-nordic.dk\/shop"},{"@type":"ListItem","position":3,"name":"Hoonved &#8211; TLC100 AUTO &#8211; H\u00e6tte opvaskemaskine m\/autom. l\u00f8ft og kondensering"}]},{"@type":"WebSite","@id":"https:\/\/hoonved-nordic.dk\/#website","url":"https:\/\/hoonved-nordic.dk\/","name":"Hoonved Nordic","description":"","potentialAction":[{"@type":"SearchAction","target":{"@type":"EntryPoint","urlTemplate":"https:\/\/hoonved-nordic.dk\/?s={search_term_string}"},"query-input":{"@type":"PropertyValueSpecification","valueRequired":true,"valueName":"search_term_string"}}],"inLanguage":"sv-SE"},{"@type":"ImageObject","inLanguage":"sv-SE","@id":"https:\/\/hoonved-nordic.dk\/product\/hoonved-tlc100-auto-haette-opvaskemaskine-m-autom-loeft-og-kondensering#local-main-organization-logo","url":"","contentUrl":"","caption":"Hoonved Nordic"}]}},"_links":{"self":[{"href":"https:\/\/hoonved-nordic.dk\/sv\/wp-json\/wp\/v2\/product\/1037","targetHints":{"allow":["GET"]}}],"collection":[{"href":"https:\/\/hoonved-nordic.dk\/sv\/wp-json\/wp\/v2\/product"}],"about":[{"href":"https:\/\/hoonved-nordic.dk\/sv\/wp-json\/wp\/v2\/types\/product"}],"wp:featuredmedia":[{"embeddable":true,"href":"https:\/\/hoonved-nordic.dk\/sv\/wp-json\/wp\/v2\/media\/1042"}],"wp:attachment":[{"href":"https:\/\/hoonved-nordic.dk\/sv\/wp-json\/wp\/v2\/media?parent=1037"}],"wp:term":[{"taxonomy":"product_brand","embeddable":true,"href":"https:\/\/hoonved-nordic.dk\/sv\/wp-json\/wp\/v2\/product_brand?post=1037"},{"taxonomy":"product_cat","embeddable":true,"href":"https:\/\/hoonved-nordic.dk\/sv\/wp-json\/wp\/v2\/product_cat?post=1037"},{"taxonomy":"product_tag","embeddable":true,"href":"https:\/\/hoonved-nordic.dk\/sv\/wp-json\/wp\/v2\/product_tag?post=1037"}],"curies":[{"name":"wp","href":"https:\/\/api.w.org\/{rel}","templated":true}]}}