{"id":1103,"date":"2025-03-20T07:36:29","date_gmt":"2025-03-20T07:36:29","guid":{"rendered":"https:\/\/hoonved-nordic.dk\/?post_type=product&#038;p=1103"},"modified":"2025-03-20T07:37:15","modified_gmt":"2025-03-20T07:37:15","slug":"hoonved-ce-60-bt-twin-opvaskemaskine","status":"publish","type":"product","link":"https:\/\/hoonved-nordic.dk\/sv\/product\/hoonved-ce-60-bt-twin-opvaskemaskine","title":{"rendered":"Hoonved - CE 60 BT TWIN - Diskmaskin"},"content":{"rendered":"<h1>CE 60 TWIN: En revolution\u00e4r\u00a0<strong>Diskmaskin under diskb\u00e4nk f\u00f6r glas och tallrikar<\/strong><\/h1>\n<p>N\u00e4r effektivitet i k\u00f6ket \u00e4r avg\u00f6rande, levererar CE 60 TWIN som en kraftfull\u00a0<strong>diskmaskin av glas<\/strong>erbjuder enkel reng\u00f6ring med h\u00f6g kapacitet f\u00f6r den hektiska cateringbranschen. Med en kapacitet p\u00e5 imponerande 1 500 glas i timmen kommer den h\u00e4r maskinen snabbt att bli ett oumb\u00e4rligt verktyg i alla\u00a0<strong>bar top tv\u00e4ttmaskin<\/strong>\u00a0rutin.<\/p>\n<h2>Utformad f\u00f6r flexibilitet<\/h2>\n<p>Detta <strong>Diskmaskin<\/strong>\u00a0utm\u00e4rker sig med sin multifunktionalitet. Oavsett om du driver ett snabbfotat\u00a0<strong>snabbmat<\/strong>\u00a0kedja, en avslappnad\u00a0<strong>bistro diskb\u00e4nkar<\/strong>eller en trendig\u00a0<strong>vinbar<\/strong>CE 60 TWIN anpassar sig enkelt till dina unika behov utan behov av specialinstallationer. Med fyra olika tv\u00e4ttcykler och en innovativ\u00a0<strong>express diskmaskin<\/strong>\u00a0funktion kan du enkelt v\u00e4xla mellan olika uppgifter, fr\u00e5n vinglas till stora tallrikar.<\/p>\n<ul>\n<li>Effektivitet i varje cykel med plats f\u00f6r b\u00e5de glas och tallrikar<\/li>\n<li>Intuitiv design som eliminerar behovet av komplexa inst\u00e4llningar<\/li>\n<li>Avancerade tv\u00e4ttsystem som garanterar toppresultat varje g\u00e5ng<\/li>\n<\/ul>\n<h2>Uppn\u00e5 perfekt hygien med avancerad teknik<\/h2>\n<p>Med CE 60 TWIN f\u00e5r du en toppmodern\u00a0<strong>Diskmaskin<\/strong>Renlighet och hygien \u00e4r aldrig n\u00e5got att diskutera. Maskinens sj\u00e4lvreng\u00f6rande funktioner och rundade h\u00f6rn g\u00f6r att smuts och bakterier inte har n\u00e5gonstans att g\u00f6mma sig. De snabbkopplade diskarmarna och de l\u00e4tt avtagbara munstyckena g\u00f6r det dagliga underh\u00e5llet till en barnlek och s\u00e4kerst\u00e4ller att dina glas och tallrikar inte bara \u00e4r rena utan \u00e4ven hygieniska.<\/p>\n<h3>Avancerad elektronik f\u00f6r personlig anpassning<\/h3>\n<p>Ett riktigt kraftpaket inom omr\u00e5det\u00a0<strong>diskv\u00e4rldar<\/strong>CE 60 TWIN:s elektroniska styrsystem m\u00f6jligg\u00f6r personlig justering av tv\u00e4tt- och sk\u00f6ljtemperaturer s\u00e5 att du alltid f\u00e5r b\u00e4sta resultat. Med en intuitiv digital display och en multifunktionell startknapp kan du enkelt anpassa och \u00f6vervaka varje tv\u00e4tt f\u00f6r en enkel anv\u00e4ndarupplevelse.<\/p>\n<p>Om du vill ha en\u00a0<strong>Diskmaskin under diskb\u00e4nk f\u00f6r glas och tallrikar<\/strong>\u00a0som s\u00e4tter standarden \u00e4r CE 60 TWIN det sj\u00e4lvklara valet. Kontakta oss f\u00f6r att f\u00e5 veta hur den h\u00e4r diskmaskinen kan f\u00f6r\u00e4ndra ditt f\u00f6retags k\u00f6ksverksamhet.<\/p>\n<p><strong>Finns \u00e4ven i marin modell, kontakta oss f\u00f6r mer information.<\/strong><\/p>\n<table>\n<tbody>\n<tr>\n<td>Modell<\/td>\n<td>CE 60 TWIN<\/td>\n<\/tr>\n<tr>\n<td>Cykelns l\u00e4ngd<\/td>\n<td>120-180-240-480 sek<\/td>\n<\/tr>\n<tr>\n<td>Rensning<\/td>\n<td>360 mm<\/td>\n<\/tr>\n<tr>\n<td>Rack<\/td>\n<td>500\u00d7500 m<\/td>\n<\/tr>\n<tr>\n<td>Konstruktion<\/td>\n<td>Singel<\/td>\n<\/tr>\n<tr>\n<td>Maskininredning<\/td>\n<td>Sj\u00e4lvreng\u00f6rande<\/td>\n<\/tr>\n<tr>\n<td>Tv\u00e4ttpump<\/td>\n<td>450 W<\/td>\n<\/tr>\n<tr>\n<td>Pump f\u00f6r sk\u00f6ljmedel<\/td>\n<td>Standard<\/td>\n<\/tr>\n<tr>\n<td>Dosering av tv\u00e4ttmedel<\/td>\n<td>Standard<\/td>\n<\/tr>\n<tr>\n<td>System f\u00f6r brytningstank<\/td>\n<td>Standard<\/td>\n<\/tr>\n<tr>\n<td>Elektrisk anslutning<\/td>\n<td>Multipower - 400 V 3N 50<\/td>\n<\/tr>\n<tr>\n<td>Total effekt<\/td>\n<td>7450 W<\/td>\n<\/tr>\n<tr>\n<td>V\u00e4rmepanna<\/td>\n<td>7000 W<\/td>\n<\/tr>\n<tr>\n<td>Tankv\u00e4rmare<\/td>\n<td>200 W<\/td>\n<\/tr>\n<tr>\n<td>Tankens kapacitet<\/td>\n<td>21 l<\/td>\n<\/tr>\n<tr>\n<td>Pannans kapacitet<\/td>\n<td>7,5 l<\/td>\n<\/tr>\n<tr>\n<td>Vattenf\u00f6rs\u00f6rjning<\/td>\n<td>2\u00f74 bar \u00f8 3\/4\" G<\/td>\n<\/tr>\n<tr>\n<td>Vattenf\u00f6rbrukning per cykel<\/td>\n<td>3,5 \/ 6 l<\/td>\n<\/tr>\n<tr>\n<td>Anslutning f\u00f6r dr\u00e4neringsslang<\/td>\n<td>\u00f8 31 mm<\/td>\n<\/tr>\n<tr>\n<td width=\"544\">Akustisk tryckniv\u00e5<br \/>\nLjudtrycksniv\u00e5 \/ Nivel presi\u00f3n ac\u00fastica<\/td>\n<td>63db (A)<\/td>\n<\/tr>\n<\/tbody>\n<\/table>","protected":false},"excerpt":{"rendered":"<p>CE 60 TWIN \u00e4r en m\u00e5ngsidig glas- och diskmaskin f\u00f6r underdisk, perfekt f\u00f6r restauranger, bistroer och barer, \u00e4ven i maritima milj\u00f6er.<\/p>\n<p>Upp till 1.500 glas per timme<\/p>\n<p>Upp till 560 tallrikar per timme<\/p>\n<p>Upp till 520 glasflaskor och karaffer per timme<\/p>\n<p>4 tv\u00e4ttcykler<\/p>\n<p>Inkl. dr\u00e4neringspump, sk\u00f6lj- och tv\u00e5lpump<\/p>","protected":false},"featured_media":1104,"template":"","meta":{"_acf_changed":false,"inline_featured_image":false},"product_brand":[42],"product_cat":[34],"product_tag":[],"class_list":{"0":"post-1103","1":"product","2":"type-product","3":"status-publish","4":"has-post-thumbnail","6":"product_brand-hoonved","7":"product_cat-ce","9":"first","10":"instock","11":"taxable","12":"shipping-taxable","13":"purchasable","14":"product-type-simple"},"acf":[],"yoast_head":"<!-- This site is optimized with the Yoast SEO Premium plugin v22.7 (Yoast SEO v23.9) - https:\/\/yoast.com\/wordpress\/plugins\/seo\/ -->\n<title>Hoonved \u2013 CE 60 BT TWIN \u2013 Opvaskemaskine - Hoonved Nordic<\/title>\n<meta name=\"robots\" content=\"index, follow, max-snippet:-1, max-image-preview:large, max-video-preview:-1\" \/>\n<link rel=\"canonical\" href=\"https:\/\/hoonved-nordic.dk\/sv\/product\/hoonved-ce-60-bt-twin-opvaskemaskine\/\" \/>\n<meta property=\"og:locale\" content=\"sv_SE\" \/>\n<meta property=\"og:type\" content=\"article\" \/>\n<meta property=\"og:title\" content=\"Hoonved \u2013 CE 60 BT TWIN \u2013 Opvaskemaskine\" \/>\n<meta property=\"og:description\" content=\"CE 60 TWIN er en alsidig underbordsopvasker til glas og tallerkener, perfekt til restauranter, bistroer, og barer, inklusiv maritime milj\u00f8er.  Op til 1.500 glas i timen  Op til 560 tallerkener i timen  Op til 520 glasflasker og karaffler i timen  4 vaskecyklusser  Inkl. Afl\u00f8bspumpe, afsp\u00e6ndings &amp; s\u00e6be pumpe\" \/>\n<meta property=\"og:url\" content=\"https:\/\/hoonved-nordic.dk\/sv\/product\/hoonved-ce-60-bt-twin-opvaskemaskine\/\" \/>\n<meta property=\"og:site_name\" content=\"Hoonved Nordic\" \/>\n<meta property=\"article:modified_time\" content=\"2025-03-20T07:37:15+00:00\" \/>\n<meta property=\"og:image\" content=\"https:\/\/hoonved-nordic.dk\/wp-content\/uploads\/2025\/03\/ce60_twin-hoonved-elding-nordic-1300x1300-1.webp\" \/>\n\t<meta property=\"og:image:width\" content=\"1300\" \/>\n\t<meta property=\"og:image:height\" content=\"1300\" \/>\n\t<meta property=\"og:image:type\" content=\"image\/webp\" \/>\n<meta name=\"twitter:card\" content=\"summary_large_image\" \/>\n<meta name=\"twitter:label1\" content=\"Ber\u00e4knad l\u00e4stid\" \/>\n\t<meta name=\"twitter:data1\" content=\"2 minuter\" \/>\n<script type=\"application\/ld+json\" class=\"yoast-schema-graph\">{\"@context\":\"https:\/\/schema.org\",\"@graph\":[{\"@type\":\"WebPage\",\"@id\":\"https:\/\/hoonved-nordic.dk\/product\/hoonved-ce-60-bt-twin-opvaskemaskine\",\"url\":\"https:\/\/hoonved-nordic.dk\/product\/hoonved-ce-60-bt-twin-opvaskemaskine\",\"name\":\"Hoonved \u2013 CE 60 BT TWIN \u2013 Opvaskemaskine - Hoonved Nordic\",\"isPartOf\":{\"@id\":\"https:\/\/hoonved-nordic.dk\/#website\"},\"primaryImageOfPage\":{\"@id\":\"https:\/\/hoonved-nordic.dk\/product\/hoonved-ce-60-bt-twin-opvaskemaskine#primaryimage\"},\"image\":{\"@id\":\"https:\/\/hoonved-nordic.dk\/product\/hoonved-ce-60-bt-twin-opvaskemaskine#primaryimage\"},\"thumbnailUrl\":\"https:\/\/hoonved-nordic.dk\/wp-content\/uploads\/2025\/03\/ce60_twin-hoonved-elding-nordic-1300x1300-1.webp\",\"datePublished\":\"2025-03-20T07:36:29+00:00\",\"dateModified\":\"2025-03-20T07:37:15+00:00\",\"breadcrumb\":{\"@id\":\"https:\/\/hoonved-nordic.dk\/product\/hoonved-ce-60-bt-twin-opvaskemaskine#breadcrumb\"},\"inLanguage\":\"sv-SE\",\"potentialAction\":[{\"@type\":\"ReadAction\",\"target\":[\"https:\/\/hoonved-nordic.dk\/product\/hoonved-ce-60-bt-twin-opvaskemaskine\"]}]},{\"@type\":\"ImageObject\",\"inLanguage\":\"sv-SE\",\"@id\":\"https:\/\/hoonved-nordic.dk\/product\/hoonved-ce-60-bt-twin-opvaskemaskine#primaryimage\",\"url\":\"https:\/\/hoonved-nordic.dk\/wp-content\/uploads\/2025\/03\/ce60_twin-hoonved-elding-nordic-1300x1300-1.webp\",\"contentUrl\":\"https:\/\/hoonved-nordic.dk\/wp-content\/uploads\/2025\/03\/ce60_twin-hoonved-elding-nordic-1300x1300-1.webp\",\"width\":1300,\"height\":1300},{\"@type\":\"BreadcrumbList\",\"@id\":\"https:\/\/hoonved-nordic.dk\/product\/hoonved-ce-60-bt-twin-opvaskemaskine#breadcrumb\",\"itemListElement\":[{\"@type\":\"ListItem\",\"position\":1,\"name\":\"Hjem\",\"item\":\"https:\/\/hoonved-nordic.dk\/\"},{\"@type\":\"ListItem\",\"position\":2,\"name\":\"Shop\",\"item\":\"https:\/\/hoonved-nordic.dk\/shop\"},{\"@type\":\"ListItem\",\"position\":3,\"name\":\"Hoonved \u2013 CE 60 BT TWIN \u2013 Opvaskemaskine\"}]},{\"@type\":\"WebSite\",\"@id\":\"https:\/\/hoonved-nordic.dk\/#website\",\"url\":\"https:\/\/hoonved-nordic.dk\/\",\"name\":\"Hoonved Nordic\",\"description\":\"\",\"potentialAction\":[{\"@type\":\"SearchAction\",\"target\":{\"@type\":\"EntryPoint\",\"urlTemplate\":\"https:\/\/hoonved-nordic.dk\/?s={search_term_string}\"},\"query-input\":{\"@type\":\"PropertyValueSpecification\",\"valueRequired\":true,\"valueName\":\"search_term_string\"}}],\"inLanguage\":\"sv-SE\"},{\"@type\":\"ImageObject\",\"inLanguage\":\"sv-SE\",\"@id\":\"https:\/\/hoonved-nordic.dk\/product\/hoonved-ce-60-bt-twin-opvaskemaskine#local-main-organization-logo\",\"url\":\"\",\"contentUrl\":\"\",\"caption\":\"Hoonved Nordic\"}]}<\/script>\n<!-- \/ Yoast SEO Premium plugin. -->","yoast_head_json":{"title":"Hoonved \u2013 CE 60 BT TWIN \u2013 Opvaskemaskine - Hoonved Nordic","robots":{"index":"index","follow":"follow","max-snippet":"max-snippet:-1","max-image-preview":"max-image-preview:large","max-video-preview":"max-video-preview:-1"},"canonical":"https:\/\/hoonved-nordic.dk\/sv\/product\/hoonved-ce-60-bt-twin-opvaskemaskine\/","og_locale":"sv_SE","og_type":"article","og_title":"Hoonved \u2013 CE 60 BT TWIN \u2013 Opvaskemaskine","og_description":"CE 60 TWIN er en alsidig underbordsopvasker til glas og tallerkener, perfekt til restauranter, bistroer, og barer, inklusiv maritime milj\u00f8er.  Op til 1.500 glas i timen  Op til 560 tallerkener i timen  Op til 520 glasflasker og karaffler i timen  4 vaskecyklusser  Inkl. Afl\u00f8bspumpe, afsp\u00e6ndings &amp; s\u00e6be pumpe","og_url":"https:\/\/hoonved-nordic.dk\/sv\/product\/hoonved-ce-60-bt-twin-opvaskemaskine\/","og_site_name":"Hoonved Nordic","article_modified_time":"2025-03-20T07:37:15+00:00","og_image":[{"width":1300,"height":1300,"url":"https:\/\/hoonved-nordic.dk\/wp-content\/uploads\/2025\/03\/ce60_twin-hoonved-elding-nordic-1300x1300-1.webp","type":"image\/webp"}],"twitter_card":"summary_large_image","twitter_misc":{"Ber\u00e4knad l\u00e4stid":"2 minuter"},"schema":{"@context":"https:\/\/schema.org","@graph":[{"@type":"WebPage","@id":"https:\/\/hoonved-nordic.dk\/product\/hoonved-ce-60-bt-twin-opvaskemaskine","url":"https:\/\/hoonved-nordic.dk\/product\/hoonved-ce-60-bt-twin-opvaskemaskine","name":"Hoonved \u2013 CE 60 BT TWIN \u2013 Opvaskemaskine - Hoonved Nordic","isPartOf":{"@id":"https:\/\/hoonved-nordic.dk\/#website"},"primaryImageOfPage":{"@id":"https:\/\/hoonved-nordic.dk\/product\/hoonved-ce-60-bt-twin-opvaskemaskine#primaryimage"},"image":{"@id":"https:\/\/hoonved-nordic.dk\/product\/hoonved-ce-60-bt-twin-opvaskemaskine#primaryimage"},"thumbnailUrl":"https:\/\/hoonved-nordic.dk\/wp-content\/uploads\/2025\/03\/ce60_twin-hoonved-elding-nordic-1300x1300-1.webp","datePublished":"2025-03-20T07:36:29+00:00","dateModified":"2025-03-20T07:37:15+00:00","breadcrumb":{"@id":"https:\/\/hoonved-nordic.dk\/product\/hoonved-ce-60-bt-twin-opvaskemaskine#breadcrumb"},"inLanguage":"sv-SE","potentialAction":[{"@type":"ReadAction","target":["https:\/\/hoonved-nordic.dk\/product\/hoonved-ce-60-bt-twin-opvaskemaskine"]}]},{"@type":"ImageObject","inLanguage":"sv-SE","@id":"https:\/\/hoonved-nordic.dk\/product\/hoonved-ce-60-bt-twin-opvaskemaskine#primaryimage","url":"https:\/\/hoonved-nordic.dk\/wp-content\/uploads\/2025\/03\/ce60_twin-hoonved-elding-nordic-1300x1300-1.webp","contentUrl":"https:\/\/hoonved-nordic.dk\/wp-content\/uploads\/2025\/03\/ce60_twin-hoonved-elding-nordic-1300x1300-1.webp","width":1300,"height":1300},{"@type":"BreadcrumbList","@id":"https:\/\/hoonved-nordic.dk\/product\/hoonved-ce-60-bt-twin-opvaskemaskine#breadcrumb","itemListElement":[{"@type":"ListItem","position":1,"name":"Hjem","item":"https:\/\/hoonved-nordic.dk\/"},{"@type":"ListItem","position":2,"name":"Shop","item":"https:\/\/hoonved-nordic.dk\/shop"},{"@type":"ListItem","position":3,"name":"Hoonved \u2013 CE 60 BT TWIN \u2013 Opvaskemaskine"}]},{"@type":"WebSite","@id":"https:\/\/hoonved-nordic.dk\/#website","url":"https:\/\/hoonved-nordic.dk\/","name":"Hoonved Nordic","description":"","potentialAction":[{"@type":"SearchAction","target":{"@type":"EntryPoint","urlTemplate":"https:\/\/hoonved-nordic.dk\/?s={search_term_string}"},"query-input":{"@type":"PropertyValueSpecification","valueRequired":true,"valueName":"search_term_string"}}],"inLanguage":"sv-SE"},{"@type":"ImageObject","inLanguage":"sv-SE","@id":"https:\/\/hoonved-nordic.dk\/product\/hoonved-ce-60-bt-twin-opvaskemaskine#local-main-organization-logo","url":"","contentUrl":"","caption":"Hoonved Nordic"}]}},"_links":{"self":[{"href":"https:\/\/hoonved-nordic.dk\/sv\/wp-json\/wp\/v2\/product\/1103","targetHints":{"allow":["GET"]}}],"collection":[{"href":"https:\/\/hoonved-nordic.dk\/sv\/wp-json\/wp\/v2\/product"}],"about":[{"href":"https:\/\/hoonved-nordic.dk\/sv\/wp-json\/wp\/v2\/types\/product"}],"wp:featuredmedia":[{"embeddable":true,"href":"https:\/\/hoonved-nordic.dk\/sv\/wp-json\/wp\/v2\/media\/1104"}],"wp:attachment":[{"href":"https:\/\/hoonved-nordic.dk\/sv\/wp-json\/wp\/v2\/media?parent=1103"}],"wp:term":[{"taxonomy":"product_brand","embeddable":true,"href":"https:\/\/hoonved-nordic.dk\/sv\/wp-json\/wp\/v2\/product_brand?post=1103"},{"taxonomy":"product_cat","embeddable":true,"href":"https:\/\/hoonved-nordic.dk\/sv\/wp-json\/wp\/v2\/product_cat?post=1103"},{"taxonomy":"product_tag","embeddable":true,"href":"https:\/\/hoonved-nordic.dk\/sv\/wp-json\/wp\/v2\/product_tag?post=1103"}],"curies":[{"name":"wp","href":"https:\/\/api.w.org\/{rel}","templated":true}]}}