{"id":1116,"date":"2025-03-20T13:27:47","date_gmt":"2025-03-20T13:27:47","guid":{"rendered":"https:\/\/hoonved-nordic.dk\/product\/automatisk-vandbloedgoerer-30-kg-med-resinrensningssystem"},"modified":"2025-03-20T15:44:59","modified_gmt":"2025-03-20T15:44:59","slug":"automatisk-vandbloedgoerer-30-kg-med-resinrensningssystem","status":"publish","type":"product","link":"https:\/\/hoonved-nordic.dk\/sv\/product\/automatisk-vandbloedgoerer-30-kg-med-resinrensningssystem","title":{"rendered":"Automatisk vattenavh\u00e4rdare 30 kg med reng\u00f6ringssystem f\u00f6r harts"},"content":{"rendered":"<ul>\n<li>Automatisk vattenavh\u00e4rdare med system f\u00f6r reng\u00f6ring av harts<\/li>\n<li>Kapacitet: 30 kg<\/li>\n<li>M\u00e5tt: 320 mm (B) x 500 mm (D) x 1100 mm (H)<\/li>\n<li>Effektiv minskning av kalkavlagringar<\/li>\n<li>Optimera diskmaskinens drift och f\u00f6rl\u00e4ng diskmaskinens livsl\u00e4ngd<\/li>\n<li>Idealisk f\u00f6r professionella k\u00f6k<\/li>\n<\/ul>","protected":false},"excerpt":{"rendered":"<p>Automatisk vattenavh\u00e4rdare med hartsreng\u00f6ringssystem, kapacitet 30 kg. M\u00e5tt: 320 mm (B) x 500 mm (D) x 1100 mm (H). Effektiv l\u00f6sning f\u00f6r att minska kalkavlagringar, s\u00e4kerst\u00e4lla optimal drift och f\u00f6rl\u00e4nga diskmaskinens livsl\u00e4ngd. Idealisk f\u00f6r professionella k\u00f6k.<\/p>","protected":false},"featured_media":0,"template":"","meta":{"_acf_changed":false,"inline_featured_image":false},"product_brand":[],"product_cat":[67],"product_tag":[],"class_list":{"0":"post-1116","1":"product","2":"type-product","3":"status-publish","5":"product_cat-kemikalier-og-opvaskemiddler","7":"first","8":"instock","9":"taxable","10":"shipping-taxable","11":"purchasable","12":"product-type-simple"},"acf":[],"yoast_head":"<!-- This site is optimized with the Yoast SEO Premium plugin v22.7 (Yoast SEO v23.9) - https:\/\/yoast.com\/wordpress\/plugins\/seo\/ -->\n<title>Automatisk vandbl\u00f8dg\u00f8rer 30 kg med resinrensningssystem - Hoonved Nordic<\/title>\n<meta name=\"robots\" content=\"index, follow, max-snippet:-1, max-image-preview:large, max-video-preview:-1\" \/>\n<link rel=\"canonical\" href=\"https:\/\/hoonved-nordic.dk\/sv\/product\/automatisk-vandbloedgoerer-30-kg-med-resinrensningssystem\/\" \/>\n<meta property=\"og:locale\" content=\"sv_SE\" \/>\n<meta property=\"og:type\" content=\"article\" \/>\n<meta property=\"og:title\" content=\"Automatisk vandbl\u00f8dg\u00f8rer 30 kg med resinrensningssystem\" \/>\n<meta property=\"og:description\" content=\"Automatisk vandbl\u00f8dg\u00f8rer med resinrensningssystem, kapacitet 30 kg. Dimensioner: 320 mm (B) x 500 mm (D) x 1100 mm (H). Effektiv l\u00f8sning til reduktion af kalkaflejringer, sikrer optimal drift og forl\u00e6nget levetid for opvaskemaskiner. Ideel til professionelle k\u00f8kkener.\" \/>\n<meta property=\"og:url\" content=\"https:\/\/hoonved-nordic.dk\/sv\/product\/automatisk-vandbloedgoerer-30-kg-med-resinrensningssystem\/\" \/>\n<meta property=\"og:site_name\" content=\"Hoonved Nordic\" \/>\n<meta property=\"article:modified_time\" content=\"2025-03-20T15:44:59+00:00\" \/>\n<meta name=\"twitter:card\" content=\"summary_large_image\" \/>\n<script type=\"application\/ld+json\" class=\"yoast-schema-graph\">{\"@context\":\"https:\/\/schema.org\",\"@graph\":[{\"@type\":\"WebPage\",\"@id\":\"https:\/\/hoonved-nordic.dk\/product\/automatisk-vandbloedgoerer-30-kg-med-resinrensningssystem\",\"url\":\"https:\/\/hoonved-nordic.dk\/product\/automatisk-vandbloedgoerer-30-kg-med-resinrensningssystem\",\"name\":\"Automatisk vandbl\u00f8dg\u00f8rer 30 kg med resinrensningssystem - Hoonved Nordic\",\"isPartOf\":{\"@id\":\"https:\/\/hoonved-nordic.dk\/#website\"},\"datePublished\":\"2025-03-20T13:27:47+00:00\",\"dateModified\":\"2025-03-20T15:44:59+00:00\",\"breadcrumb\":{\"@id\":\"https:\/\/hoonved-nordic.dk\/product\/automatisk-vandbloedgoerer-30-kg-med-resinrensningssystem#breadcrumb\"},\"inLanguage\":\"sv-SE\",\"potentialAction\":[{\"@type\":\"ReadAction\",\"target\":[\"https:\/\/hoonved-nordic.dk\/product\/automatisk-vandbloedgoerer-30-kg-med-resinrensningssystem\"]}]},{\"@type\":\"BreadcrumbList\",\"@id\":\"https:\/\/hoonved-nordic.dk\/product\/automatisk-vandbloedgoerer-30-kg-med-resinrensningssystem#breadcrumb\",\"itemListElement\":[{\"@type\":\"ListItem\",\"position\":1,\"name\":\"Hjem\",\"item\":\"https:\/\/hoonved-nordic.dk\/\"},{\"@type\":\"ListItem\",\"position\":2,\"name\":\"Shop\",\"item\":\"https:\/\/hoonved-nordic.dk\/shop\"},{\"@type\":\"ListItem\",\"position\":3,\"name\":\"Automatisk vandbl\u00f8dg\u00f8rer 30 kg med resinrensningssystem\"}]},{\"@type\":\"WebSite\",\"@id\":\"https:\/\/hoonved-nordic.dk\/#website\",\"url\":\"https:\/\/hoonved-nordic.dk\/\",\"name\":\"Hoonved Nordic\",\"description\":\"\",\"potentialAction\":[{\"@type\":\"SearchAction\",\"target\":{\"@type\":\"EntryPoint\",\"urlTemplate\":\"https:\/\/hoonved-nordic.dk\/?s={search_term_string}\"},\"query-input\":{\"@type\":\"PropertyValueSpecification\",\"valueRequired\":true,\"valueName\":\"search_term_string\"}}],\"inLanguage\":\"sv-SE\"},{\"@type\":\"ImageObject\",\"inLanguage\":\"sv-SE\",\"@id\":\"https:\/\/hoonved-nordic.dk\/product\/automatisk-vandbloedgoerer-30-kg-med-resinrensningssystem#local-main-organization-logo\",\"url\":\"\",\"contentUrl\":\"\",\"caption\":\"Hoonved Nordic\"}]}<\/script>\n<!-- \/ Yoast SEO Premium plugin. -->","yoast_head_json":{"title":"Automatisk vandbl\u00f8dg\u00f8rer 30 kg med resinrensningssystem - Hoonved Nordic","robots":{"index":"index","follow":"follow","max-snippet":"max-snippet:-1","max-image-preview":"max-image-preview:large","max-video-preview":"max-video-preview:-1"},"canonical":"https:\/\/hoonved-nordic.dk\/sv\/product\/automatisk-vandbloedgoerer-30-kg-med-resinrensningssystem\/","og_locale":"sv_SE","og_type":"article","og_title":"Automatisk vandbl\u00f8dg\u00f8rer 30 kg med resinrensningssystem","og_description":"Automatisk vandbl\u00f8dg\u00f8rer med resinrensningssystem, kapacitet 30 kg. Dimensioner: 320 mm (B) x 500 mm (D) x 1100 mm (H). Effektiv l\u00f8sning til reduktion af kalkaflejringer, sikrer optimal drift og forl\u00e6nget levetid for opvaskemaskiner. Ideel til professionelle k\u00f8kkener.","og_url":"https:\/\/hoonved-nordic.dk\/sv\/product\/automatisk-vandbloedgoerer-30-kg-med-resinrensningssystem\/","og_site_name":"Hoonved Nordic","article_modified_time":"2025-03-20T15:44:59+00:00","twitter_card":"summary_large_image","schema":{"@context":"https:\/\/schema.org","@graph":[{"@type":"WebPage","@id":"https:\/\/hoonved-nordic.dk\/product\/automatisk-vandbloedgoerer-30-kg-med-resinrensningssystem","url":"https:\/\/hoonved-nordic.dk\/product\/automatisk-vandbloedgoerer-30-kg-med-resinrensningssystem","name":"Automatisk vandbl\u00f8dg\u00f8rer 30 kg med resinrensningssystem - Hoonved Nordic","isPartOf":{"@id":"https:\/\/hoonved-nordic.dk\/#website"},"datePublished":"2025-03-20T13:27:47+00:00","dateModified":"2025-03-20T15:44:59+00:00","breadcrumb":{"@id":"https:\/\/hoonved-nordic.dk\/product\/automatisk-vandbloedgoerer-30-kg-med-resinrensningssystem#breadcrumb"},"inLanguage":"sv-SE","potentialAction":[{"@type":"ReadAction","target":["https:\/\/hoonved-nordic.dk\/product\/automatisk-vandbloedgoerer-30-kg-med-resinrensningssystem"]}]},{"@type":"BreadcrumbList","@id":"https:\/\/hoonved-nordic.dk\/product\/automatisk-vandbloedgoerer-30-kg-med-resinrensningssystem#breadcrumb","itemListElement":[{"@type":"ListItem","position":1,"name":"Hjem","item":"https:\/\/hoonved-nordic.dk\/"},{"@type":"ListItem","position":2,"name":"Shop","item":"https:\/\/hoonved-nordic.dk\/shop"},{"@type":"ListItem","position":3,"name":"Automatisk vandbl\u00f8dg\u00f8rer 30 kg med resinrensningssystem"}]},{"@type":"WebSite","@id":"https:\/\/hoonved-nordic.dk\/#website","url":"https:\/\/hoonved-nordic.dk\/","name":"Hoonved Nordic","description":"","potentialAction":[{"@type":"SearchAction","target":{"@type":"EntryPoint","urlTemplate":"https:\/\/hoonved-nordic.dk\/?s={search_term_string}"},"query-input":{"@type":"PropertyValueSpecification","valueRequired":true,"valueName":"search_term_string"}}],"inLanguage":"sv-SE"},{"@type":"ImageObject","inLanguage":"sv-SE","@id":"https:\/\/hoonved-nordic.dk\/product\/automatisk-vandbloedgoerer-30-kg-med-resinrensningssystem#local-main-organization-logo","url":"","contentUrl":"","caption":"Hoonved Nordic"}]}},"_links":{"self":[{"href":"https:\/\/hoonved-nordic.dk\/sv\/wp-json\/wp\/v2\/product\/1116","targetHints":{"allow":["GET"]}}],"collection":[{"href":"https:\/\/hoonved-nordic.dk\/sv\/wp-json\/wp\/v2\/product"}],"about":[{"href":"https:\/\/hoonved-nordic.dk\/sv\/wp-json\/wp\/v2\/types\/product"}],"wp:attachment":[{"href":"https:\/\/hoonved-nordic.dk\/sv\/wp-json\/wp\/v2\/media?parent=1116"}],"wp:term":[{"taxonomy":"product_brand","embeddable":true,"href":"https:\/\/hoonved-nordic.dk\/sv\/wp-json\/wp\/v2\/product_brand?post=1116"},{"taxonomy":"product_cat","embeddable":true,"href":"https:\/\/hoonved-nordic.dk\/sv\/wp-json\/wp\/v2\/product_cat?post=1116"},{"taxonomy":"product_tag","embeddable":true,"href":"https:\/\/hoonved-nordic.dk\/sv\/wp-json\/wp\/v2\/product_tag?post=1116"}],"curies":[{"name":"wp","href":"https:\/\/api.w.org\/{rel}","templated":true}]}}