{"id":1125,"date":"2025-03-20T13:28:00","date_gmt":"2025-03-20T13:28:00","guid":{"rendered":"https:\/\/hoonved-nordic.dk\/product\/brillantvaeske-med-omvendt-osmose"},"modified":"2025-03-20T15:45:00","modified_gmt":"2025-03-20T15:45:00","slug":"brillantvaeske-med-omvendt-osmose","status":"publish","type":"product","link":"https:\/\/hoonved-nordic.dk\/sv\/product\/brillantvaeske-med-omvendt-osmose","title":{"rendered":"Briljant v\u00e4tska med omv\u00e4nd osmos"},"content":{"rendered":"<ul>\n<li>Briljant v\u00e4tska med omv\u00e4nd osmos.<\/li>\n<li>Koncentrerad tillsats f\u00f6r diskmaskiner.<\/li>\n<li>Minskar ytsp\u00e4nningen i vatten.<\/li>\n<li>S\u00e4kerst\u00e4ller snabb och perfekt torkning av glas och bestick.<\/li>\n<li>Eliminerar orenheter i vattnet.<\/li>\n<li>Ger maximal glans utan r\u00e4nder och dis.<\/li>\n<li>L\u00e4mplig f\u00f6r professionellt bruk.<\/li>\n<li>Vikt: 10 kg.<\/li>\n<\/ul>","protected":false},"excerpt":{"rendered":"<p>Reverse osmosis brilliant liquid \u00e4r en koncentrerad tillsats som minskar vattnets ytsp\u00e4nning. Detta s\u00e4kerst\u00e4ller snabb och perfekt torkning av glas och bestick samtidigt som f\u00f6roreningar elimineras. Resultatet \u00e4r maximal glans utan r\u00e4nder och dis.<\/p>","protected":false},"featured_media":0,"template":"","meta":{"_acf_changed":false,"inline_featured_image":false},"product_brand":[],"product_cat":[67],"product_tag":[],"class_list":{"0":"post-1125","1":"product","2":"type-product","3":"status-publish","5":"product_cat-kemikalier-og-opvaskemiddler","7":"first","8":"instock","9":"taxable","10":"shipping-taxable","11":"purchasable","12":"product-type-simple"},"acf":[],"yoast_head":"<!-- This site is optimized with the Yoast SEO Premium plugin v22.7 (Yoast SEO v23.9) - https:\/\/yoast.com\/wordpress\/plugins\/seo\/ -->\n<title>Brillantv\u00e6ske med Omvendt Osmose - Hoonved Nordic<\/title>\n<meta name=\"robots\" content=\"index, follow, max-snippet:-1, max-image-preview:large, max-video-preview:-1\" \/>\n<link rel=\"canonical\" href=\"https:\/\/hoonved-nordic.dk\/sv\/product\/brillantvaeske-med-omvendt-osmose\/\" \/>\n<meta property=\"og:locale\" content=\"sv_SE\" \/>\n<meta property=\"og:type\" content=\"article\" \/>\n<meta property=\"og:title\" content=\"Brillantv\u00e6ske med Omvendt Osmose\" \/>\n<meta property=\"og:description\" content=\"Brillantv\u00e6ske med omvendt osmose er et koncentreret additiv, der reducerer vandets overfladesp\u00e6nding. Dette sikrer hurtig og perfekt t\u00f8rring af glas og bestik, samtidig med at det eliminerer urenheder. Resultatet er maksimal glans uden striber og sl\u00f8r.\" \/>\n<meta property=\"og:url\" content=\"https:\/\/hoonved-nordic.dk\/sv\/product\/brillantvaeske-med-omvendt-osmose\/\" \/>\n<meta property=\"og:site_name\" content=\"Hoonved Nordic\" \/>\n<meta property=\"article:modified_time\" content=\"2025-03-20T15:45:00+00:00\" \/>\n<meta name=\"twitter:card\" content=\"summary_large_image\" \/>\n<script type=\"application\/ld+json\" class=\"yoast-schema-graph\">{\"@context\":\"https:\/\/schema.org\",\"@graph\":[{\"@type\":\"WebPage\",\"@id\":\"https:\/\/hoonved-nordic.dk\/product\/brillantvaeske-med-omvendt-osmose\",\"url\":\"https:\/\/hoonved-nordic.dk\/product\/brillantvaeske-med-omvendt-osmose\",\"name\":\"Brillantv\u00e6ske med Omvendt Osmose - Hoonved Nordic\",\"isPartOf\":{\"@id\":\"https:\/\/hoonved-nordic.dk\/#website\"},\"datePublished\":\"2025-03-20T13:28:00+00:00\",\"dateModified\":\"2025-03-20T15:45:00+00:00\",\"breadcrumb\":{\"@id\":\"https:\/\/hoonved-nordic.dk\/product\/brillantvaeske-med-omvendt-osmose#breadcrumb\"},\"inLanguage\":\"sv-SE\",\"potentialAction\":[{\"@type\":\"ReadAction\",\"target\":[\"https:\/\/hoonved-nordic.dk\/product\/brillantvaeske-med-omvendt-osmose\"]}]},{\"@type\":\"BreadcrumbList\",\"@id\":\"https:\/\/hoonved-nordic.dk\/product\/brillantvaeske-med-omvendt-osmose#breadcrumb\",\"itemListElement\":[{\"@type\":\"ListItem\",\"position\":1,\"name\":\"Hjem\",\"item\":\"https:\/\/hoonved-nordic.dk\/\"},{\"@type\":\"ListItem\",\"position\":2,\"name\":\"Shop\",\"item\":\"https:\/\/hoonved-nordic.dk\/shop\"},{\"@type\":\"ListItem\",\"position\":3,\"name\":\"Brillantv\u00e6ske med Omvendt Osmose\"}]},{\"@type\":\"WebSite\",\"@id\":\"https:\/\/hoonved-nordic.dk\/#website\",\"url\":\"https:\/\/hoonved-nordic.dk\/\",\"name\":\"Hoonved Nordic\",\"description\":\"\",\"potentialAction\":[{\"@type\":\"SearchAction\",\"target\":{\"@type\":\"EntryPoint\",\"urlTemplate\":\"https:\/\/hoonved-nordic.dk\/?s={search_term_string}\"},\"query-input\":{\"@type\":\"PropertyValueSpecification\",\"valueRequired\":true,\"valueName\":\"search_term_string\"}}],\"inLanguage\":\"sv-SE\"},{\"@type\":\"ImageObject\",\"inLanguage\":\"sv-SE\",\"@id\":\"https:\/\/hoonved-nordic.dk\/product\/brillantvaeske-med-omvendt-osmose#local-main-organization-logo\",\"url\":\"\",\"contentUrl\":\"\",\"caption\":\"Hoonved Nordic\"}]}<\/script>\n<!-- \/ Yoast SEO Premium plugin. -->","yoast_head_json":{"title":"Brillantv\u00e6ske med Omvendt Osmose - Hoonved Nordic","robots":{"index":"index","follow":"follow","max-snippet":"max-snippet:-1","max-image-preview":"max-image-preview:large","max-video-preview":"max-video-preview:-1"},"canonical":"https:\/\/hoonved-nordic.dk\/sv\/product\/brillantvaeske-med-omvendt-osmose\/","og_locale":"sv_SE","og_type":"article","og_title":"Brillantv\u00e6ske med Omvendt Osmose","og_description":"Brillantv\u00e6ske med omvendt osmose er et koncentreret additiv, der reducerer vandets overfladesp\u00e6nding. Dette sikrer hurtig og perfekt t\u00f8rring af glas og bestik, samtidig med at det eliminerer urenheder. Resultatet er maksimal glans uden striber og sl\u00f8r.","og_url":"https:\/\/hoonved-nordic.dk\/sv\/product\/brillantvaeske-med-omvendt-osmose\/","og_site_name":"Hoonved Nordic","article_modified_time":"2025-03-20T15:45:00+00:00","twitter_card":"summary_large_image","schema":{"@context":"https:\/\/schema.org","@graph":[{"@type":"WebPage","@id":"https:\/\/hoonved-nordic.dk\/product\/brillantvaeske-med-omvendt-osmose","url":"https:\/\/hoonved-nordic.dk\/product\/brillantvaeske-med-omvendt-osmose","name":"Brillantv\u00e6ske med Omvendt Osmose - Hoonved Nordic","isPartOf":{"@id":"https:\/\/hoonved-nordic.dk\/#website"},"datePublished":"2025-03-20T13:28:00+00:00","dateModified":"2025-03-20T15:45:00+00:00","breadcrumb":{"@id":"https:\/\/hoonved-nordic.dk\/product\/brillantvaeske-med-omvendt-osmose#breadcrumb"},"inLanguage":"sv-SE","potentialAction":[{"@type":"ReadAction","target":["https:\/\/hoonved-nordic.dk\/product\/brillantvaeske-med-omvendt-osmose"]}]},{"@type":"BreadcrumbList","@id":"https:\/\/hoonved-nordic.dk\/product\/brillantvaeske-med-omvendt-osmose#breadcrumb","itemListElement":[{"@type":"ListItem","position":1,"name":"Hjem","item":"https:\/\/hoonved-nordic.dk\/"},{"@type":"ListItem","position":2,"name":"Shop","item":"https:\/\/hoonved-nordic.dk\/shop"},{"@type":"ListItem","position":3,"name":"Brillantv\u00e6ske med Omvendt Osmose"}]},{"@type":"WebSite","@id":"https:\/\/hoonved-nordic.dk\/#website","url":"https:\/\/hoonved-nordic.dk\/","name":"Hoonved Nordic","description":"","potentialAction":[{"@type":"SearchAction","target":{"@type":"EntryPoint","urlTemplate":"https:\/\/hoonved-nordic.dk\/?s={search_term_string}"},"query-input":{"@type":"PropertyValueSpecification","valueRequired":true,"valueName":"search_term_string"}}],"inLanguage":"sv-SE"},{"@type":"ImageObject","inLanguage":"sv-SE","@id":"https:\/\/hoonved-nordic.dk\/product\/brillantvaeske-med-omvendt-osmose#local-main-organization-logo","url":"","contentUrl":"","caption":"Hoonved Nordic"}]}},"_links":{"self":[{"href":"https:\/\/hoonved-nordic.dk\/sv\/wp-json\/wp\/v2\/product\/1125","targetHints":{"allow":["GET"]}}],"collection":[{"href":"https:\/\/hoonved-nordic.dk\/sv\/wp-json\/wp\/v2\/product"}],"about":[{"href":"https:\/\/hoonved-nordic.dk\/sv\/wp-json\/wp\/v2\/types\/product"}],"wp:attachment":[{"href":"https:\/\/hoonved-nordic.dk\/sv\/wp-json\/wp\/v2\/media?parent=1125"}],"wp:term":[{"taxonomy":"product_brand","embeddable":true,"href":"https:\/\/hoonved-nordic.dk\/sv\/wp-json\/wp\/v2\/product_brand?post=1125"},{"taxonomy":"product_cat","embeddable":true,"href":"https:\/\/hoonved-nordic.dk\/sv\/wp-json\/wp\/v2\/product_cat?post=1125"},{"taxonomy":"product_tag","embeddable":true,"href":"https:\/\/hoonved-nordic.dk\/sv\/wp-json\/wp\/v2\/product_tag?post=1125"}],"curies":[{"name":"wp","href":"https:\/\/api.w.org\/{rel}","templated":true}]}}