{"id":1135,"date":"2025-03-20T13:28:15","date_gmt":"2025-03-20T13:28:15","guid":{"rendered":"https:\/\/hoonved-nordic.dk\/product\/brillantante-liquid-rinse-aid"},"modified":"2025-03-20T15:45:00","modified_gmt":"2025-03-20T15:45:00","slug":"brillantante-liquid-rinse-aid","status":"publish","type":"product","link":"https:\/\/hoonved-nordic.dk\/sv\/product\/brillantante-liquid-rinse-aid","title":{"rendered":"Brillantante flytande sk\u00f6ljmedel"},"content":{"rendered":"<ul>\n<li>Brillantante Liquid Rinse Aid \u00e4r en neutral tillsats.<\/li>\n<li>S\u00e4kerst\u00e4ller snabb och effektiv torkning av porslinet.<\/li>\n<li>F\u00f6rhindrar r\u00e4nder och osk\u00e4rpa.<\/li>\n<li>Resultatet blir ett gl\u00e4nsande och fl\u00e4ckfritt utseende.<\/li>\n<li>L\u00e4mplig f\u00f6r professionella diskmaskiner.<\/li>\n<li>Vikt: 25 kg.<\/li>\n<\/ul>","protected":false},"excerpt":{"rendered":"<p>Brillantante Liquid Rinse Aid \u00e4r en neutral tillsats som s\u00e4kerst\u00e4ller snabb och effektiv torkning av porslin. Produkten f\u00f6rhindrar r\u00e4nder och osk\u00e4rpa, vilket ger ett gl\u00e4nsande och fl\u00e4ckfritt resultat. L\u00e4mplig f\u00f6r professionella diskmaskiner.<\/p>","protected":false},"featured_media":0,"template":"","meta":{"_acf_changed":false,"inline_featured_image":false},"product_brand":[],"product_cat":[67],"product_tag":[],"class_list":{"0":"post-1135","1":"product","2":"type-product","3":"status-publish","5":"product_cat-kemikalier-og-opvaskemiddler","7":"first","8":"instock","9":"taxable","10":"shipping-taxable","11":"purchasable","12":"product-type-simple"},"acf":[],"yoast_head":"<!-- This site is optimized with the Yoast SEO Premium plugin v22.7 (Yoast SEO v23.9) - https:\/\/yoast.com\/wordpress\/plugins\/seo\/ -->\n<title>Brillantante Liquid Rinse Aid - Hoonved Nordic<\/title>\n<meta name=\"robots\" content=\"index, follow, max-snippet:-1, max-image-preview:large, max-video-preview:-1\" \/>\n<link rel=\"canonical\" href=\"https:\/\/hoonved-nordic.dk\/sv\/product\/brillantante-liquid-rinse-aid\/\" \/>\n<meta property=\"og:locale\" content=\"sv_SE\" \/>\n<meta property=\"og:type\" content=\"article\" \/>\n<meta property=\"og:title\" content=\"Brillantante Liquid Rinse Aid\" \/>\n<meta property=\"og:description\" content=\"Brillantante Liquid Rinse Aid er et neutralt additiv, der sikrer hurtig og effektiv t\u00f8rring af service. Produktet forhindrer dannelse af striber og sl\u00f8r, hvilket resulterer i et skinnende og pletfrit resultat. Velegnet til professionelle opvaskemaskiner.\" \/>\n<meta property=\"og:url\" content=\"https:\/\/hoonved-nordic.dk\/sv\/product\/brillantante-liquid-rinse-aid\/\" \/>\n<meta property=\"og:site_name\" content=\"Hoonved Nordic\" \/>\n<meta property=\"article:modified_time\" content=\"2025-03-20T15:45:00+00:00\" \/>\n<meta name=\"twitter:card\" content=\"summary_large_image\" \/>\n<script type=\"application\/ld+json\" class=\"yoast-schema-graph\">{\"@context\":\"https:\/\/schema.org\",\"@graph\":[{\"@type\":\"WebPage\",\"@id\":\"https:\/\/hoonved-nordic.dk\/product\/brillantante-liquid-rinse-aid\",\"url\":\"https:\/\/hoonved-nordic.dk\/product\/brillantante-liquid-rinse-aid\",\"name\":\"Brillantante Liquid Rinse Aid - Hoonved Nordic\",\"isPartOf\":{\"@id\":\"https:\/\/hoonved-nordic.dk\/#website\"},\"datePublished\":\"2025-03-20T13:28:15+00:00\",\"dateModified\":\"2025-03-20T15:45:00+00:00\",\"breadcrumb\":{\"@id\":\"https:\/\/hoonved-nordic.dk\/product\/brillantante-liquid-rinse-aid#breadcrumb\"},\"inLanguage\":\"sv-SE\",\"potentialAction\":[{\"@type\":\"ReadAction\",\"target\":[\"https:\/\/hoonved-nordic.dk\/product\/brillantante-liquid-rinse-aid\"]}]},{\"@type\":\"BreadcrumbList\",\"@id\":\"https:\/\/hoonved-nordic.dk\/product\/brillantante-liquid-rinse-aid#breadcrumb\",\"itemListElement\":[{\"@type\":\"ListItem\",\"position\":1,\"name\":\"Hjem\",\"item\":\"https:\/\/hoonved-nordic.dk\/\"},{\"@type\":\"ListItem\",\"position\":2,\"name\":\"Shop\",\"item\":\"https:\/\/hoonved-nordic.dk\/shop\"},{\"@type\":\"ListItem\",\"position\":3,\"name\":\"Brillantante Liquid Rinse Aid\"}]},{\"@type\":\"WebSite\",\"@id\":\"https:\/\/hoonved-nordic.dk\/#website\",\"url\":\"https:\/\/hoonved-nordic.dk\/\",\"name\":\"Hoonved Nordic\",\"description\":\"\",\"potentialAction\":[{\"@type\":\"SearchAction\",\"target\":{\"@type\":\"EntryPoint\",\"urlTemplate\":\"https:\/\/hoonved-nordic.dk\/?s={search_term_string}\"},\"query-input\":{\"@type\":\"PropertyValueSpecification\",\"valueRequired\":true,\"valueName\":\"search_term_string\"}}],\"inLanguage\":\"sv-SE\"},{\"@type\":\"ImageObject\",\"inLanguage\":\"sv-SE\",\"@id\":\"https:\/\/hoonved-nordic.dk\/product\/brillantante-liquid-rinse-aid#local-main-organization-logo\",\"url\":\"\",\"contentUrl\":\"\",\"caption\":\"Hoonved Nordic\"}]}<\/script>\n<!-- \/ Yoast SEO Premium plugin. -->","yoast_head_json":{"title":"Brillantante Liquid Rinse Aid - Hoonved Nordic","robots":{"index":"index","follow":"follow","max-snippet":"max-snippet:-1","max-image-preview":"max-image-preview:large","max-video-preview":"max-video-preview:-1"},"canonical":"https:\/\/hoonved-nordic.dk\/sv\/product\/brillantante-liquid-rinse-aid\/","og_locale":"sv_SE","og_type":"article","og_title":"Brillantante Liquid Rinse Aid","og_description":"Brillantante Liquid Rinse Aid er et neutralt additiv, der sikrer hurtig og effektiv t\u00f8rring af service. Produktet forhindrer dannelse af striber og sl\u00f8r, hvilket resulterer i et skinnende og pletfrit resultat. Velegnet til professionelle opvaskemaskiner.","og_url":"https:\/\/hoonved-nordic.dk\/sv\/product\/brillantante-liquid-rinse-aid\/","og_site_name":"Hoonved Nordic","article_modified_time":"2025-03-20T15:45:00+00:00","twitter_card":"summary_large_image","schema":{"@context":"https:\/\/schema.org","@graph":[{"@type":"WebPage","@id":"https:\/\/hoonved-nordic.dk\/product\/brillantante-liquid-rinse-aid","url":"https:\/\/hoonved-nordic.dk\/product\/brillantante-liquid-rinse-aid","name":"Brillantante Liquid Rinse Aid - Hoonved Nordic","isPartOf":{"@id":"https:\/\/hoonved-nordic.dk\/#website"},"datePublished":"2025-03-20T13:28:15+00:00","dateModified":"2025-03-20T15:45:00+00:00","breadcrumb":{"@id":"https:\/\/hoonved-nordic.dk\/product\/brillantante-liquid-rinse-aid#breadcrumb"},"inLanguage":"sv-SE","potentialAction":[{"@type":"ReadAction","target":["https:\/\/hoonved-nordic.dk\/product\/brillantante-liquid-rinse-aid"]}]},{"@type":"BreadcrumbList","@id":"https:\/\/hoonved-nordic.dk\/product\/brillantante-liquid-rinse-aid#breadcrumb","itemListElement":[{"@type":"ListItem","position":1,"name":"Hjem","item":"https:\/\/hoonved-nordic.dk\/"},{"@type":"ListItem","position":2,"name":"Shop","item":"https:\/\/hoonved-nordic.dk\/shop"},{"@type":"ListItem","position":3,"name":"Brillantante Liquid Rinse Aid"}]},{"@type":"WebSite","@id":"https:\/\/hoonved-nordic.dk\/#website","url":"https:\/\/hoonved-nordic.dk\/","name":"Hoonved Nordic","description":"","potentialAction":[{"@type":"SearchAction","target":{"@type":"EntryPoint","urlTemplate":"https:\/\/hoonved-nordic.dk\/?s={search_term_string}"},"query-input":{"@type":"PropertyValueSpecification","valueRequired":true,"valueName":"search_term_string"}}],"inLanguage":"sv-SE"},{"@type":"ImageObject","inLanguage":"sv-SE","@id":"https:\/\/hoonved-nordic.dk\/product\/brillantante-liquid-rinse-aid#local-main-organization-logo","url":"","contentUrl":"","caption":"Hoonved Nordic"}]}},"_links":{"self":[{"href":"https:\/\/hoonved-nordic.dk\/sv\/wp-json\/wp\/v2\/product\/1135","targetHints":{"allow":["GET"]}}],"collection":[{"href":"https:\/\/hoonved-nordic.dk\/sv\/wp-json\/wp\/v2\/product"}],"about":[{"href":"https:\/\/hoonved-nordic.dk\/sv\/wp-json\/wp\/v2\/types\/product"}],"wp:attachment":[{"href":"https:\/\/hoonved-nordic.dk\/sv\/wp-json\/wp\/v2\/media?parent=1135"}],"wp:term":[{"taxonomy":"product_brand","embeddable":true,"href":"https:\/\/hoonved-nordic.dk\/sv\/wp-json\/wp\/v2\/product_brand?post=1135"},{"taxonomy":"product_cat","embeddable":true,"href":"https:\/\/hoonved-nordic.dk\/sv\/wp-json\/wp\/v2\/product_cat?post=1135"},{"taxonomy":"product_tag","embeddable":true,"href":"https:\/\/hoonved-nordic.dk\/sv\/wp-json\/wp\/v2\/product_tag?post=1135"}],"curies":[{"name":"wp","href":"https:\/\/api.w.org\/{rel}","templated":true}]}}