{"id":1159,"date":"2025-03-20T13:28:45","date_gmt":"2025-03-20T13:28:45","guid":{"rendered":"https:\/\/hoonved-nordic.dk\/product\/kurv-rete-plastica-quadro-til-flute"},"modified":"2025-03-20T15:45:03","modified_gmt":"2025-03-20T15:45:03","slug":"kurv-rete-plastica-quadro-til-flute","status":"publish","type":"product","link":"https:\/\/hoonved-nordic.dk\/sv\/product\/kurv-rete-plastica-quadro-til-flute","title":{"rendered":"Basket Rete Plastica Quadro f\u00f6r fl\u00f6jt"},"content":{"rendered":"<ul>\n<li>Produktnamn: Korg Rete Plastica Quadro f\u00f6r fl\u00f6jt<\/li>\n<li>Typ: Fyrkantig plastkorg f\u00f6r f\u00f6rvaring av r\u00f6stglas<\/li>\n<li>M\u00e5tt: 400 mm x 400 mm x 150 mm<\/li>\n<li>Funktion: Effektiv organisering och skydd av glas\u00f6gon under diskning<\/li>\n<li>Material: Robust plastkonstruktion f\u00f6r l\u00e5ngvarig h\u00e5llbarhet<\/li>\n<\/ul>","protected":false},"excerpt":{"rendered":"<p>Basket Rete Plastica Quadro for Flute \u00e4r en fyrkantig plastkorg som \u00e4r utformad f\u00f6r f\u00f6rvaring av stengods vid diskning. M\u00e5tt: 400 mm x 400 mm x 150 mm. Optimal f\u00f6r effektiv organisering och skydd av glas i diskmaskiner. Robust konstruktion garanterar h\u00e5llbarhet och l\u00e5ngvarig anv\u00e4ndning.<\/p>","protected":false},"featured_media":0,"template":"","meta":{"_acf_changed":false,"inline_featured_image":false},"product_brand":[],"product_cat":[67],"product_tag":[],"class_list":{"0":"post-1159","1":"product","2":"type-product","3":"status-publish","5":"product_cat-kemikalier-og-opvaskemiddler","7":"first","8":"instock","9":"taxable","10":"shipping-taxable","11":"purchasable","12":"product-type-simple"},"acf":[],"yoast_head":"<!-- This site is optimized with the Yoast SEO Premium plugin v22.7 (Yoast SEO v23.9) - https:\/\/yoast.com\/wordpress\/plugins\/seo\/ -->\n<title>Kurv Rete Plastica Quadro til Flute - Hoonved Nordic<\/title>\n<meta name=\"robots\" content=\"index, follow, max-snippet:-1, max-image-preview:large, max-video-preview:-1\" \/>\n<link rel=\"canonical\" href=\"https:\/\/hoonved-nordic.dk\/sv\/product\/kurv-rete-plastica-quadro-til-flute\/\" \/>\n<meta property=\"og:locale\" content=\"sv_SE\" \/>\n<meta property=\"og:type\" content=\"article\" \/>\n<meta property=\"og:title\" content=\"Kurv Rete Plastica Quadro til Flute\" \/>\n<meta property=\"og:description\" content=\"Kurv Rete Plastica Quadro til Flute er en firkantet plastkurv designet til opbevaring af stemglas under opvask. M\u00e5l: 400 mm x 400 mm x 150 mm. Optimal til effektiv organisering og beskyttelse af glas i opvaskemaskiner. Robust konstruktion sikrer holdbarhed og langvarig brug.\" \/>\n<meta property=\"og:url\" content=\"https:\/\/hoonved-nordic.dk\/sv\/product\/kurv-rete-plastica-quadro-til-flute\/\" \/>\n<meta property=\"og:site_name\" content=\"Hoonved Nordic\" \/>\n<meta property=\"article:modified_time\" content=\"2025-03-20T15:45:03+00:00\" \/>\n<meta name=\"twitter:card\" content=\"summary_large_image\" \/>\n<script type=\"application\/ld+json\" class=\"yoast-schema-graph\">{\"@context\":\"https:\/\/schema.org\",\"@graph\":[{\"@type\":\"WebPage\",\"@id\":\"https:\/\/hoonved-nordic.dk\/product\/kurv-rete-plastica-quadro-til-flute\",\"url\":\"https:\/\/hoonved-nordic.dk\/product\/kurv-rete-plastica-quadro-til-flute\",\"name\":\"Kurv Rete Plastica Quadro til Flute - Hoonved Nordic\",\"isPartOf\":{\"@id\":\"https:\/\/hoonved-nordic.dk\/#website\"},\"datePublished\":\"2025-03-20T13:28:45+00:00\",\"dateModified\":\"2025-03-20T15:45:03+00:00\",\"breadcrumb\":{\"@id\":\"https:\/\/hoonved-nordic.dk\/product\/kurv-rete-plastica-quadro-til-flute#breadcrumb\"},\"inLanguage\":\"sv-SE\",\"potentialAction\":[{\"@type\":\"ReadAction\",\"target\":[\"https:\/\/hoonved-nordic.dk\/product\/kurv-rete-plastica-quadro-til-flute\"]}]},{\"@type\":\"BreadcrumbList\",\"@id\":\"https:\/\/hoonved-nordic.dk\/product\/kurv-rete-plastica-quadro-til-flute#breadcrumb\",\"itemListElement\":[{\"@type\":\"ListItem\",\"position\":1,\"name\":\"Hjem\",\"item\":\"https:\/\/hoonved-nordic.dk\/\"},{\"@type\":\"ListItem\",\"position\":2,\"name\":\"Shop\",\"item\":\"https:\/\/hoonved-nordic.dk\/shop\"},{\"@type\":\"ListItem\",\"position\":3,\"name\":\"Kurv Rete Plastica Quadro til Flute\"}]},{\"@type\":\"WebSite\",\"@id\":\"https:\/\/hoonved-nordic.dk\/#website\",\"url\":\"https:\/\/hoonved-nordic.dk\/\",\"name\":\"Hoonved Nordic\",\"description\":\"\",\"potentialAction\":[{\"@type\":\"SearchAction\",\"target\":{\"@type\":\"EntryPoint\",\"urlTemplate\":\"https:\/\/hoonved-nordic.dk\/?s={search_term_string}\"},\"query-input\":{\"@type\":\"PropertyValueSpecification\",\"valueRequired\":true,\"valueName\":\"search_term_string\"}}],\"inLanguage\":\"sv-SE\"},{\"@type\":\"ImageObject\",\"inLanguage\":\"sv-SE\",\"@id\":\"https:\/\/hoonved-nordic.dk\/product\/kurv-rete-plastica-quadro-til-flute#local-main-organization-logo\",\"url\":\"\",\"contentUrl\":\"\",\"caption\":\"Hoonved Nordic\"}]}<\/script>\n<!-- \/ Yoast SEO Premium plugin. -->","yoast_head_json":{"title":"Kurv Rete Plastica Quadro til Flute - Hoonved Nordic","robots":{"index":"index","follow":"follow","max-snippet":"max-snippet:-1","max-image-preview":"max-image-preview:large","max-video-preview":"max-video-preview:-1"},"canonical":"https:\/\/hoonved-nordic.dk\/sv\/product\/kurv-rete-plastica-quadro-til-flute\/","og_locale":"sv_SE","og_type":"article","og_title":"Kurv Rete Plastica Quadro til Flute","og_description":"Kurv Rete Plastica Quadro til Flute er en firkantet plastkurv designet til opbevaring af stemglas under opvask. M\u00e5l: 400 mm x 400 mm x 150 mm. Optimal til effektiv organisering og beskyttelse af glas i opvaskemaskiner. Robust konstruktion sikrer holdbarhed og langvarig brug.","og_url":"https:\/\/hoonved-nordic.dk\/sv\/product\/kurv-rete-plastica-quadro-til-flute\/","og_site_name":"Hoonved Nordic","article_modified_time":"2025-03-20T15:45:03+00:00","twitter_card":"summary_large_image","schema":{"@context":"https:\/\/schema.org","@graph":[{"@type":"WebPage","@id":"https:\/\/hoonved-nordic.dk\/product\/kurv-rete-plastica-quadro-til-flute","url":"https:\/\/hoonved-nordic.dk\/product\/kurv-rete-plastica-quadro-til-flute","name":"Kurv Rete Plastica Quadro til Flute - Hoonved Nordic","isPartOf":{"@id":"https:\/\/hoonved-nordic.dk\/#website"},"datePublished":"2025-03-20T13:28:45+00:00","dateModified":"2025-03-20T15:45:03+00:00","breadcrumb":{"@id":"https:\/\/hoonved-nordic.dk\/product\/kurv-rete-plastica-quadro-til-flute#breadcrumb"},"inLanguage":"sv-SE","potentialAction":[{"@type":"ReadAction","target":["https:\/\/hoonved-nordic.dk\/product\/kurv-rete-plastica-quadro-til-flute"]}]},{"@type":"BreadcrumbList","@id":"https:\/\/hoonved-nordic.dk\/product\/kurv-rete-plastica-quadro-til-flute#breadcrumb","itemListElement":[{"@type":"ListItem","position":1,"name":"Hjem","item":"https:\/\/hoonved-nordic.dk\/"},{"@type":"ListItem","position":2,"name":"Shop","item":"https:\/\/hoonved-nordic.dk\/shop"},{"@type":"ListItem","position":3,"name":"Kurv Rete Plastica Quadro til Flute"}]},{"@type":"WebSite","@id":"https:\/\/hoonved-nordic.dk\/#website","url":"https:\/\/hoonved-nordic.dk\/","name":"Hoonved Nordic","description":"","potentialAction":[{"@type":"SearchAction","target":{"@type":"EntryPoint","urlTemplate":"https:\/\/hoonved-nordic.dk\/?s={search_term_string}"},"query-input":{"@type":"PropertyValueSpecification","valueRequired":true,"valueName":"search_term_string"}}],"inLanguage":"sv-SE"},{"@type":"ImageObject","inLanguage":"sv-SE","@id":"https:\/\/hoonved-nordic.dk\/product\/kurv-rete-plastica-quadro-til-flute#local-main-organization-logo","url":"","contentUrl":"","caption":"Hoonved Nordic"}]}},"_links":{"self":[{"href":"https:\/\/hoonved-nordic.dk\/sv\/wp-json\/wp\/v2\/product\/1159","targetHints":{"allow":["GET"]}}],"collection":[{"href":"https:\/\/hoonved-nordic.dk\/sv\/wp-json\/wp\/v2\/product"}],"about":[{"href":"https:\/\/hoonved-nordic.dk\/sv\/wp-json\/wp\/v2\/types\/product"}],"wp:attachment":[{"href":"https:\/\/hoonved-nordic.dk\/sv\/wp-json\/wp\/v2\/media?parent=1159"}],"wp:term":[{"taxonomy":"product_brand","embeddable":true,"href":"https:\/\/hoonved-nordic.dk\/sv\/wp-json\/wp\/v2\/product_brand?post=1159"},{"taxonomy":"product_cat","embeddable":true,"href":"https:\/\/hoonved-nordic.dk\/sv\/wp-json\/wp\/v2\/product_cat?post=1159"},{"taxonomy":"product_tag","embeddable":true,"href":"https:\/\/hoonved-nordic.dk\/sv\/wp-json\/wp\/v2\/product_tag?post=1159"}],"curies":[{"name":"wp","href":"https:\/\/api.w.org\/{rel}","templated":true}]}}