{"id":1171,"date":"2025-03-20T13:29:03","date_gmt":"2025-03-20T13:29:03","guid":{"rendered":"https:\/\/hoonved-nordic.dk\/product\/kurv-16-glas-rack-til-opvaskemaskiner-3"},"modified":"2025-03-20T15:45:04","modified_gmt":"2025-03-20T15:45:04","slug":"kurv-16-glas-rack-til-opvaskemaskiner-3","status":"publish","type":"product","link":"https:\/\/hoonved-nordic.dk\/sv\/product\/kurv-16-glas-rack-til-opvaskemaskiner-3","title":{"rendered":"Korg 16 Glasst\u00e4ll f\u00f6r diskmaskiner"},"content":{"rendered":"<ul>\n<li>Produktnamn: Korg 16 Glasst\u00e4ll f\u00f6r diskmaskiner<\/li>\n<li>M\u00e5tt: 500 mm l\u00e4ngd, 500 mm bredd, 200 mm h\u00f6jd<\/li>\n<li>Kapacitet: 16 glas<\/li>\n<li>Kompatibla modeller: 60, CAP, HT, HTP, HTP, TLC100<\/li>\n<li>Optimal l\u00f6sning f\u00f6r effektiv diskning och f\u00f6rvaring av glas<\/li>\n<\/ul>","protected":false},"excerpt":{"rendered":"<p>Korg f\u00f6r 16 glas, avsedd f\u00f6r diskmaskiner med m\u00e5tten 500 mm l\u00e4ngd, 500 mm bredd och 200 mm h\u00f6jd. Kompatibel med modellerna 60, CAP, HT, HTP, HTP och TLC100. Optimal l\u00f6sning f\u00f6r effektiv diskning och glasf\u00f6rvaring.<\/p>","protected":false},"featured_media":0,"template":"","meta":{"_acf_changed":false,"inline_featured_image":false},"product_brand":[],"product_cat":[67],"product_tag":[],"class_list":{"0":"post-1171","1":"product","2":"type-product","3":"status-publish","5":"product_cat-kemikalier-og-opvaskemiddler","7":"first","8":"instock","9":"taxable","10":"shipping-taxable","11":"purchasable","12":"product-type-simple"},"acf":[],"yoast_head":"<!-- This site is optimized with the Yoast SEO Premium plugin v22.7 (Yoast SEO v23.9) - https:\/\/yoast.com\/wordpress\/plugins\/seo\/ -->\n<title>Kurv 16 Glas Rack til Opvaskemaskiner - Hoonved Nordic<\/title>\n<meta name=\"robots\" content=\"index, follow, max-snippet:-1, max-image-preview:large, max-video-preview:-1\" \/>\n<link rel=\"canonical\" href=\"https:\/\/hoonved-nordic.dk\/sv\/product\/kurv-16-glas-rack-til-opvaskemaskiner-3\/\" \/>\n<meta property=\"og:locale\" content=\"sv_SE\" \/>\n<meta property=\"og:type\" content=\"article\" \/>\n<meta property=\"og:title\" content=\"Kurv 16 Glas Rack til Opvaskemaskiner\" \/>\n<meta property=\"og:description\" content=\"Kurv til 16 glas, designet til opvaskemaskiner med dimensioner 500 mm l\u00e6ngde, 500 mm bredde og 200 mm h\u00f8jde. Kompatibel med modeller 60, CAP, HT, HTP og TLC100. Optimal l\u00f8sning til effektiv opvask og opbevaring af glas.\" \/>\n<meta property=\"og:url\" content=\"https:\/\/hoonved-nordic.dk\/sv\/product\/kurv-16-glas-rack-til-opvaskemaskiner-3\/\" \/>\n<meta property=\"og:site_name\" content=\"Hoonved Nordic\" \/>\n<meta property=\"article:modified_time\" content=\"2025-03-20T15:45:04+00:00\" \/>\n<meta name=\"twitter:card\" content=\"summary_large_image\" \/>\n<script type=\"application\/ld+json\" class=\"yoast-schema-graph\">{\"@context\":\"https:\/\/schema.org\",\"@graph\":[{\"@type\":\"WebPage\",\"@id\":\"https:\/\/hoonved-nordic.dk\/product\/kurv-16-glas-rack-til-opvaskemaskiner-3\",\"url\":\"https:\/\/hoonved-nordic.dk\/product\/kurv-16-glas-rack-til-opvaskemaskiner-3\",\"name\":\"Kurv 16 Glas Rack til Opvaskemaskiner - Hoonved Nordic\",\"isPartOf\":{\"@id\":\"https:\/\/hoonved-nordic.dk\/#website\"},\"datePublished\":\"2025-03-20T13:29:03+00:00\",\"dateModified\":\"2025-03-20T15:45:04+00:00\",\"breadcrumb\":{\"@id\":\"https:\/\/hoonved-nordic.dk\/product\/kurv-16-glas-rack-til-opvaskemaskiner-3#breadcrumb\"},\"inLanguage\":\"sv-SE\",\"potentialAction\":[{\"@type\":\"ReadAction\",\"target\":[\"https:\/\/hoonved-nordic.dk\/product\/kurv-16-glas-rack-til-opvaskemaskiner-3\"]}]},{\"@type\":\"BreadcrumbList\",\"@id\":\"https:\/\/hoonved-nordic.dk\/product\/kurv-16-glas-rack-til-opvaskemaskiner-3#breadcrumb\",\"itemListElement\":[{\"@type\":\"ListItem\",\"position\":1,\"name\":\"Hjem\",\"item\":\"https:\/\/hoonved-nordic.dk\/\"},{\"@type\":\"ListItem\",\"position\":2,\"name\":\"Shop\",\"item\":\"https:\/\/hoonved-nordic.dk\/shop\"},{\"@type\":\"ListItem\",\"position\":3,\"name\":\"Kurv 16 Glas Rack til Opvaskemaskiner\"}]},{\"@type\":\"WebSite\",\"@id\":\"https:\/\/hoonved-nordic.dk\/#website\",\"url\":\"https:\/\/hoonved-nordic.dk\/\",\"name\":\"Hoonved Nordic\",\"description\":\"\",\"potentialAction\":[{\"@type\":\"SearchAction\",\"target\":{\"@type\":\"EntryPoint\",\"urlTemplate\":\"https:\/\/hoonved-nordic.dk\/?s={search_term_string}\"},\"query-input\":{\"@type\":\"PropertyValueSpecification\",\"valueRequired\":true,\"valueName\":\"search_term_string\"}}],\"inLanguage\":\"sv-SE\"},{\"@type\":\"ImageObject\",\"inLanguage\":\"sv-SE\",\"@id\":\"https:\/\/hoonved-nordic.dk\/product\/kurv-16-glas-rack-til-opvaskemaskiner-3#local-main-organization-logo\",\"url\":\"\",\"contentUrl\":\"\",\"caption\":\"Hoonved Nordic\"}]}<\/script>\n<!-- \/ Yoast SEO Premium plugin. -->","yoast_head_json":{"title":"Kurv 16 Glas Rack til Opvaskemaskiner - Hoonved Nordic","robots":{"index":"index","follow":"follow","max-snippet":"max-snippet:-1","max-image-preview":"max-image-preview:large","max-video-preview":"max-video-preview:-1"},"canonical":"https:\/\/hoonved-nordic.dk\/sv\/product\/kurv-16-glas-rack-til-opvaskemaskiner-3\/","og_locale":"sv_SE","og_type":"article","og_title":"Kurv 16 Glas Rack til Opvaskemaskiner","og_description":"Kurv til 16 glas, designet til opvaskemaskiner med dimensioner 500 mm l\u00e6ngde, 500 mm bredde og 200 mm h\u00f8jde. Kompatibel med modeller 60, CAP, HT, HTP og TLC100. Optimal l\u00f8sning til effektiv opvask og opbevaring af glas.","og_url":"https:\/\/hoonved-nordic.dk\/sv\/product\/kurv-16-glas-rack-til-opvaskemaskiner-3\/","og_site_name":"Hoonved Nordic","article_modified_time":"2025-03-20T15:45:04+00:00","twitter_card":"summary_large_image","schema":{"@context":"https:\/\/schema.org","@graph":[{"@type":"WebPage","@id":"https:\/\/hoonved-nordic.dk\/product\/kurv-16-glas-rack-til-opvaskemaskiner-3","url":"https:\/\/hoonved-nordic.dk\/product\/kurv-16-glas-rack-til-opvaskemaskiner-3","name":"Kurv 16 Glas Rack til Opvaskemaskiner - Hoonved Nordic","isPartOf":{"@id":"https:\/\/hoonved-nordic.dk\/#website"},"datePublished":"2025-03-20T13:29:03+00:00","dateModified":"2025-03-20T15:45:04+00:00","breadcrumb":{"@id":"https:\/\/hoonved-nordic.dk\/product\/kurv-16-glas-rack-til-opvaskemaskiner-3#breadcrumb"},"inLanguage":"sv-SE","potentialAction":[{"@type":"ReadAction","target":["https:\/\/hoonved-nordic.dk\/product\/kurv-16-glas-rack-til-opvaskemaskiner-3"]}]},{"@type":"BreadcrumbList","@id":"https:\/\/hoonved-nordic.dk\/product\/kurv-16-glas-rack-til-opvaskemaskiner-3#breadcrumb","itemListElement":[{"@type":"ListItem","position":1,"name":"Hjem","item":"https:\/\/hoonved-nordic.dk\/"},{"@type":"ListItem","position":2,"name":"Shop","item":"https:\/\/hoonved-nordic.dk\/shop"},{"@type":"ListItem","position":3,"name":"Kurv 16 Glas Rack til Opvaskemaskiner"}]},{"@type":"WebSite","@id":"https:\/\/hoonved-nordic.dk\/#website","url":"https:\/\/hoonved-nordic.dk\/","name":"Hoonved Nordic","description":"","potentialAction":[{"@type":"SearchAction","target":{"@type":"EntryPoint","urlTemplate":"https:\/\/hoonved-nordic.dk\/?s={search_term_string}"},"query-input":{"@type":"PropertyValueSpecification","valueRequired":true,"valueName":"search_term_string"}}],"inLanguage":"sv-SE"},{"@type":"ImageObject","inLanguage":"sv-SE","@id":"https:\/\/hoonved-nordic.dk\/product\/kurv-16-glas-rack-til-opvaskemaskiner-3#local-main-organization-logo","url":"","contentUrl":"","caption":"Hoonved Nordic"}]}},"_links":{"self":[{"href":"https:\/\/hoonved-nordic.dk\/sv\/wp-json\/wp\/v2\/product\/1171","targetHints":{"allow":["GET"]}}],"collection":[{"href":"https:\/\/hoonved-nordic.dk\/sv\/wp-json\/wp\/v2\/product"}],"about":[{"href":"https:\/\/hoonved-nordic.dk\/sv\/wp-json\/wp\/v2\/types\/product"}],"wp:attachment":[{"href":"https:\/\/hoonved-nordic.dk\/sv\/wp-json\/wp\/v2\/media?parent=1171"}],"wp:term":[{"taxonomy":"product_brand","embeddable":true,"href":"https:\/\/hoonved-nordic.dk\/sv\/wp-json\/wp\/v2\/product_brand?post=1171"},{"taxonomy":"product_cat","embeddable":true,"href":"https:\/\/hoonved-nordic.dk\/sv\/wp-json\/wp\/v2\/product_cat?post=1171"},{"taxonomy":"product_tag","embeddable":true,"href":"https:\/\/hoonved-nordic.dk\/sv\/wp-json\/wp\/v2\/product_tag?post=1171"}],"curies":[{"name":"wp","href":"https:\/\/api.w.org\/{rel}","templated":true}]}}