{"id":1197,"date":"2025-03-20T13:29:49","date_gmt":"2025-03-20T13:29:49","guid":{"rendered":"https:\/\/hoonved-nordic.dk\/product\/bradepande-indsaet-75-mm-til-hpw-80-bt-a-bt"},"modified":"2025-03-20T15:45:06","modified_gmt":"2025-03-20T15:45:06","slug":"bradepande-indsaet-75-mm-til-hpw-80-bt-a-bt","status":"publish","type":"product","link":"https:\/\/hoonved-nordic.dk\/sv\/product\/bradepande-indsaet-75-mm-til-hpw-80-bt-a-bt","title":{"rendered":"Stekpannainsats 75 mm f\u00f6r HPW 80 BT\/A BT"},"content":{"rendered":"<ul>\n<li>Stekpannainsats 75 mm f\u00f6r HPW 80 BT\/A BT<\/li>\n<li>Material: Rostfritt st\u00e5l<\/li>\n<li>M\u00e5tt: 690 mm l\u00e4ngd, 800 mm bredd<\/li>\n<li>Utformad f\u00f6r effektiv f\u00f6rvaring av bakpl\u00e5tar<\/li>\n<li>Kompatibel med modeller: HPW 80 BT, HPW 80 A BT<\/li>\n<li>Optimal f\u00f6r professionell anv\u00e4ndning<\/li>\n<\/ul>","protected":false},"excerpt":{"rendered":"<p>Bakpl\u00e5tsinsats 75 mm till HPW 80 BT\/A BT \u00e4r en insats i rostfritt st\u00e5l avsedd f\u00f6r effektiv f\u00f6rvaring och hantering av bakpl\u00e5tar. M\u00e5tt: 690 mm l\u00e4ngd, 800 mm bredd. Kompatibel med modellerna HPW 80 BT och HPW 80 A BT. Optimal f\u00f6r professionell anv\u00e4ndning.<\/p>","protected":false},"featured_media":0,"template":"","meta":{"_acf_changed":false,"inline_featured_image":false},"product_brand":[],"product_cat":[67],"product_tag":[],"class_list":{"0":"post-1197","1":"product","2":"type-product","3":"status-publish","5":"product_cat-kemikalier-og-opvaskemiddler","7":"first","8":"instock","9":"taxable","10":"shipping-taxable","11":"purchasable","12":"product-type-simple"},"acf":[],"yoast_head":"<!-- This site is optimized with the Yoast SEO Premium plugin v22.7 (Yoast SEO v23.9) - https:\/\/yoast.com\/wordpress\/plugins\/seo\/ -->\n<title>Bradepande inds\u00e6t 75 mm til HPW 80 BT\/A BT - Hoonved Nordic<\/title>\n<meta name=\"robots\" content=\"index, follow, max-snippet:-1, max-image-preview:large, max-video-preview:-1\" \/>\n<link rel=\"canonical\" href=\"https:\/\/hoonved-nordic.dk\/sv\/product\/bradepande-indsaet-75-mm-til-hpw-80-bt-a-bt\/\" \/>\n<meta property=\"og:locale\" content=\"sv_SE\" \/>\n<meta property=\"og:type\" content=\"article\" \/>\n<meta property=\"og:title\" content=\"Bradepande inds\u00e6t 75 mm til HPW 80 BT\/A BT\" \/>\n<meta property=\"og:description\" content=\"Bradepande inds\u00e6t 75 mm til HPW 80 BT\/A BT er en rustfri st\u00e5lindsats designet til effektiv opbevaring og h\u00e5ndtering af bageplader. M\u00e5l: 690 mm l\u00e6ngde, 800 mm bredde. Kompatibel med modellerne HPW 80 BT og HPW 80 A BT. Optimal til professionel brug.\" \/>\n<meta property=\"og:url\" content=\"https:\/\/hoonved-nordic.dk\/sv\/product\/bradepande-indsaet-75-mm-til-hpw-80-bt-a-bt\/\" \/>\n<meta property=\"og:site_name\" content=\"Hoonved Nordic\" \/>\n<meta property=\"article:modified_time\" content=\"2025-03-20T15:45:06+00:00\" \/>\n<meta name=\"twitter:card\" content=\"summary_large_image\" \/>\n<script type=\"application\/ld+json\" class=\"yoast-schema-graph\">{\"@context\":\"https:\/\/schema.org\",\"@graph\":[{\"@type\":\"WebPage\",\"@id\":\"https:\/\/hoonved-nordic.dk\/product\/bradepande-indsaet-75-mm-til-hpw-80-bt-a-bt\",\"url\":\"https:\/\/hoonved-nordic.dk\/product\/bradepande-indsaet-75-mm-til-hpw-80-bt-a-bt\",\"name\":\"Bradepande inds\u00e6t 75 mm til HPW 80 BT\/A BT - Hoonved Nordic\",\"isPartOf\":{\"@id\":\"https:\/\/hoonved-nordic.dk\/#website\"},\"datePublished\":\"2025-03-20T13:29:49+00:00\",\"dateModified\":\"2025-03-20T15:45:06+00:00\",\"breadcrumb\":{\"@id\":\"https:\/\/hoonved-nordic.dk\/product\/bradepande-indsaet-75-mm-til-hpw-80-bt-a-bt#breadcrumb\"},\"inLanguage\":\"sv-SE\",\"potentialAction\":[{\"@type\":\"ReadAction\",\"target\":[\"https:\/\/hoonved-nordic.dk\/product\/bradepande-indsaet-75-mm-til-hpw-80-bt-a-bt\"]}]},{\"@type\":\"BreadcrumbList\",\"@id\":\"https:\/\/hoonved-nordic.dk\/product\/bradepande-indsaet-75-mm-til-hpw-80-bt-a-bt#breadcrumb\",\"itemListElement\":[{\"@type\":\"ListItem\",\"position\":1,\"name\":\"Hjem\",\"item\":\"https:\/\/hoonved-nordic.dk\/\"},{\"@type\":\"ListItem\",\"position\":2,\"name\":\"Shop\",\"item\":\"https:\/\/hoonved-nordic.dk\/shop\"},{\"@type\":\"ListItem\",\"position\":3,\"name\":\"Bradepande inds\u00e6t 75 mm til HPW 80 BT\/A BT\"}]},{\"@type\":\"WebSite\",\"@id\":\"https:\/\/hoonved-nordic.dk\/#website\",\"url\":\"https:\/\/hoonved-nordic.dk\/\",\"name\":\"Hoonved Nordic\",\"description\":\"\",\"potentialAction\":[{\"@type\":\"SearchAction\",\"target\":{\"@type\":\"EntryPoint\",\"urlTemplate\":\"https:\/\/hoonved-nordic.dk\/?s={search_term_string}\"},\"query-input\":{\"@type\":\"PropertyValueSpecification\",\"valueRequired\":true,\"valueName\":\"search_term_string\"}}],\"inLanguage\":\"sv-SE\"},{\"@type\":\"ImageObject\",\"inLanguage\":\"sv-SE\",\"@id\":\"https:\/\/hoonved-nordic.dk\/product\/bradepande-indsaet-75-mm-til-hpw-80-bt-a-bt#local-main-organization-logo\",\"url\":\"\",\"contentUrl\":\"\",\"caption\":\"Hoonved Nordic\"}]}<\/script>\n<!-- \/ Yoast SEO Premium plugin. -->","yoast_head_json":{"title":"Bradepande inds\u00e6t 75 mm til HPW 80 BT\/A BT - Hoonved Nordic","robots":{"index":"index","follow":"follow","max-snippet":"max-snippet:-1","max-image-preview":"max-image-preview:large","max-video-preview":"max-video-preview:-1"},"canonical":"https:\/\/hoonved-nordic.dk\/sv\/product\/bradepande-indsaet-75-mm-til-hpw-80-bt-a-bt\/","og_locale":"sv_SE","og_type":"article","og_title":"Bradepande inds\u00e6t 75 mm til HPW 80 BT\/A BT","og_description":"Bradepande inds\u00e6t 75 mm til HPW 80 BT\/A BT er en rustfri st\u00e5lindsats designet til effektiv opbevaring og h\u00e5ndtering af bageplader. M\u00e5l: 690 mm l\u00e6ngde, 800 mm bredde. Kompatibel med modellerne HPW 80 BT og HPW 80 A BT. Optimal til professionel brug.","og_url":"https:\/\/hoonved-nordic.dk\/sv\/product\/bradepande-indsaet-75-mm-til-hpw-80-bt-a-bt\/","og_site_name":"Hoonved Nordic","article_modified_time":"2025-03-20T15:45:06+00:00","twitter_card":"summary_large_image","schema":{"@context":"https:\/\/schema.org","@graph":[{"@type":"WebPage","@id":"https:\/\/hoonved-nordic.dk\/product\/bradepande-indsaet-75-mm-til-hpw-80-bt-a-bt","url":"https:\/\/hoonved-nordic.dk\/product\/bradepande-indsaet-75-mm-til-hpw-80-bt-a-bt","name":"Bradepande inds\u00e6t 75 mm til HPW 80 BT\/A BT - Hoonved Nordic","isPartOf":{"@id":"https:\/\/hoonved-nordic.dk\/#website"},"datePublished":"2025-03-20T13:29:49+00:00","dateModified":"2025-03-20T15:45:06+00:00","breadcrumb":{"@id":"https:\/\/hoonved-nordic.dk\/product\/bradepande-indsaet-75-mm-til-hpw-80-bt-a-bt#breadcrumb"},"inLanguage":"sv-SE","potentialAction":[{"@type":"ReadAction","target":["https:\/\/hoonved-nordic.dk\/product\/bradepande-indsaet-75-mm-til-hpw-80-bt-a-bt"]}]},{"@type":"BreadcrumbList","@id":"https:\/\/hoonved-nordic.dk\/product\/bradepande-indsaet-75-mm-til-hpw-80-bt-a-bt#breadcrumb","itemListElement":[{"@type":"ListItem","position":1,"name":"Hjem","item":"https:\/\/hoonved-nordic.dk\/"},{"@type":"ListItem","position":2,"name":"Shop","item":"https:\/\/hoonved-nordic.dk\/shop"},{"@type":"ListItem","position":3,"name":"Bradepande inds\u00e6t 75 mm til HPW 80 BT\/A BT"}]},{"@type":"WebSite","@id":"https:\/\/hoonved-nordic.dk\/#website","url":"https:\/\/hoonved-nordic.dk\/","name":"Hoonved Nordic","description":"","potentialAction":[{"@type":"SearchAction","target":{"@type":"EntryPoint","urlTemplate":"https:\/\/hoonved-nordic.dk\/?s={search_term_string}"},"query-input":{"@type":"PropertyValueSpecification","valueRequired":true,"valueName":"search_term_string"}}],"inLanguage":"sv-SE"},{"@type":"ImageObject","inLanguage":"sv-SE","@id":"https:\/\/hoonved-nordic.dk\/product\/bradepande-indsaet-75-mm-til-hpw-80-bt-a-bt#local-main-organization-logo","url":"","contentUrl":"","caption":"Hoonved Nordic"}]}},"_links":{"self":[{"href":"https:\/\/hoonved-nordic.dk\/sv\/wp-json\/wp\/v2\/product\/1197","targetHints":{"allow":["GET"]}}],"collection":[{"href":"https:\/\/hoonved-nordic.dk\/sv\/wp-json\/wp\/v2\/product"}],"about":[{"href":"https:\/\/hoonved-nordic.dk\/sv\/wp-json\/wp\/v2\/types\/product"}],"wp:attachment":[{"href":"https:\/\/hoonved-nordic.dk\/sv\/wp-json\/wp\/v2\/media?parent=1197"}],"wp:term":[{"taxonomy":"product_brand","embeddable":true,"href":"https:\/\/hoonved-nordic.dk\/sv\/wp-json\/wp\/v2\/product_brand?post=1197"},{"taxonomy":"product_cat","embeddable":true,"href":"https:\/\/hoonved-nordic.dk\/sv\/wp-json\/wp\/v2\/product_cat?post=1197"},{"taxonomy":"product_tag","embeddable":true,"href":"https:\/\/hoonved-nordic.dk\/sv\/wp-json\/wp\/v2\/product_tag?post=1197"}],"curies":[{"name":"wp","href":"https:\/\/api.w.org\/{rel}","templated":true}]}}