{"id":1203,"date":"2025-03-20T13:29:57","date_gmt":"2025-03-20T13:29:57","guid":{"rendered":"https:\/\/hoonved-nordic.dk\/product\/rackvogn-til-gastronorm-cestelli"},"modified":"2025-03-20T15:45:07","modified_gmt":"2025-03-20T15:45:07","slug":"rackvogn-til-gastronorm-cestelli","status":"publish","type":"product","link":"https:\/\/hoonved-nordic.dk\/sv\/product\/rackvogn-til-gastronorm-cestelli","title":{"rendered":"Rackvagn f\u00f6r Gastronorm Cestelli"},"content":{"rendered":"<ul>\n<li>Rackvagn f\u00f6r Gastronorm Cestelli<\/li>\n<li>Robust och funktionell vagn f\u00f6r transport av Gastronorm-cesti<\/li>\n<li>Inga handtag f\u00f6r enkel \u00e5tkomst och effektiv f\u00f6rvaring<\/li>\n<li>Idealisk f\u00f6r professionella k\u00f6k med fokus p\u00e5 utrymme och r\u00f6rlighet<\/li>\n<li>Optimal f\u00f6r f\u00f6rvaring och hantering av k\u00f6ksutrustning<\/li>\n<\/ul>","protected":false},"excerpt":{"rendered":"<p>Rackvagn f\u00f6r Gastronorm Cestelli \u00e4r en robust och funktionell vagn avsedd f\u00f6r transport av Gastronorm cesti. Den saknar handtag och \u00e4r d\u00e4rf\u00f6r l\u00e4tt att komma \u00e5t och f\u00f6rvara p\u00e5 ett effektivt s\u00e4tt. Idealisk f\u00f6r professionella k\u00f6k d\u00e4r utrymme och r\u00f6rlighet \u00e4r avg\u00f6rande. Optimal f\u00f6r f\u00f6rvaring och hantering av k\u00f6ksutrustning.<\/p>","protected":false},"featured_media":0,"template":"","meta":{"_acf_changed":false,"inline_featured_image":false},"product_brand":[],"product_cat":[67],"product_tag":[],"class_list":{"0":"post-1203","1":"product","2":"type-product","3":"status-publish","5":"product_cat-kemikalier-og-opvaskemiddler","7":"first","8":"instock","9":"taxable","10":"shipping-taxable","11":"purchasable","12":"product-type-simple"},"acf":[],"yoast_head":"<!-- This site is optimized with the Yoast SEO Premium plugin v22.7 (Yoast SEO v23.9) - https:\/\/yoast.com\/wordpress\/plugins\/seo\/ -->\n<title>Rackvogn til Gastronorm Cestelli - Hoonved Nordic<\/title>\n<meta name=\"robots\" content=\"index, follow, max-snippet:-1, max-image-preview:large, max-video-preview:-1\" \/>\n<link rel=\"canonical\" href=\"https:\/\/hoonved-nordic.dk\/sv\/product\/rackvogn-til-gastronorm-cestelli\/\" \/>\n<meta property=\"og:locale\" content=\"sv_SE\" \/>\n<meta property=\"og:type\" content=\"article\" \/>\n<meta property=\"og:title\" content=\"Rackvogn til Gastronorm Cestelli\" \/>\n<meta property=\"og:description\" content=\"Rackvogn til Gastronorm Cestelli er en robust og funktionel vogn designet til transport af Gastronorm cesti. Uden h\u00e5ndtag sikrer den nem adgang og effektiv opbevaring. Ideel til professionelle k\u00f8kkener, hvor plads og mobilitet er afg\u00f8rende. Optimal til opbevaring og h\u00e5ndtering af k\u00f8kkenudstyr.\" \/>\n<meta property=\"og:url\" content=\"https:\/\/hoonved-nordic.dk\/sv\/product\/rackvogn-til-gastronorm-cestelli\/\" \/>\n<meta property=\"og:site_name\" content=\"Hoonved Nordic\" \/>\n<meta property=\"article:modified_time\" content=\"2025-03-20T15:45:07+00:00\" \/>\n<meta name=\"twitter:card\" content=\"summary_large_image\" \/>\n<script type=\"application\/ld+json\" class=\"yoast-schema-graph\">{\"@context\":\"https:\/\/schema.org\",\"@graph\":[{\"@type\":\"WebPage\",\"@id\":\"https:\/\/hoonved-nordic.dk\/product\/rackvogn-til-gastronorm-cestelli\",\"url\":\"https:\/\/hoonved-nordic.dk\/product\/rackvogn-til-gastronorm-cestelli\",\"name\":\"Rackvogn til Gastronorm Cestelli - Hoonved Nordic\",\"isPartOf\":{\"@id\":\"https:\/\/hoonved-nordic.dk\/#website\"},\"datePublished\":\"2025-03-20T13:29:57+00:00\",\"dateModified\":\"2025-03-20T15:45:07+00:00\",\"breadcrumb\":{\"@id\":\"https:\/\/hoonved-nordic.dk\/product\/rackvogn-til-gastronorm-cestelli#breadcrumb\"},\"inLanguage\":\"sv-SE\",\"potentialAction\":[{\"@type\":\"ReadAction\",\"target\":[\"https:\/\/hoonved-nordic.dk\/product\/rackvogn-til-gastronorm-cestelli\"]}]},{\"@type\":\"BreadcrumbList\",\"@id\":\"https:\/\/hoonved-nordic.dk\/product\/rackvogn-til-gastronorm-cestelli#breadcrumb\",\"itemListElement\":[{\"@type\":\"ListItem\",\"position\":1,\"name\":\"Hjem\",\"item\":\"https:\/\/hoonved-nordic.dk\/\"},{\"@type\":\"ListItem\",\"position\":2,\"name\":\"Shop\",\"item\":\"https:\/\/hoonved-nordic.dk\/shop\"},{\"@type\":\"ListItem\",\"position\":3,\"name\":\"Rackvogn til Gastronorm Cestelli\"}]},{\"@type\":\"WebSite\",\"@id\":\"https:\/\/hoonved-nordic.dk\/#website\",\"url\":\"https:\/\/hoonved-nordic.dk\/\",\"name\":\"Hoonved Nordic\",\"description\":\"\",\"potentialAction\":[{\"@type\":\"SearchAction\",\"target\":{\"@type\":\"EntryPoint\",\"urlTemplate\":\"https:\/\/hoonved-nordic.dk\/?s={search_term_string}\"},\"query-input\":{\"@type\":\"PropertyValueSpecification\",\"valueRequired\":true,\"valueName\":\"search_term_string\"}}],\"inLanguage\":\"sv-SE\"},{\"@type\":\"ImageObject\",\"inLanguage\":\"sv-SE\",\"@id\":\"https:\/\/hoonved-nordic.dk\/product\/rackvogn-til-gastronorm-cestelli#local-main-organization-logo\",\"url\":\"\",\"contentUrl\":\"\",\"caption\":\"Hoonved Nordic\"}]}<\/script>\n<!-- \/ Yoast SEO Premium plugin. -->","yoast_head_json":{"title":"Rackvogn til Gastronorm Cestelli - Hoonved Nordic","robots":{"index":"index","follow":"follow","max-snippet":"max-snippet:-1","max-image-preview":"max-image-preview:large","max-video-preview":"max-video-preview:-1"},"canonical":"https:\/\/hoonved-nordic.dk\/sv\/product\/rackvogn-til-gastronorm-cestelli\/","og_locale":"sv_SE","og_type":"article","og_title":"Rackvogn til Gastronorm Cestelli","og_description":"Rackvogn til Gastronorm Cestelli er en robust og funktionel vogn designet til transport af Gastronorm cesti. Uden h\u00e5ndtag sikrer den nem adgang og effektiv opbevaring. Ideel til professionelle k\u00f8kkener, hvor plads og mobilitet er afg\u00f8rende. Optimal til opbevaring og h\u00e5ndtering af k\u00f8kkenudstyr.","og_url":"https:\/\/hoonved-nordic.dk\/sv\/product\/rackvogn-til-gastronorm-cestelli\/","og_site_name":"Hoonved Nordic","article_modified_time":"2025-03-20T15:45:07+00:00","twitter_card":"summary_large_image","schema":{"@context":"https:\/\/schema.org","@graph":[{"@type":"WebPage","@id":"https:\/\/hoonved-nordic.dk\/product\/rackvogn-til-gastronorm-cestelli","url":"https:\/\/hoonved-nordic.dk\/product\/rackvogn-til-gastronorm-cestelli","name":"Rackvogn til Gastronorm Cestelli - Hoonved Nordic","isPartOf":{"@id":"https:\/\/hoonved-nordic.dk\/#website"},"datePublished":"2025-03-20T13:29:57+00:00","dateModified":"2025-03-20T15:45:07+00:00","breadcrumb":{"@id":"https:\/\/hoonved-nordic.dk\/product\/rackvogn-til-gastronorm-cestelli#breadcrumb"},"inLanguage":"sv-SE","potentialAction":[{"@type":"ReadAction","target":["https:\/\/hoonved-nordic.dk\/product\/rackvogn-til-gastronorm-cestelli"]}]},{"@type":"BreadcrumbList","@id":"https:\/\/hoonved-nordic.dk\/product\/rackvogn-til-gastronorm-cestelli#breadcrumb","itemListElement":[{"@type":"ListItem","position":1,"name":"Hjem","item":"https:\/\/hoonved-nordic.dk\/"},{"@type":"ListItem","position":2,"name":"Shop","item":"https:\/\/hoonved-nordic.dk\/shop"},{"@type":"ListItem","position":3,"name":"Rackvogn til Gastronorm Cestelli"}]},{"@type":"WebSite","@id":"https:\/\/hoonved-nordic.dk\/#website","url":"https:\/\/hoonved-nordic.dk\/","name":"Hoonved Nordic","description":"","potentialAction":[{"@type":"SearchAction","target":{"@type":"EntryPoint","urlTemplate":"https:\/\/hoonved-nordic.dk\/?s={search_term_string}"},"query-input":{"@type":"PropertyValueSpecification","valueRequired":true,"valueName":"search_term_string"}}],"inLanguage":"sv-SE"},{"@type":"ImageObject","inLanguage":"sv-SE","@id":"https:\/\/hoonved-nordic.dk\/product\/rackvogn-til-gastronorm-cestelli#local-main-organization-logo","url":"","contentUrl":"","caption":"Hoonved Nordic"}]}},"_links":{"self":[{"href":"https:\/\/hoonved-nordic.dk\/sv\/wp-json\/wp\/v2\/product\/1203","targetHints":{"allow":["GET"]}}],"collection":[{"href":"https:\/\/hoonved-nordic.dk\/sv\/wp-json\/wp\/v2\/product"}],"about":[{"href":"https:\/\/hoonved-nordic.dk\/sv\/wp-json\/wp\/v2\/types\/product"}],"wp:attachment":[{"href":"https:\/\/hoonved-nordic.dk\/sv\/wp-json\/wp\/v2\/media?parent=1203"}],"wp:term":[{"taxonomy":"product_brand","embeddable":true,"href":"https:\/\/hoonved-nordic.dk\/sv\/wp-json\/wp\/v2\/product_brand?post=1203"},{"taxonomy":"product_cat","embeddable":true,"href":"https:\/\/hoonved-nordic.dk\/sv\/wp-json\/wp\/v2\/product_cat?post=1203"},{"taxonomy":"product_tag","embeddable":true,"href":"https:\/\/hoonved-nordic.dk\/sv\/wp-json\/wp\/v2\/product_tag?post=1203"}],"curies":[{"name":"wp","href":"https:\/\/api.w.org\/{rel}","templated":true}]}}