{"id":1208,"date":"2025-03-20T13:30:02","date_gmt":"2025-03-20T13:30:02","guid":{"rendered":"https:\/\/hoonved-nordic.dk\/product\/rullebane-i-rustfrit-staal-aisi-304-1500-mm"},"modified":"2025-03-20T15:45:07","modified_gmt":"2025-03-20T15:45:07","slug":"rullebane-i-rustfrit-staal-aisi-304-1500-mm","status":"publish","type":"product","link":"https:\/\/hoonved-nordic.dk\/sv\/product\/rullebane-i-rustfrit-staal-aisi-304-1500-mm","title":{"rendered":"Rullbana av rostfritt st\u00e5l AISI 304, 1500 mm"},"content":{"rendered":"<ul>\n<li>Rullbana av rostfritt st\u00e5l AISI 304, 1500 mm<\/li>\n<li>Utformad f\u00f6r effektiv transport av tallrikar och porslin<\/li>\n<li>Robust konstruktion f\u00f6r l\u00e5ng h\u00e5llbarhet<\/li>\n<li>Motst\u00e5ndskraftig mot korrosion<\/li>\n<li>Idealisk f\u00f6r industriella diskl\u00f6sningar<\/li>\n<li>Optimerad f\u00f6r professionella k\u00f6k<\/li>\n<\/ul>","protected":false},"excerpt":{"rendered":"<p>Rullbana i rostfritt st\u00e5l AISI 304, 1500 mm, avsedd f\u00f6r effektiv transport av tallrikar och porslin. Den robusta konstruktionen ger l\u00e5ng h\u00e5llbarhet och korrosionsbest\u00e4ndighet. Idealisk f\u00f6r industriella diskl\u00f6sningar. Optimalt anpassad f\u00f6r professionella k\u00f6k.<\/p>","protected":false},"featured_media":0,"template":"","meta":{"_acf_changed":false,"inline_featured_image":false},"product_brand":[],"product_cat":[67],"product_tag":[],"class_list":{"0":"post-1208","1":"product","2":"type-product","3":"status-publish","5":"product_cat-kemikalier-og-opvaskemiddler","7":"first","8":"instock","9":"taxable","10":"shipping-taxable","11":"purchasable","12":"product-type-simple"},"acf":[],"yoast_head":"<!-- This site is optimized with the Yoast SEO Premium plugin v22.7 (Yoast SEO v23.9) - https:\/\/yoast.com\/wordpress\/plugins\/seo\/ -->\n<title>Rullebane i rustfrit st\u00e5l AISI 304, 1500 mm - Hoonved Nordic<\/title>\n<meta name=\"robots\" content=\"index, follow, max-snippet:-1, max-image-preview:large, max-video-preview:-1\" \/>\n<link rel=\"canonical\" href=\"https:\/\/hoonved-nordic.dk\/sv\/product\/rullebane-i-rustfrit-staal-aisi-304-1500-mm\/\" \/>\n<meta property=\"og:locale\" content=\"sv_SE\" \/>\n<meta property=\"og:type\" content=\"article\" \/>\n<meta property=\"og:title\" content=\"Rullebane i rustfrit st\u00e5l AISI 304, 1500 mm\" \/>\n<meta property=\"og:description\" content=\"Rullebane i rustfrit st\u00e5l AISI 304, 1500 mm, designet til effektiv transport af tallerkener og service. Robust konstruktion sikrer langvarig holdbarhed og modstandsdygtighed mod korrosion. Ideel til industrielle opvaskel\u00f8sninger. Optimal tilpasset til professionelle k\u00f8kkener.\" \/>\n<meta property=\"og:url\" content=\"https:\/\/hoonved-nordic.dk\/sv\/product\/rullebane-i-rustfrit-staal-aisi-304-1500-mm\/\" \/>\n<meta property=\"og:site_name\" content=\"Hoonved Nordic\" \/>\n<meta property=\"article:modified_time\" content=\"2025-03-20T15:45:07+00:00\" \/>\n<meta name=\"twitter:card\" content=\"summary_large_image\" \/>\n<script type=\"application\/ld+json\" class=\"yoast-schema-graph\">{\"@context\":\"https:\/\/schema.org\",\"@graph\":[{\"@type\":\"WebPage\",\"@id\":\"https:\/\/hoonved-nordic.dk\/product\/rullebane-i-rustfrit-staal-aisi-304-1500-mm\",\"url\":\"https:\/\/hoonved-nordic.dk\/product\/rullebane-i-rustfrit-staal-aisi-304-1500-mm\",\"name\":\"Rullebane i rustfrit st\u00e5l AISI 304, 1500 mm - Hoonved Nordic\",\"isPartOf\":{\"@id\":\"https:\/\/hoonved-nordic.dk\/#website\"},\"datePublished\":\"2025-03-20T13:30:02+00:00\",\"dateModified\":\"2025-03-20T15:45:07+00:00\",\"breadcrumb\":{\"@id\":\"https:\/\/hoonved-nordic.dk\/product\/rullebane-i-rustfrit-staal-aisi-304-1500-mm#breadcrumb\"},\"inLanguage\":\"sv-SE\",\"potentialAction\":[{\"@type\":\"ReadAction\",\"target\":[\"https:\/\/hoonved-nordic.dk\/product\/rullebane-i-rustfrit-staal-aisi-304-1500-mm\"]}]},{\"@type\":\"BreadcrumbList\",\"@id\":\"https:\/\/hoonved-nordic.dk\/product\/rullebane-i-rustfrit-staal-aisi-304-1500-mm#breadcrumb\",\"itemListElement\":[{\"@type\":\"ListItem\",\"position\":1,\"name\":\"Hjem\",\"item\":\"https:\/\/hoonved-nordic.dk\/\"},{\"@type\":\"ListItem\",\"position\":2,\"name\":\"Shop\",\"item\":\"https:\/\/hoonved-nordic.dk\/shop\"},{\"@type\":\"ListItem\",\"position\":3,\"name\":\"Rullebane i rustfrit st\u00e5l AISI 304, 1500 mm\"}]},{\"@type\":\"WebSite\",\"@id\":\"https:\/\/hoonved-nordic.dk\/#website\",\"url\":\"https:\/\/hoonved-nordic.dk\/\",\"name\":\"Hoonved Nordic\",\"description\":\"\",\"potentialAction\":[{\"@type\":\"SearchAction\",\"target\":{\"@type\":\"EntryPoint\",\"urlTemplate\":\"https:\/\/hoonved-nordic.dk\/?s={search_term_string}\"},\"query-input\":{\"@type\":\"PropertyValueSpecification\",\"valueRequired\":true,\"valueName\":\"search_term_string\"}}],\"inLanguage\":\"sv-SE\"},{\"@type\":\"ImageObject\",\"inLanguage\":\"sv-SE\",\"@id\":\"https:\/\/hoonved-nordic.dk\/product\/rullebane-i-rustfrit-staal-aisi-304-1500-mm#local-main-organization-logo\",\"url\":\"\",\"contentUrl\":\"\",\"caption\":\"Hoonved Nordic\"}]}<\/script>\n<!-- \/ Yoast SEO Premium plugin. -->","yoast_head_json":{"title":"Rullebane i rustfrit st\u00e5l AISI 304, 1500 mm - Hoonved Nordic","robots":{"index":"index","follow":"follow","max-snippet":"max-snippet:-1","max-image-preview":"max-image-preview:large","max-video-preview":"max-video-preview:-1"},"canonical":"https:\/\/hoonved-nordic.dk\/sv\/product\/rullebane-i-rustfrit-staal-aisi-304-1500-mm\/","og_locale":"sv_SE","og_type":"article","og_title":"Rullebane i rustfrit st\u00e5l AISI 304, 1500 mm","og_description":"Rullebane i rustfrit st\u00e5l AISI 304, 1500 mm, designet til effektiv transport af tallerkener og service. Robust konstruktion sikrer langvarig holdbarhed og modstandsdygtighed mod korrosion. Ideel til industrielle opvaskel\u00f8sninger. Optimal tilpasset til professionelle k\u00f8kkener.","og_url":"https:\/\/hoonved-nordic.dk\/sv\/product\/rullebane-i-rustfrit-staal-aisi-304-1500-mm\/","og_site_name":"Hoonved Nordic","article_modified_time":"2025-03-20T15:45:07+00:00","twitter_card":"summary_large_image","schema":{"@context":"https:\/\/schema.org","@graph":[{"@type":"WebPage","@id":"https:\/\/hoonved-nordic.dk\/product\/rullebane-i-rustfrit-staal-aisi-304-1500-mm","url":"https:\/\/hoonved-nordic.dk\/product\/rullebane-i-rustfrit-staal-aisi-304-1500-mm","name":"Rullebane i rustfrit st\u00e5l AISI 304, 1500 mm - Hoonved Nordic","isPartOf":{"@id":"https:\/\/hoonved-nordic.dk\/#website"},"datePublished":"2025-03-20T13:30:02+00:00","dateModified":"2025-03-20T15:45:07+00:00","breadcrumb":{"@id":"https:\/\/hoonved-nordic.dk\/product\/rullebane-i-rustfrit-staal-aisi-304-1500-mm#breadcrumb"},"inLanguage":"sv-SE","potentialAction":[{"@type":"ReadAction","target":["https:\/\/hoonved-nordic.dk\/product\/rullebane-i-rustfrit-staal-aisi-304-1500-mm"]}]},{"@type":"BreadcrumbList","@id":"https:\/\/hoonved-nordic.dk\/product\/rullebane-i-rustfrit-staal-aisi-304-1500-mm#breadcrumb","itemListElement":[{"@type":"ListItem","position":1,"name":"Hjem","item":"https:\/\/hoonved-nordic.dk\/"},{"@type":"ListItem","position":2,"name":"Shop","item":"https:\/\/hoonved-nordic.dk\/shop"},{"@type":"ListItem","position":3,"name":"Rullebane i rustfrit st\u00e5l AISI 304, 1500 mm"}]},{"@type":"WebSite","@id":"https:\/\/hoonved-nordic.dk\/#website","url":"https:\/\/hoonved-nordic.dk\/","name":"Hoonved Nordic","description":"","potentialAction":[{"@type":"SearchAction","target":{"@type":"EntryPoint","urlTemplate":"https:\/\/hoonved-nordic.dk\/?s={search_term_string}"},"query-input":{"@type":"PropertyValueSpecification","valueRequired":true,"valueName":"search_term_string"}}],"inLanguage":"sv-SE"},{"@type":"ImageObject","inLanguage":"sv-SE","@id":"https:\/\/hoonved-nordic.dk\/product\/rullebane-i-rustfrit-staal-aisi-304-1500-mm#local-main-organization-logo","url":"","contentUrl":"","caption":"Hoonved Nordic"}]}},"_links":{"self":[{"href":"https:\/\/hoonved-nordic.dk\/sv\/wp-json\/wp\/v2\/product\/1208","targetHints":{"allow":["GET"]}}],"collection":[{"href":"https:\/\/hoonved-nordic.dk\/sv\/wp-json\/wp\/v2\/product"}],"about":[{"href":"https:\/\/hoonved-nordic.dk\/sv\/wp-json\/wp\/v2\/types\/product"}],"wp:attachment":[{"href":"https:\/\/hoonved-nordic.dk\/sv\/wp-json\/wp\/v2\/media?parent=1208"}],"wp:term":[{"taxonomy":"product_brand","embeddable":true,"href":"https:\/\/hoonved-nordic.dk\/sv\/wp-json\/wp\/v2\/product_brand?post=1208"},{"taxonomy":"product_cat","embeddable":true,"href":"https:\/\/hoonved-nordic.dk\/sv\/wp-json\/wp\/v2\/product_cat?post=1208"},{"taxonomy":"product_tag","embeddable":true,"href":"https:\/\/hoonved-nordic.dk\/sv\/wp-json\/wp\/v2\/product_tag?post=1208"}],"curies":[{"name":"wp","href":"https:\/\/api.w.org\/{rel}","templated":true}]}}