{"id":1221,"date":"2025-03-20T13:30:20","date_gmt":"2025-03-20T13:30:20","guid":{"rendered":"https:\/\/hoonved-nordic.dk\/product\/gulvmonteret-stativ-i-rustfrit-staal-aisi-304"},"modified":"2025-03-20T15:45:07","modified_gmt":"2025-03-20T15:45:07","slug":"gulvmonteret-stativ-i-rustfrit-staal-aisi-304","status":"publish","type":"product","link":"https:\/\/hoonved-nordic.dk\/sv\/product\/gulvmonteret-stativ-i-rustfrit-staal-aisi-304","title":{"rendered":"Golvmonterat stativ i rostfritt st\u00e5l AISI 304"},"content":{"rendered":"<ul>\n<li>Golvmonterat stativ i rostfritt st\u00e5l AISI 304<\/li>\n<li>Utformad f\u00f6r att lagra och st\u00f6dja diskmaskiner<\/li>\n<li>M\u00e5tt: 2070 mm l\u00e4ngd, 525 mm bredd, 570 mm h\u00f6jd<\/li>\n<li>Robust konstruktion f\u00f6r h\u00e5llbarhet och stabilitet<\/li>\n<li>Idealisk f\u00f6r professionella k\u00f6ksmilj\u00f6er<\/li>\n<\/ul>","protected":false},"excerpt":{"rendered":"<p>Golvmonterat st\u00e4ll i rostfritt st\u00e5l AISI 304, avsett f\u00f6r f\u00f6rvaring och st\u00f6d av diskmaskiner. M\u00e5tt: 2070 mm l\u00e4ngd, 525 mm bredd, 570 mm h\u00f6jd. Robust konstruktion garanterar h\u00e5llbarhet och stabilitet i professionella k\u00f6ksmilj\u00f6er.<\/p>","protected":false},"featured_media":0,"template":"","meta":{"_acf_changed":false,"inline_featured_image":false},"product_brand":[],"product_cat":[67],"product_tag":[],"class_list":{"0":"post-1221","1":"product","2":"type-product","3":"status-publish","5":"product_cat-kemikalier-og-opvaskemiddler","7":"first","8":"instock","9":"taxable","10":"shipping-taxable","11":"purchasable","12":"product-type-simple"},"acf":[],"yoast_head":"<!-- This site is optimized with the Yoast SEO Premium plugin v22.7 (Yoast SEO v23.9) - https:\/\/yoast.com\/wordpress\/plugins\/seo\/ -->\n<title>Gulvmonteret Stativ i Rustfrit St\u00e5l AISI 304 - Hoonved Nordic<\/title>\n<meta name=\"robots\" content=\"index, follow, max-snippet:-1, max-image-preview:large, max-video-preview:-1\" \/>\n<link rel=\"canonical\" href=\"https:\/\/hoonved-nordic.dk\/sv\/product\/gulvmonteret-stativ-i-rustfrit-staal-aisi-304\/\" \/>\n<meta property=\"og:locale\" content=\"sv_SE\" \/>\n<meta property=\"og:type\" content=\"article\" \/>\n<meta property=\"og:title\" content=\"Gulvmonteret Stativ i Rustfrit St\u00e5l AISI 304\" \/>\n<meta property=\"og:description\" content=\"Gulvmonteret stativ i rustfrit st\u00e5l AISI 304, designet til opbevaring og st\u00f8tte af opvaskemaskiner. Dimensioner: 2070 mm l\u00e6ngde, 525 mm bredde, 570 mm h\u00f8jde. Robust konstruktion sikrer holdbarhed og stabilitet i professionelle k\u00f8kkenmilj\u00f8er.\" \/>\n<meta property=\"og:url\" content=\"https:\/\/hoonved-nordic.dk\/sv\/product\/gulvmonteret-stativ-i-rustfrit-staal-aisi-304\/\" \/>\n<meta property=\"og:site_name\" content=\"Hoonved Nordic\" \/>\n<meta property=\"article:modified_time\" content=\"2025-03-20T15:45:07+00:00\" \/>\n<meta name=\"twitter:card\" content=\"summary_large_image\" \/>\n<script type=\"application\/ld+json\" class=\"yoast-schema-graph\">{\"@context\":\"https:\/\/schema.org\",\"@graph\":[{\"@type\":\"WebPage\",\"@id\":\"https:\/\/hoonved-nordic.dk\/product\/gulvmonteret-stativ-i-rustfrit-staal-aisi-304\",\"url\":\"https:\/\/hoonved-nordic.dk\/product\/gulvmonteret-stativ-i-rustfrit-staal-aisi-304\",\"name\":\"Gulvmonteret Stativ i Rustfrit St\u00e5l AISI 304 - Hoonved Nordic\",\"isPartOf\":{\"@id\":\"https:\/\/hoonved-nordic.dk\/#website\"},\"datePublished\":\"2025-03-20T13:30:20+00:00\",\"dateModified\":\"2025-03-20T15:45:07+00:00\",\"breadcrumb\":{\"@id\":\"https:\/\/hoonved-nordic.dk\/product\/gulvmonteret-stativ-i-rustfrit-staal-aisi-304#breadcrumb\"},\"inLanguage\":\"sv-SE\",\"potentialAction\":[{\"@type\":\"ReadAction\",\"target\":[\"https:\/\/hoonved-nordic.dk\/product\/gulvmonteret-stativ-i-rustfrit-staal-aisi-304\"]}]},{\"@type\":\"BreadcrumbList\",\"@id\":\"https:\/\/hoonved-nordic.dk\/product\/gulvmonteret-stativ-i-rustfrit-staal-aisi-304#breadcrumb\",\"itemListElement\":[{\"@type\":\"ListItem\",\"position\":1,\"name\":\"Hjem\",\"item\":\"https:\/\/hoonved-nordic.dk\/\"},{\"@type\":\"ListItem\",\"position\":2,\"name\":\"Shop\",\"item\":\"https:\/\/hoonved-nordic.dk\/shop\"},{\"@type\":\"ListItem\",\"position\":3,\"name\":\"Gulvmonteret Stativ i Rustfrit St\u00e5l AISI 304\"}]},{\"@type\":\"WebSite\",\"@id\":\"https:\/\/hoonved-nordic.dk\/#website\",\"url\":\"https:\/\/hoonved-nordic.dk\/\",\"name\":\"Hoonved Nordic\",\"description\":\"\",\"potentialAction\":[{\"@type\":\"SearchAction\",\"target\":{\"@type\":\"EntryPoint\",\"urlTemplate\":\"https:\/\/hoonved-nordic.dk\/?s={search_term_string}\"},\"query-input\":{\"@type\":\"PropertyValueSpecification\",\"valueRequired\":true,\"valueName\":\"search_term_string\"}}],\"inLanguage\":\"sv-SE\"},{\"@type\":\"ImageObject\",\"inLanguage\":\"sv-SE\",\"@id\":\"https:\/\/hoonved-nordic.dk\/product\/gulvmonteret-stativ-i-rustfrit-staal-aisi-304#local-main-organization-logo\",\"url\":\"\",\"contentUrl\":\"\",\"caption\":\"Hoonved Nordic\"}]}<\/script>\n<!-- \/ Yoast SEO Premium plugin. -->","yoast_head_json":{"title":"Gulvmonteret Stativ i Rustfrit St\u00e5l AISI 304 - Hoonved Nordic","robots":{"index":"index","follow":"follow","max-snippet":"max-snippet:-1","max-image-preview":"max-image-preview:large","max-video-preview":"max-video-preview:-1"},"canonical":"https:\/\/hoonved-nordic.dk\/sv\/product\/gulvmonteret-stativ-i-rustfrit-staal-aisi-304\/","og_locale":"sv_SE","og_type":"article","og_title":"Gulvmonteret Stativ i Rustfrit St\u00e5l AISI 304","og_description":"Gulvmonteret stativ i rustfrit st\u00e5l AISI 304, designet til opbevaring og st\u00f8tte af opvaskemaskiner. Dimensioner: 2070 mm l\u00e6ngde, 525 mm bredde, 570 mm h\u00f8jde. Robust konstruktion sikrer holdbarhed og stabilitet i professionelle k\u00f8kkenmilj\u00f8er.","og_url":"https:\/\/hoonved-nordic.dk\/sv\/product\/gulvmonteret-stativ-i-rustfrit-staal-aisi-304\/","og_site_name":"Hoonved Nordic","article_modified_time":"2025-03-20T15:45:07+00:00","twitter_card":"summary_large_image","schema":{"@context":"https:\/\/schema.org","@graph":[{"@type":"WebPage","@id":"https:\/\/hoonved-nordic.dk\/product\/gulvmonteret-stativ-i-rustfrit-staal-aisi-304","url":"https:\/\/hoonved-nordic.dk\/product\/gulvmonteret-stativ-i-rustfrit-staal-aisi-304","name":"Gulvmonteret Stativ i Rustfrit St\u00e5l AISI 304 - Hoonved Nordic","isPartOf":{"@id":"https:\/\/hoonved-nordic.dk\/#website"},"datePublished":"2025-03-20T13:30:20+00:00","dateModified":"2025-03-20T15:45:07+00:00","breadcrumb":{"@id":"https:\/\/hoonved-nordic.dk\/product\/gulvmonteret-stativ-i-rustfrit-staal-aisi-304#breadcrumb"},"inLanguage":"sv-SE","potentialAction":[{"@type":"ReadAction","target":["https:\/\/hoonved-nordic.dk\/product\/gulvmonteret-stativ-i-rustfrit-staal-aisi-304"]}]},{"@type":"BreadcrumbList","@id":"https:\/\/hoonved-nordic.dk\/product\/gulvmonteret-stativ-i-rustfrit-staal-aisi-304#breadcrumb","itemListElement":[{"@type":"ListItem","position":1,"name":"Hjem","item":"https:\/\/hoonved-nordic.dk\/"},{"@type":"ListItem","position":2,"name":"Shop","item":"https:\/\/hoonved-nordic.dk\/shop"},{"@type":"ListItem","position":3,"name":"Gulvmonteret Stativ i Rustfrit St\u00e5l AISI 304"}]},{"@type":"WebSite","@id":"https:\/\/hoonved-nordic.dk\/#website","url":"https:\/\/hoonved-nordic.dk\/","name":"Hoonved Nordic","description":"","potentialAction":[{"@type":"SearchAction","target":{"@type":"EntryPoint","urlTemplate":"https:\/\/hoonved-nordic.dk\/?s={search_term_string}"},"query-input":{"@type":"PropertyValueSpecification","valueRequired":true,"valueName":"search_term_string"}}],"inLanguage":"sv-SE"},{"@type":"ImageObject","inLanguage":"sv-SE","@id":"https:\/\/hoonved-nordic.dk\/product\/gulvmonteret-stativ-i-rustfrit-staal-aisi-304#local-main-organization-logo","url":"","contentUrl":"","caption":"Hoonved Nordic"}]}},"_links":{"self":[{"href":"https:\/\/hoonved-nordic.dk\/sv\/wp-json\/wp\/v2\/product\/1221","targetHints":{"allow":["GET"]}}],"collection":[{"href":"https:\/\/hoonved-nordic.dk\/sv\/wp-json\/wp\/v2\/product"}],"about":[{"href":"https:\/\/hoonved-nordic.dk\/sv\/wp-json\/wp\/v2\/types\/product"}],"wp:attachment":[{"href":"https:\/\/hoonved-nordic.dk\/sv\/wp-json\/wp\/v2\/media?parent=1221"}],"wp:term":[{"taxonomy":"product_brand","embeddable":true,"href":"https:\/\/hoonved-nordic.dk\/sv\/wp-json\/wp\/v2\/product_brand?post=1221"},{"taxonomy":"product_cat","embeddable":true,"href":"https:\/\/hoonved-nordic.dk\/sv\/wp-json\/wp\/v2\/product_cat?post=1221"},{"taxonomy":"product_tag","embeddable":true,"href":"https:\/\/hoonved-nordic.dk\/sv\/wp-json\/wp\/v2\/product_tag?post=1221"}],"curies":[{"name":"wp","href":"https:\/\/api.w.org\/{rel}","templated":true}]}}