{"id":881,"date":"2025-03-17T23:17:27","date_gmt":"2025-03-17T23:17:27","guid":{"rendered":"https:\/\/hoonved-nordic.dk\/product\/product-29"},"modified":"2025-03-20T07:19:59","modified_gmt":"2025-03-20T07:19:59","slug":"tl-60-bt-hood-type-opvasker","status":"publish","type":"product","link":"https:\/\/hoonved-nordic.dk\/sv\/product\/tl-60-bt-hood-type-opvasker","title":{"rendered":"TL-60 BT Diskmaskin av huvtyp"},"content":{"rendered":"<h2>Vattenbesparande huvtv\u00e4ttmaskin TLC-100-BT - Perfekt f\u00f6r restauranger och stork\u00f6k<\/h2>\n<p>\nTLC-100-BT huvtv\u00e4ttmaskin fr\u00e5n Hoonved \u00e4r speciellt utformad f\u00f6r professionella milj\u00f6er som <a href=\"https:\/\/hoonved-nordic.dk\/sv\/restauranter\/\">restauranger<\/a>Den h\u00e4r diskmaskinen \u00e4r idealisk f\u00f6r caf\u00e9er, sjukhus och stork\u00f6k som fokuserar p\u00e5 effektiv drift, perfekt hygien och l\u00e5g vattenf\u00f6rbrukning. Maskinen diskar effektivt med bara 3,5 liter vatten per cykel, vilket s\u00e4nker driftskostnaderna avsev\u00e4rt.\n<\/p>\n<h3>Flexibel, robust och anv\u00e4ndarv\u00e4nlig<\/h3>\n<p>\nTLC-100-BT ger ett snabbt och effektivt tv\u00e4ttresultat med sina fyra tv\u00e4ttprogram inklusive ECO2 energisparfunktion. Maskinens intuitiva digitala kontrollpanel ger enkel anv\u00e4ndning och huven har en ergonomisk design som ger optimal arbetsst\u00e4llning.\n<\/p>\n<ul>\n<li>Kapacitet upp till 55 korgar\/timme (990 tallrikar\/timme)<\/li>\n<li>Rackstorlek: 500 x 500 mm med 300 mm fritt utrymme<\/li>\n<li>Dubbelv\u00e4ggig isolering minskar buller och v\u00e4rmeavgivning<\/li>\n<li>Sj\u00e4lvreng\u00f6rande spolarmar och l\u00e4tt borttagbara filter<\/li>\n<\/ul>\n<h3>Hur sparar TLC-100-BT vatten och energi?<\/h3>\n<p>\nDen h\u00e4r milj\u00f6v\u00e4nliga diskmaskinen anv\u00e4nder avancerad v\u00e4rme\u00e5tervinning (RCC), vilket minskar energif\u00f6rbrukningen samtidigt som det ger en b\u00e4ttre arbetsmilj\u00f6 utan \u00f6verfl\u00f6dig fukt och \u00e5nga. Break Tank-tekniken s\u00e4kerst\u00e4ller att sk\u00f6ljvattnet alltid \u00e4r rent och har ett konstant tryck, vilket sparar vatten och garanterar optimal hygien.\n<\/p>\n<h3>Varf\u00f6r v\u00e4lja en diskmaskin med Break Tank?<\/h3>\n<p>\nMed Break Tank-teknik s\u00e4kerst\u00e4ller maskinen konstant sk\u00f6ljtryck och temperatur, vilket garanterar att servicen alltid \u00e4r helt ren och hygienisk utan risk f\u00f6r kontaminering.\n<\/p>\n<h3>Tekniska specifikationer:<\/h3>\n<ul>\n<li><strong>Kapacitet:<\/strong> Upp till 55 korgar\/timme<\/li>\n<li><strong>Rackstorlek:<\/strong> 500 x 500 mm<\/li>\n<li><strong>R\u00f6jning:<\/strong> 300 mm<\/li>\n<li><strong>Elektrisk anslutning:<\/strong> 400 V 3N~50Hz<\/li>\n<li><strong>Total effekt:<\/strong> 10100 W<\/li>\n<li><strong>Tankens kapacitet:<\/strong> 42 liter<\/li>\n<li><strong>Vattenf\u00f6rbrukning per cykel:<\/strong> Endast 2,5 liter<\/li>\n<li><strong>Ljudniv\u00e5:<\/strong> Under 70 dB(A)<\/li>\n<\/ul>\n<h3>Reservdelar och tillbeh\u00f6r<\/h3>\n<p>\nS\u00e4kerst\u00e4ll optimal drift av din huvtv\u00e4ttmaskin med original <a href=\"https:\/\/hoonved-nordic.dk\/sv\/reservedele\/\">Reservdelar<\/a> och relevant <a href=\"https:\/\/hoonved-nordic.dk\/sv\/tilbehoer\/\">Tillbeh\u00f6r<\/a> fr\u00e5n Hoonved Nordic.\n<\/p>\n<p>\nL\u00e4s mer om tillverkarens expertis och innovativa l\u00f6sningar p\u00e5 den officiella webbplatsen: <a href=\"https:\/\/hoonved.com\/en\/business-areas\/bars-cafes-wine-bars-and-bistros\/\">Hoonved.com<\/a>.\n<\/p>\n<p>\n\u00c4r du os\u00e4ker p\u00e5 vilken diskl\u00f6sning som passar dina behov b\u00e4st? <a href=\"https:\/\/hoonved-nordic.dk\/sv\/kontakt-os\/\">Kontakta Hoonved Nordic h\u00e4r<\/a> - Vi hj\u00e4lper dig att hitta r\u00e4tt l\u00f6sning.<\/p>","protected":false},"excerpt":{"rendered":"<p>\nTLC-100-BT huvdiskmaskin med l\u00e5g vattenf\u00f6rbrukning fr\u00e5n Hoonved s\u00e4kerst\u00e4ller h\u00f6g effektivitet och perfekt hygien i professionella k\u00f6k.\n<\/p>\n<ul>\n<li>L\u00e5g vattenf\u00f6rbrukning p\u00e5 endast 3,5 liter per cykel<\/li>\n<li>Break Tank-teknik s\u00e4kerst\u00e4ller konstant spolningstryck<\/li>\n<li>Energibesparande RCC-v\u00e4rme\u00e5tervinning<\/li>\n<\/ul>","protected":false},"featured_media":990,"template":"","meta":{"_acf_changed":false,"inline_featured_image":false},"product_brand":[42],"product_cat":[39],"product_tag":[],"class_list":{"0":"post-881","1":"product","2":"type-product","3":"status-publish","4":"has-post-thumbnail","6":"product_brand-hoonved","7":"product_cat-tl","9":"first","10":"instock","11":"taxable","12":"shipping-taxable","13":"purchasable","14":"product-type-simple"},"acf":[],"yoast_head":"<!-- This site is optimized with the Yoast SEO Premium plugin v22.7 (Yoast SEO v23.9) - https:\/\/yoast.com\/wordpress\/plugins\/seo\/ -->\n<title>H\u00e6tteopvasker med Lavt Vandforbrug TLC-100-BT | Hoonved<\/title>\n<meta name=\"description\" content=\"H\u00e6tteopvasker TLC-100-BT med lavt vandforbrug, Break Tank-teknologi og intuitiv betjening. Perfekt til stork\u00f8kkener. Bestil hos Hoonved Nordic!\" \/>\n<meta name=\"robots\" content=\"index, follow, max-snippet:-1, max-image-preview:large, max-video-preview:-1\" \/>\n<link rel=\"canonical\" href=\"https:\/\/hoonved-nordic.dk\/sv\/product\/tl-60-bt-hood-type-opvasker\/\" \/>\n<meta property=\"og:locale\" content=\"sv_SE\" \/>\n<meta property=\"og:type\" content=\"article\" \/>\n<meta property=\"og:title\" content=\"TL-60 BT Hood-type opvasker\" \/>\n<meta property=\"og:description\" content=\"H\u00e6tteopvasker TLC-100-BT med lavt vandforbrug, Break Tank-teknologi og intuitiv betjening. Perfekt til stork\u00f8kkener. Bestil hos Hoonved Nordic!\" \/>\n<meta property=\"og:url\" content=\"https:\/\/hoonved-nordic.dk\/sv\/product\/tl-60-bt-hood-type-opvasker\/\" \/>\n<meta property=\"og:site_name\" content=\"Hoonved Nordic\" \/>\n<meta property=\"article:modified_time\" content=\"2025-03-20T07:19:59+00:00\" \/>\n<meta property=\"og:image\" content=\"https:\/\/hoonved-nordic.dk\/wp-content\/uploads\/2025\/03\/tl.png\" \/>\n\t<meta property=\"og:image:width\" content=\"849\" \/>\n\t<meta property=\"og:image:height\" content=\"1000\" \/>\n\t<meta property=\"og:image:type\" content=\"image\/png\" \/>\n<meta name=\"twitter:card\" content=\"summary_large_image\" \/>\n<meta name=\"twitter:label1\" content=\"Ber\u00e4knad l\u00e4stid\" \/>\n\t<meta name=\"twitter:data1\" content=\"2 minuter\" \/>\n<script type=\"application\/ld+json\" class=\"yoast-schema-graph\">{\"@context\":\"https:\/\/schema.org\",\"@graph\":[{\"@type\":\"WebPage\",\"@id\":\"https:\/\/hoonved-nordic.dk\/product\/tl-60-bt-hood-type-opvasker\",\"url\":\"https:\/\/hoonved-nordic.dk\/product\/tl-60-bt-hood-type-opvasker\",\"name\":\"H\u00e6tteopvasker med Lavt Vandforbrug TLC-100-BT | Hoonved\",\"isPartOf\":{\"@id\":\"https:\/\/hoonved-nordic.dk\/#website\"},\"primaryImageOfPage\":{\"@id\":\"https:\/\/hoonved-nordic.dk\/product\/tl-60-bt-hood-type-opvasker#primaryimage\"},\"image\":{\"@id\":\"https:\/\/hoonved-nordic.dk\/product\/tl-60-bt-hood-type-opvasker#primaryimage\"},\"thumbnailUrl\":\"https:\/\/hoonved-nordic.dk\/wp-content\/uploads\/2025\/03\/tl.png\",\"datePublished\":\"2025-03-17T23:17:27+00:00\",\"dateModified\":\"2025-03-20T07:19:59+00:00\",\"description\":\"H\u00e6tteopvasker TLC-100-BT med lavt vandforbrug, Break Tank-teknologi og intuitiv betjening. Perfekt til stork\u00f8kkener. Bestil hos Hoonved Nordic!\",\"breadcrumb\":{\"@id\":\"https:\/\/hoonved-nordic.dk\/product\/tl-60-bt-hood-type-opvasker#breadcrumb\"},\"inLanguage\":\"sv-SE\",\"potentialAction\":[{\"@type\":\"ReadAction\",\"target\":[\"https:\/\/hoonved-nordic.dk\/product\/tl-60-bt-hood-type-opvasker\"]}]},{\"@type\":\"ImageObject\",\"inLanguage\":\"sv-SE\",\"@id\":\"https:\/\/hoonved-nordic.dk\/product\/tl-60-bt-hood-type-opvasker#primaryimage\",\"url\":\"https:\/\/hoonved-nordic.dk\/wp-content\/uploads\/2025\/03\/tl.png\",\"contentUrl\":\"https:\/\/hoonved-nordic.dk\/wp-content\/uploads\/2025\/03\/tl.png\",\"width\":849,\"height\":1000},{\"@type\":\"BreadcrumbList\",\"@id\":\"https:\/\/hoonved-nordic.dk\/product\/tl-60-bt-hood-type-opvasker#breadcrumb\",\"itemListElement\":[{\"@type\":\"ListItem\",\"position\":1,\"name\":\"Hjem\",\"item\":\"https:\/\/hoonved-nordic.dk\/\"},{\"@type\":\"ListItem\",\"position\":2,\"name\":\"Shop\",\"item\":\"https:\/\/hoonved-nordic.dk\/shop\"},{\"@type\":\"ListItem\",\"position\":3,\"name\":\"TL-60 BT Hood-type opvasker\"}]},{\"@type\":\"WebSite\",\"@id\":\"https:\/\/hoonved-nordic.dk\/#website\",\"url\":\"https:\/\/hoonved-nordic.dk\/\",\"name\":\"Hoonved Nordic\",\"description\":\"\",\"potentialAction\":[{\"@type\":\"SearchAction\",\"target\":{\"@type\":\"EntryPoint\",\"urlTemplate\":\"https:\/\/hoonved-nordic.dk\/?s={search_term_string}\"},\"query-input\":{\"@type\":\"PropertyValueSpecification\",\"valueRequired\":true,\"valueName\":\"search_term_string\"}}],\"inLanguage\":\"sv-SE\"},{\"@type\":\"ImageObject\",\"inLanguage\":\"sv-SE\",\"@id\":\"https:\/\/hoonved-nordic.dk\/product\/tl-60-bt-hood-type-opvasker#local-main-organization-logo\",\"url\":\"\",\"contentUrl\":\"\",\"caption\":\"Hoonved Nordic\"}]}<\/script>\n<!-- \/ Yoast SEO Premium plugin. -->","yoast_head_json":{"title":"H\u00e6tteopvasker med Lavt Vandforbrug TLC-100-BT | Hoonved","description":"H\u00e6tteopvasker TLC-100-BT med lavt vandforbrug, Break Tank-teknologi og intuitiv betjening. Perfekt til stork\u00f8kkener. Bestil hos Hoonved Nordic!","robots":{"index":"index","follow":"follow","max-snippet":"max-snippet:-1","max-image-preview":"max-image-preview:large","max-video-preview":"max-video-preview:-1"},"canonical":"https:\/\/hoonved-nordic.dk\/sv\/product\/tl-60-bt-hood-type-opvasker\/","og_locale":"sv_SE","og_type":"article","og_title":"TL-60 BT Hood-type opvasker","og_description":"H\u00e6tteopvasker TLC-100-BT med lavt vandforbrug, Break Tank-teknologi og intuitiv betjening. Perfekt til stork\u00f8kkener. Bestil hos Hoonved Nordic!","og_url":"https:\/\/hoonved-nordic.dk\/sv\/product\/tl-60-bt-hood-type-opvasker\/","og_site_name":"Hoonved Nordic","article_modified_time":"2025-03-20T07:19:59+00:00","og_image":[{"width":849,"height":1000,"url":"https:\/\/hoonved-nordic.dk\/wp-content\/uploads\/2025\/03\/tl.png","type":"image\/png"}],"twitter_card":"summary_large_image","twitter_misc":{"Ber\u00e4knad l\u00e4stid":"2 minuter"},"schema":{"@context":"https:\/\/schema.org","@graph":[{"@type":"WebPage","@id":"https:\/\/hoonved-nordic.dk\/product\/tl-60-bt-hood-type-opvasker","url":"https:\/\/hoonved-nordic.dk\/product\/tl-60-bt-hood-type-opvasker","name":"H\u00e6tteopvasker med Lavt Vandforbrug TLC-100-BT | Hoonved","isPartOf":{"@id":"https:\/\/hoonved-nordic.dk\/#website"},"primaryImageOfPage":{"@id":"https:\/\/hoonved-nordic.dk\/product\/tl-60-bt-hood-type-opvasker#primaryimage"},"image":{"@id":"https:\/\/hoonved-nordic.dk\/product\/tl-60-bt-hood-type-opvasker#primaryimage"},"thumbnailUrl":"https:\/\/hoonved-nordic.dk\/wp-content\/uploads\/2025\/03\/tl.png","datePublished":"2025-03-17T23:17:27+00:00","dateModified":"2025-03-20T07:19:59+00:00","description":"H\u00e6tteopvasker TLC-100-BT med lavt vandforbrug, Break Tank-teknologi og intuitiv betjening. Perfekt til stork\u00f8kkener. Bestil hos Hoonved Nordic!","breadcrumb":{"@id":"https:\/\/hoonved-nordic.dk\/product\/tl-60-bt-hood-type-opvasker#breadcrumb"},"inLanguage":"sv-SE","potentialAction":[{"@type":"ReadAction","target":["https:\/\/hoonved-nordic.dk\/product\/tl-60-bt-hood-type-opvasker"]}]},{"@type":"ImageObject","inLanguage":"sv-SE","@id":"https:\/\/hoonved-nordic.dk\/product\/tl-60-bt-hood-type-opvasker#primaryimage","url":"https:\/\/hoonved-nordic.dk\/wp-content\/uploads\/2025\/03\/tl.png","contentUrl":"https:\/\/hoonved-nordic.dk\/wp-content\/uploads\/2025\/03\/tl.png","width":849,"height":1000},{"@type":"BreadcrumbList","@id":"https:\/\/hoonved-nordic.dk\/product\/tl-60-bt-hood-type-opvasker#breadcrumb","itemListElement":[{"@type":"ListItem","position":1,"name":"Hjem","item":"https:\/\/hoonved-nordic.dk\/"},{"@type":"ListItem","position":2,"name":"Shop","item":"https:\/\/hoonved-nordic.dk\/shop"},{"@type":"ListItem","position":3,"name":"TL-60 BT Hood-type opvasker"}]},{"@type":"WebSite","@id":"https:\/\/hoonved-nordic.dk\/#website","url":"https:\/\/hoonved-nordic.dk\/","name":"Hoonved Nordic","description":"","potentialAction":[{"@type":"SearchAction","target":{"@type":"EntryPoint","urlTemplate":"https:\/\/hoonved-nordic.dk\/?s={search_term_string}"},"query-input":{"@type":"PropertyValueSpecification","valueRequired":true,"valueName":"search_term_string"}}],"inLanguage":"sv-SE"},{"@type":"ImageObject","inLanguage":"sv-SE","@id":"https:\/\/hoonved-nordic.dk\/product\/tl-60-bt-hood-type-opvasker#local-main-organization-logo","url":"","contentUrl":"","caption":"Hoonved Nordic"}]}},"_links":{"self":[{"href":"https:\/\/hoonved-nordic.dk\/sv\/wp-json\/wp\/v2\/product\/881","targetHints":{"allow":["GET"]}}],"collection":[{"href":"https:\/\/hoonved-nordic.dk\/sv\/wp-json\/wp\/v2\/product"}],"about":[{"href":"https:\/\/hoonved-nordic.dk\/sv\/wp-json\/wp\/v2\/types\/product"}],"wp:featuredmedia":[{"embeddable":true,"href":"https:\/\/hoonved-nordic.dk\/sv\/wp-json\/wp\/v2\/media\/990"}],"wp:attachment":[{"href":"https:\/\/hoonved-nordic.dk\/sv\/wp-json\/wp\/v2\/media?parent=881"}],"wp:term":[{"taxonomy":"product_brand","embeddable":true,"href":"https:\/\/hoonved-nordic.dk\/sv\/wp-json\/wp\/v2\/product_brand?post=881"},{"taxonomy":"product_cat","embeddable":true,"href":"https:\/\/hoonved-nordic.dk\/sv\/wp-json\/wp\/v2\/product_cat?post=881"},{"taxonomy":"product_tag","embeddable":true,"href":"https:\/\/hoonved-nordic.dk\/sv\/wp-json\/wp\/v2\/product_tag?post=881"}],"curies":[{"name":"wp","href":"https:\/\/api.w.org\/{rel}","templated":true}]}}