{"id":895,"date":"2025-03-17T23:17:48","date_gmt":"2025-03-17T23:17:48","guid":{"rendered":"https:\/\/hoonved-nordic.dk\/product\/product-43"},"modified":"2025-03-18T02:57:50","modified_gmt":"2025-03-18T02:57:50","slug":"htp195-tunnelopvasker-med-prewash-og-separat-skyllesektion","status":"publish","type":"product","link":"https:\/\/hoonved-nordic.dk\/sv\/product\/htp195-tunnelopvasker-med-prewash-og-separat-skyllesektion","title":{"rendered":"HTP195 Tunneldiskmaskin med f\u00f6rtv\u00e4tt och separat sk\u00f6ljsektion"},"content":{"rendered":"<h2>Energieffektiv tunneldiskmaskin med separat f\u00f6rtv\u00e4tt - HTP195<\/h2>\n<p>\nHTP195 fr\u00e5n Hoonved \u00e4r en milj\u00f6v\u00e4nlig tunneldiskmaskin som \u00e4r speciellt utformad f\u00f6r upptagna m\u00e4nniskor <a href=\"https:\/\/hoonved-nordic.dk\/sv\/restauranter\/\">restauranger<\/a>, sjukhus, stork\u00f6k och institutioner med stora tv\u00e4ttbehov. Maskinen har en separat f\u00f6rtv\u00e4ttsektion och en effektiv sk\u00f6ljsektion, vilket garanterar utm\u00e4rkt hygien och optimala diskresultat varje g\u00e5ng.\n<\/p>\n<h3>H\u00f6g produktivitet och \u00f6verl\u00e4gsen hygien<\/h3>\n<p>\nMed upp till 195 korgar eller 3510 diskar per timme garanterar denna kommersiella tunneldiskmaskin maximal effektivitet och tillf\u00f6rlitlighet \u00e4ven under toppbelastningar.\n<\/p>\n<ul>\n<li>500 mm integrerad f\u00f6rspolningssektion f\u00f6r optimal hygien<\/li>\n<li>1150 mm kraftfull tv\u00e4ttmodul<\/li>\n<li>Separat 400 mm spolningssektion (HPRS) ger l\u00e5g vattenf\u00f6rbrukning<\/li>\n<li>3 hastigheter ger flexibilitet i driften<\/li>\n<\/ul>\n<h3>Hur minskar HTP195 energi- och vattenf\u00f6rbrukningen?<\/h3>\n<p>\nDen energieffektiva tunneldiskmaskinen anv\u00e4nder avancerad RCC-v\u00e4rme\u00e5tervinningsteknik som minskar energif\u00f6rbrukningen med upp till 50%. Proportionellt sk\u00f6ljsystem (HPRS) s\u00e4kerst\u00e4ller ocks\u00e5 l\u00e5g vattenf\u00f6rbrukning och minimerade driftskostnader.\n<\/p>\n<h3>Vad inneb\u00e4r Wi-Fi-\u00f6vervakning f\u00f6r din verksamhet?<\/h3>\n<p>\nMed den integrerade Wi-Fi-tekniken kan du enkelt \u00f6vervaka din industriella diskl\u00f6sning online, ladda ner viktiga HACCP-rapporter och schemal\u00e4gga underh\u00e5ll p\u00e5 ett effektivt s\u00e4tt. Detta s\u00e4kerst\u00e4ller maximal drifttid och f\u00e4rre teknikerbes\u00f6k.\n<\/p>\n<h3>Tekniska specifikationer:<\/h3>\n<ul>\n<li><strong>Kapacitet:<\/strong> Upp till 195 korgar\/timme (3510 tallrikar\/timme)<\/li>\n<li><strong>Elektrisk anslutning:<\/strong> 400V 3N~50Hz<\/li>\n<li><strong>Rackstorlek:<\/strong> 500 x 500 mm<\/li>\n<li><strong>Total effekt:<\/strong> Upp till 38,8 kW<\/li>\n<li><strong>F\u00f6rtv\u00e4ttavdelning:<\/strong> 500 mm<\/li>\n<li><strong>Spolningssektion (HPRS):<\/strong> Standard (optimerad vattenf\u00f6rbrukning)<\/li>\n<li><strong>Ljudniv\u00e5:<\/strong> Under 70 dB(A)<\/li>\n<\/ul>\n<h3>Reservdelar och tillbeh\u00f6r<\/h3>\n<p>\nHos Hoonved Nordic f\u00e5r du original <a href=\"https:\/\/hoonved-nordic.dk\/sv\/reservedele\/\">Reservdelar<\/a> och praktiskt <a href=\"https:\/\/hoonved-nordic.dk\/sv\/tilbehoer\/\">Tillbeh\u00f6r<\/a>vilket s\u00e4kerst\u00e4ller optimal drift av din tunneltv\u00e4tt.\n<\/p>\n<p>\nL\u00e4s mer om Hoonveds h\u00f6ga standard och innovativa l\u00f6sningar p\u00e5 tillverkarens officiella webbplats: <a href=\"https:\/\/www.hoonved.com\/en\/about-us\/\">Om Hoonved<\/a>.\n<\/p>\n<p>\n\u00c4r du redo att s\u00e4nka dina driftskostnader med en energieffektiv tunneldiskmaskin? <a href=\"https:\/\/hoonved-nordic.dk\/sv\/kontakt-os\/\">Kontakta Hoonved Nordic h\u00e4r<\/a> - V\u00e5ra experter \u00e4r redo att hj\u00e4lpa dig att hitta r\u00e4tt l\u00f6sning!<\/p>","protected":false},"excerpt":{"rendered":"<p>\nEnergieffektiv tunneldiskmaskin HTP195 med f\u00f6rdisk och separat sk\u00f6ljsektion, utformad f\u00f6r maximal effektivitet i stork\u00f6k.\n<\/p>\n<ul>\n<li>Separat f\u00f6rtv\u00e4ttszon ger perfekt hygien<\/li>\n<li>H\u00f6g kapacitet: Upp till 195 korgar\/timme<\/li>\n<li>Innovativ energibesparande teknik (RCC)<\/li>\n<\/ul>","protected":false},"featured_media":964,"template":"","meta":{"_acf_changed":false,"inline_featured_image":false},"product_brand":[42],"product_cat":[38],"product_tag":[],"class_list":{"0":"post-895","1":"product","2":"type-product","3":"status-publish","4":"has-post-thumbnail","6":"product_brand-hoonved","7":"product_cat-ht-htp","9":"first","10":"instock","11":"taxable","12":"shipping-taxable","13":"product-type-simple"},"acf":[],"yoast_head":"<!-- This site is optimized with the Yoast SEO Premium plugin v22.7 (Yoast SEO v23.9) - https:\/\/yoast.com\/wordpress\/plugins\/seo\/ -->\n<title>Energivenlig Tunnelopvasker HTP195 med Prewash | Hoonved<\/title>\n<meta name=\"description\" content=\"Energivenlig tunnelopvasker HTP195 med prewash og separat skyllesektion. Perfekt til stork\u00f8kkener og institutioner. Kontakt os her!\" \/>\n<meta name=\"robots\" content=\"index, follow, max-snippet:-1, max-image-preview:large, max-video-preview:-1\" \/>\n<link rel=\"canonical\" href=\"https:\/\/hoonved-nordic.dk\/sv\/product\/htp195-tunnelopvasker-med-prewash-og-separat-skyllesektion\/\" \/>\n<meta property=\"og:locale\" content=\"sv_SE\" \/>\n<meta property=\"og:type\" content=\"article\" \/>\n<meta property=\"og:title\" content=\"HTP195 Tunnelopvasker med prewash og separat skyllesektion\" \/>\n<meta property=\"og:description\" content=\"Energivenlig tunnelopvasker HTP195 med prewash og separat skyllesektion. Perfekt til stork\u00f8kkener og institutioner. Kontakt os her!\" \/>\n<meta property=\"og:url\" content=\"https:\/\/hoonved-nordic.dk\/sv\/product\/htp195-tunnelopvasker-med-prewash-og-separat-skyllesektion\/\" \/>\n<meta property=\"og:site_name\" content=\"Hoonved Nordic\" \/>\n<meta property=\"article:modified_time\" content=\"2025-03-18T02:57:50+00:00\" \/>\n<meta property=\"og:image\" content=\"https:\/\/hoonved-nordic.dk\/wp-content\/uploads\/2025\/03\/foto_1_ht_150_senza_porta_prelav_copia-1-scaled.jpg\" \/>\n\t<meta property=\"og:image:width\" content=\"2560\" \/>\n\t<meta property=\"og:image:height\" content=\"1707\" \/>\n\t<meta property=\"og:image:type\" content=\"image\/jpeg\" \/>\n<meta name=\"twitter:card\" content=\"summary_large_image\" \/>\n<meta name=\"twitter:label1\" content=\"Ber\u00e4knad l\u00e4stid\" \/>\n\t<meta name=\"twitter:data1\" content=\"1 minut\" \/>\n<script type=\"application\/ld+json\" class=\"yoast-schema-graph\">{\"@context\":\"https:\/\/schema.org\",\"@graph\":[{\"@type\":\"WebPage\",\"@id\":\"https:\/\/hoonved-nordic.dk\/product\/htp195-tunnelopvasker-med-prewash-og-separat-skyllesektion\",\"url\":\"https:\/\/hoonved-nordic.dk\/product\/htp195-tunnelopvasker-med-prewash-og-separat-skyllesektion\",\"name\":\"Energivenlig Tunnelopvasker HTP195 med Prewash | Hoonved\",\"isPartOf\":{\"@id\":\"https:\/\/hoonved-nordic.dk\/#website\"},\"primaryImageOfPage\":{\"@id\":\"https:\/\/hoonved-nordic.dk\/product\/htp195-tunnelopvasker-med-prewash-og-separat-skyllesektion#primaryimage\"},\"image\":{\"@id\":\"https:\/\/hoonved-nordic.dk\/product\/htp195-tunnelopvasker-med-prewash-og-separat-skyllesektion#primaryimage\"},\"thumbnailUrl\":\"https:\/\/hoonved-nordic.dk\/wp-content\/uploads\/2025\/03\/foto_1_ht_150_senza_porta_prelav_copia-1-scaled.jpg\",\"datePublished\":\"2025-03-17T23:17:48+00:00\",\"dateModified\":\"2025-03-18T02:57:50+00:00\",\"description\":\"Energivenlig tunnelopvasker HTP195 med prewash og separat skyllesektion. Perfekt til stork\u00f8kkener og institutioner. Kontakt os her!\",\"breadcrumb\":{\"@id\":\"https:\/\/hoonved-nordic.dk\/product\/htp195-tunnelopvasker-med-prewash-og-separat-skyllesektion#breadcrumb\"},\"inLanguage\":\"sv-SE\",\"potentialAction\":[{\"@type\":\"ReadAction\",\"target\":[\"https:\/\/hoonved-nordic.dk\/product\/htp195-tunnelopvasker-med-prewash-og-separat-skyllesektion\"]}]},{\"@type\":\"ImageObject\",\"inLanguage\":\"sv-SE\",\"@id\":\"https:\/\/hoonved-nordic.dk\/product\/htp195-tunnelopvasker-med-prewash-og-separat-skyllesektion#primaryimage\",\"url\":\"https:\/\/hoonved-nordic.dk\/wp-content\/uploads\/2025\/03\/foto_1_ht_150_senza_porta_prelav_copia-1-scaled.jpg\",\"contentUrl\":\"https:\/\/hoonved-nordic.dk\/wp-content\/uploads\/2025\/03\/foto_1_ht_150_senza_porta_prelav_copia-1-scaled.jpg\",\"width\":2560,\"height\":1707},{\"@type\":\"BreadcrumbList\",\"@id\":\"https:\/\/hoonved-nordic.dk\/product\/htp195-tunnelopvasker-med-prewash-og-separat-skyllesektion#breadcrumb\",\"itemListElement\":[{\"@type\":\"ListItem\",\"position\":1,\"name\":\"Hjem\",\"item\":\"https:\/\/hoonved-nordic.dk\/\"},{\"@type\":\"ListItem\",\"position\":2,\"name\":\"Shop\",\"item\":\"https:\/\/hoonved-nordic.dk\/shop\"},{\"@type\":\"ListItem\",\"position\":3,\"name\":\"HTP195 Tunnelopvasker med prewash og separat skyllesektion\"}]},{\"@type\":\"WebSite\",\"@id\":\"https:\/\/hoonved-nordic.dk\/#website\",\"url\":\"https:\/\/hoonved-nordic.dk\/\",\"name\":\"Hoonved Nordic\",\"description\":\"\",\"potentialAction\":[{\"@type\":\"SearchAction\",\"target\":{\"@type\":\"EntryPoint\",\"urlTemplate\":\"https:\/\/hoonved-nordic.dk\/?s={search_term_string}\"},\"query-input\":{\"@type\":\"PropertyValueSpecification\",\"valueRequired\":true,\"valueName\":\"search_term_string\"}}],\"inLanguage\":\"sv-SE\"},{\"@type\":\"ImageObject\",\"inLanguage\":\"sv-SE\",\"@id\":\"https:\/\/hoonved-nordic.dk\/product\/htp195-tunnelopvasker-med-prewash-og-separat-skyllesektion#local-main-organization-logo\",\"url\":\"\",\"contentUrl\":\"\",\"caption\":\"Hoonved Nordic\"}]}<\/script>\n<!-- \/ Yoast SEO Premium plugin. -->","yoast_head_json":{"title":"Energivenlig Tunnelopvasker HTP195 med Prewash | Hoonved","description":"Energivenlig tunnelopvasker HTP195 med prewash og separat skyllesektion. Perfekt til stork\u00f8kkener og institutioner. Kontakt os her!","robots":{"index":"index","follow":"follow","max-snippet":"max-snippet:-1","max-image-preview":"max-image-preview:large","max-video-preview":"max-video-preview:-1"},"canonical":"https:\/\/hoonved-nordic.dk\/sv\/product\/htp195-tunnelopvasker-med-prewash-og-separat-skyllesektion\/","og_locale":"sv_SE","og_type":"article","og_title":"HTP195 Tunnelopvasker med prewash og separat skyllesektion","og_description":"Energivenlig tunnelopvasker HTP195 med prewash og separat skyllesektion. Perfekt til stork\u00f8kkener og institutioner. Kontakt os her!","og_url":"https:\/\/hoonved-nordic.dk\/sv\/product\/htp195-tunnelopvasker-med-prewash-og-separat-skyllesektion\/","og_site_name":"Hoonved Nordic","article_modified_time":"2025-03-18T02:57:50+00:00","og_image":[{"width":2560,"height":1707,"url":"https:\/\/hoonved-nordic.dk\/wp-content\/uploads\/2025\/03\/foto_1_ht_150_senza_porta_prelav_copia-1-scaled.jpg","type":"image\/jpeg"}],"twitter_card":"summary_large_image","twitter_misc":{"Ber\u00e4knad l\u00e4stid":"1 minut"},"schema":{"@context":"https:\/\/schema.org","@graph":[{"@type":"WebPage","@id":"https:\/\/hoonved-nordic.dk\/product\/htp195-tunnelopvasker-med-prewash-og-separat-skyllesektion","url":"https:\/\/hoonved-nordic.dk\/product\/htp195-tunnelopvasker-med-prewash-og-separat-skyllesektion","name":"Energivenlig Tunnelopvasker HTP195 med Prewash | Hoonved","isPartOf":{"@id":"https:\/\/hoonved-nordic.dk\/#website"},"primaryImageOfPage":{"@id":"https:\/\/hoonved-nordic.dk\/product\/htp195-tunnelopvasker-med-prewash-og-separat-skyllesektion#primaryimage"},"image":{"@id":"https:\/\/hoonved-nordic.dk\/product\/htp195-tunnelopvasker-med-prewash-og-separat-skyllesektion#primaryimage"},"thumbnailUrl":"https:\/\/hoonved-nordic.dk\/wp-content\/uploads\/2025\/03\/foto_1_ht_150_senza_porta_prelav_copia-1-scaled.jpg","datePublished":"2025-03-17T23:17:48+00:00","dateModified":"2025-03-18T02:57:50+00:00","description":"Energivenlig tunnelopvasker HTP195 med prewash og separat skyllesektion. Perfekt til stork\u00f8kkener og institutioner. Kontakt os her!","breadcrumb":{"@id":"https:\/\/hoonved-nordic.dk\/product\/htp195-tunnelopvasker-med-prewash-og-separat-skyllesektion#breadcrumb"},"inLanguage":"sv-SE","potentialAction":[{"@type":"ReadAction","target":["https:\/\/hoonved-nordic.dk\/product\/htp195-tunnelopvasker-med-prewash-og-separat-skyllesektion"]}]},{"@type":"ImageObject","inLanguage":"sv-SE","@id":"https:\/\/hoonved-nordic.dk\/product\/htp195-tunnelopvasker-med-prewash-og-separat-skyllesektion#primaryimage","url":"https:\/\/hoonved-nordic.dk\/wp-content\/uploads\/2025\/03\/foto_1_ht_150_senza_porta_prelav_copia-1-scaled.jpg","contentUrl":"https:\/\/hoonved-nordic.dk\/wp-content\/uploads\/2025\/03\/foto_1_ht_150_senza_porta_prelav_copia-1-scaled.jpg","width":2560,"height":1707},{"@type":"BreadcrumbList","@id":"https:\/\/hoonved-nordic.dk\/product\/htp195-tunnelopvasker-med-prewash-og-separat-skyllesektion#breadcrumb","itemListElement":[{"@type":"ListItem","position":1,"name":"Hjem","item":"https:\/\/hoonved-nordic.dk\/"},{"@type":"ListItem","position":2,"name":"Shop","item":"https:\/\/hoonved-nordic.dk\/shop"},{"@type":"ListItem","position":3,"name":"HTP195 Tunnelopvasker med prewash og separat skyllesektion"}]},{"@type":"WebSite","@id":"https:\/\/hoonved-nordic.dk\/#website","url":"https:\/\/hoonved-nordic.dk\/","name":"Hoonved Nordic","description":"","potentialAction":[{"@type":"SearchAction","target":{"@type":"EntryPoint","urlTemplate":"https:\/\/hoonved-nordic.dk\/?s={search_term_string}"},"query-input":{"@type":"PropertyValueSpecification","valueRequired":true,"valueName":"search_term_string"}}],"inLanguage":"sv-SE"},{"@type":"ImageObject","inLanguage":"sv-SE","@id":"https:\/\/hoonved-nordic.dk\/product\/htp195-tunnelopvasker-med-prewash-og-separat-skyllesektion#local-main-organization-logo","url":"","contentUrl":"","caption":"Hoonved Nordic"}]}},"_links":{"self":[{"href":"https:\/\/hoonved-nordic.dk\/sv\/wp-json\/wp\/v2\/product\/895","targetHints":{"allow":["GET"]}}],"collection":[{"href":"https:\/\/hoonved-nordic.dk\/sv\/wp-json\/wp\/v2\/product"}],"about":[{"href":"https:\/\/hoonved-nordic.dk\/sv\/wp-json\/wp\/v2\/types\/product"}],"wp:featuredmedia":[{"embeddable":true,"href":"https:\/\/hoonved-nordic.dk\/sv\/wp-json\/wp\/v2\/media\/964"}],"wp:attachment":[{"href":"https:\/\/hoonved-nordic.dk\/sv\/wp-json\/wp\/v2\/media?parent=895"}],"wp:term":[{"taxonomy":"product_brand","embeddable":true,"href":"https:\/\/hoonved-nordic.dk\/sv\/wp-json\/wp\/v2\/product_brand?post=895"},{"taxonomy":"product_cat","embeddable":true,"href":"https:\/\/hoonved-nordic.dk\/sv\/wp-json\/wp\/v2\/product_cat?post=895"},{"taxonomy":"product_tag","embeddable":true,"href":"https:\/\/hoonved-nordic.dk\/sv\/wp-json\/wp\/v2\/product_tag?post=895"}],"curies":[{"name":"wp","href":"https:\/\/api.w.org\/{rel}","templated":true}]}}