{"id":896,"date":"2025-03-17T23:17:49","date_gmt":"2025-03-17T23:17:49","guid":{"rendered":"https:\/\/hoonved-nordic.dk\/product\/product-44"},"modified":"2025-03-18T02:54:09","modified_gmt":"2025-03-18T02:54:09","slug":"htp205-tunnelopvasker-med-prewash-og-skyllesektion","status":"publish","type":"product","link":"https:\/\/hoonved-nordic.dk\/sv\/product\/htp205-tunnelopvasker-med-prewash-og-skyllesektion","title":{"rendered":"HTP205 Tunneldiskmaskin med f\u00f6r- och eftersk\u00f6ljningssektion"},"content":{"rendered":"<h2>HTP205 Tunneldiskmaskin med f\u00f6rtv\u00e4tt och effektiv sk\u00f6ljsektion<\/h2>\n<p>\nHTP205 fr\u00e5n Hoonved \u00e4r en p\u00e5litlig tunneldiskmaskin som \u00e4r s\u00e4rskilt utformad f\u00f6r st\u00f6rre k\u00f6k och institutioner som t.ex. <a href=\"https:\/\/hoonved-nordic.dk\/sv\/hospital\/\">Sjukhus<\/a>Tunneldiskmaskinen \u00e4r idealisk f\u00f6r restauranger, catering och stork\u00f6k d\u00e4r det st\u00e4lls h\u00f6ga krav p\u00e5 effektivitet och hygien. Tunneldiskmaskinen har en integrerad f\u00f6rdisk, diskmodul och separat sk\u00f6ljsektion f\u00f6r att s\u00e4kerst\u00e4lla optimala diskresultat, \u00e4ven med stora diskvolymer.\n<\/p>\n<h3>H\u00f6g kapacitet och flexibilitet<\/h3>\n<p>\nDenna professionella tunneldiskmaskin hanterar effektivt upp till 205 korgar eller 3690 diskar per timme, och med sin kompakta design \u00e4r den l\u00e4tt att integrera i befintliga k\u00f6kslayouter.\n<\/p>\n<ul>\n<li>600 mm f\u00f6rtv\u00e4ttsektion f\u00f6r extra effektivitet<\/li>\n<li>Integrerad 1150 mm diskb\u00e4nkssektion<\/li>\n<li>Separat 400 mm sk\u00f6ljsektion f\u00f6r optimal hygien<\/li>\n<li>Automatisk matning av korgar med 3 olika hastigheter<\/li>\n<\/ul>\n<h3>Hur sparar HTP205 vatten och energi?<\/h3>\n<p>\nTunneldiskmaskinen anv\u00e4nder Hoonveds innovativa v\u00e4rme\u00e5tervinningssystem (RCC), vilket minskar energif\u00f6rbrukningen avsev\u00e4rt. Tillsammans med proportionell sk\u00f6ljning (HPRS) sparar maskinen upp till 30% p\u00e5 vatten- och energif\u00f6rbrukning. Detta s\u00e4kerst\u00e4ller l\u00e4gre driftskostnader och en b\u00e4ttre arbetsmilj\u00f6 med mindre fukt och v\u00e4rme.\n<\/p>\n<h3>Hur s\u00e4kerst\u00e4ller maskinen h\u00f6g hygien?<\/h3>\n<p>\nMaskinen har rundade tankar och sj\u00e4lvt\u00f6mmande pumpar, vilket f\u00f6rhindrar att smuts ansamlas. F\u00f6rdisk- och sk\u00f6ljsektionen s\u00e4kerst\u00e4ller perfekt hygien eftersom varje sektion arbetar sj\u00e4lvst\u00e4ndigt f\u00f6r att garantera att servicen alltid diskas och sk\u00f6ljs i rent vatten.\n<\/p>\n<h3>Tekniska specifikationer:<\/h3>\n<ul>\n<li><strong>Kapacitet:<\/strong> Upp till 205 korgar\/timme (3690 tallrikar\/timme)<\/li>\n<li><strong>Elektrisk anslutning:<\/strong> 400V 3N~50Hz<\/li>\n<li><strong>Rackstorlek:<\/strong> 500 x 500 mm<\/li>\n<li><strong>Total effekt:<\/strong> Upp till 39,8 kW<\/li>\n<li><strong>F\u00f6rtv\u00e4ttavdelning:<\/strong> 600 mm<\/li>\n<li><strong>Spolningssektion (HPRS):<\/strong> Standard (vatten- och energibesparingar)<\/li>\n<li><strong>Ljudniv\u00e5:<\/strong> Under 70 dB(A)<\/li>\n<\/ul>\n<h3>Reservdelar och tillbeh\u00f6r<\/h3>\n<p>\nF\u00e5 ut mesta m\u00f6jliga av din tunneldiskmaskin med original <a href=\"https:\/\/hoonved-nordic.dk\/sv\/reservedele\/\">Reservdelar<\/a> och kvalitet<a href=\"https:\/\/hoonved-nordic.dk\/sv\/tilbehoer\/\">Tillbeh\u00f6r<\/a>som s\u00e4kerst\u00e4ller optimal drift och l\u00e5ng livsl\u00e4ngd.\n<\/p>\n<p>\nL\u00e4s mer om Hoonveds engagemang f\u00f6r kvalitet och innovation p\u00e5 tillverkarens officiella webbplats: <a href=\"https:\/\/www.hoonved.com\/en\/\">Hoonved.com<\/a>.\n<\/p>\n<p>\nHar du fr\u00e5gor eller vill du ha v\u00e4gledning f\u00f6r att v\u00e4lja den b\u00e4sta l\u00f6sningen? <a href=\"https:\/\/hoonved-nordic.dk\/sv\/kontakt-os\/\">Kontakta Hoonved Nordic h\u00e4r<\/a> - Vi \u00e4r redo att hj\u00e4lpa till!<\/p>","protected":false},"excerpt":{"rendered":"<p>\nEffektiv tunneldiskmaskin HTP205 med integrerad f\u00f6rdisk- och sk\u00f6ljsektion, perfekt f\u00f6r stork\u00f6k med h\u00f6ga diskvolymer.\n<\/p>\n<ul>\n<li>3 hastigheter med upp till 205 kurvor\/h<\/li>\n<li>F\u00f6rtv\u00e4tt- och sk\u00f6ljsektion f\u00f6r maximal hygien<\/li>\n<li>Energibesparing med v\u00e4rme\u00e5tervinning (RCC)<\/li>\n<\/ul>","protected":false},"featured_media":965,"template":"","meta":{"_acf_changed":false,"inline_featured_image":false},"product_brand":[42],"product_cat":[38],"product_tag":[],"class_list":{"0":"post-896","1":"product","2":"type-product","3":"status-publish","4":"has-post-thumbnail","6":"product_brand-hoonved","7":"product_cat-ht-htp","9":"first","10":"instock","11":"taxable","12":"shipping-taxable","13":"product-type-simple"},"acf":[],"yoast_head":"<!-- This site is optimized with the Yoast SEO Premium plugin v22.7 (Yoast SEO v23.9) - https:\/\/yoast.com\/wordpress\/plugins\/seo\/ -->\n<title>Tunnelopvasker med Prewash HTP205 | Effektiv &amp; Driftssikker<\/title>\n<meta name=\"description\" content=\"HTP205 Tunnelopvasker med prewash og skyllesektion. Perfekt til stork\u00f8kkener, hospitaler og catering. Bestil hos Hoonved Nordic!\" \/>\n<meta name=\"robots\" content=\"index, follow, max-snippet:-1, max-image-preview:large, max-video-preview:-1\" \/>\n<link rel=\"canonical\" href=\"https:\/\/hoonved-nordic.dk\/sv\/product\/htp205-tunnelopvasker-med-prewash-og-skyllesektion\/\" \/>\n<meta property=\"og:locale\" content=\"sv_SE\" \/>\n<meta property=\"og:type\" content=\"article\" \/>\n<meta property=\"og:title\" content=\"HTP205 Tunnelopvasker med prewash og skyllesektion\" \/>\n<meta property=\"og:description\" content=\"HTP205 Tunnelopvasker med prewash og skyllesektion. Perfekt til stork\u00f8kkener, hospitaler og catering. Bestil hos Hoonved Nordic!\" \/>\n<meta property=\"og:url\" content=\"https:\/\/hoonved-nordic.dk\/sv\/product\/htp205-tunnelopvasker-med-prewash-og-skyllesektion\/\" \/>\n<meta property=\"og:site_name\" content=\"Hoonved Nordic\" \/>\n<meta property=\"article:modified_time\" content=\"2025-03-18T02:54:09+00:00\" \/>\n<meta property=\"og:image\" content=\"https:\/\/hoonved-nordic.dk\/wp-content\/uploads\/2025\/03\/HTP205-scaled.jpg\" \/>\n\t<meta property=\"og:image:width\" content=\"2560\" \/>\n\t<meta property=\"og:image:height\" content=\"1567\" \/>\n\t<meta property=\"og:image:type\" content=\"image\/jpeg\" \/>\n<meta name=\"twitter:card\" content=\"summary_large_image\" \/>\n<meta name=\"twitter:label1\" content=\"Ber\u00e4knad l\u00e4stid\" \/>\n\t<meta name=\"twitter:data1\" content=\"1 minut\" \/>\n<script type=\"application\/ld+json\" class=\"yoast-schema-graph\">{\"@context\":\"https:\/\/schema.org\",\"@graph\":[{\"@type\":\"WebPage\",\"@id\":\"https:\/\/hoonved-nordic.dk\/product\/htp205-tunnelopvasker-med-prewash-og-skyllesektion\",\"url\":\"https:\/\/hoonved-nordic.dk\/product\/htp205-tunnelopvasker-med-prewash-og-skyllesektion\",\"name\":\"Tunnelopvasker med Prewash HTP205 | Effektiv & Driftssikker\",\"isPartOf\":{\"@id\":\"https:\/\/hoonved-nordic.dk\/#website\"},\"primaryImageOfPage\":{\"@id\":\"https:\/\/hoonved-nordic.dk\/product\/htp205-tunnelopvasker-med-prewash-og-skyllesektion#primaryimage\"},\"image\":{\"@id\":\"https:\/\/hoonved-nordic.dk\/product\/htp205-tunnelopvasker-med-prewash-og-skyllesektion#primaryimage\"},\"thumbnailUrl\":\"https:\/\/hoonved-nordic.dk\/wp-content\/uploads\/2025\/03\/HTP205-scaled.jpg\",\"datePublished\":\"2025-03-17T23:17:49+00:00\",\"dateModified\":\"2025-03-18T02:54:09+00:00\",\"description\":\"HTP205 Tunnelopvasker med prewash og skyllesektion. Perfekt til stork\u00f8kkener, hospitaler og catering. Bestil hos Hoonved Nordic!\",\"breadcrumb\":{\"@id\":\"https:\/\/hoonved-nordic.dk\/product\/htp205-tunnelopvasker-med-prewash-og-skyllesektion#breadcrumb\"},\"inLanguage\":\"sv-SE\",\"potentialAction\":[{\"@type\":\"ReadAction\",\"target\":[\"https:\/\/hoonved-nordic.dk\/product\/htp205-tunnelopvasker-med-prewash-og-skyllesektion\"]}]},{\"@type\":\"ImageObject\",\"inLanguage\":\"sv-SE\",\"@id\":\"https:\/\/hoonved-nordic.dk\/product\/htp205-tunnelopvasker-med-prewash-og-skyllesektion#primaryimage\",\"url\":\"https:\/\/hoonved-nordic.dk\/wp-content\/uploads\/2025\/03\/HTP205-scaled.jpg\",\"contentUrl\":\"https:\/\/hoonved-nordic.dk\/wp-content\/uploads\/2025\/03\/HTP205-scaled.jpg\",\"width\":2560,\"height\":1567},{\"@type\":\"BreadcrumbList\",\"@id\":\"https:\/\/hoonved-nordic.dk\/product\/htp205-tunnelopvasker-med-prewash-og-skyllesektion#breadcrumb\",\"itemListElement\":[{\"@type\":\"ListItem\",\"position\":1,\"name\":\"Hjem\",\"item\":\"https:\/\/hoonved-nordic.dk\/\"},{\"@type\":\"ListItem\",\"position\":2,\"name\":\"Shop\",\"item\":\"https:\/\/hoonved-nordic.dk\/shop\"},{\"@type\":\"ListItem\",\"position\":3,\"name\":\"HTP205 Tunnelopvasker med prewash og skyllesektion\"}]},{\"@type\":\"WebSite\",\"@id\":\"https:\/\/hoonved-nordic.dk\/#website\",\"url\":\"https:\/\/hoonved-nordic.dk\/\",\"name\":\"Hoonved Nordic\",\"description\":\"\",\"potentialAction\":[{\"@type\":\"SearchAction\",\"target\":{\"@type\":\"EntryPoint\",\"urlTemplate\":\"https:\/\/hoonved-nordic.dk\/?s={search_term_string}\"},\"query-input\":{\"@type\":\"PropertyValueSpecification\",\"valueRequired\":true,\"valueName\":\"search_term_string\"}}],\"inLanguage\":\"sv-SE\"},{\"@type\":\"ImageObject\",\"inLanguage\":\"sv-SE\",\"@id\":\"https:\/\/hoonved-nordic.dk\/product\/htp205-tunnelopvasker-med-prewash-og-skyllesektion#local-main-organization-logo\",\"url\":\"\",\"contentUrl\":\"\",\"caption\":\"Hoonved Nordic\"}]}<\/script>\n<!-- \/ Yoast SEO Premium plugin. -->","yoast_head_json":{"title":"Tunnelopvasker med Prewash HTP205 | Effektiv & Driftssikker","description":"HTP205 Tunnelopvasker med prewash og skyllesektion. Perfekt til stork\u00f8kkener, hospitaler og catering. Bestil hos Hoonved Nordic!","robots":{"index":"index","follow":"follow","max-snippet":"max-snippet:-1","max-image-preview":"max-image-preview:large","max-video-preview":"max-video-preview:-1"},"canonical":"https:\/\/hoonved-nordic.dk\/sv\/product\/htp205-tunnelopvasker-med-prewash-og-skyllesektion\/","og_locale":"sv_SE","og_type":"article","og_title":"HTP205 Tunnelopvasker med prewash og skyllesektion","og_description":"HTP205 Tunnelopvasker med prewash og skyllesektion. Perfekt til stork\u00f8kkener, hospitaler og catering. Bestil hos Hoonved Nordic!","og_url":"https:\/\/hoonved-nordic.dk\/sv\/product\/htp205-tunnelopvasker-med-prewash-og-skyllesektion\/","og_site_name":"Hoonved Nordic","article_modified_time":"2025-03-18T02:54:09+00:00","og_image":[{"width":2560,"height":1567,"url":"https:\/\/hoonved-nordic.dk\/wp-content\/uploads\/2025\/03\/HTP205-scaled.jpg","type":"image\/jpeg"}],"twitter_card":"summary_large_image","twitter_misc":{"Ber\u00e4knad l\u00e4stid":"1 minut"},"schema":{"@context":"https:\/\/schema.org","@graph":[{"@type":"WebPage","@id":"https:\/\/hoonved-nordic.dk\/product\/htp205-tunnelopvasker-med-prewash-og-skyllesektion","url":"https:\/\/hoonved-nordic.dk\/product\/htp205-tunnelopvasker-med-prewash-og-skyllesektion","name":"Tunnelopvasker med Prewash HTP205 | Effektiv & Driftssikker","isPartOf":{"@id":"https:\/\/hoonved-nordic.dk\/#website"},"primaryImageOfPage":{"@id":"https:\/\/hoonved-nordic.dk\/product\/htp205-tunnelopvasker-med-prewash-og-skyllesektion#primaryimage"},"image":{"@id":"https:\/\/hoonved-nordic.dk\/product\/htp205-tunnelopvasker-med-prewash-og-skyllesektion#primaryimage"},"thumbnailUrl":"https:\/\/hoonved-nordic.dk\/wp-content\/uploads\/2025\/03\/HTP205-scaled.jpg","datePublished":"2025-03-17T23:17:49+00:00","dateModified":"2025-03-18T02:54:09+00:00","description":"HTP205 Tunnelopvasker med prewash og skyllesektion. Perfekt til stork\u00f8kkener, hospitaler og catering. Bestil hos Hoonved Nordic!","breadcrumb":{"@id":"https:\/\/hoonved-nordic.dk\/product\/htp205-tunnelopvasker-med-prewash-og-skyllesektion#breadcrumb"},"inLanguage":"sv-SE","potentialAction":[{"@type":"ReadAction","target":["https:\/\/hoonved-nordic.dk\/product\/htp205-tunnelopvasker-med-prewash-og-skyllesektion"]}]},{"@type":"ImageObject","inLanguage":"sv-SE","@id":"https:\/\/hoonved-nordic.dk\/product\/htp205-tunnelopvasker-med-prewash-og-skyllesektion#primaryimage","url":"https:\/\/hoonved-nordic.dk\/wp-content\/uploads\/2025\/03\/HTP205-scaled.jpg","contentUrl":"https:\/\/hoonved-nordic.dk\/wp-content\/uploads\/2025\/03\/HTP205-scaled.jpg","width":2560,"height":1567},{"@type":"BreadcrumbList","@id":"https:\/\/hoonved-nordic.dk\/product\/htp205-tunnelopvasker-med-prewash-og-skyllesektion#breadcrumb","itemListElement":[{"@type":"ListItem","position":1,"name":"Hjem","item":"https:\/\/hoonved-nordic.dk\/"},{"@type":"ListItem","position":2,"name":"Shop","item":"https:\/\/hoonved-nordic.dk\/shop"},{"@type":"ListItem","position":3,"name":"HTP205 Tunnelopvasker med prewash og skyllesektion"}]},{"@type":"WebSite","@id":"https:\/\/hoonved-nordic.dk\/#website","url":"https:\/\/hoonved-nordic.dk\/","name":"Hoonved Nordic","description":"","potentialAction":[{"@type":"SearchAction","target":{"@type":"EntryPoint","urlTemplate":"https:\/\/hoonved-nordic.dk\/?s={search_term_string}"},"query-input":{"@type":"PropertyValueSpecification","valueRequired":true,"valueName":"search_term_string"}}],"inLanguage":"sv-SE"},{"@type":"ImageObject","inLanguage":"sv-SE","@id":"https:\/\/hoonved-nordic.dk\/product\/htp205-tunnelopvasker-med-prewash-og-skyllesektion#local-main-organization-logo","url":"","contentUrl":"","caption":"Hoonved Nordic"}]}},"_links":{"self":[{"href":"https:\/\/hoonved-nordic.dk\/sv\/wp-json\/wp\/v2\/product\/896","targetHints":{"allow":["GET"]}}],"collection":[{"href":"https:\/\/hoonved-nordic.dk\/sv\/wp-json\/wp\/v2\/product"}],"about":[{"href":"https:\/\/hoonved-nordic.dk\/sv\/wp-json\/wp\/v2\/types\/product"}],"wp:featuredmedia":[{"embeddable":true,"href":"https:\/\/hoonved-nordic.dk\/sv\/wp-json\/wp\/v2\/media\/965"}],"wp:attachment":[{"href":"https:\/\/hoonved-nordic.dk\/sv\/wp-json\/wp\/v2\/media?parent=896"}],"wp:term":[{"taxonomy":"product_brand","embeddable":true,"href":"https:\/\/hoonved-nordic.dk\/sv\/wp-json\/wp\/v2\/product_brand?post=896"},{"taxonomy":"product_cat","embeddable":true,"href":"https:\/\/hoonved-nordic.dk\/sv\/wp-json\/wp\/v2\/product_cat?post=896"},{"taxonomy":"product_tag","embeddable":true,"href":"https:\/\/hoonved-nordic.dk\/sv\/wp-json\/wp\/v2\/product_tag?post=896"}],"curies":[{"name":"wp","href":"https:\/\/api.w.org\/{rel}","templated":true}]}}